{"id":9118,"date":"2020-06-24T12:22:41","date_gmt":"2020-06-24T10:22:41","guid":{"rendered":"http:\/\/leconservatoiredujeu.fr\/?page_id=9118"},"modified":"2020-06-24T16:45:54","modified_gmt":"2020-06-24T14:45:54","slug":"game-boy-advance-accessoires","status":"publish","type":"page","link":"https:\/\/leconservatoiredujeu.fr\/index.php\/game-boy-advance-accessoires\/","title":{"rendered":"Game Boy Advance &#8211; Accessoires"},"content":{"rendered":"\n<h2 class=\"wp-block-heading\"><strong>Les accessoires<\/strong><\/h2>\n\n\n\n<p>C\u00e2ble Game Boy Advance Game Link<\/p>\n\n\n\n<div class=\"wp-block-image\"><figure class=\"aligncenter size-large is-resized\"><img loading=\"lazy\" decoding=\"async\" src=\"https:\/\/cdn03.nintendo-europe.com\/media\/images\/migration\/standardpage\/teaser_moods_small\/gba_link_cable_en.jpg\" alt=\"\" width=\"194\" height=\"153\"\/><\/figure><\/div>\n\n\n\n<p>Adaptateur Sans Fil<\/p>\n\n\n\n<div class=\"wp-block-image\"><figure class=\"aligncenter size-large is-resized\"><img loading=\"lazy\" decoding=\"async\" src=\"https:\/\/cdn03.nintendo-europe.com\/media\/images\/migration\/standardpage\/teaser_moods_small\/gbasp_wireless_controller_e.jpg\" alt=\"\" width=\"182\" height=\"138\"\/><\/figure><\/div>\n\n\n\n<p>C\u00e2ble Game Boy Advance<\/p>\n\n\n\n<div class=\"wp-block-image\"><figure class=\"aligncenter size-large is-resized\"><img loading=\"lazy\" decoding=\"async\" src=\"https:\/\/cdn03.nintendo-europe.com\/media\/images\/migration\/standardpage\/teaser_moods_small\/gba_cable_en.jpg\" alt=\"\" width=\"190\" height=\"144\"\/><\/figure><\/div>\n\n\n\n<p>Adaptateur AC Game Boy Advance<\/p>\n\n\n\n<div class=\"wp-block-image\"><figure class=\"aligncenter size-large is-resized\"><img loading=\"lazy\" decoding=\"async\" src=\"https:\/\/cdn03.nintendo-europe.com\/media\/images\/migration\/standardpage\/teaser_moods_small\/gba_adapter_en.jpg\" alt=\"\" width=\"183\" height=\"139\"\/><\/figure><\/div>\n\n\n\n<p class=\"has-text-align-right\"><strong>Source :<\/strong> <a href=\"https:\/\/www.nintendo.fr\/\">Nintendo.fr<\/a><\/p>\n\n\n\n<p class=\"has-text-align-right\"><strong>M\u00e0J 24\/06\/20<\/strong><\/p>\n","protected":false},"excerpt":{"rendered":"<p>Les accessoires C\u00e2ble Game Boy Advance Game Link Adaptateur Sans Fil C\u00e2ble Game Boy Advance Adaptateur AC Game Boy Advance Source : Nintendo.fr M\u00e0J 24\/06\/20<\/p>\n","protected":false},"author":1,"featured_media":0,"parent":0,"menu_order":0,"comment_status":"closed","ping_status":"closed","template":"","meta":{"footnotes":""},"_links":{"self":[{"href":"https:\/\/leconservatoiredujeu.fr\/index.php\/wp-json\/wp\/v2\/pages\/9118"}],"collection":[{"href":"https:\/\/leconservatoiredujeu.fr\/index.php\/wp-json\/wp\/v2\/pages"}],"about":[{"href":"https:\/\/leconservatoiredujeu.fr\/index.php\/wp-json\/wp\/v2\/types\/page"}],"author":[{"embeddable":true,"href":"https:\/\/leconservatoiredujeu.fr\/index.php\/wp-json\/wp\/v2\/users\/1"}],"replies":[{"embeddable":true,"href":"https:\/\/leconservatoiredujeu.fr\/index.php\/wp-json\/wp\/v2\/comments?post=9118"}],"version-history":[{"count":3,"href":"https:\/\/leconservatoiredujeu.fr\/index.php\/wp-json\/wp\/v2\/pages\/9118\/revisions"}],"predecessor-version":[{"id":9214,"href":"https:\/\/leconservatoiredujeu.fr\/index.php\/wp-json\/wp\/v2\/pages\/9118\/revisions\/9214"}],"wp:attachment":[{"href":"https:\/\/leconservatoiredujeu.fr\/index.php\/wp-json\/wp\/v2\/media?parent=9118"}],"curies":[{"name":"wp","href":"https:\/\/api.w.org\/{rel}","templated":true}]}}