{"id":9111,"date":"2020-06-24T12:10:08","date_gmt":"2020-06-24T10:10:08","guid":{"rendered":"http:\/\/leconservatoiredujeu.fr\/?page_id=9111"},"modified":"2020-06-24T16:50:03","modified_gmt":"2020-06-24T14:50:03","slug":"wii-u-accessoires","status":"publish","type":"page","link":"https:\/\/leconservatoiredujeu.fr\/index.php\/wii-u-accessoires\/","title":{"rendered":"Wii U &#8211; Accessoires"},"content":{"rendered":"\n<p><strong>Les accessoires<\/strong><\/p>\n\n\n\n<p>Manette Wii U Pro<\/p>\n\n\n\n<div class=\"wp-block-image\"><figure class=\"aligncenter size-large\"><img decoding=\"async\" src=\"https:\/\/cdn03.nintendo-europe.com\/media\/images\/08_content_images\/systems_5\/wiiu_12\/hardware_features\/accessories\/CI_WiiU_Controller_Black_CMM_big.png\" alt=\"\"\/><\/figure><\/div>\n\n\n\n<p>Microphone Wii U<\/p>\n\n\n\n<div class=\"wp-block-image\"><figure class=\"aligncenter size-large\"><img decoding=\"async\" src=\"https:\/\/cdn03.nintendo-europe.com\/media\/images\/08_content_images\/systems_5\/wiiu_12\/hardware_features\/accessories\/CI_WiiU_Accessories_MicrophonePackshot_CMM_big.png\" alt=\"\"\/><\/figure><\/div>\n\n\n\n<p>Ensemble additionnel t\u00e9l\u00e9commande Wii Plus<\/p>\n\n\n\n<div class=\"wp-block-image\"><figure class=\"aligncenter size-large\"><img decoding=\"async\" src=\"https:\/\/cdn03.nintendo-europe.com\/media\/images\/08_content_images\/systems_5\/wiiu_12\/hardware_features\/accessories\/CI_WiiU_Remote_Plus_CMM_big.png\" alt=\"\"\/><\/figure><\/div>\n\n\n\n<p>Manette Nintendo GameCube<\/p>\n\n\n\n<div class=\"wp-block-image\"><figure class=\"aligncenter size-large\"><img decoding=\"async\" src=\"https:\/\/cdn03.nintendo-europe.com\/media\/images\/08_content_images\/systems_5\/wiiu_12\/hardware_features\/accessories\/CI7_WiiU_SSBController_Small_CMM_big.png\" alt=\"\"\/><\/figure><\/div>\n\n\n\n<p>Batterie Haute Capacit\u00e9 Wii U Gamepad<\/p>\n\n\n\n<div class=\"wp-block-image\"><figure class=\"aligncenter size-large\"><img decoding=\"async\" src=\"https:\/\/cdn03.nintendo-europe.com\/media\/images\/08_content_images\/systems_5\/wiiu_12\/hardware_features\/accessories\/CI7_WiiUAccessoriesContentImages_Battery_CMM_big.png\" alt=\"\"\/><\/figure><\/div>\n\n\n\n<p>Support de console Wii U<\/p>\n\n\n\n<div class=\"wp-block-image\"><figure class=\"aligncenter size-large\"><img decoding=\"async\" src=\"https:\/\/cdn03.nintendo-europe.com\/media\/images\/08_content_images\/systems_5\/wiiu_12\/hardware_features\/packs\/CI_WiiU_consolestand_CMM_big.png\" alt=\"\"\/><\/figure><\/div>\n\n\n\n<p>Adaptateur Wii U pour manettes GameCube<\/p>\n\n\n\n<div class=\"wp-block-image\"><figure class=\"aligncenter size-large\"><img decoding=\"async\" src=\"https:\/\/cdn03.nintendo-europe.com\/media\/images\/08_content_images\/systems_5\/wiiu_12\/hardware_features\/accessories\/CI7_WiiU_Accessories_Adapter_CMM_big.png\" alt=\"\"\/><\/figure><\/div>\n\n\n\n<p class=\"has-text-align-right\"><strong>Source :<\/strong> <a href=\"http:\/\/Nintendo.fr\">Nintendo.fr<\/a><br><strong>M\u00e0J 24\/06\/2020<\/strong><\/p>\n","protected":false},"excerpt":{"rendered":"<p>Les accessoires Manette Wii U Pro Microphone Wii U Ensemble additionnel t\u00e9l\u00e9commande Wii Plus Manette Nintendo GameCube Batterie Haute Capacit\u00e9 Wii U Gamepad Support de console Wii U Adaptateur Wii U pour manettes GameCube Source : Nintendo.frM\u00e0J 24\/06\/2020<\/p>\n","protected":false},"author":1,"featured_media":0,"parent":0,"menu_order":0,"comment_status":"closed","ping_status":"closed","template":"","meta":{"footnotes":""},"_links":{"self":[{"href":"https:\/\/leconservatoiredujeu.fr\/index.php\/wp-json\/wp\/v2\/pages\/9111"}],"collection":[{"href":"https:\/\/leconservatoiredujeu.fr\/index.php\/wp-json\/wp\/v2\/pages"}],"about":[{"href":"https:\/\/leconservatoiredujeu.fr\/index.php\/wp-json\/wp\/v2\/types\/page"}],"author":[{"embeddable":true,"href":"https:\/\/leconservatoiredujeu.fr\/index.php\/wp-json\/wp\/v2\/users\/1"}],"replies":[{"embeddable":true,"href":"https:\/\/leconservatoiredujeu.fr\/index.php\/wp-json\/wp\/v2\/comments?post=9111"}],"version-history":[{"count":2,"href":"https:\/\/leconservatoiredujeu.fr\/index.php\/wp-json\/wp\/v2\/pages\/9111\/revisions"}],"predecessor-version":[{"id":9224,"href":"https:\/\/leconservatoiredujeu.fr\/index.php\/wp-json\/wp\/v2\/pages\/9111\/revisions\/9224"}],"wp:attachment":[{"href":"https:\/\/leconservatoiredujeu.fr\/index.php\/wp-json\/wp\/v2\/media?parent=9111"}],"curies":[{"name":"wp","href":"https:\/\/api.w.org\/{rel}","templated":true}]}}