{"id":9075,"date":"2020-06-24T12:05:04","date_gmt":"2020-06-24T10:05:04","guid":{"rendered":"http:\/\/leconservatoiredujeu.fr\/?page_id=9075"},"modified":"2020-06-24T16:51:19","modified_gmt":"2020-06-24T14:51:19","slug":"game-boy-color","status":"publish","type":"page","link":"https:\/\/leconservatoiredujeu.fr\/index.php\/game-boy-color\/","title":{"rendered":"Game Boy Color"},"content":{"rendered":"\n<ul><li><a href=\"#Histoire\">Son Histoire<\/a><\/li><li><a href=\"#Tech\">Caract\u00e9ristiques Techniques<\/a><\/li><\/ul>\n\n\n\n<div class=\"wp-block-image\"><figure class=\"aligncenter size-large is-resized\"><img loading=\"lazy\" decoding=\"async\" src=\"data:image\/jpeg;base64,\/9j\/4AAQSkZJRgABAQAAAQABAAD\/2wCEAAkGBxITEhUSEhIWFhUVFxUXFRYVGBUWFRcVFRgXFhcVFRcYHSggGBolGxUWITEhJSkrLi4uFx8zODMtNygtLisBCgoKDg0OGhAQGy0lHyUtLS0tLS0tLS0tLS0tLS0tLS0tLS0tLS0tLS0tLS0tLS0tLS0tLS0tLS0tLS0tLS0tLf\/AABEIAKYBMAMBEQACEQEDEQH\/xAAbAAABBQEBAAAAAAAAAAAAAAAAAQIDBAUGB\/\/EAE8QAAEDAQQECAkHCQcEAwAAAAEAAhEDBBIhMQVBUXEGImGBkaGx0QcTFDIzUnKSwRUjU1Sy4fAXQkNjc4KT0uJEYmSiwsPxFoOj0yQ0tP\/EABsBAQACAwEBAAAAAAAAAAAAAAABAgMEBQYH\/8QAOxEAAgECBAIGBgoCAgMAAAAAAAECAxEEBRIxIVETFEFScZEiMjOhscEGFRY0QlNhgdHwI3IkNSVjgv\/aAAwDAQACEQMRAD8A9xQCFAIqgVqICqwBACAEAIAQAgBACAEAIAQAgBACAEAIAQAgBACAEAIAQAgBACAEAIAQAgBACAYVRgcVcCKoEQDmogKrAEAIAQAgBACAEAIAQAgBACAEAIAQAgBACAEAIAQAgBACAEAIAQAgBACAEAKGBqoBSsgGFVASgHNRAcrAEAIAQAgBACAEAIAQAgI3VGjMjpCxyqwjvJeaIuuYnj2+sOkKvT0u8vNDUg8e31h0hOnp95eaGpCeUM9YdIUdPS7y80NS5h5Qz1h0hOsUu8vMalzDyhnrN6QnWKXeXmNS5h5Qz1m9ITrNLvLzI1LmIbUz129IUPFUO8vMa48x1Os12RB3GVaFanUdoSTJ1RZKsxIIAQAgBACAEAIAQAgBACAQqGBCsbJQl5ZSBt5ACqB7UQFJVgRurtGbgN5ATTL9RdETtIURnVpje9vep0S5MXRC\/TVmGdoojfUZ3q3Q1O6\/IjUiN3CKxj+1Uf4jD8Vbq9V\/hZGpGTpfhfTZd8nLKszeIdIbEQDGsyehbFDBSn66scvMsy6rZRV2zLdw6qfR0+k962vq6He+BzHn2Ie1P4jDw8qerS6T3qPq+n3veiPrvFfl\/EaeH1T1aXSf5k6hR73vRP11i\/y\/iMPhAqfqen+pR1Kj3veiPrjGdxeTGu8IL486h7w\/mR4OguOr3j61xr\/B7mV+EfCEWdrajml5qEwAQNV4mdmIXzGll0sbiaiUrWb38TpU4zqu7djn\/wAobfq7v4g\/lW79mpd9eTM\/V5cw\/KIPq7v4n9KfZp\/me4dXl3hD4RB9Xd\/F\/pUr6OP8z3Dqsu8J+UT\/AAzv4v8AQp+zj\/M9w6q+8B8In+GP8X+hPs3\/AOz3DqsuYn5RP8N\/5f6E+za\/N9w6q+Yg8In+G\/8AL\/QrL6N8pkdVfM6mvp7xVnbaWuuX20yCdQqQYK0sohKlj3C+1zayqnT6yo13wszLf4Q6n1hvQO5evUqh6hUcs76Iz4Qqv1oe79ynVULdHli\/EhjvCDU+tdDT3KG6gtla7RjuHz\/rTuh\/waovULasrXIidw8f9bfzCp3J\/kHS5Vy9zFo8NHvcGi1VZJgekGO9H0i4l6dXLKklGMUd5wU01UNJ3jC6oQ8gEnECAYnXiSuRjs56rNQcL3VzUzHAwjVXR2Ssbfywfoz0\/ctH7Sy7KRz+qfqJ8rn6Pr+5R9pKn5XxJ6p+ow6ZPqDpVftHX7KXxHVI8yN2neRvSn2hxX5Xx\/glYSPeGHhD7Hvfeo+0GKe1L4jqsO8T2TTBe5ogQ4xIKzYPPK1WuqdSNrkTwsYxckzXXpXuaaMy324sY5wEkAwNpAMDphZkrkHA6U4cVqfF8pa1485poAxPOVkcIkNmZ+UC0fXDM6qFOCNZm7PUmmJGosDwh1NdoqHlDKYB6acqtkZIuPaZ+muFDrUwNNR7g03iHQAcCMg0LoYBJOTZiqNdhzIt\/wDcHT9yv9YW7DHYd5e7YOtR9YS7vvFhPLnbG9B70+sKndXmRYir294aSLuHIe9VeY1ORNi9oC2OqUbTejitEQIzZV\/lWehiZ1oSvyOHmitXo+P8HMkDYuMdslpWVxEhuHMouXsSCwv9XsUXJ0iiwv8AV7EuLCPsFSDxdR7FNxbidt4RhFGzD2upjV5fIH\/mrf3tNWj67OGptkgbSAvTs2UavyOPX6lGpokPkYev1JrkBfkYev1JrZAvyMPX6k1sghtmiwxhdemIwjaYUpsGYFYlbnounqBdouixsSWWWJMfmty5fhK8dl7\/APKz8WaVP2rOL+RK3qj3gvX6jdQfIlbYOkJcngHyLV2DpCahwD5Fq\/3elNQKttsTqUXoxmIM5f8AKm4E0d6Wn7be0KHszYwft4eKNnhN4zxjbhfFwTdLgJk7FghCDXpJeR1M7bVdeHzMV1Cqcw8773xWTo6fZFeSONqfM0vkiof0X2VfTHkiHJ8w+Rqn0X2VPDkRdifI1T6If5VPAlNlIsGwJbiLs9S8FnoW8ldwHQzvXlMav\/LUv2+Zv0vu7PTivSNmmc1p4nxL\/Zd2FbMNyDxLT3p3bm\/ZCtPcxvcfovRzajSSSMdSqyDSZoKntd0juUXIHVdGsptls44YmdRXQy+V3JfoQznwFoknW2Cw0jTaTTaSRjgFVkFoWGl9G33QoIK+krJTFJ\/EblsCkntM3Q1IClaIAHEGQ\/u1Vv4H1Z+H8nEzj21DxfxRyxs74BumCJmNW3rXOTvsd+dNxaUu1XRp2DzB+NagJ3RcaoLCoQI7I7iqsk3fCK2WWYTHpNuprNi81kF+krf3tNbB04zqNTdkcUykA5vGB4w1Hadu4dK9TLYy9pvl0ZrFYMW8rWAXxtCWZAXxtCWYKulXfNO5u0KUDAKuv4Haem6aMWCzjks43xTnDYcOgFeNy3jmNT\/6NSn7VmNTqYL1htiucrIEZepJQl5CTD4QuxZud2juUoFPRXpqftt7UezNnBfeIeJ1dvPG5viVr09jo5594XgVZWRbnEZu7NwWUCEoQMfkdyEo4h+Z3qVuWPUPBZ6Fv7d3YxeUx3\/bUv2+Z0KX3dnpjivRs1EjmdNn5l+49hW1EqeLaWu3wTMlrDmIjEHVtCmW5DcLWLugHC67f3qrMRrtqj8YpYi4y2OlnOOwrfy5em1+hDZzIeIyExsOe2Z\/ErStxZeU9SR12jHfMsPJ3qHuQyx407FOlFClpiqfEvgZ94SyBm6AcSy0TldbGEfm1Z7lvYHafgcTOPaUPH5o5U1MIgZc+S5+x33JytdmpYfRj8a1RsvHYnh3Zr2JwIsKGnHm16gl0LCVGOunHVnP45VEnwFjofCWYbZ4w9JluprzX0f9et\/e006C9JnE0HkvbJJxC9PI2kbtRpJkHpEqikS0R+I5fwc\/graiLDwwxHLOvbPMmoiw3xOET+MFDZNiPSZ+bI3doRE9hhnWr9pU9I4VmLJZB+spdVnqrx+S\/far\/R\/E1aPtGc5dJOrHWZkDk6+letUlY2bAabto1dWA6sVZSRNhHUsgMI7ZGOXImpEpCNp4gnnE5xGPLjjzI5InSZunTxm7j2qEJEGh\/T0vbCifqm3l\/HEwX6nTaU84xsHaVip2sbud\/eP2M+H6sBiM5idazJxOM0dDTvYTs+AwzWS6K2GBruXp14Y9qXJQsQ3HOCqNknFvzO9SWR6h4LfQN\/bu7GLyeN\/7al+3zOjT9gz0l5Xo2aqOb0yJov3HsW3Ew3PEtLnjt9hva5TPcrLc0ODpwdzKrKm40DkUXBHayLuEZjKOVb2Wv\/L+xDOTha0vWYOz0MfmWrGwW3vAxJhQiDO0vaWeKdLtnapY7SloXza0eq3sqd638v8Ax+BxM89aj\/t\/Bxg+C553mbGj\/MHOqSLItOdAnszUFxnj\/wC67oQDnu4p3HsVZ7eZBu+E\/wDs4\/a\/7a899HfWq+P8mlR9ZnE2bz27wvSdhsxN6VUyMZUqRqJ3IQN8oPqO6kIJL6ElbSLvmzvHapRDMZ2RWRPiih6RwyH\/AMey8lVv\/wCeqvHZI\/8AlVf7+I1sP68jnWOXqu03UhtSvGF1x3DBWQsMFpn8xw3j70BJeQlGRpk8Zvs\/FXiVkM0N\/wDYpe18ConsbeX\/AHqHj\/J0ukD85zBYY7G3nP3l+CKznQrrc5LNltfAcV2Q\/N5FlKCtfOojeIQBUOB3FQyUcS7MqUSeoeC70Df27vssXlMb\/wBtS\/b5nSo\/d2ejOcvQvc10c\/pT0btx7FuxNY8X4Q+l5v8AU5TIh7k2gaobekgZZkDtUPiVNptqp+uz3m96rYCV7RTIhrmEyMARPUt3Ll\/nXgQzmHZneVrz9Z+IOr0NaGCi0FzRvcAVjaILbrdS+kZ7ze9RYixm6Z0jS8WYqNOIyIJ6lLLIr8HazXCtdIPFbPPfW9l34\/A4ee70v9v4OOK0TvM07FaWtaATjzqjRZMseWs9bqPcosTqDy1nrdR7lFhqG1LcyDxtR1FVkuHmLnS+FE8azjkq\/wC2vPfR3er\/ALL5mnQ3ZxNB0OBOohelZsrgavlrPW7VSxfUBtbPWHWosRcTytnrBLEXF8rZ6wSxN0QW2u0sgEHEKyKsy6roB3FXKvc9L4d1A2z2ecB41vVRqj4rx2RL\/k1fB\/E18P7RnHi2s9YL1jjxZu3QG30\/W7VKiLieW0\/W6j3KbC4ottP1h19yWYujP0jWa5wLTOHxKsirJNBgePp+1h0FRPZm7lvHEw8fkbWlLYxtQhzoMN1HYsVNXibOcfen4IqHSNL1+o9yvY5TNtmk6MD5xuQ27NyukVYHSdH6RvX3Iwhr9JUYPzgy5ULI5V2albg9P8GHoG\/tn9jF5TG\/9rT\/AG+Z0qPsGeg3l32YFsY2kPMO4roI1TxPTDMWEDC6RzglTIqynQuzxpjk\/wCQoKloOo6mu1a9U469mCkgsWN7L4ugjOZPJlmtvA8KyIZVrYOO8rXrRam7rtJuS2bxeN+dWQ6edY7B8SYmhhF6MZ25GI1Zx0JdEFLSLqUCAeec+THYnot8TJGyXE1eCPi\/nRTvSW07wOWRAAM4y4POrMDUtzLk+knyt82efzx8Kd+98kcw9paYdgRgQcCtFxlHg0dyMlPjEsWJ9IA+MaXGRETlsmRG\/HmQl6uwsGrZsIY7MTM4gDE+dhJjrTgRZkdWrRwusIxzN44QYBF7HjRswTgXh63EGus8cYPnjYDXN2JN7CId73JCw4hTs+j2txIe7Ov8KIN6gYwiqJ1TLDHUvO\/R1xvUjftXzNbDvizhSvSo2TSoss0C852QmA6ZwvTq14QMgc1ayKu4pp2WRx3Btxx\/OLr8i6MoynnSyHEiqNoyLp1S7jG7MjigloOsnmG1FZuxmoqLvqJ7PY7O5sur3YvSMycWwRxcoLjGsgDasNeThNKHFGLmULUxodDDLcNc71nqJJ+iY6Lk43luVq2XSsbdldmRs9C8KE+T0B+t7KTx8V5T6P26zV8PmatDjKRxLDZ9d7mkSMcDJz5cAvX8DY4ji6zY4HJt3z88ZJxymMuZRwJ4kdQ0STdBAwiS6cjJEA4zAx1A5q0Ur8TNBLS7k7W2S7Je8ugcUB0AgNmeLjJvZOEcXaYxRcult+Ewzv0d1uZr8zGUmM8pwWSWnU9JML6UX+DwJtFPkJJ5OK7FYqnqnSyuLeLhw2\/gt6bDfKH3zhdbtON0bCFWm1Yy5xd4pv8ARFU+IjzXZGJJjLAYHac+TlWaxyrMtX6N0Q1x4uEyJdGBzwE578MlIsIzxUwZAgiQHSDBgkTiZ5slEvVen1uzkZqijdWFtviP0V796fxlHPPIq036H+TcxSvr4FMkbVG\/C5ezb2PUvBswizMJBE1XuHKIaJHJgV5XGSUs2p224fM6VFWo2O4D13+w1zOt\/mFdFGoea2GwiqQHRdF+Z9pwCyuNyjsXfk2gIaLvTj2p0ZGpErdB0zqChxCkmQW\/RLKdNzwMRHWQPitnCcKqIZjlo1gHeAV2ZU4y3RUaaLPUb0BU6Cl3UBhos9RvQFHVqXdQEdQZ9G3naO5T1el3UC9oZrQX3QB5uQA1nYpjCMfVVjgZ77OHizTcZwOO\/HtR04vdHnI1Jx2bIH2Wkc6VM72M7li6vS7qM6xuIW035kLtG2f6Gn7rR2KnVaHdMqx+K778xvybZ\/oafujvUdVod0t1\/Fd9+YOsFEZUafuN7lirYekoO0Vs\/gWpY3EOSvN+Z3Vem1wuuaHDY4AjoK+LKrOnNuDa4nejVcXwM2twcsbs7NS\/dbd+zC26eaYqG1R\/uZViplN\/Auwn9E4bqlUdroWws8xi\/EvIusXPkQngNYv1g\/7neFkWf4rtt5E9bnyGf9CWT1qvvt\/lV\/tBie6h1p9qHt4C2P8AWn98fyqH9IcUtkvInrb5EjOBFiGdN531H\/6SFjefYt7NL9iHi5ci5Z+DNjYQ5tnbIMguvOII1i8SsFTNsXONnLh5GN4mbKfDRjXMpBzWuF52DgCPN2HetvIW1Um1y+Z3vo5RhWqVFUSfD5nNN0bQOdJnMI7F6npJHrvqvCP8C+AHQ1n+jHS7vVukkQ8nwnd97E+RbP8AR\/5n96npH2kfU2E7I+8e3RFnH6Ic5d3o6rJWT4VfhJRoygMqNP3Qe1Q6sjJHLMKvwL9yxTptb5rWt3ADsVXJvc2qdClTfoRSNzR2jaFRgNSjTeTMl7GuOZGZC8rmWLr0sRJQm0uGzORi6EJVG2i3\/wBN2I52WlzNA7Fo\/WuLW1R+Zz3hqfJCjg1Yvq7P838yn63xv5jKvDU+Q4cG7F9WZ1n4qJZvjH+NjqtPkSt0BZBlZqPOxp7QsLzLGdtSXmWWHhyLNKxUm+bSpt9ljR2BYpYuvP1pt\/uWVKK2RaoHjN3rYyxt4ynfmKitBmgHL3PYc4p6QPFO5dM0jzN1tuU4g4vqAwYnjOjkwn8Qs6dkYZLiZLbW+9N45HXrwjBVU2TZHTcHtIFwgkHlPJI+CypporazNLTWNGpuH2mlXw\/tUWZxtWsBheAOoEiccsNa61ar0afMoRsrwSHO1CJgbZyWrhcU58JgnlbwGyrAt6Jdi\/c3tWPUtdjhZ77OHiy7a6pa0kZ4ZgnWNUicOVYatTRDUnxONgsN01WMZJ2ZBYLUXzJGERDS3OcCC47Nqw4XEOqry4G1mOAjh5JU7tFu8tq5yrDbyi5IxxxG8dqwYl\/45f6v4GehFuS8TtXFfDXuejZj6R0+2i8sNN7oAJLTRAxEwA+o0nDYF2MHk9bFUuki0lsZoUJSjqRq06gIBGRAI3ESuTOLhJxfYYXwdmOVbi4qgsmEoRqCUSIvcSVdxtuiLNbo5jhzXLRQiMXPzJGQbsBXofo9T1TqeC+J3ckxjw0m0r3sjHY5ehtY+j03F7EqlGcVqMMdCIqKXgKUm3ZGOpOEFebsgbVBEgyFEk0VhUhUV4O5o8HNJOdXfQIbdY2RAN6TdOd6D5x1BcLOMAtHTR4ts4GIxF8VOD2R1TV5aSs+KKj1Qhgm4sLKWtuLcTLtvCGzUn+LfUh2uASG+0Rl8Na6VDKcTVp9JFcDBLEQi7GpRcCWkYgwQdoOtVy2LjjIJ73L1HeFy7eyXt1sc4r6R8w7l1DSPK7XRLmmB5tSof8AOVm3RVmbdMgb9WwKlmVubmhrFDYMxGAg+tOeUzisseESvab9vpxZ3jY3flCyUPaRJZx1W9qy3kcmzFbeLw7nJ1EQQvcZLQNWskZyNmK0aGHdV8gTMEADYAu5FaUkQF5WZBY0LN+pub2rRoxlGrJs4eeezh4sS00yHuJENkmYbrxmc1p4mlUu5GxluKounTprcqVGh8hrQ6BmWtOcxicslrUoTnxRu1a9Gmlre9zboghoBzAAO8CF3IK0UjxdVqU20OvKxSxk2y0v8e1uTZYBzxjvklcbMak1GSXJ\/A9NllCg6ClJJu52vCa2vpUw5hIJfBi7MXXGBeBGYGo6183yfCUsTX01drGzRjGUnc4u013VXeMfeJwkm7IwA\/Na0ati9vh8LTw9Po4cF+pvKKirI3dAaZqPqspk8XjAgtaDDWOIILQNbQvPZvlVClRlVinc1q9GCi2jq5XkmjSCUHYc9buFbKdRzAwuumCQYxBxgRqyXosN9H51qCqakrm3DC3jqLOnba7yR1SiTiGkEecGEiSNhg8y1cuw8FjVCrbg\/wBjHSio1LM5zgna6ptAEm6Qb4gAYAwSAImYxzXoM9o0VhW+F78LGziFHQy74QDhZ421P9tc\/wCjXCdR\/oimDb0u3NHP6Le68b05HW6IlsSCY\/BXoaulx4HtslWJVaXSN2NOVhPUXC9GKlcWVqS0xcuRl0tKvJGGB1YZLadFKNzyNPO67xCVuF7WLOlqLnBpbiBMjM4xBjmPUqUZqLOjneGq4iknT8h2i6TmgkiJiBllOrUMUrTT2GSYSpRjLXwXIq1rA+vXqNptDiADBDTAhuPG5liqYmlh4KVQ4+Pozq4ycYnoPBqyupWanTeAHC9IEQJcTqw1rwuaVqdbEynT2NuhTcIKMjVlc8yMwuGVvq0aAdSwl4DnR5rYJ5pIAnl2kLs5Hh6NbE2rK6NTFTcI+iZ3AfSleo57KjnPaG3gXYkOmIvHHEThyLoZ\/gqFKMJQSi29kYMHUnL1ivpnglWdXe+m5pbUcXcYkFpdmCIxxyhZcDn1Knh1Ca4pWIqYKUqmpHZaOo+LZTpgzca1s7boiepcXB1Okx8Z82bkoaadi+DiF7LsNAbpHzTuXTNE84szQXOnU+qB\/EJ+Kyp2RVk9xud0ZxqBnLtTWY7XK9bSwoOOF7YCQA3ZE\/DYp13RaxFX4TGoCy4IfxZvZd6y0H\/kiQyiSu2+JUYymBkIVIwjH1UBSVk4kDVDbBc0R5z9w7VS\/E4ud+ziXa7LzSMp1qs4a42ODh60qNRTjuRWSzBk4kkxMxqyiFjo0VSRnxeMqV2nJbExKzGmNJUEkfig57JAPGbn7QWnjYp0Z35P4G5has4yST4Ha2imHAtcJB1L4vCcou6fE7KbWxx2nND1PGnxTOKYiIiboHNiF7DLc0oxwyjVl6SN6lWWjidNYtHU6cFrQDESvM4nFzquS1Nq5qTm5N8S8CtMxiEoDldJ8GC+q57XQHkk8+JjnXp8Jnyp0dElxWzNynidMbM6Sz2cMY2mBg1obHIBC89WrOpUdTtZquep3Es9lYybrQJ2JUr1Jq0nciUm9znOHVG8bPyeN6\/Frv5BOyqPwPQZFgusXd9mjKYu82fQ4cOBMAoM9xQg34MhbYWAyN8alfpJWtc5n1Zh1V6TTxLICozp35DiU3aRBtaD0expNYTfeIOzVl0BeYzXGTqSdJ7JnBrUFGvKp2s6Bi4LMTHKpDB7A4EEAg4EHEEbCFMZOLvF2ZVq\/AZZrMymIY1rRsaAB1K9StUqu822QklsTFYwKzMb1v5Z96p+Jjqr0WTTivbLY5wukRxSuoaJ5wxnGqclWr2hWlsRYcypkG4jGYJmNeAzGOXKFUoK2wMqk3gIDRlhrP3KYbF7EdfRFJrXOZMtBJxOEAmTtyKz0faRKvYy13jEIUBDXpXoxhYKtLU+EgI+lIAk4azjOGvlUTpXVkwXdCiC4TMNGe9WircDjZ17JGmrHnGhEFipba1RsXGXhr37IlYK05xa0o3cLQo1E3UlYStWqBgcGS7CWzMYY5Z4qZznGN0hSo0ZVXFy9HmSWCo5xYXNukvbh+8Fq4iTeGm3vZ\/At0cIVbQd0dw4r4yjqtiQpIFBS3aLheGWtW6OVuKZa0l2CqIpvYhcRCoAIBEBzfDE40d1Xtpr0WRerU\/Y9h9GEtNT9jFpld98T2V7XbIrPpBrzdEzjmFaULLc1MPmVOtV6OKdxz7cxri0kyM8EUG1cyVMyowqdE73LgKq7m9fgAqDaNevZn2HoSxGtDg5SlsFNSOo0T6Nu5eLzH28jk4hemyfSVoqsp3qNLxr5HFJu4azy6sOVa+Fp0ak9NaWlc7XNCq5JXiriWC1V3UXPqULlQXrtO8DegSMfzZOGKvXoYeNVQp1Lx52KRnJxu1xItC6Rr1XObVszqQAkOJBkyMI6ehXxmFw9KCcKmp8isKk2\/SVjWc6O7XmBO7Fc+MXIyN2GCrOQnWMQZbgbwiZGKyqjzKuRJQMkRt\/G5bWXRccXC5FR3gTjzl7RbI5xetFnLhAC6VzSscHpPQ1Zj3ltMkOJdBmZIgwQDnyqVNMnSY7qddpjxFQD2SQr8CugtMtF1jgaVaS0jGm4iYyyyRWQsQVLdLC3xdTjAg\/NvESInLHNZKckppsSjyMYgjA5jNd1SvsYHwEJU3IEJVbgQlRcFvRXnO9kdqhM5Gcq9JGipueeaBQRYQpew0jVW5KQtAfOU\/bZ9oLTxzth6n+r+BnoL0kdgSvjR2bAgsAKkLcx6XBqk2t44OfIdfi9hMzsmORdSWa1JUlSaVufaZ3WurDtMaBbXcHmo9pAu8UiIBJmCMDj2KuEzF4aLjpi\/EU6unhY07PSuta2SboAkmSYESTrK0Kktcr2t4GGTbdxJdrvDFswDLTxMBxOMMTJ1Y82woRVlbj2frvvx35GZQRDTqGRjJMYTM+jkt4xgC9sx5MzklTWlq394\/3cnSrGJww86j7NTtYupkS9Gp4o9R9GLKFTxRkUwu6ewjIl5kLxjFO6QlwZxjuS5MoQbu0hXZHdz9oRF5P0RrceWZ3GC7DMxGvb2WMLt\/fkOp5\/gH94Yc2CntFO+o63RXo27l4jMPbyNGv67NJq5zZpvceFFyLCqCBjziOwYOwcySDIwGsa8ByHZo8U3\/djFUIxqnXBxkA+ZxhI4rtjZ+7K\/77\/dzZj7CexnEY6+edjoJx2rPgl\/y4f3yJl6jLbG4r162RoHTOaukaZCWoBLvKUA66dpQEdWz3hBJUWBg6T4HUqxl9R87YpE9JYSs8ako7Mo1cyXeDOl9ZrdFI\/wClZVjKi7SNKE\/JlS+s1PdYr9dqEaUH5MqX1ip7rE67UI0kD\/B62kb7a9Y5yLrCCNhhs6h0KnXKlzDicPCtDRMxLbo97Dgyq4fsqg7AVtRxkXujh1cokvUlcpY62VBvp1B\/pWVYmm+01ZZdiF+EJ5DzgjtVump94xdTr9xjC7lU9JDmOq1u4\/Iay0Na9ji4Q1zHHWYa4E5cgWpjJRnRnFPjZmejhqupegzsyfxq5l8hnDTJxZvyTTtYJVbEggCVAFlLgUFStwU6bTxcCIujLFvosGk0hLdpn+nocGuH93\/XflwNhbBTMxiD5piZaY8SbzOO6ANkCeeTEnpTb\/u+\/BFW7GHwvePGUhOIY4xrguEHqPQurkcX0c3bdo9P9G+FOd+F2jKYV29j10HdcCQFDJx5DwULg7Z3\/DFCbX4DHNJmYO\/XvBaY+5TcxuLT7PMlp0zniY388gZ9HeWoOUafpTZuaM0qwNa0trNgDzqNYD3rkda8zjctrzqSnFXTOPUxdOUm2aY0rQGdamORz2tPQ4hcueAxEd4MxdLB7MsMttI5VWHc5p+KwvDVe4\/Ia4knlLPXb7wUdXq91jUhjrVSyNRmYPnNzGIV4Ua62iyHZi0nMOTp2wQJMAXjdAF7ijELZjhcTPgo28f7sY2ktzSsNDEGd2M9ZXWy\/LejqdLVlx\/QwVqq02iag0dOIz6l6BRurmi5mwWrdNcaaaAQUkA64gC4gC4hWwsILBdQsF1CLBdQiwXUI0hdQaQhCbCFqEaRr6cjNQ+aDg+ZzOltAWl7i6m+n+9I6cCufiMvpVvWia08O5GSdA6RH6Ozv3VHtPW2Fy6mQwfqu3vMHU5Dvkq2a7Kf3KtJ32i1asvo\/V\/DJEdTmA0daddlqjeaB+zUKwSyLFLsXmUeEqCOsNYZ0KvM0HsKr9S4rkR1WpyI3UKo\/s9c7qZ+KlZJiuS8yeq1eRE+jVzFjrk\/swDjGueQdAWVZLiUrSdkSsLU7RtNlqOHkdUDlB7AFmhknbJtmaGD4+ky1ZuBtOu4vtNmDn4CXyDdGQEHAD4nau\/hqMaNNQguG\/7nRglBWj4mi3we2D6Fw9mvaW9QqLY03NiOKqx2kxx8H9j1CqP+9UP2iVGhGVZjiF+IR3g+sup1Ybnt+LU6NFvrPE973IiPg5s\/01o96l\/61HRIfWeJ5iHwdWf6e0e9T\/kUdCijzCs92XLNwMpMyq1T7RZ8GqkqC5lHiptWZtWXRzWAAE4bVHRJGN1Wyz4tHBlNRG+ysObGneAVGhjURO0ZQOdGn7jO5HAanzE+SqH0FL3Gdyr0a5E65cxw0bR1Uafut7lKprkNcuZMyzMGTANwAWSMEuwjUyUBZFGxVj1mIBACAEAIAQAgBACAEAIAQAgBACAEAJYCQosgEJYBCkBCAIUWAQgFhSAhACAEAIBIQBCiwCFDQCFFgJCWAQo0gFGkAmkArJAUBWSAqkAgBACAEAIAQAgBACAEAIAQAgBACAEAIAQAgBACAEAIAQAgBACAEAIAQAgBACASFFgEKbAVACAEAIAQAgBACAEAIAQAgBACAEAIAQAgBACAEAIAQAgBACAEAIAQAgBACAEAIAQAgBACAEAID\/\/Z\" alt=\"\" width=\"422\" height=\"230\"\/><\/figure><\/div>\n\n\n\n<h2 class=\"wp-block-heading\" id=\"Histoire\">Son Histoire <\/h2>\n\n\n\n<p>La Game Boy Color, abr\u00e9g\u00e9 GBC, est la console de jeux vid\u00e9o portable succ\u00e9dant \u00e0 la Game Boy. <\/p>\n\n\n\n<p>Cr\u00e9\u00e9e par Nintendo, elle incorpore un \u00e9cran couleur \u00e0 peine plus grand que celui de la Game Boy. <\/p>\n\n\n\n<p>En revanche, son processeur est deux fois plus rapide, et sa m\u00e9moire deux fois plus grande. Elle est r\u00e9trocompatible avec tous les jeux Game Boy de premi\u00e8re g\u00e9n\u00e9ration.<\/p>\n\n\n\n<div class=\"wp-block-image\"><figure class=\"alignright size-large is-resized\"><img loading=\"lazy\" decoding=\"async\" src=\"https:\/\/images.fr.shopping.rakuten.com\/photo\/1124975086.jpg\" alt=\"\" width=\"241\" height=\"250\"\/><\/figure><\/div>\n\n\n\n<p>La Game Boy Color est disponible en coques de diff\u00e9rentes versions : translucide, violet, bleu, vert, fuchsia, jaune, violet translucide. <\/p>\n\n\n\n<p>Des \u00e9ditions limit\u00e9es ont \u00e9galement \u00e9t\u00e9 \u00e9dit\u00e9es : noir translucide, vert translucide, bleu nuit, bleu translucide, orange clair, vert et or et une dizaine d&rsquo;autres variantes sp\u00e9cifiques, ainsi que 7 versions \u00ab Pok\u00e9mon \u00bb.<\/p>\n\n\n\n<p>Elle est sortie fin 1998 au Japon, aux \u00c9tats-Unis, en Europe et en Australie.<\/p>\n\n\n\n<h2 class=\"wp-block-heading\" id=\"Tech\">Caract\u00e9ristiques techniques<\/h2>\n\n\n\n<p><em>Processeur principal : <\/em>8-bit Z80 modifi\u00e9 en deux modes, simple : 4,194 304 MHz, (soit 2 cycles par seconde) et double : 8,388 608 MHz, (soit 2 cycles par seconde).<br><em>M\u00e9moire vive <\/em>: 32 ko (ainsi que 128 ko sur la cartouche)<br><em>M\u00e9moire morte<\/em> : cartouches de jeux pouvant contenir jusqu&rsquo;\u00e0 64 Mbit (8 Mo)<br><em>M\u00e9moire vid\u00e9o<\/em> : 16 ko<br><em>Possibilit\u00e9s audio <\/em>: 2 canaux signal carr\u00e9 (12,5 % 25 % 50 % 75 %) (legato\/glissando), 1 canal WAV PCM, 1 canal bruit blanc ; 16 v\u00e9locit\u00e9s par canal.<br><em>\u00c9cran <\/em>: LCD TFT, 160 \u00d7 144 pixels, fabriqu\u00e9 par Sharp<br><em>Palette de couleur <\/em>: 32 768 couleurs ; modes 10, 32, ou 56 couleurs simultan\u00e9es \u00e0 l&rsquo;\u00e9cran<br><em>Contr\u00f4les :<\/em> croix directionnelle, et boutons : A, B, Select, et Start.<br><em>Communication :<\/em> s\u00e9rie ou infrarouge<br><em>S\u00e9rie <\/em>: 512 Kbit\/s ; jusqu&rsquo;\u00e0 deux consoles en m\u00eame temps ;<br><em>Infrarouge <\/em>: moins de 2 m\u00e8tres \u00e0 45 degr\u00e9s.<br><em>Alimentation <\/em>: deux piles AA offrant environ 10 heures d&rsquo;autonomie. Un adaptateur secteur \u00e9tait aussi disponible.<\/p>\n\n\n\n<p class=\"has-text-align-right\"><strong>Source :<\/strong> <a href=\"https:\/\/fr.wikipedia.org\/\">Wikipedia<\/a><br><strong>M\u00e0J 24\/06\/2020<\/strong><\/p>\n","protected":false},"excerpt":{"rendered":"<p>Son Histoire Caract\u00e9ristiques Techniques Son Histoire La Game Boy Color, abr\u00e9g\u00e9 GBC, est la console de jeux vid\u00e9o portable succ\u00e9dant \u00e0 la Game Boy. Cr\u00e9\u00e9e par Nintendo, elle incorpore un \u00e9cran couleur \u00e0 peine plus grand que celui de la &hellip; <a href=\"https:\/\/leconservatoiredujeu.fr\/index.php\/game-boy-color\/\">Continuer la lecture <span class=\"meta-nav\">&rarr;<\/span><\/a><\/p>\n","protected":false},"author":1,"featured_media":0,"parent":0,"menu_order":0,"comment_status":"closed","ping_status":"closed","template":"","meta":{"footnotes":""},"_links":{"self":[{"href":"https:\/\/leconservatoiredujeu.fr\/index.php\/wp-json\/wp\/v2\/pages\/9075"}],"collection":[{"href":"https:\/\/leconservatoiredujeu.fr\/index.php\/wp-json\/wp\/v2\/pages"}],"about":[{"href":"https:\/\/leconservatoiredujeu.fr\/index.php\/wp-json\/wp\/v2\/types\/page"}],"author":[{"embeddable":true,"href":"https:\/\/leconservatoiredujeu.fr\/index.php\/wp-json\/wp\/v2\/users\/1"}],"replies":[{"embeddable":true,"href":"https:\/\/leconservatoiredujeu.fr\/index.php\/wp-json\/wp\/v2\/comments?post=9075"}],"version-history":[{"count":7,"href":"https:\/\/leconservatoiredujeu.fr\/index.php\/wp-json\/wp\/v2\/pages\/9075\/revisions"}],"predecessor-version":[{"id":9227,"href":"https:\/\/leconservatoiredujeu.fr\/index.php\/wp-json\/wp\/v2\/pages\/9075\/revisions\/9227"}],"wp:attachment":[{"href":"https:\/\/leconservatoiredujeu.fr\/index.php\/wp-json\/wp\/v2\/media?parent=9075"}],"curies":[{"name":"wp","href":"https:\/\/api.w.org\/{rel}","templated":true}]}}