{"id":9057,"date":"2020-06-18T17:41:50","date_gmt":"2020-06-18T15:41:50","guid":{"rendered":"http:\/\/leconservatoiredujeu.fr\/?page_id=9057"},"modified":"2020-06-24T16:52:58","modified_gmt":"2020-06-24T14:52:58","slug":"nintendo-switch","status":"publish","type":"page","link":"https:\/\/leconservatoiredujeu.fr\/index.php\/nintendo-switch\/","title":{"rendered":"Nintendo Switch"},"content":{"rendered":"\n<p><a href=\"#Histoire\">Son Histoire<\/a><\/p>\n\n\n\n<div class=\"wp-block-image\"><figure class=\"aligncenter size-large is-resized\"><img loading=\"lazy\" decoding=\"async\" src=\"data:image\/jpeg;base64,\/9j\/4AAQSkZJRgABAQAAAQABAAD\/2wCEAAkGBxAQEBAQDxAQDw8NEBAPDxAQDw8QDg0PFREXFxURFRUYHikgGBolGxUWITEhJSorLi4uFx81ODMsNygtLisBCgoKDg0OGBAQFysdHSAuLi0uLS0uKy8tKysrKy0tLS0wLS8uLSstLSsrKy0tLS0tKystLS0tLS0tLS0tLS0tLf\/AABEIAJ8BPgMBEQACEQEDEQH\/xAAcAAEAAgMBAQEAAAAAAAAAAAAAAwQCBQYBBwj\/xABKEAACAgIAAwMHBwcICQUAAAABAgADBBEFEiETMUEGIjJRYXGxI0Jyc4GhshRTdJGSwdEHFSQzQ1JisxY0RFSCk8Lw8Qg1hKLS\/8QAGwEBAAIDAQEAAAAAAAAAAAAAAAIDAQQFBgf\/xABCEQACAQICBAoJAwMCBgMAAAAAAQIDEQQhBRIxUQYTFDNBYXGBkbEWIjI0U3KywfCh0eEkUmNCwkNic5Ki8QcVI\/\/aAAwDAQACEQMRAD8A4ycc+tiAIAgCAVsz0qP0iv4zcwPO\/m9HleF\/uK7X9Eje5FU9M0fGYSKViyDRsRZEBI2LLlilJixTNlxVmShsGYMIr31AyLiXQk0au+rUpcTchO5WZZCxcmRsIsTTImWLE0yJlixNMhcRYsTIWExYsRG0E0RtBOJhuYLomaGCxFiuZJplmuYLEy1UIsWJm0xUlsEXRZbSWMuTM2aVtEtYgLytoypEtTSDRdGRdpslTRfGRr\/KZ9jH+vHwlcl6suxlOId6uH\/6kfMgnLPcCAIAgCAIAgCAIAgCAV8r0sf9Jq\/FNzA86u7zR5Thh7j3v6JHUZNc9S0fEqcjWXrK2jdgyuBI2LLlqkQUzLMxYpMWMEkQsZixNIq5K7kJIvps19iypo2oshYTFixETRYmiF4sWI73gvCasXGwnHD14pxPiwtsx6LRzY2NjIfTZO5mPQ7Otdeo151Td287JG9TjqpZXbHlAVu4RxVr+F4XD8zAyMSofk+KtNqc9ik7bqeoPgdEHx3I7Hky2Oe1H13\/AEG4TZUFbh2H56DZXHrrfqO8OoDA+0GV3ZOx+dv5S\/JheF8Qsxq2LUuiX0cx24qckcrHxIZWG\/EASyLuVyjZnKTJJGaTJZcs1zJK5brEEky7QsIsTNpSOk2IrItiyXcyyxSIrLJBjXIw0g0SUiZDINF8ZFit5W0XRkUeOvsUfXLKqi9V9jIVXetQ+ePmj2cg96IAgCAIAgCAIAgCAIBXyvTx\/wBJp\/FN3A86u7zR5Thh7h3v6JHY5Cz1TR8MgzU5KyDRvU2U5CxsFmmLFMifcxYrI3MWJpELGYsTSInMw0WIoXiVNGzArNI2LkRNFiaInmLFiPoPGPKC\/h1fAMrH5DYvDrEK2KWrdGZdqQCD4A9CO4ShRu5I35TcVGxUzeN3Z\/BeO5WRy9rdlcP2EBWtQrIqqoJJAAA8TMSVmkWU5ayufUvKT+UbD4bkY2JelzPdXU7PWqlKEdiqs2zs9VOwPAfZKkrk7nyn\/wBQv\/u1X6DT\/nXSUSMj5huSuES1TKJXLlQkjKZbqEGbl7HkkTUjYK3SbEdhapEb3QxrkBskWhrGSmRaLFImRpBotjImVpBovjIo8XbfY\/WrKKy9R9j8g3etQ+ePmixOMfQhAEAQBAEAQBAEAQBAK+V6eN+lU\/im7gOdXd5o8pww9w8fokdteJ6xnwmDNTliQaN6kzXMeshY20TVNFiEkTc0WKrEbtFiaRC7TFixIiZpGxNIqXmVyRfAqsZCxeiJjBNELmYLEdf5bIbOF8FyUBairGsxbXA82q9XA5G9W9HXr1KI5SaN2a1oJoq8Jbfk5xnXX+k4P+YshU2llJWR+hMjyfw8lse\/IxqbrsdVNNjoGevXUaPsPUb7j1lJafA\/\/UBko\/FwqMGNOJTXYB8x+ex+U+3ldT9slEiz5ruLglqMkmYZbqeSuYuW67Jm41ixXfMpmNcti\/pNmBapkZskzOsAZGxlMlVphosUiVWkGi1SJA8i0WqRT4k3Wn61fjNfEL1H3+RZB3r0fnj5ouzhn0cQBAEAQBAEAQBAEAQCvlenjfpVP4pu4DnV3eaPKcMfcPH6JHb3T1p8IiavMkGbtI1Np6yJvxR7W8WMSiTh5mxVYwZosSSIXaYsWJERMjYmkV7zK5IugiqxlZciJjME0SJw+56mvWtmprJV7BrlVgoYg+3RBkG0nYujBtXNxwDifFeHC84wYUqf6VVYiW4\/N2LWAup7j2aE7GiQoHXoJVLVkbMNeORa435RcXz6FwXpxAmei5CrQlFb2V1nn5+YWEKAUPpaPQjwMrcYou1mWcj+U\/j5xnsXsq6Ky1TZFeOh7NkNakbYkb3bX4fO6dx1BpIkmzic3gee1\/LdW7X3h72ey2shgDux7LS3KCD38xBBI33iYuLGnvpat2rdSj1syOrDTI6nRUj1giYMnqQQZMpkitslV5ki2Sq8kiDZdx32JsU2WwkSy8uMgZgymSKZgmmZq0jYmpGYaYsWKRWzT1q+tX4zVxS9R9\/kX0HfEUfnj5o2M4J9LEAQBAEAQBAEAQBAEArZXp436VT+KbuA55d3mjynDH3Dx+iR3F09afCYGqzDIs3aRpb2mDowRElkwTcSylkkUuJ6zRYJETGYaJpEZMi0TSK1xlUi2KK7GVlqImMwyxHT+SWPTdRdTZl2JZdZ2S4aZGNinIRwm2D3qUsYsla8m1I5Qd9Zr1HZ3sblBXibPC8nMm7GutXJvSzKxrqWoPZc2TxSo3JZhkBeq9jjkgd+yvXpK5SS6C9RZrcvFx8FnyRkZdlXD+IWcIHIMUuaBjWPZyh0KndrP3gjlPr0ZW5NkrJFjiXCMShuK0dvxE4HDezGXQjYva5WRdevK6EJypWDWhJIJHcO\/rG5kzw+FvmMMlMyynlz0wRXxH8jxy+JdStlimkqUttYv4g82gSN92DJ888oKimZloXawplZCl7Duywi1hzsfFjrZ98GGVFmStkizJWyQTJFkiySIMsUPqWxYi7Mug7mzF3NmLuJIkZAzBlMyDRYkmZc0xYmmV8o+dV9YvxE1MXzfj5GzhXfEUvnj9SNtPPn08QBAEAQBAEAQBAEAQCtl+njfpVP4pu4Dnl3eaPKcMfcO9\/RI7W4z1x8KgjUZrSJv0kaTIaYZ0aaKvaSJfqk1d0kiuUCcWTJVqhmgykRsZBkkVbDKZF8UQtIMsRE0iyaLfDuPZeKrLjZN1C2HmZa3KgtrXNrwbXiOvSVyintLoTkskVaeM5NQUV5FyCu45CctjDlvK8ptH+IjpuVyimWRmyhfm2tWamsc1Nab2QsSrXFeU2EeLaJG5BpFqbJMfyhzKshsuvJuTKs3z3Bz2lgOthj84dB0PqHqlTsWoiv47l2HmfJudjeMrbWMx\/KAoUW7PzgABv1CQMkGXm23Nz3WNY3XznOz1JY\/eSftgwzFZkrZIJkrZmIMGx4XwfIyebsKmtCEBiNAKT3DZPsmHOMdrLaWGq1r6kb2Nk\/kjxBV5vyWwgDZ5NOQPcDuSjWg9jM1MDiIK8oP87DXVOQdMCCOhB6EGbUJFEZWyZOJemXJ3EkSPQZgzc93BJMgvPnVfWL8RNPGc34+RtYN\/1NL5o\/Ujczzx9SEAQBAEAQBAEAQBAEAq5np436VT+KbuA55d3mjynDD3Dvf0SOxyHnrj4dTRpc2yYOhRiabIaRZ0IIpu0wzZSNr5N4ld1oW0tynm81TpjrRPXw7\/b7pqYiu4WS2mxSoKWbLRyuH9fksxPVq6iz7iizXWMqLcWPB03vHa8PP9pmr76Mdxv7LRJrGz6UiDwMOhsNThN3ZrL9ZiW\/9BaZ5bf\/AE\/qQ5B\/zfoQHhtDehn4x+nXmV\/e1WvvkeUrcS5I+hmD8EPzcrBb\/wCZUn+ZyxyiA5NPqI\/9HslvQFNv1WXiWfheZ46G8KhPcQ2+TOcP9kyD7VrZx+tdyPGR3klSkug12TwrJT08bIX6VFo+IkXJbyag9xqrwV9IFfpAj4ytstjErkypstEiDJRBhkyCZKmSgTJBmWoInceQ\/a9lalJUMVrfzuq8xtsVm9\/Kqj7JqYq143W\/7Ho9BqbhVUHZ5Wur\/wBx2a5iq4Tm+UAUkqCApOwOvhsg6G\/Caipyackskd2eJpRmqU5etLo\/N\/WzR\/ygcNS6g5YUC+gqLWA0bqmPKGb1srEdfUZu4Su76rOBprR8Yx46CtvPn1d2p1IzPOKdiytgMtUy1TMpO5O54Zklcgv9Kr6xfjNPG834+Rt4H3ml80fqRu550+qCAIAgCAIAgCAIAgCAVM4+djfpNP4pu4Dnl3eaPK8MPcO9\/RI6jLsnrj4nSiaTLtg6VKJq7WkWb0IlayQZtRgbbgPNVdX2ishcOU51KcwIUAjfeO+c3FNOSsbdNWRdxPJy5bFZmoZRvY5rDvoddCk1Swu28EJ7qqW9zIvx1AKlnAn\/ADA+y2v9zQCrbwVx\/YW\/8IZvhuAVbOFuP7LIHvqf\/wDMAp3Y4Hpcy\/SXXxgyV+RO8Mu\/cNzALFefenoZFq\/RutX4GASjyhzU\/wBryD9K+xx+piYBU8oMtr6KrbSGtFjV8\/KqsU1vR5QN9fXANNh4tlzrVUjWWWHSoo2zGEm3ZGJSUU5N2SO0wf5ObmG7simlv7qq9pHsJGh+rc3I4Co1d5HDq6fwsZasby6+j87jzivkQccVsMlLVssFZ+SdDWvKx5zsnY83Wh16yuthZUkmy\/B6Sp4ubhBWaVysPJxf96r\/AOVb\/Ca9joah7\/o8n+9V\/wDKt\/hMji+s3PAqrKFvFBFriisIwGgW7WwnzW8QHHsmnimk462z\/wBHoNCwnqVlTfrWVr7\/AFjahRtrSp\/K+z5lRm3rqRUbOXzebf390pd83TvqdP36zpU9V8XHE6qr52b7Xa9stv8AGZLmva3D8rtQQex6BuXnOimyeXp3717NScHDjVqbDVxMcQsFUWI9rPds7sj5lOpc8aehpNMEi3GS1yWsz38omdckpsjNu3q+sX4ia+JleD7\/ACOho2V8VS+aP1I6KcI+sCAIAgCAIAgCAIAgCAUuJnRxz6sir4zcwPOr86UeW4XK+BXa\/pkbnLygfGeqVRHx2lSZqb7NyWujoU4FVzIuRvQgYVHz0+mv4hK6kvVfYbEUW77CcmkkkknqSdk+ePGcc2DuA8GBzwZPOeARvZAMDZAMxksPnN+swCNrd9\/X39fjAK1tNTelVU30qam+IgFW3Axz30U\/ZWg+AgGv4zwyj8nt1WF7NXtTlZ+jhfVvXhDBsP5MuHqlFuQV+Uuc1Kx7xSqqSB6uZm6\/QE6Gj6Sd5vuPM8IcVJatCL25v7HTrxKo2GoNt16N0PKD6t903XiqSlqtnHhojFTpcYoZbdubXYa3ykqCUppmbdwPnOzf2b92+4TWx0Uqa7fszpaBqupiZXSVo9CS6VuOc3OWesPCYBufJk6d\/oj4zSxuyPeeg0B7VTu+5sXqo7fnLfKkL5nOQG16JKjv14bmpCVTVaje3YdvEU8K6kJ1dVTWy7s\/C+eezIm4228PL\/R3+Ik8O\/8A9Ea+lo\/0s+w+Tzrpnz+x7uSuYsec0zcWMS0XJJHlLfKV\/WJ+ISms\/UfedHRi\/qqXzR+pHVTjH1gQBAEAQBAEAQBAEAQDXcbOhUfVen75t4PnPzeeY4Vq+Dj2\/wC1kWRlGdrjGfMYUim+WY45mxGkQtmGZ44vjEY2UTbWPXYn4hISrXRdGJuLv9Yp+38SzWJnac8A87SAY9pAMGeAai3PsZyEsprXnausWKWe5k9Ijzhob6QDW5PlJanZHlrYWU12MPOB5m3sA76Dp6jFzNje4mWLK1sXenG9HvHrH2d0GDNrIBhzwCrxIg1WKTrnRl\/aGh8YBuuBWcmMyr05LCoA8Pk652cBzXeeQ03C+MV\/7V9zTY+BkGw9mrbYnb7ATr3tv93f75oywdXXaS7zt\/8A22FhSUpSs7bOnsN55S18uPSu9lbEUn+8RWw3NrHK1KK3NeTOLoKpxmNqTta6b8ZI5d7Avf8AcCSfsE5R64jryUZiqsCy948RANxwW\/k7U9+k\/fNDHO0Y956Tg3HWqVF2fc1FGRZ2rHqbHZtrokvs9Nesa1NijUhxas+g5ukMJiFi6ilBttu2TzXRbut2bDsWVhiWrZ1Y0EPvr1JGxNOEk691sud3E05w0dqT2qOfgfM8qnlYr6j906R4eUbMqsZK5ixiWi5mxGzxckonuI3ytf1ifiErqey+xm\/o9WxNL5o+aOwnIPqogCAIAgCAIAgCAIAgFTiWGbVUBuUqwbet9wMto1OLdzl6W0c8dSVNS1bO\/wCjX3KJ4NYe+4H\/AIJtct6jzq4JSX\/EXg\/3MTwJvzo\/ZP8AGY5Z1EvRSfxV4P8Ac8\/mA\/nB+yf4xyzqM+itT4q8H+5Ji8AIsQ9oPNdD6J8GB9cLFpu1iFTgzUpwlPjVkm9j6CfJ\/wBYp9x\/Es3DzB1hsgGBsgGJsgGJeAarFpR9sygtVfeUPXzSXgHPtUjmoWWCoDErIJ8WBOhMGTeeT1v9Gq\/4\/wDMaZRhl03QDw2wCrkPzvTWPn2An6Kjfx1AOm4AB\/SR81cgj2ACmqdjAc0+39jyOn78pjb+1ebLNeeVyRQtRNZXfajuB1v3alsq0uNUFHJ9JprBU5YSVadS01\/p+2+7IvKmz5GtgQdXKQehHoP9hlGPs6S7fsza4PwccVNSVvVfnE5DKUEqWBIAPcpbTbUg6HtWck9ga3BqYXMxrKgIQXO\/PJ5dAA+rRmDJ0nABzNYP8H\/VNHHL1Yno+DcrVKj6l9zacGVSXYVshRyu3Gub\/EPZNath1Stne52MBpaeOU04aur+W7V0l7Pf5G\/2VMf1ERh+cRjSi\/pZ9j8ji+OcKLXEq4UEDpy79u\/v+6dGtW4trLaea0bod4+MpKajq71vNaeCN+dH7J\/jKeVrcdP0Un8VeD\/c8PAW\/Oj9k\/xjla3D0Un8VeD\/AHMTwA\/nB+yf4xytbjPorU+KvB\/uZUcCKurdoDysG1ynro79cxLFJpqxdh+DVSlVhU4xPVaex9DubuaZ60QBAEAQBAEAQBAEAQBAEAQBAJKPSX6Q+MzH2l2lGK5ip8r8jT5L7vpI9Tfc6idk+UrYdKXgGBeAYmyAYmyAa9hahfswjpYxfTMUZGPfo6Owe+AabL4Ta3Z65PMqRDtj3gn2e2YMm2xEFVa1g75B1PrJOz95MyYPTfAMDfAM+FHmyuY91FTN9p\/8CAb\/AIHi9vjXoSV7W9iSO\/otf8J1cLTVTDuL6X+x5fSuJeHx0KqV9WK\/3FnfKRgKthRqipu8euyfs8P++svYaw9m01t7Sm3HRlpGUkpJpqPRlZLru\/zqg4xgjHxa61Zm1fzbY+JRug9Q6SnE0VSoqKfT9mbOjMZLF46VSSS9S2XzI522sk75td3TlB8NGc49KRGo\/wB7\/wCo9f8A4\/VAN35M\/wBY\/wBD980cb7MT0XB3nKnYvudDsCc49ZY1\/Gc1a6LeY\/1iipR4lnYKP3n7Jdhs6qOfpdqODm305eJq8p+YK3rQfcdfvE3sWrxTOPwXq6uInT\/ujfwf8lWaB7cQBAEAQBAEAQBAEAQBAEAQBAEAQBAEAzp9JfePjMx9pFGJ5mfyvyNXbV5ykdQp7\/AksTqdk+UrYbrngGBeAYF4BT4haAqkgHTg9WC6IB6+G\/d74BTOSpfl5SeYBdnfKQdMOh8eXZ+yYMkRyifO5QARVb6ZGmc60encNHcAxGQNqPb3htr1Unv117oBmbYB52sAscHu1+UHxYhR7gAP3QYOw8kulLfWt+FJ2sBzXeeO097z3L7m0zjb2bdhrtfN5ebWtcw33+zc2KuvqPU2nNwvE8auP9jO9uzL9TU+UTP+TU9prtOdOfXdzdm29TTxutxMdbbdX8GdnQ3F8tqcX7Nnbs1lY5lnnKPVEbPANlwLICM7Hu5Qv2k7\/dNHGq8YnpeDUXKpVtuXmy7xHjQrrewDmCa2B36J1vR8NzSp0JVHZNHo8bi4YOCnVi7N2ytt8TiM3i1mTdWW6KrqVX277z7Z0qFBUlvZ4vSWk6mMls1YrYvu978jo8W3mVV9XP8Aq7\/3SWIV6bJ6CnqY+n13X6MznMPowgCAIAgCAIAgCAIAgCAIAgCAIAgCAIBnV6S+8fGZjtRTieZn8r8iolXcrMtfViWcOVXqSN8gY\/qBnYeR8oWwtWtpiAQwB0GXm5WHrHMAde8AwmDAtMgjZoBGzwCJngEFjwCtY8wZIeeAA0Ay4dcFZwfFj9\/WAdh5IcSQmynfnb7RfaCADr3co\/anW0fUWq4dO08xp7DvWjWWy1n2\/wA3\/Q6jmnRPOWNJ5Wv8in1o\/A80dIc2u37M7egF\/Uy+V+aOSZ5xz1xGXgF3h7bV\/enwaaeM2RPVcFudq9i82WLE5ldD3WKVP7vvAmrSnqTTPR6UwnKsLOmtu1dq\/fZ3nJ04pWzZ7kP277tTqHzQ6ThC7Vm8FGvtbp\/37pViHamzraCpOeOp26Lv9P3ZZnMPoogCAIAgCAIAgCAIAgCAIAgCAIA1Bix5qZMWZ4QYItPeeAsCCPAg9ZlMqqQlOLjfJ5GOTtzvQXprQ3\/GbfK3uPM+jEfiPwQJPqEcre4x6Mr4j8Dw79Q++OV9Rj0ZXxH4fyYlT6h98cr6h6M\/5H4fyYmoxyvqHoz\/AJH4fyYnHMcr6h6Mr4j8CNsMnxjlfUPRn\/I\/Awbh2\/GOVdRn0ZXxH4GH82e0xyrqHoyviPwPf5s9pjlXUPRn\/I\/AwPCuu99fjHKuoi+DL6Kn6FvCxzS3OnRx3N4j3SMsTK6cXq23G1htAUqakqqVS6tmsrPq+\/gbunjtwHnIje0FlnQp6aqxVpRT\/Q89if8A4+w1SblSqSgt21d18\/Fsr8U4g96BCirysG3zMfAj98jX0q6sVFwt3ksFwG5LNzjWvdW9ns6+o1RxT7PvmpytbjpejFT4q\/7f5MThn2ffHK1u\/UejFT4v\/j\/JPjVFAdfO1v7N\/wAZTVrKpbK1jraL0VLAylLX1ta3RbZ3snBMpyO0nIp5fDxYeYEo3iR3N7xL6eIcFZ5nDx+gqWJm6kXqSe3K6fXbLMuUjlQIO4dT\/iPrMhVquptNzR2jKeCi9TOT2t\/mSMpUdTM9mDIgCAIAgCAIAgCAIAgCAIAgCAIAgCAIAgCAIBJXjuyu6qzJUAbGAJWsFuUFj4bJA+2CDnGLUW83s6yR8G1Q5atwK1rZ9qRyLYAULeoHmGvXuMyKrU3a0lne3Xbb4dJk\/DrlLhqrAauTtAUYGvnICc3q3sa9e5mzMKvSaTUlne2e223wLGRwDMrKCzFvQ2uK6w1Tg2Oe5V6dTMuEltTK4Y3DTTcakXZXeayRHkcHya2KWUWoy1m4q1bBhUDo2Ef3R65hxa2olDFUJrWjNNXtt6d3aY4\/CsixlSui13evtUVUYs1W9c4HivthJvJIzPE0YRcpTSSdtvTu7TBeH3G3sBTb2++Xsezbtd63rl1vu6xZ3tbMk69JU+N1lq775eJhl4tlTtXajV2J6SOpVl8eoMNNZMlTqQqRUoNNPpRY\/mfJ7NLfye7srSFrs7NuR2Y6UA667PQeuNV2vYq5VQ13DXV1tV1dEacOvJCiqwszvUAEbZsQAunvAIJHhuLPcSdekldyVrJ7eh7H3meLwjJtIWqi2xmr7VQtbMWq5uXnGvm76bhJvYiM8TQppuc0knbN9O23aZV8Fymtahce5rqwC9YrYugIBBYa6d4\/WI1ZXtbMxLF0I01Uc0ovY75Mr\/kVut9m+u07H0T\/AF35v6XsmC3jaezWWy\/dv7CO2pkZlYFWQlWUjRVgdEEevcEoyUkpLNMwgkIAgCAIAgCAIAgCAIAgCAIAgCAIAgCAIAgCAIAgCAIB0vkjxGvHqzTbyslldFb1EgNdU1wW1UGx53ISQR3EAyynJR1r9XmcrSNCdapRUMmm2nuaV1fqv47C\/wAeupH86LXdXapo4YlThl+X7NKQSo317jsDuipb17Pd9jXwkKj5O5QaetUbW67l+dZsPKfiePdRxDVlfboMakcrqRk0i1HRl0fOK7dTrw5fVLKkotS35d5rYDDVqdWheL1XrP5XZp33Xya67mrxMqsZnBmNiBaqMYWNzry1kX2Ehj806I7\/AFyuLWtDu+5t1Kc3hsWtV3cpWy2+qtm8k4Tkph5N1gqx6OXAsK1DLryq727RdqWDHqwBHL36G4g9STdrZb7kcRTliaMIa0peus9VxayedrLZtuW8p8d7ymNbWa34M1NPaW1JpmsYrS7MQA4BAIJ8JJ21rR\/tKKarRpa1WLuqqbsm9izaSV7MqtkKznHF9RyDwkYfbdonZPkC4Oau1J5f6r5Lm3rfTcxfO189W3f+ZFypyUONcHqcbrWs76trX1dvteta1+k0vlMwAxKi62W42KKrmR1sVW7Wxlq5l2G5UZV6EjprwkJ9C3L88DfwKbdWaTUZSurq3Qk3bbm02bHP87CW61qq8iivFTGsoyUc5Va6ArspDEq9Y+dodRrr3zMvYv0q1s9vd1GrR9XEunBNxk5OScWtVvpUrZqW7M6HiPF8Xs72rtr5kpfOp0y85ycxchLE96i2k68OQy6U42dn197ucyjha+vBSi7NqD3atPVaffqyz6bmhwsqsZnBWNiBaqccWMXXlrIyLSQx+adEHr65VFrWh3fc6NWnN4bFpRd25Wy2+rHZvKHBk7bCvxqnrTIbIouIsuSnt6VSwcoZyAeVmDaJ8d+EjBXi4rbkbOJfF4mFWabjqyWSbs210K7zWV+7pNlw3NprpC5Bry7P512X\/KHHzFByAehZdg9T0MnGSSzzz\/GalejUqVL0rwXFbNVb36u5PqRznlA4bLymUhlbJvKsCCrA2sQQR3iVy9p9rOpg01h6aas9VeSKEwbIgCAIAgCAIAgCAIAgCAIAgCAIAgCAIAgCAIAgCAIAgCAIAgCAIAgCAIAgCAIAgCAIAgCAIAgCAIAgCAIAgCAIAgCAIAgCAIAgCAIAgCAIAgCAIAgCAIAgCAIAgCAIAgCAIAgCAIAgCAIAgCAIAgCAIAgCAf\/Z\" alt=\"\" width=\"442\" height=\"221\"\/><\/figure><\/div>\n\n\n\n<h2 class=\"wp-block-heading\" id=\"Histoire\">Son Histoire<\/h2>\n\n\n\n<p>La Nintendo Switch est une console de jeux vid\u00e9o produite par Nintendo, succ\u00e9dant \u00e0 la Wii U.<\/p>\n\n\n\n<p>Il s&rsquo;agit de la premi\u00e8re console hybride (multi modes) mise en vente de l&rsquo;histoire, pouvant aussi bien faire office de console de salon que de console portable. <\/p>\n\n\n\n<p>Annonc\u00e9e le 17 mars 2015 au cours d&rsquo;une conf\u00e9rence de presse, pr\u00e9sent\u00e9e officiellement le 20 octobre 2016 et montr\u00e9e plus en d\u00e9tail le 17 janvier 2017 lors d&rsquo;une pr\u00e9sentation en direct, elle est sortie mondialement le 3 mars 2017.<\/p>\n\n\n\n<div class=\"wp-block-image\"><figure class=\"aligncenter size-large is-resized\"><img loading=\"lazy\" decoding=\"async\" src=\"https:\/\/upload.wikimedia.org\/wikipedia\/commons\/thumb\/3\/38\/Nintendo_switch_logo.png\/100px-Nintendo_switch_logo.png\" alt=\"\" width=\"182\" height=\"172\"\/><\/figure><\/div>\n\n\n\n<p>La console est annonc\u00e9e sous le nom de code Nintendo NX par Satoru Iwata le 17 mars 2015 lors d&rsquo;une conf\u00e9rence de presse annon\u00e7ant un partenariat entre Nintendo et DeNA. <\/p>\n\n\n\n<p>Selon Satoru Iwata, il s&rsquo;agit d&rsquo;une nouvelle console qui ne sera pas un simple remplacement de la Wii U, mais qui sera une console de salon, la firme envisageant \u00e9galement un d\u00e9zonage de la machine.<\/p>\n\n\n\n<div class=\"wp-block-image\"><figure class=\"aligncenter size-large\"><img decoding=\"async\" src=\"https:\/\/upload.wikimedia.org\/wikipedia\/commons\/thumb\/1\/13\/Nintendo-Switch-Dock-Front.jpg\/220px-Nintendo-Switch-Dock-Front.jpg\" alt=\"\"\/><\/figure><\/div>\n\n\n\n<p>La Nintendo Switch est compos\u00e9e de plusieurs parties : une tablette \u00e0 laquelle peuvent \u00eatre connect\u00e9s deux Joy-Con (manettes amovibles), une manette classique non incluse (le Pro-controller) et une station d&rsquo;accueil pour ranger la tablette afin de la recharger et d&rsquo;afficher l&rsquo;image sur un t\u00e9l\u00e9viseur.<\/p>\n\n\n\n<p>Elle pr\u00e9sente deux modes de fonctionnement. Elle peut fonctionner telle une console de salon, embo\u00eet\u00e9e dans sa station d&rsquo;accueil. Le joueur utilise alors la manette pro ou bien les deux Joy-Con (Joy-Con L et Joy-Con R) qui peuvent se rassembler au moyen du Joy-Con Grip pour former une manette plus classique; ceux-ci sont dot\u00e9s de vibrations HD qui permettent d&rsquo;am\u00e9liorer la perception de certains effets (sensation de pr\u00e9sence d&rsquo;un objet dans la manette, d&rsquo;un liquide qui coule, etc) ainsi que d&rsquo;un capteur infrarouge capable de d\u00e9tecter des formes ou des objets. <\/p>\n\n\n\n<div class=\"wp-block-image\"><figure class=\"aligncenter size-large\"><img decoding=\"async\" src=\"https:\/\/upload.wikimedia.org\/wikipedia\/commons\/thumb\/9\/96\/Nintendo_Switch_Joy-Con_Controllers.png\/220px-Nintendo_Switch_Joy-Con_Controllers.png\" alt=\"\"\/><\/figure><\/div>\n\n\n\n<p>Elle peut \u00e9galement \u00eatre utilis\u00e9e comme une console portable, avec les deux Joy-Con connect\u00e9s \u00e0 la tablette ou bien d\u00e9tach\u00e9s pour jouer seul, avec un Joy-Con par main ou bien \u00e0 plusieurs avec un Joy-Con par personne. Il existe plusieurs types de couleurs pour les Joy-Con, qui sont g\u00e9n\u00e9ralement propre \u00e0 un jeu particulier.<\/p>\n\n\n\n<p>La console lit des jeux sous format cartouche, appel\u00e9e carte de jeu, ce qui n&rsquo;\u00e9tait pas le cas des pr\u00e9c\u00e9dentes consoles de salon de Nintendo depuis la Nintendo 64 \u2014 le disque optique ayant \u00e9t\u00e9 privil\u00e9gi\u00e9 par la suite, ou encore sous format d\u00e9mat\u00e9rialis\u00e9. La console est compatible avec les figurines amiibo.<\/p>\n\n\n\n<div class=\"wp-block-image\"><figure class=\"aligncenter size-large is-resized\"><img loading=\"lazy\" decoding=\"async\" src=\"https:\/\/www.micromania.fr\/dw\/image\/v2\/BCRB_PRD\/on\/demandware.static\/-\/Sites-masterCatalog_Micromania\/default\/dw339d4415\/images\/high-res\/189213_scrmax_7.jpg?sw=480&amp;sh=480&amp;sm=fit\" alt=\"\" width=\"389\" height=\"260\"\/><\/figure><\/div>\n\n\n\n<p class=\"has-text-align-right\"><strong>Source :<\/strong> <a href=\"https:\/\/fr.wikipedia.org\/\">Nintendo<\/a><br><strong>M\u00e0J 24\/06\/2020<\/strong><\/p>\n","protected":false},"excerpt":{"rendered":"<p>Son Histoire Son Histoire La Nintendo Switch est une console de jeux vid\u00e9o produite par Nintendo, succ\u00e9dant \u00e0 la Wii U. Il s&rsquo;agit de la premi\u00e8re console hybride (multi modes) mise en vente de l&rsquo;histoire, pouvant aussi bien faire office &hellip; <a href=\"https:\/\/leconservatoiredujeu.fr\/index.php\/nintendo-switch\/\">Continuer la lecture <span class=\"meta-nav\">&rarr;<\/span><\/a><\/p>\n","protected":false},"author":1,"featured_media":0,"parent":0,"menu_order":0,"comment_status":"closed","ping_status":"closed","template":"","meta":{"footnotes":""},"_links":{"self":[{"href":"https:\/\/leconservatoiredujeu.fr\/index.php\/wp-json\/wp\/v2\/pages\/9057"}],"collection":[{"href":"https:\/\/leconservatoiredujeu.fr\/index.php\/wp-json\/wp\/v2\/pages"}],"about":[{"href":"https:\/\/leconservatoiredujeu.fr\/index.php\/wp-json\/wp\/v2\/types\/page"}],"author":[{"embeddable":true,"href":"https:\/\/leconservatoiredujeu.fr\/index.php\/wp-json\/wp\/v2\/users\/1"}],"replies":[{"embeddable":true,"href":"https:\/\/leconservatoiredujeu.fr\/index.php\/wp-json\/wp\/v2\/comments?post=9057"}],"version-history":[{"count":17,"href":"https:\/\/leconservatoiredujeu.fr\/index.php\/wp-json\/wp\/v2\/pages\/9057\/revisions"}],"predecessor-version":[{"id":9230,"href":"https:\/\/leconservatoiredujeu.fr\/index.php\/wp-json\/wp\/v2\/pages\/9057\/revisions\/9230"}],"wp:attachment":[{"href":"https:\/\/leconservatoiredujeu.fr\/index.php\/wp-json\/wp\/v2\/media?parent=9057"}],"curies":[{"name":"wp","href":"https:\/\/api.w.org\/{rel}","templated":true}]}}