{"id":9051,"date":"2020-06-19T12:38:23","date_gmt":"2020-06-19T10:38:23","guid":{"rendered":"http:\/\/leconservatoiredujeu.fr\/?page_id=9051"},"modified":"2020-06-24T16:52:25","modified_gmt":"2020-06-24T14:52:25","slug":"wii-u","status":"publish","type":"page","link":"https:\/\/leconservatoiredujeu.fr\/index.php\/wii-u\/","title":{"rendered":"Wii U"},"content":{"rendered":"\n<p><a href=\"#Histoire\">Son Histoire<\/a><\/p>\n\n\n\n<figure class=\"wp-block-image size-large\"><img decoding=\"async\" src=\"https:\/\/cdn03.nintendo-europe.com\/media\/images\/10_share_images\/systems_11\/wii_u_11\/H2x1_generic_WiiU.jpg\" alt=\"\"\/><\/figure>\n\n\n\n<h2 class=\"wp-block-heading\" id=\"Histoire\">Son Histoire<\/h2>\n\n\n\n<p>La Wii U est une console de salon de Nintendo qui propose une foule de jeux \u00e0 exp\u00e9rimenter aussi bien en solo qu&rsquo;entre amis ou en famille.<\/p>\n\n\n\n<p>Elle est accompagn\u00e9e d&rsquo;une manette qui red\u00e9finit la dynamique de jeu en multijoueur : le Wii U GamePad.<\/p>\n\n\n\n<div class=\"wp-block-image\"><figure class=\"aligncenter size-large\"><img decoding=\"async\" src=\"https:\/\/upload.wikimedia.org\/wikipedia\/commons\/thumb\/e\/e3\/Wii_U_controller_illustration.svg\/1200px-Wii_U_controller_illustration.svg.png\" alt=\"\"\/><\/figure><\/div>\n\n\n\n<p>La Wii U, prononc\u00e9 en anglais est une console de jeu vid\u00e9o commercialis\u00e9e par Nintendo, succ\u00e9dant \u00e0 la Wii. Elle est sortie le 18 novembre 2012 en Am\u00e9rique du Nord, le 30 novembre 2012 en Europe et le 8 d\u00e9cembre 2012 au Japon. Premi\u00e8re console de jeu vid\u00e9o de huiti\u00e8me g\u00e9n\u00e9ration \u00e0 sortir, elle est en concurrence avec la PlayStation 4 et la Xbox One.<\/p>\n\n\n\n<div class=\"wp-block-image\"><figure class=\"aligncenter size-large is-resized\"><img loading=\"lazy\" decoding=\"async\" src=\"data:image\/jpeg;base64,\/9j\/4AAQSkZJRgABAQAAAQABAAD\/2wCEAAkGBxISEhUSEhITFRUXFxUVGBcVFxcWFxcWFRUWFhYVGBUZHiggGBolGxgXITEhJSorLi4uGB8zODMsNygtLisBCgoKDg0OGxAQGy0lHyUvLS8rLSstLS0tLS0tKy0tLS0tLS0tLS0tLS0tLS0tLS0tLS0tLS0tLS0tLS0tLS0tLf\/AABEIAKgBLAMBEQACEQEDEQH\/xAAbAAEAAgMBAQAAAAAAAAAAAAAABAUCAwYBB\/\/EAEgQAAIBAgQCBwQHAwoEBwAAAAECAAMRBBIhMQVBEyJRYXGBkQYyobEUUlOSwdHwI0JiBxUWM3KClNLT4UOisvE0VGNzdKOz\/8QAGwEBAAIDAQEAAAAAAAAAAAAAAAEEAgMFBgf\/xAA5EQACAQIDAwoEBQQDAQAAAAAAAQIDEQQSMQUhQQYTIjJRUmFxkbEUFYGhYpLB0eEzQvDxI0OiNP\/aAAwDAQACEQMRAD8AoZ505YgCAJKAkgQBAEAQBAEAQBAEAQBAEhgSAIBHxPLzntOSvUqea9ili9UaZ6wqCAIAkAQBJAgCAIAgCAIAgCAIAgCAIBOnx87AgCAbsFhHrOtOmuZmNgP9+QmcIyk7RJSbdkdBh+B4ekSmM+kpUH1AhU9luevbt4TJSpweWqmmZdGLtO5XY7grqhrU0foRze2a3bYbjwkKEprPFPL4jK2rpbitp0WYMVUkKMzWF8q3tmPYNRrMUm9DGx7Rw7vcqrMFsWsCbXNhfsudJKTegs3oTKvAsUoLNhq4A1JNN7Adp02mbpVFrFmTpyXA0YDh9auSKNN6hGpygm3idh5zGMJS6qIUW9BX4fWQsr0qilBmYFSCqk2DH+G\/PaHCS3NDK+w006LMGZVJCgFiBcKCbAk8rnSYpN6EWb0JGA4ZXr36Gk9S2+UEgeJ2EmMZS6quSot6GDYGqKnRGlUFQX6mU5tAWPVtfYE+EZZXtbeMrvY1UKTOwVFLMdgouT4AbyEm9yMUr6EyhwTFOodMPWZWFwy02IIOxBA1EzVKbV0mZqEnvsRMRQemxR1ZGG6sCCLgEXB20IPnMJJp2Zi007M1zEgQCPieXnPaclepU817FLF6o0z1hUEACAfVOC4DC\/zKuIrYanWNNK7a9VzlrVLDpQMy+M8xXnV+NcISau1+h2qUKbwylKN9xQ+2XsdToUExmHLdE2QtTc3KdIBlIbmLkCx113l7AbRlUqczU14MrYrCRhDnIadhxM7JzjZhqBdgi2uxsLsFF+9mIA85hOahFyZlCLk7ItP6M4n\/AND\/ABOG\/wBSVfj6Xj+V\/sb\/AISp4eq\/c9X2XxJ0\/Yf4nDf6kj4+ku38r\/YfCVPD1RA4nw2rh6hpVqZRwAbG2x2II0I7x2GWKNenWjmg7o1VKUqbtJGrCYZ6rrTpqWdjZVGpJmdSpGnFyk7JGMYuTstS2q+ymKUlWWirDQhsRhwQewg1NJUW0KL3q\/5WWHg6i7PVFbj8C9Fsj5L2DdR0qCxJHvISL6HS95YpVo1VeN\/qmvc01Kbg7MjTcayevBsQaBxPRN0KkA1DYDrMFFgdWFyBcAiV3iqXOKlfpdht5ieTPbcQJYNQgCATp8fOwIB5AOt\/k6dEq1ajkDJTvc8luSx+Al7BOMXKT4IsYdpXZ0+A4e+PZ8TXYoh0pJuQq3ym3Z29pvytNaw8sW3UnuXARg6zzS04EbhzOrtg6xzWBKHcMh3XwHLuuOUsYSU4N0KnDTxRnRbV4SOC4TUqJXToBnctlVdxUDdUow5qw0PdKUW1Po\/7KyupdE6LiVCjTajSpPlwrVSxqJ+1L10e3RMer1UFgvaGLakyxJRTSW6N\/v2G6SSaS0MyMMnEWc4usrjFOcvRFVzdKeoagc9Qnqk5dr6Sehz3Wd76WG5VNeJWe0wenTo0LBUIq1HVfdNfp6iVAbe9kyKo7B4zVX3JLz9bmFS6SRv4PiKxw9MoOkqJiVo0lbUOlWk5q4c3\/wCGcqkjYXvpMqcpZFx32+2hMW8tzX7UU0pIlPDEHDMztnDZs9ZWKlGaw0RbBRzBza3kV7RSUer+v8CqrK0dCL7QMVp4WkNKf0enVy8mqVMxqOe05hl12yzCrujGPC1zGeiXgXXs5XY06FVmPSU3xlOmx97oxgnqWudwrnTszETfRbspPVXt6GyDdk\/P2NfBKK1cVh8XSUANUy1kXalVKMbgcqb6kdhuvITCmlKSnH6+H8ERV2pL6kPidDDtTwhq13pt9EoDKtHpBa72ObOvfpblFVR6N3bd2GLSsrvgigrqoYhGLLfRiuUkduW5t6ytLU1vXcYTEgQCPieXnPaclepU817FLF6o0z1hUEgFhwngeJxJ\/YUXcfWAsnm5so9ZXrYujS68l+vobqdCpU6qPpuDolOAVKbe8qYpDbXrLXqqR36ieelNSx6ktG4+yOxCLjhXF8E\/dmj2jx1XEcNTDUMJimYrRDlqLKFFLK2l\/euVG3fM8LCFPE55zVlfj2mNeUp0csYv0PluIw702y1EZGH7rqVb0Os9JCpCavFpnFlFxdmrGfD8G9aqlFLZnYIt9rsbXJ7BvMa1VUoOcuBNODnJRXEvOKcBwmHqtRqY2oXSwbJhsyg2BsGNUX3lOli8RVgpxp7n+L+CzOhShLLKe\/y\/ki\/QcBzxle3\/AMUf6szdXFW\/pr838GKhQ779P5JHtrx9MZWQ0lZadOmKal7Z2sScxt47fnYY7PwssPB59W7k4uvGrJZdES\/5LQP5xp9y1f8AoImva\/8A831Rns9f8xz\/ABr\/AMTX\/wDeq\/8A6NL2H\/ow8l7Fat\/Ul5mPDeHVa75KKFjubaBR9ZmOir3kxWrwpK83\/ngRTpSqO0UWefDYX3cmLr\/WNzhqZ7gda57zZe4yqlWxGt4R\/wDT\/b3N\/wDx0tOk\/sv3L\/D46rW4LjqlV2dunpC5Owz4awAGijuAAlGdKNLH04xVlb9y1GpKeFm5P\/Nxwc7xyhAEAnT4+dgQBAN+ExJpkkbEZWG11uCR8JlF8O32JTsfRcB7SYdlFq6oLDquchHdY6ek7MMRSaVnYvRqwsUntTx+iQooMWqqW\/aDZVZGRgCdyb8uyU8VWhJrJquJprVE7ZdTl8DjWo58mUM6lM2uZFPvZDfqkjS+9ibWvKcZOOhoTa0MsFxF6SugCsrFSVYEgMhurrYizDUd4JBvJjNx3IKVtxPqe0RLmqMNhBULF8+RyQ5ObOA1Qre+u0z57ffKr+Rk6l3eyI+G4y4UpVRK6FjUtVzXDtqzK6kMpY762PZIVRrc1deJCnZWe82VPaCrlKotKmuQoopqR0auf2hQknruAAWNzba0nnpWst3lwJ5x8CFh8cyU6lKyslSxIYE5WX3aiWIytuO8Eg3mtSaTjwZjmsrEjCcWKoKVSlSrU1JKioGuhbVsjowYAnUjaZKpZWauiVLdZmTccq9IrhaahEqU0pqpFNFqIyPZb3ucxNySSbXvtJ52Wa4zvU1cF4tVwtTpKRF7FSGF1YHkRcbGxHeJFOpKm7xIjJxd0bhxq6U1fDYap0aLSVnFXNkW9gctQDmeUnnb2vFOxOfwK\/E1Q7FgiJe3VS+UWAGmYk9+\/Oa27vduMW7s1zEgQCPieXnPaclepU817FLF6o0z1hUN2DrZHRyivlYNlcXVrG+VhzBmurDPFxva\/FGUJZXc7fH+3dLEBRUGMooAAaWGqU1RrdrZQ\/da9tJxobLqU3eOV+LT\/wBHSljYTW+68FYs+Fcfwp4VUw6Vkp1AK+Wm56wDVndBdvfspF7EyrXwtZYlSlG63aeS9DdSr03QcU7PfqQOJ8awSG9bE4niNUbAMaOHBHYq2FvDNN9PCV5q0YKEfHe\/89DXOvSjvcnJ+iOa9qPaitjivSKiql8iqNRe17sdTt3eE6eDwUMPe29spYjEyrakDgvEPo9enXy5ujYNlvlvblext6TdiaPPUnTva5qo1Obmpdg43xD6TXqV8uTpGzZb5rbaXsL+kYajzNJU9bE1qnOTcu0hTcaiw4dicMqkVsM9VrkhlrmkALDq5cjX1ub3590r1qdaUr052Xlf9TdTnTS6Ub\/Ut+Fe02Hwrmrh8EVq5SqtUxDVFXNucmRb+sq1cFWrJRqVLryt+pvhiadN3hHf5nNVahZizG7Ekk9pJuT6zoxiopJcCm227st8D7TVqVD6OEoNSJzFalJHzG97tf3iOV9rDslSpgKdSpzjbv4MsQxUowyWVh\/SNv8Ay2B\/w1L8o+Bj35\/mY+J\/DH0LDD+2rLhqmH+i4b9oytcU0WmLFPeohbOeruTpp2SvPZadVTzuy8d\/qbVjLQccq\/Q5mvUzMzWUXJNlAVRc3sqjQDsE6cI5YpdhSk7u5hMiBAJ0+PnYEAQBJQEkCAJFwJIEAQBAEAQBAEAQBIYEgCAR8Ty857Tkr1KnmvYpYvVGmesKggCAIAgCAIAgCAIAgCAIAgCAIAgCATp8fOwIAgHhNt5Ku9yGpUcU48lIdVSx9F9dz5Dzl2lg5PfLcWIYdvUhJi8bWF6dFgO2xUeRJX5mXY4anHh6lhUYIwq08ZSGept2hka3cSCSJt5uPYjPLHsNmH9pbaVF89fwB+UqTwcG9zsaZYdPQkL7SIeQ9X\/yTD4H8Rj8L4ljw2vVxBy0KJqHsTpGPwpx8D+Ij4bxHEMRVoNlrUTTbsfpFPoacfA\/iHw3iQm46o3A+83+SPgfxE\/DeJGq+0ebRF17dbfGx+HnNlPBwTu3cyjh0t7MBRxlQB6Y0PMlFv4EkE+Ms83HsRuyx7DVVxuNo6vTNu8Fl+8Cbes1zw1OXD0MHRgy44PxTp0Z8hUILudwo7TzA7yLDtlKrg5R3x3ladCS03lgDKTutzNB7IAgEfE8vOe05K9Sp5r2KWL1RpnrCoIAgCAeQD2AIAgCAIAgCAIAgCAIAgCATp8fOwIAgFPxzFEr0SLmJIzX0UAEErfnfbTvnQwmHd+cf0LVClvzMiYdGXrsQX7bDTw7J0i2RcdiXb3nY+JNvSAQEqlb5Ta+hHIjsIgEesv7w2+UgGNPeAfduBcFpvgMFh8Kg+k1QcQ+IBKmggezMWXXUjIF5lWO4vJIMfaDg1NOHYujiaYGKoFawrEljXSpUyq4dteZUryNjzgHxqqNIJMMCgQGq4uuoVfrkbj+yOZ8oBHx2Leq2ZzfsHIDsUchIAoYuqvuu4HiSPQ6QC14Bi6qVM9J1ViCrBlBRwQQVYdm+0kF1wg1KarRqrYi4RhqrLuBfkQNLG205uLw7vnRUr0nfMiznPKogEfE8vOe05K9Sp5r2KWL1RpnrCoAJrqVI04uUtEZQg5yUVxNTlWOUsVHaps3rPLYjaFaq9zsuw79HB06a3q7NNXh670q1a\/8Tlh6GVlXqrST9Wb3Rpv+1EjCpUtZxtbrXUXv3aTq4fa7jG1RXfac+ts7NK8HYzYNcKELEi4sVI031vN721T7r+xqWzJ8ZIFKv2Teq\/nMfnUe4T8sl3jA9J9m3qsfOo9wn5Y+8eZ3+zPqJHzpdz7j5Y+8Mz\/Zn1WPnS7n3Hyx94Zn+zP3lkfOl3PuT8sfeFKpmvpaxtY9vdaZ\/Oodx+pj8sl3keVi+mXLbxv8LfjKeK2pOqrQ6JYoYCMN87Mg18Kt7l6l+52A8gDpObzk3\/c\/Uu83HsRhhsaVazMWXv3HffnL+E2jUpStN3j7FTEYKE43irMtp6lNNXRwmrOzEkgQCdPj52BAMKz5VJ\/V+XxmylDPNRMoRzSsV\/VRSx5fEzvJbrHS4WIOH40qEk0BVc+4rHqj+Igfrwgk14vi9ap\/WYbCsOxEKMPBla49TAKesUPWS9tire8h7CdMw7DYd4EgGtXse7mO0QDIUF3FRQOxswI9FIMA7f2H\/lDq8NDIBTqoQBY5gQAWICtbQXZjax3MkHvtr\/KFU4jlBFOkiggKuYkglSczW11VTaw2gHIs6DUuD3Lmue65AA8YBCxNcubnssANgBsB3SARzBJ1XBOK0RQrF0pmpQsMPmy3tXHRPdT\/AFmQDON7NcyrWjN1o5X0Xr9N68r6EprKysoVV6UlPdvpLaMTsQnS0CBuLMPEaw1dWI8DGhUzKG7R8eY9ZwakMknE5s45ZNGyazEj4nl5z2nJXqVPNexSxeqNM9YVCJxfiK0KYO7t7q93Nj2Cec2vis0uajotTs7PoWjzj46HLUalWu56+UAZjqQALgfugncgc5xTpmeMNSiwKVDY9jMRcciGAv6QCx4Zx1nOWo1iAbEc\/TY7yUwMRiny1CHbTUEEjeotz53hsFf9Oq\/aP94zEA46r9o\/3jJBj9MqfaP94wB9NqfaP94wB9MqfaP94wCfw\/ENfVm+J3tJQNWO44y3SkeZuxGu52B+chsFhwHhgrUzVqrVqAnJcB3KsxIzZRuqgFjzuVHOZJGEpWKXilN8PWanqMp1U62N7EeGm\/ZaYvcZJ3Og4HjhUS3NeU9DsfFZlzMuGhyNoULPnF9SyncOWIBOnx87AgEbFG5C\/wB4\/Ifj6To4GnrNlrDR\/uK3jelPzF50S2VODpXFVhvmVPBdfnaAScK\/R3BF+zugFbiqYNUgaZqZbwIQuD8BIBHgGS0roxBGYHY3ue4W5\/OAaoJEA2YmllOhBBHK+l9gT27+kA0gX52gF\/Vw1NqYZkVCwUMAABS6pbYa3f3tdQARLVSEYwUktft\/spUaknVcW9yvbx\/1p4nOSqXSx4TSRjlZbgDMfe166LsmuxPmfTCbdtxawtOE5POuH6rsO44VTWlUFNXLKUDEE3KE1KqFL89EVv73ZaZxd0aKscs3FcDHo+jqPT786+Db+h+c52Op2akc\/EQt0jZOeViPieXnPaclepU817FLF6o1KLm09TUnki5PgVoRzSSOTx9JsTiamtlUlb72VDlFhzuSPWeHnNzk5PieohFRikhSwpoEtfMpGUkAgr1la5HZ1ZiZGVTDNiNV0RDYub2LHkBz2jUEDH4E0WFmvpmBta1j2ekWBYFs1Jz2qh\/+ynAK+QDyAJIPQIAEAl03y02YbgaeJsB84BJPsz1ResgqFDUyWfYKXIuFteynnJyk2KVMQ6aX25EA2Mi7RFiVwzAnEOxZ8oUXZjyGw29PSCUrlnhMH9HrIyvmp1My32IIF7Edo0PnLGEq81WjLxNOJpqdJo6Ge1PMCATp8fOwIBGwgzMzcjt4DQfn5zu0IZIJHSpxyxSInEgrKyHnp4HkZtMzmaGJei5uATbKynZwNiDANtXiVM7JUv2MVy+dtSIBEWtcsxN2YEeAOjH0uB4yAeEQDGCTyAeGAZ0aTuQiKztyVQWPjlEAk1eDYlRmNCoPAXI8QLkSSCB0h11PW313jMyFFHQ8P4HTq4d3C1M6fvG5UlCvS2tooAYWvcnK2otNUp5ZKJi5pSsUmJoGlUZCdVJW4PZ3ibDYm1oW3AsYVYeMlEHX8X2p1xyOVvBtNfA6+U04inng0a6sc0WjCcM5xHxPLzntOSvUqea9ili9Ua07eydvadTJh2u3cTgYZqy8DjKuMejWqC1wS2h7GYMLHyE8nc9AScFiTiGyHqJbM+XViLgZRfbcRqCRxLEDDdWlc0n1CvurC17G+xvsZOgKbHcQaqRoBplAHfvrIuC1o4Wp0bKKbEFAt7HSzI4I+5bwJkgr3wzjQgA99x+EgGJot\/D6n8oA6Fv4fU\/lAApN\/D6n8oBso4SoxsoB8Ln8IBJrYV1RlZSLj4jUfKAP6SNYXpUy4Q0893vZlZTpmy3sx5ScxNytoYKpUBfQC9ix0GY3NvHQ+hkJNkG7CYmphnZWT+F0bnbkeY\/XMSCU7El+KNWdAFVES5Crc6nQkk3JP5QG7nU0XzKD2gH8\/jPa4OpzlCMvA8ziIZKkomcsmgnT4+dg1YprKe06Dz0\/38pvw8M1RI2Uo5pJG3CplSds6JRcQbUySCsrKGFmAPz9YJK+pQUHS\/rIBqdsuggFrw3DIwVTTDuyGpdjU5My5RkcD92+0IHj8MJzhdSrOLdoViNO\/SAVkgGVKmWNh2EnuA1JgE6ljHKGnTPRUxbORqWPLMf3m7uXK3OQergnYZkqVCR9Y3HpAIVQPULXF3UEntIUa3O501vrt4SAe4XilWmVKt7gYKNxZ75rjnfMd77yHFPUjIiMXJJJNyTck8yeckyJeEaxkkHfcKYV6DUzzBkg0YVyUBO+x8RofiJwq8MlRo51SOWTRjieXnPXclepU817HOxeqME+cvbaqdWH1LmzIdaRz\/tFwu5zDf5904DOqUWDxT0GJAAJGU3F9Lg\/hCB7xLHNVIzEEDawsNd4bBM4RgQAKzi4vZF+sb2H684BavxSqdA2g06oUL5ZgSfGSCLiMRn0fyPOQCpaoQSIBlnP6\/7wDdg6Zdgo8\/AbwC8fH9EuSmLAaXFiSee+niT+EAg1sVUa9zfuNj8QLiSCmxlIe+ux3HYZiC29n+NLQGoudAA18hGfOWIG7A2ynkddwJnGVgVvFcQKtQsgbLsC2rHUm7HmdZi97Awi2gHVcJe9PwJH4\/jPS7GqZqLj2P3OHtGFqifaTZ2Dnk6fHzsEXFG7Kv8Ae\/AfjOjgYayLWGjqyZiTlS06RbOaxj6wQV7NIJIlU6wDBRYFur7xGoVtgDsR3wDpfYWtSGJPS2GakypoAM2ZTYDbUBvj2wQYcXFEOVTo7FusRlJ1Nyc+4O+t4JOa8ZAJvDV6tY9lInyzLf4QDdw2kGpMOa1CW8CLA+FwZKBvVyoyqd9hzJgHvA1D4641UBsx5EAa\/AGAc4sgkyWASaJkkHYeyVezWkgn1aeStUTkSHH94WPyHrObj4b1IqYmO9M04nl5z0fJXqVPNexyMXqjUh6wEnak82Ia7LI6uAjlorx3mjjVQWtOaXDlMUdYBEZYB01VQMNQcbBrN3XDpf7x+MArsraAAnwF4BqxTWKrzuSe7u\/XbAIDG7mAXPTYQYTKOkOJ6QtmamMvRlVHRXzkZQwLB7Zr6WAJtAPPZwjpgDzBA8bMfwkgYlSHZeYZhbuLFgfMEQDAdW7NoNd+fcBJBW1T1PE6esgHiU9LyAeKskG5YBecAqe8O4H00\/GdnYs7VJR7V7HN2lG8FLxLiekOKTp8fOwaMKuaqT2ED0H5kztYWNqSOhRVoIcWrbiWTYc1iakAhsZBJpqQCO631gG8VRZNbZVtzvcVHYW9RIJNy4kLcgC5JI07STeSQQ2aQDdg8Tka\/Igqw7VYWMA1067U2zIxBGgYcx3jnBJtq8UqMD7i33KKFJ8TBBuwnEFpUXVP6yoCpb6qHfXtPwgFZBJ6sA30pJB0Ps9Vs4kkHS8X\/rKT\/WDIfTMPiJVxcM1JmqurxImJ5ef4Ttclf6dTzXscPF6ohrU659PTSV8VLPVlLxO5QjlpxXgQeL1ZXNpztdtYBpLQCx4bj3VHUqz0j72lwpOl+yx0kqLauluIbSdiJUa3usbSCTHD02ZsqAsx\/XkJlCEpu0VdkSkoq70JK8GxA\/4f\/Mn+aWfgMT3GaPi6PeR7\/NOI+z\/5k\/OT8vxPcZHxdHvGdLhmIUghCCCCCGTQg3B3j5fie4\/sPi6HeMuJ4kubupSoNDy\/Q8ZUlFxdpbmWE1JXRWse0kyCTKvScEZlKgi4uCL98ylCUbXVrkKSejJVKn1TMSSK28A9BgFpwKpaoB2gj4X\/AAl7ZssuJj47irjY5qMjpJ6886Tp8gOwRMBWtmbxPqbzvwVopHTirJIquI4u5MzJKh3kA0tUgkwZ4BqCknQEnuBPykN21F7GXQVPs3+635THNHtIzI8+j1Ps3+635Rmj2jMh9GqfZv8Adb8ozR7RmR59GqfZ1Put+UZo9ozLtH0ep9m\/3W\/KM0e0Zl2nn0Wp9nU+635Rmj2jMu01upGhBB7CLfOZJ30Jvc8gkCAbqZggueD1LOJkQdjxUXoK31XQ\/HWYVFeLREldNEPEbj9dk6PJh2pVX2NexwMQryiimp1dSe+Um7u531oQOKVJBJTVDANLmAdvw7DdHSVOdtf7R1P5eU9dgKCp4dRfHezzuLqudZtcDypw6ixuaa37tPlJls7DSd3ERxlZK2Y3UaKoLKoUdwAlilh6dJWhFI01K06nWdzZNxrF4AgGutQV\/fVW8QDNFXDUqvXimbYVqkOq7Gulgqam600B7bC8108Dh4O8Yozniq0lZyZp4zh89Ju1esPLf4XlbatBToZlqt5vwFXLVy9pQUH0tPLHdItUawDAGATOFPaqn9ofE2m7Dyy1YvxRrrK9OS8Drp7c8uThPkC1OwjkTjiot3AGehOoQauIvBJoerANJeAXnBOBmpZ6twm4XYt3nsHxMp4jFKG6Opoq18u5HVUqaqMqgKByGgnMlOUndspOTepnMSBAEAQBAEAwrUlcZWUMOwi4mUZyi9zJUmtDk+N8CNO9SncpzG5Xv71+U6dDFKpulqXaVbNuepRXlssGaGCCy4dUswkg7XFVr4Uj+z85EtGQ9DXiNx+ucvcnN1Ct\/nBnCrf1I+f6nPsMrEekqHdKziFTWQCuYwDfwjD9JWReV7nwXU+trec34WlztWMO1mqvU5um5Haz2p5i9xJAgCAIAgCAIAmM4qcXF8TKMnFpo5GrTyVGTsJHlyPpaeHqQdObg+DPUQkpxUlxNGIEwMjRAJfDx11P8Q+cyp9dea9zGfVfk\/Y7Ez3SPKk6fIDsHB8YpGnWdeVyw\/stqPnbyndozzwUjpU5ZopkG82GZiYJOk9n+B3tVqjTdVP\/AFMPkJRxOKt0YlWtW4ROonMKYgCAIAgCAIAgCAIByvtBwPLerSHV3ZR+7\/EO7u5eG3Uw2JzdGWpco1r9FnPCXS0SMLVsZKIOpwmM6XJTH1gx8F1\/285qrzyU2zXVlaLLPEnUef4Tq8l1elVT8PY4WJdpJlJjDlJB\/QlfEUXRqOD4ex26NVVIKSKfE0gTzmmxtIb0Lc\/hFgXnszgsoNU7t1V8L6n1Hwne2Phf+6X0OTtGv\/1r6l5O8ckQBAEAQBAEAQBAKjjeEBIqf3Tb4E\/LyE87tbCtS55aPU7Oz66a5tlS9AHmZxbHTNZpKP8AeLAmcGoF6gP7q6k942HrL2z8O6tZPgt7KmMrKnTa4s6WeuPPE6fHzsFZxvhIrqCCA67E7EfVPd8paw2I5t2ehupVcj8Dj8XgalM2dCO+1wfAjQzqwnGavFl2M4y0Ze8C4BtUrDvVD82H4espYnFWWWBXq1uETppzioJAEAQBAEAQBAEAQBAEkHL8d4ARepRGm5Qcu9R+Hp2TpYfFJrLPUuUq190ilwmBq1TZEY9+wHix0ludSMFeTN8pxjvbOx4NwwUF1N3O55eA7vnOViK7qvdoUqtXOyTieXnPVclepU817HMxeqIeJw6uLHyI3E9HicJTrxtLXtNdHETpPolRX4NU\/dZSO+4\/AziVNj1U+i0zqQ2lTa6SsZYbgOt6jX\/hXbzM30NjWd6r+iNVbaXCmvqXQAGgFhO5GKirI5Tbbuz2ZECAIAgCAIAgCAIB4ygixFweUxlFSVnoZRk4u6KrEcGBN0a3cdR6zi19jpu9OVvBnSpbSaVpq5pp8CJPWqafwjX1M1w2LK\/Tn6I2S2mrdGJcUKKooVRYCdqjRhRgoQW45dWrKpLNI2TcaydPj52BAEkCQBAEAQBAEAQBAEAQBAEAQBAEkCQCPieXnPaclepU817FLF6o0z1hUEASAJIEAQBAEAQBAEAQBAEAQBAEAQCdPj52BAEAQBAEAQBAEAQBAEAQBAEAQBAEAQCPieXnPaclepU817FLF6o0z1hUEAQBAEAQBAEAQBAEAQBAEAQBAEAQCdPj52BAEAQBAEAQBAEAQBAEAQBAEAQBAEAQCPieXnPaclepU817FLF6o0z1hUEAQBAEAQBAEAQBAEAQBAEAQBAEAQCdPj52BAEAQBAEAQBAEAQBAEAQBAEAQBAEAQCPieXnPaclepU817FLF6o0z1hUEAQBAEAQBAEAQBAEAQBAEAQBAEAQD\/\/Z\" alt=\"\" width=\"384\" height=\"215\"\/><\/figure><\/div>\n\n\n\n<p>La console est annonc\u00e9e le 7 juin 2011, durant l&rsquo;E3 2011. La Wii U est la premi\u00e8re console de salon \u00e0 proposer une manette avec un \u00e9cran tactile int\u00e9gr\u00e9, le Wii U GamePad. Les deux principales nouveaut\u00e9s de la console sont apport\u00e9es par celui-ci. <\/p>\n\n\n\n<p>D&rsquo;une part, le Wii U GamePad permet de continuer une partie, gr\u00e2ce \u00e0 son \u00e9cran int\u00e9gr\u00e9, m\u00eame lorsque la t\u00e9l\u00e9vision n&rsquo;est pas disponible, mais cette fonctionnalit\u00e9 n&rsquo;est pas pr\u00e9sente avec tous les jeux. D&rsquo;autre part en compl\u00e9ment de manettes Wii, le contr\u00f4leur offre en multijoueur une exp\u00e9rience de jeu dite d&rsquo;\u00ab informations asym\u00e9triques \u00bb, c&rsquo;est-\u00e0-dire que les joueurs ne disposent pas n\u00e9cessairement des m\u00eames informations sur le GamePad par rapport \u00e0 une manette et un \u00e9cran de t\u00e9l\u00e9vision traditionnels. <\/p>\n\n\n\n<p>Enfin, il s&rsquo;agit de la premi\u00e8re console de Nintendo \u00e0 pouvoir g\u00e9n\u00e9rer des graphismes en haute d\u00e9finition.<\/p>\n\n\n\n<p>Consid\u00e9r\u00e9e comme une d\u00e9ception commerciale, la production de la console s&rsquo;arr\u00eate en 2017, soit seulement 4 ans apr\u00e8s sa sortie, pour laisser place \u00e0 la Nintendo Switch.<\/p>\n\n\n\n<p class=\"has-text-align-right\"><strong><strong>Source :<\/strong> <a href=\"https:\/\/fr.wikipedia.org\/\">Wikipedia<\/a><br><strong>M\u00e0J 24\/06\/2020<\/strong><\/strong><\/p>\n","protected":false},"excerpt":{"rendered":"<p>Son Histoire Son Histoire La Wii U est une console de salon de Nintendo qui propose une foule de jeux \u00e0 exp\u00e9rimenter aussi bien en solo qu&rsquo;entre amis ou en famille. Elle est accompagn\u00e9e d&rsquo;une manette qui red\u00e9finit la dynamique &hellip; <a href=\"https:\/\/leconservatoiredujeu.fr\/index.php\/wii-u\/\">Continuer la lecture <span class=\"meta-nav\">&rarr;<\/span><\/a><\/p>\n","protected":false},"author":1,"featured_media":0,"parent":0,"menu_order":0,"comment_status":"closed","ping_status":"closed","template":"","meta":{"footnotes":""},"_links":{"self":[{"href":"https:\/\/leconservatoiredujeu.fr\/index.php\/wp-json\/wp\/v2\/pages\/9051"}],"collection":[{"href":"https:\/\/leconservatoiredujeu.fr\/index.php\/wp-json\/wp\/v2\/pages"}],"about":[{"href":"https:\/\/leconservatoiredujeu.fr\/index.php\/wp-json\/wp\/v2\/types\/page"}],"author":[{"embeddable":true,"href":"https:\/\/leconservatoiredujeu.fr\/index.php\/wp-json\/wp\/v2\/users\/1"}],"replies":[{"embeddable":true,"href":"https:\/\/leconservatoiredujeu.fr\/index.php\/wp-json\/wp\/v2\/comments?post=9051"}],"version-history":[{"count":17,"href":"https:\/\/leconservatoiredujeu.fr\/index.php\/wp-json\/wp\/v2\/pages\/9051\/revisions"}],"predecessor-version":[{"id":9229,"href":"https:\/\/leconservatoiredujeu.fr\/index.php\/wp-json\/wp\/v2\/pages\/9051\/revisions\/9229"}],"wp:attachment":[{"href":"https:\/\/leconservatoiredujeu.fr\/index.php\/wp-json\/wp\/v2\/media?parent=9051"}],"curies":[{"name":"wp","href":"https:\/\/api.w.org\/{rel}","templated":true}]}}