{"id":878,"date":"2017-05-11T16:19:02","date_gmt":"2017-05-11T14:19:02","guid":{"rendered":"http:\/\/leconservatoiredujeu.fr\/?page_id=878"},"modified":"2022-04-07T15:26:40","modified_gmt":"2022-04-07T13:26:40","slug":"la-grenouille","status":"publish","type":"page","link":"https:\/\/leconservatoiredujeu.fr\/index.php\/la-grenouille\/","title":{"rendered":"La Grenouille"},"content":{"rendered":"\n<p><strong><u>Le Jeu de la Grenouille<\/u><\/strong><br><strong><u>Historique<\/u><\/strong><\/p>\n\n\n\n<p>Le jeu de la Grenouille ou du Tonneau fut de tout temps un des plaisirs du repos des guerriers. Pratiqu\u00e9 en Gr\u00e8ce antique sous le nom de \u00ab casse pot \u00bb, il se jouait avec des amphores et des cailloux plats. Les Romains, apr\u00e8s avoir envahi la Gr\u00e8ce, l\u2019&rsquo;accapar\u00e8rent. Il devint dit-on un des divertissements favoris de l\u2019&#8217;empereur Verus. Les vikings, apr\u00e8s leurs exp\u00e9ditions en M\u00e9diterran\u00e9e, ramen\u00e8rent le principe du jeu en Neustrie, notre Normandie actuelle. Mais en cette province, le bon cidre \u00e9tait d\u00e9j\u00e0 stock\u00e9 dans des tonneaux et non plus dans des amphores comme les vins m\u00e9diterran\u00e9ens et le jeu devint \u00ab Le jeu du Tonneau \u00bb. Remis \u00e0 la mode sous Louis XIV sous le nom de \u00ab Jeu de Grecque \u00bb, il accompagne les troupes fran\u00e7aises. L\u2019\u00e9crivain Scarron, qui le d\u00e9crit dans ses correspondances, s\u2019en amusait beaucoup. Des gravures datant de la R\u00e9volution, de l\u2019\u00e9poque Napol\u00e9onienne, de la Commune ainsi que des photos du d\u00e9barquement au jour J de Normandie nous le montre tr\u00f4nant au milieu des troupes. \u00c0 la fin du XIX \u00e8me si\u00e8cle, ce jeu deviendra tr\u00e8s populaire et la tirelire sera remplac\u00e9e par une grenouille la gueule ouverte.<\/p>\n\n\n\n<div class=\"wp-block-image\"><figure class=\"aligncenter\"><img loading=\"lazy\" decoding=\"async\" width=\"205\" height=\"300\" src=\"http:\/\/leconservatoiredujeu.fr\/wp-content\/uploads\/2017\/05\/grenouille-01-205x300.jpg\" alt=\"\" class=\"wp-image-879\" srcset=\"https:\/\/leconservatoiredujeu.fr\/wp-content\/uploads\/2017\/05\/grenouille-01-205x300.jpg 205w, https:\/\/leconservatoiredujeu.fr\/wp-content\/uploads\/2017\/05\/grenouille-01.jpg 308w\" sizes=\"(max-width: 205px) 100vw, 205px\" \/><\/figure><\/div>\n\n\n\n<p>Ce jeu sera tr\u00e8s pr\u00e9sent dans les guinguettes et estaminets du Nord, avec parfois m\u00eame une t\u00eate grotesque reproduisant les traits d\u2019un homme politique peu aim\u00e9 \u00e0 la place de la grenouille. Il sera m\u00eame immortalis\u00e9 en chanson \u00ab\u00a0La grenouille du jeu de tonneau \u00a0\u00bb par L\u00e9on-Paul Fargue sur une musique d&rsquo;Alfred Erik Leslie Satie tir\u00e9e des Trois M\u00e9lodies de 1916.<\/p>\n\n\n\n<div class=\"wp-block-image\"><figure class=\"aligncenter\"><img loading=\"lazy\" decoding=\"async\" width=\"300\" height=\"221\" src=\"http:\/\/leconservatoiredujeu.fr\/wp-content\/uploads\/2017\/05\/grenouille-02-300x221.jpg\" alt=\"\" class=\"wp-image-880\" srcset=\"https:\/\/leconservatoiredujeu.fr\/wp-content\/uploads\/2017\/05\/grenouille-02-300x221.jpg 300w, https:\/\/leconservatoiredujeu.fr\/wp-content\/uploads\/2017\/05\/grenouille-02.jpg 642w\" sizes=\"(max-width: 300px) 100vw, 300px\" \/><\/figure><\/div>\n\n\n\n<div class=\"wp-block-image\"><figure class=\"aligncenter\"><img loading=\"lazy\" decoding=\"async\" width=\"300\" height=\"197\" src=\"http:\/\/leconservatoiredujeu.fr\/wp-content\/uploads\/2017\/05\/grenouille-03-300x197.jpg\" alt=\"\" class=\"wp-image-881\" srcset=\"https:\/\/leconservatoiredujeu.fr\/wp-content\/uploads\/2017\/05\/grenouille-03-300x197.jpg 300w, https:\/\/leconservatoiredujeu.fr\/wp-content\/uploads\/2017\/05\/grenouille-03.jpg 602w\" sizes=\"(max-width: 300px) 100vw, 300px\" \/><\/figure><\/div>\n\n\n\n<div class=\"wp-block-image\"><figure class=\"aligncenter\"><img loading=\"lazy\" decoding=\"async\" width=\"300\" height=\"206\" src=\"http:\/\/leconservatoiredujeu.fr\/wp-content\/uploads\/2017\/05\/grenouille-04-300x206.jpg\" alt=\"\" class=\"wp-image-882\" srcset=\"https:\/\/leconservatoiredujeu.fr\/wp-content\/uploads\/2017\/05\/grenouille-04-300x206.jpg 300w, https:\/\/leconservatoiredujeu.fr\/wp-content\/uploads\/2017\/05\/grenouille-04.jpg 648w\" sizes=\"(max-width: 300px) 100vw, 300px\" \/><\/figure><\/div>\n\n\n\n<div class=\"wp-block-image\"><figure class=\"aligncenter\"><img loading=\"lazy\" decoding=\"async\" width=\"300\" height=\"193\" src=\"http:\/\/leconservatoiredujeu.fr\/wp-content\/uploads\/2017\/05\/grenouille-05-300x193.jpg\" alt=\"\" class=\"wp-image-883\" srcset=\"https:\/\/leconservatoiredujeu.fr\/wp-content\/uploads\/2017\/05\/grenouille-05-300x193.jpg 300w, https:\/\/leconservatoiredujeu.fr\/wp-content\/uploads\/2017\/05\/grenouille-05.jpg 656w\" sizes=\"(max-width: 300px) 100vw, 300px\" \/><\/figure><\/div>\n\n\n\n<p><strong><u>R\u00e8gles du jeu<\/u><\/strong><\/p>\n\n\n\n<p>Le jeu du tonneau se joue avec 8 palets, et se pratique en plein air ou \u00e0 l\u2019ext\u00e9rieur.<\/p>\n\n\n\n<p>La partie peut se jouer :<\/p>\n\n\n\n<p>&#8211; Individuellement : chaque joueur peut utiliser ses 8 palets.<\/p>\n\n\n\n<p>&#8211; Par \u00e9quipe: les palets sont partag\u00e9s entre les joueurs. On tire au sort le joueur ou l\u2019\u00e9quipe qui jouera le premier ; Chaque joueur se place \u00e0 environ 3 m\u00e8tres du jeu.<\/p>\n\n\n\n<p>Le vainqueur est celui qui aura accumul\u00e9 le plus de points ou sur un nombre de points d\u00e9termin\u00e9s \u00e0 l\u2019avance : le premier joueur qui atteint ce nombre est le vainqueur.<\/p>\n\n\n\n<p>Bonus : L\u2019\u00e9quipe ou le joueur qui va r\u00e9ussir la \u00ab grenouille \u00bb 4 fois sur 8 palets dans une m\u00eame partie, marquera 1000 points suppl\u00e9mentaires.<\/p>\n\n\n\n<p><strong><span style=\"text-decoration: underline;\">Source <\/span>:<\/strong> Wikip\u00e9dia<\/p>\n\n\n\n<p class=\"has-text-align-right\">Le Conservatoire du Jeu &#8211; Avril 2022<\/p>\n","protected":false},"excerpt":{"rendered":"<p>Le Jeu de la GrenouilleHistorique Le jeu de la Grenouille ou du Tonneau fut de tout temps un des plaisirs du repos des guerriers. Pratiqu\u00e9 en Gr\u00e8ce antique sous le nom de \u00ab casse pot \u00bb, il se jouait avec &hellip; <a href=\"https:\/\/leconservatoiredujeu.fr\/index.php\/la-grenouille\/\">Continuer la lecture <span class=\"meta-nav\">&rarr;<\/span><\/a><\/p>\n","protected":false},"author":1,"featured_media":0,"parent":0,"menu_order":0,"comment_status":"closed","ping_status":"closed","template":"","meta":{"footnotes":""},"_links":{"self":[{"href":"https:\/\/leconservatoiredujeu.fr\/index.php\/wp-json\/wp\/v2\/pages\/878"}],"collection":[{"href":"https:\/\/leconservatoiredujeu.fr\/index.php\/wp-json\/wp\/v2\/pages"}],"about":[{"href":"https:\/\/leconservatoiredujeu.fr\/index.php\/wp-json\/wp\/v2\/types\/page"}],"author":[{"embeddable":true,"href":"https:\/\/leconservatoiredujeu.fr\/index.php\/wp-json\/wp\/v2\/users\/1"}],"replies":[{"embeddable":true,"href":"https:\/\/leconservatoiredujeu.fr\/index.php\/wp-json\/wp\/v2\/comments?post=878"}],"version-history":[{"count":2,"href":"https:\/\/leconservatoiredujeu.fr\/index.php\/wp-json\/wp\/v2\/pages\/878\/revisions"}],"predecessor-version":[{"id":12860,"href":"https:\/\/leconservatoiredujeu.fr\/index.php\/wp-json\/wp\/v2\/pages\/878\/revisions\/12860"}],"wp:attachment":[{"href":"https:\/\/leconservatoiredujeu.fr\/index.php\/wp-json\/wp\/v2\/media?parent=878"}],"curies":[{"name":"wp","href":"https:\/\/api.w.org\/{rel}","templated":true}]}}