{"id":871,"date":"2017-05-11T16:11:09","date_gmt":"2017-05-11T14:11:09","guid":{"rendered":"http:\/\/leconservatoiredujeu.fr\/?page_id=871"},"modified":"2022-04-07T15:05:17","modified_gmt":"2022-04-07T13:05:17","slug":"echecs","status":"publish","type":"page","link":"https:\/\/leconservatoiredujeu.fr\/index.php\/echecs\/","title":{"rendered":"Echecs"},"content":{"rendered":"\n<div class=\"wp-block-image\"><figure class=\"aligncenter is-resized\"><img loading=\"lazy\" decoding=\"async\" src=\"http:\/\/leconservatoiredujeu.fr\/wp-content\/uploads\/2017\/05\/echecs-01-300x102.jpg\" alt=\"\" class=\"wp-image-872\" width=\"334\" height=\"114\" srcset=\"https:\/\/leconservatoiredujeu.fr\/wp-content\/uploads\/2017\/05\/echecs-01-300x102.jpg 300w, https:\/\/leconservatoiredujeu.fr\/wp-content\/uploads\/2017\/05\/echecs-01.jpg 388w\" sizes=\"(max-width: 334px) 100vw, 334px\" \/><\/figure><\/div>\n\n\n\n<p><strong><u>Historique<\/u><\/strong><\/p>\n\n\n\n<p>Il existe des jeux d&rsquo;\u00e9checs diff\u00e9rents, persans (chatrang), indiens (chaturanga), arabes (shatranj), mongols (shatar), europ\u00e9ens, birmans (sit-tu-yin), tha\u00efs ou cambodgiens (makruk), malais (catur), chinois ou vietnamiens (xiangqi), cor\u00e9ens (janggi), japonais (shogi), etc. Tous ces jeux partagent un ensemble de traits qui renvoient \u00e0 une v\u00e9ritable pr\u00e9histoire puisqu\u2019il n\u2019existe aucun t\u00e9moignage direct et sans \u00e9quivoque du suppos\u00e9 anc\u00eatre commun. Or, si l\u2019histoire du d\u00e9veloppement des \u00e9checs se trouve largement d\u00e9crite et bien connue, les origines restent envelopp\u00e9es d\u2019un voile opaque qui les renvoie le plus souvent \u00e0 une naissance indienne. Pourtant, un examen objectif des sources disponibles r\u00e9v\u00e8le vite la fragilit\u00e9 de cette th\u00e8se tr\u00e8s r\u00e9pandue. L&rsquo;histoire des \u00e9checs a elle aussi sa propre \u00ab histoire \u00bb, riche et surprenante ! Cette derni\u00e8re est n\u00e9e d\u00e8s les premi\u00e8res diffusions du jeu et a tout de suite m\u00eal\u00e9 l\u2019\u00e9pop\u00e9e et la l\u00e9gende. Puis une r\u00e9action exag\u00e9r\u00e9ment rationnelle est venue cr\u00e9er un nouveau mythe : la primaut\u00e9 d\u2019un anc\u00eatre, chatur\u00e2j\u00ee ou chaturanga, jou\u00e9 aux d\u00e9s par quatre protagonistes avant qu\u2019un sage \u00e9limine le hasard et r\u00e9duise la partie \u00e0 deux comp\u00e8res. Cette belle fable est aussi s\u00e9duisante que tenace. Pourtant, elle est tr\u00e8s certainement fausse.<\/p>\n\n\n\n<div class=\"wp-block-image\"><figure class=\"aligncenter\"><img loading=\"lazy\" decoding=\"async\" width=\"300\" height=\"169\" src=\"http:\/\/leconservatoiredujeu.fr\/wp-content\/uploads\/2017\/05\/echecs-02-300x169.jpg\" alt=\"\" class=\"wp-image-873\" srcset=\"https:\/\/leconservatoiredujeu.fr\/wp-content\/uploads\/2017\/05\/echecs-02-300x169.jpg 300w, https:\/\/leconservatoiredujeu.fr\/wp-content\/uploads\/2017\/05\/echecs-02.jpg 302w\" sizes=\"(max-width: 300px) 100vw, 300px\" \/><\/figure><\/div>\n\n\n\n<div class=\"wp-block-image\"><figure class=\"aligncenter\"><img loading=\"lazy\" decoding=\"async\" width=\"266\" height=\"158\" src=\"http:\/\/leconservatoiredujeu.fr\/wp-content\/uploads\/2017\/05\/echecs-03.jpg\" alt=\"\" class=\"wp-image-874\"\/><\/figure><\/div>\n\n\n\n<p>La l\u00e9gende la plus c\u00e9l\u00e8bre sur l&rsquo;origine du jeu d&rsquo;\u00e9checs raconte l&rsquo;histoire du roi Belkib (Indes, 3000 ans avant notre \u00e8re) qui cherchait \u00e0 tout prix \u00e0 tromper son ennui. Il promit donc une r\u00e9compense exceptionnelle \u00e0 qui lui proposerait une distraction qui le satisferait. Lorsque le sage Sissa, fils du Brahmine Dahir, lui pr\u00e9senta le jeu d&rsquo;\u00e9checs, le souverain, enthousiaste, demanda \u00e0 Sissa ce que celui-ci souhaitait en \u00e9change de ce cadeau extraordinaire. Humblement, Sissa demanda au prince de d\u00e9poser un grain de bl\u00e9 sur la premi\u00e8re case, deux sur la deuxi\u00e8me, quatre sur la troisi\u00e8me, et ainsi de suite pour remplir l&rsquo;\u00e9chiquier en doublant la quantit\u00e9 de grain \u00e0 chaque case. Le prince accorda imm\u00e9diatement cette r\u00e9compense en apparence modeste, mais son conseiller lui expliqua qu&rsquo;il venait de signer la mort du royaume car les r\u00e9coltes de l&rsquo;ann\u00e9e ne suffiraient \u00e0 s&rsquo;acquitter du prix du jeu. En effet, sur la derni\u00e8re case de l&rsquo;\u00e9chiquier, il faudrait d\u00e9poser plus de neuf milliards de milliards de grains, et y ajouter le total des grains d\u00e9pos\u00e9s sur les cases pr\u00e9c\u00e9dentes, ce qui fait un total de 18 446 744 073 709 551 615 grains ou bien plus de 1000 fois la production mondiale de 2012 !<br><\/p>\n\n\n\n<p>L\u2019arriv\u00e9e des \u00e9checs en Europe se fait sans doute par l\u2019Espagne musulmane aux alentours du X\u00e8me si\u00e8cle, ou par l\u2019Italie du sud (Sicile), se diffusant dans toute l&rsquo;Europe \u00e0 partir du XI\u00e8me si\u00e8cle. Une l\u00e9gende a longtemps attribu\u00e9 un jeu d&rsquo;\u00e9checs \u00e0 Charlemagne qui l&rsquo;aurait re\u00e7u de la part du calife Haroun al-Rachid, on pense aujourd&rsquo;hui qu&rsquo;il fut fabriqu\u00e9 post\u00e9rieurement pr\u00e8s Salerne \u00e0 la fin du XI\u00e8me si\u00e8cle. L\u2019\u00c9glise le condamne au Concile de Paris de 1212. Saint Louis interdit dans sa Grande ordonnance de 1254 ce jeu de mauvaise r\u00e9putation coupable de troubler la moralit\u00e9 publique. Cette interdiction est peu appliqu\u00e9e, la popularit\u00e9 des \u00e9checs atteint son apog\u00e9e entre le XII\u00e8me si\u00e8cle et le XV\u00e8me si\u00e8cle : faisant partie int\u00e9grante de l\u2019\u00e9ducation du futur chevalier, le jeu se r\u00e9pand dans le milieu de la bourgeoisie \u00e0 partir du XIV\u00e8me si\u00e8cle. L\u2019\u00e9chiquier s&rsquo;occidentalise au milieu du XII\u00e8me si\u00e8cle, les pi\u00e8ces devenant plus mobiles et le plateau devient bicolore avec les cases rouges et noires (qui deviendront plus tard blanches et noires), le vizir devient fierge (ou vierge), puis reine et\/ou dame, l&rsquo;\u00e9l\u00e9phant devient aufin, puis fou\u2026<\/p>\n\n\n\n<div class=\"wp-block-image\"><figure class=\"aligncenter is-resized\"><img loading=\"lazy\" decoding=\"async\" src=\"http:\/\/leconservatoiredujeu.fr\/wp-content\/uploads\/2017\/05\/echecs-04.jpg\" alt=\"\" class=\"wp-image-875\" width=\"322\" height=\"316\"\/><\/figure><\/div>\n\n\n\n<p><br>Mais l\u2019\u00e9volution la plus importante a lieu \u00e0 la fin du Moyen \u00c2ge, vers 1475 \u00e0 Valence en Espagne lorsque les mouvements limit\u00e9s de la reine\/dame et du fou sont remplac\u00e9s par ceux que nous connaissons actuellement. Le trait\u00e9 refl\u00e9tant ces innovations est g\u00e9n\u00e9ralement attribu\u00e9 \u00e0 Francesc Vicent, publi\u00e9 en 1495, mais il est aujourd&rsquo;hui perdu. Vers 1650, on peut consid\u00e9rer que les r\u00e8gles du jeu moderne sont \u00e0 peu pr\u00e8s \u00e9tablies. Si les premiers livres traitant des \u00e9checs remontent \u00e0 l&rsquo;\u00e9poque arabe (dans le Kitab-al-Fihrist d&rsquo;Ibn al-Nadim), la stabilisation des r\u00e8gles en Europe donne naissance \u00e0 une litt\u00e9rature th\u00e9orique tr\u00e8s riche et on observe notamment l&rsquo;\u00e9laboration des premiers syst\u00e8mes d&rsquo;ouverture. L\u2019aspect physique des pi\u00e8ces le plus courant aujourd\u2019hui, le style \u00ab Staunton \u00bb, date de 1850. C\u2019est \u00e9galement durant la seconde moiti\u00e9 du XIX\u00e8me si\u00e8cle qu\u2019\u00e9mergent les \u00e9checs modernes. Au XX\u00e8me si\u00e8cle, l\u2019URSS, sous l&rsquo;impulsion de Nikolai Krylenko, en assure une promotion tr\u00e8s active, le consid\u00e9rant comme un excellent outil de formation intellectuelle.<\/p>\n\n\n\n<p>Depuis janvier 2000, les \u00e9checs sont devenus, en France, un sport reconnu par le minist\u00e8re de la Jeunesse et des Sports. De nombreuses comp\u00e9titions sportives sont organis\u00e9es dans le monde entier. Depuis le d\u00e9but de l&rsquo;ann\u00e9e 2008, l\u2019entr\u00e9e de ce sport aux Jeux olympiques est discut\u00e9e. Le champion du monde est le Norv\u00e9gien Magnus Carlsen <\/p>\n\n\n\n<p><strong>R\u00e8gles du jeu <\/strong><\/p>\n\n\n\n<p>Une partie d&rsquo;\u00e9checs commence dans la position initiale ci-contre, les blancs jouent le premier coup puis les joueurs jouent \u00e0 tour de r\u00f4le en d\u00e9pla\u00e7ant \u00e0 chaque fois une de leurs pi\u00e8ces (deux dans le cas d&rsquo;un roque). Chaque pi\u00e8ce se d\u00e9place de fa\u00e7on\u00a0sp\u00e9cifique, il n&rsquo;est pas possible de jouer sur une case occup\u00e9e par une pi\u00e8ce de son propre camp. Lorsqu&rsquo;une pi\u00e8ce adverse se trouve sur la case d&rsquo;arriv\u00e9e de la pi\u00e8ce jou\u00e9e, elle est captur\u00e9e et retir\u00e9e de l&rsquo;\u00e9chiquier. Gagner du \u00ab\u00a0mat\u00e9riel\u00a0\u00bb (des pi\u00e8ces) est un moyen pour gagner la partie, mais ne suffit pas toujours pour y parvenir.<\/p>\n\n\n\n<div class=\"wp-block-image\"><figure class=\"aligncenter size-full is-resized\"><img loading=\"lazy\" decoding=\"async\" src=\"http:\/\/leconservatoiredujeu.fr\/wp-content\/uploads\/2022\/04\/echecs.jpg\" alt=\"\" class=\"wp-image-12853\" width=\"428\" height=\"285\" srcset=\"https:\/\/leconservatoiredujeu.fr\/wp-content\/uploads\/2022\/04\/echecs.jpg 1024w, https:\/\/leconservatoiredujeu.fr\/wp-content\/uploads\/2022\/04\/echecs-300x200.jpg 300w, https:\/\/leconservatoiredujeu.fr\/wp-content\/uploads\/2022\/04\/echecs-768x511.jpg 768w, https:\/\/leconservatoiredujeu.fr\/wp-content\/uploads\/2022\/04\/echecs-451x300.jpg 451w\" sizes=\"(max-width: 428px) 100vw, 428px\" \/><\/figure><\/div>\n\n\n\n<p>Il existe des r\u00e8gles sp\u00e9ciales li\u00e9es au d\u00e9placement de certaines pi\u00e8ces\u00a0: le\u00a0roque, qui permet le d\u00e9placement simultan\u00e9 du roi et de l&rsquo;une des tours\u00a0; la\u00a0prise en passant, qui permet une capture particuli\u00e8re des pions\u00a0; et la\u00a0promotion\u00a0des pions, qui permet de les transformer en une pi\u00e8ce ma\u00eetresse de son choix (sauf le roi) lorsqu&rsquo;ils atteignent la derni\u00e8re rang\u00e9e de l&rsquo;\u00e9chiquier.<\/p>\n\n\n\n<div class=\"wp-block-image\"><figure class=\"aligncenter size-full\"><img loading=\"lazy\" decoding=\"async\" width=\"242\" height=\"208\" src=\"http:\/\/leconservatoiredujeu.fr\/wp-content\/uploads\/2022\/04\/images.jpg\" alt=\"\" class=\"wp-image-12854\"\/><figcaption>Un roque<\/figcaption><\/figure><\/div>\n\n\n\n<p>Lorsqu&rsquo;un roi est menac\u00e9 de capture, on dit qu&rsquo;il est \u00ab\u00a0en\u00a0\u00e9chec\u00a0\u00bb. Si cette menace est imparable (on peut tenter de parer la menace en d\u00e9pla\u00e7ant le roi, en interposant une pi\u00e8ce ou en capturant la pi\u00e8ce attaquante) on dit qu&rsquo;il y a\u00a0\u00e9chec et mat\u00a0et la partie se termine sur la victoire du joueur qui \u00ab\u00a0mate\u00a0\u00bb. Il est interdit de mettre son propre roi en \u00e9chec ou de le faire passer sur une ligne d&rsquo;\u00e9chec pendant le roque. Il est \u00e9galement interdit de roquer quand le roi est en \u00e9chec sur sa case de d\u00e9part. Si cela arrive (par inadvertance entre d\u00e9butants) on doit reprendre le coup.<\/p>\n\n\n\n<p>Si un camp ne peut plus jouer aucun\u00a0coup l\u00e9gal\u00a0(cela arrive par exemple avec un roi seul et l&rsquo;ensemble de ses pions bloqu\u00e9s) et si son roi n&rsquo;est pas en \u00e9chec, on dit alors qu&rsquo;il s&rsquo;agit d&rsquo;une position de\u00a0pat. Quel que soit le mat\u00e9riel dont le camp adverse dispose, la partie est d\u00e9clar\u00e9e nulle, c&rsquo;est-\u00e0-dire sans vainqueur.<\/p>\n\n\n\n<p>Le but du jeu est donc d&rsquo;infliger un\u00a0\u00e9chec et mat\u00a0\u00e0 son adversaire. Le terme \u00ab\u00a0\u00e9chec et mat\u00a0\u00bb vient de \u00ab\u00a0<em>\u0161\u0101h m\u0101ta<\/em>\u00a0\u00bb (en\u00a0persan, soit \u00ab\u00a0<em>a\u0161-\u0161\u0101h m\u0101ta<\/em>\u00a0\u00bb \u0627\u0644\u0634\u0651\u0627\u0647\u064f \u0645\u0627\u062a\u064e en\u00a0arabe) (\u00ab\u00a0le roi est mort\u00a0\u00bb), pour indiquer la d\u00e9faite du roi. Le mot \u00ab\u00a0<em>\u0161\u0101h<\/em>\u00a0\u00bb (\u00ab\u00a0roi\u00a0\u00bb en persan) est \u00e0 l&rsquo;origine du mot \u00e9chec et du nom des \u00e9checs dans un grand nombre de langues<\/p>\n\n\n\n<div class=\"wp-block-image\"><figure class=\"aligncenter size-full is-resized\"><img loading=\"lazy\" decoding=\"async\" src=\"http:\/\/leconservatoiredujeu.fr\/wp-content\/uploads\/2022\/04\/roi-en-echec-et-mat.jpg\" alt=\"\" class=\"wp-image-12855\" width=\"384\" height=\"268\" srcset=\"https:\/\/leconservatoiredujeu.fr\/wp-content\/uploads\/2022\/04\/roi-en-echec-et-mat.jpg 350w, https:\/\/leconservatoiredujeu.fr\/wp-content\/uploads\/2022\/04\/roi-en-echec-et-mat-300x210.jpg 300w\" sizes=\"(max-width: 384px) 100vw, 384px\" \/><figcaption>Roi en \u00c9chec et Mat<\/figcaption><\/figure><\/div>\n\n\n\n<p><strong>D\u00e9placement des pi\u00e8ces<\/strong><\/p>\n\n\n\n<p>Chaque pi\u00e8ce peut se d\u00e9placer au choix du joueur sur l&rsquo;une des cases marqu\u00e9es d&rsquo;une croix. Hormis le pion, elles capturent une pi\u00e8ce adverse qui se trouve sur leur trajectoire, sans pouvoir aller au-del\u00e0. \u00c0 l&rsquo;exception de la prise en passant, la pi\u00e8ce qui capture prend la place de la pi\u00e8ce captur\u00e9e, cette derni\u00e8re \u00e9tant d\u00e9finitivement retir\u00e9e de l&rsquo;\u00e9chiquier.<\/p>\n\n\n\n<p>Le fou, la tour et la dame sont des pi\u00e8ces \u00e0 longue port\u00e9e (ou pi\u00e8ces de lignes)\u00a0: elles peuvent se d\u00e9placer le long de lignes. Chaque camp poss\u00e8de deux fous\u00a0: ils se d\u00e9placent toujours sur les cases d&rsquo;une m\u00eame couleur, en diagonale\u00a0; chaque camp poss\u00e8de donc un fou de cases blanches, et un fou de cases noires.<\/p>\n\n\n\n<p>Le roi se d\u00e9place d&rsquo;une seule case \u00e0 la fois, il dispose d&rsquo;une r\u00e8gle de d\u00e9placement sp\u00e9ciale\u00a0: le\u00a0roque.<\/p>\n\n\n\n<p>Le cavalier ne peut \u00eatre intercept\u00e9 par aucune des pi\u00e8ces autour de lui, il \u00ab\u00a0saute\u00a0\u00bb jusqu&rsquo;\u00e0 sa case d&rsquo;arriv\u00e9e.<\/p>\n\n\n\n<p>Le pion peut se d\u00e9placer sur les cases marqu\u00e9es d&rsquo;une croix (sans pouvoir y capturer une pi\u00e8ce adverse), et peut capturer sur les cases marqu\u00e9es d&rsquo;un rond (sans pouvoir s&rsquo;y d\u00e9placer si elles sont vides).<\/p>\n\n\n\n<p>Chacun des pions peut se d\u00e9placer de deux cases \u00e0 la fois lors de son tout premier d\u00e9placement (ex. les pions f2 et g7 dans les diagrammes ci-dessous). Par contre, d\u00e9placer deux pions d&rsquo;une case en un seul coup (une l\u00e9gende due \u00e0 une mauvaise traduction d&rsquo;un livre allemand) est interdit dans la r\u00e8gle officielle du jeu d&rsquo;\u00e9checs. Les pions disposent d&rsquo;une r\u00e8gle de capture sp\u00e9ciale\u00a0: la\u00a0prise en passant.Les pions ne peuvent jamais reculer, les pions blancs se dirigent vers la huiti\u00e8me rang\u00e9e, les pions noirs se dirigent vers la premi\u00e8re rang\u00e9e, et sont obligatoirement\u00a0promus\u00a0d\u00e8s qu&rsquo;ils l&rsquo;atteignent.<\/p>\n\n\n\n<figure class=\"wp-block-image size-full\"><img loading=\"lazy\" decoding=\"async\" width=\"556\" height=\"292\" src=\"http:\/\/leconservatoiredujeu.fr\/wp-content\/uploads\/2022\/04\/echecs-1.jpg\" alt=\"\" class=\"wp-image-12856\" srcset=\"https:\/\/leconservatoiredujeu.fr\/wp-content\/uploads\/2022\/04\/echecs-1.jpg 556w, https:\/\/leconservatoiredujeu.fr\/wp-content\/uploads\/2022\/04\/echecs-1-300x158.jpg 300w, https:\/\/leconservatoiredujeu.fr\/wp-content\/uploads\/2022\/04\/echecs-1-500x263.jpg 500w\" sizes=\"(max-width: 556px) 100vw, 556px\" \/><figcaption>D\u00e9placement des diff\u00e9rentes pi\u00e8ces <\/figcaption><\/figure>\n\n\n\n<p><strong>Fin de partie<\/strong><\/p>\n\n\n\n<p>Les parties peuvent se terminer par une victoire pour un camp, associ\u00e9e \u00e0 une d\u00e9faite pour l&rsquo;autre camp. Plusieurs cas peuvent se pr\u00e9senter\u00a0:\u00e9chec et mat,<\/p>\n\n\n\n<p>abandon d&rsquo;un joueur,<\/p>\n\n\n\n<p>perte au temps\u00a0: dans une partie \u00e0 la pendule, un des deux joueurs peut \u00eatre \u00e0 court de temps de r\u00e9flexion et finir par perdre pour d\u00e9passement de son quota, cela m\u00eame si sa position est nettement sup\u00e9rieure, d\u00e8s lors que son adversaire dispose du mat\u00e9riel suffisant pour mater,<\/p>\n\n\n\n<p>par d\u00e9cision de l&rsquo;arbitre, pour non-respect du r\u00e8glement (retard ou absence \u00e0 une partie, tricherie, sonnerie de t\u00e9l\u00e9phone pendant la partie).<\/p>\n\n\n\n<p>Les parties peuvent se terminer par une\u00a0partie nulle, c&rsquo;est-\u00e0-dire sans vainqueur. Plusieurs cas peuvent se pr\u00e9senter\u00a0:Par accord mutuel entre les deux joueurs pendant la partie.<\/p>\n\n\n\n<p>\u00c0 partir de la troisi\u00e8me r\u00e9p\u00e9tition d&rsquo;une m\u00eame position avec le m\u00eame joueur ayant le trait. Cette nulle est obtenue uniquement si un joueur l&rsquo;exige, l&rsquo;autre joueur ne peut pas s&rsquo;y opposer.<\/p>\n\n\n\n<p>En vertu de la\u00a0r\u00e8gle des 50 coups, plus difficile \u00e0 observer en pratique et que certains serveurs d&rsquo;\u00e9checs refusent de consid\u00e9rer (notamment\u00a0FICGS), sur demande du joueur au trait.<\/p>\n\n\n\n<p>Automatiquement apr\u00e8s 75 coups \u00e9coul\u00e9s depuis la derni\u00e8re capture ou la derni\u00e8re pouss\u00e9e d&rsquo;un pion.<\/p>\n\n\n\n<p>Par l&rsquo;impossibilit\u00e9 de mater\u00a0: s&rsquo;il n&rsquo;existe aucune suite de coups (l\u00e9gaux) qui peut mener au mat de l&rsquo;un ou de l&rsquo;autre joueur. Cette impossibilit\u00e9 de mater met fin \u00e0 la partie imm\u00e9diatement, aucun joueur ne peut s&rsquo;y opposer.<\/p>\n\n\n\n<p>Lorsque survient un\u00a0pat.<\/p>\n\n\n\n<p>Lorsqu&rsquo;un joueur perd au temps et que l&rsquo;autre joueur n&rsquo;a pas suffisamment de mat\u00e9riel pour gagner. Cette nulle est obtenue automatiquement\u00a0: aucun joueur ne peut s&rsquo;y opposer.<\/p>\n\n\n\n<figure class=\"wp-block-image size-large\"><img loading=\"lazy\" decoding=\"async\" width=\"1024\" height=\"682\" src=\"http:\/\/leconservatoiredujeu.fr\/wp-content\/uploads\/2022\/04\/roi-couches-1024x682.jpg\" alt=\"\" class=\"wp-image-12857\" srcset=\"https:\/\/leconservatoiredujeu.fr\/wp-content\/uploads\/2022\/04\/roi-couches-1024x682.jpg 1024w, https:\/\/leconservatoiredujeu.fr\/wp-content\/uploads\/2022\/04\/roi-couches-300x200.jpg 300w, https:\/\/leconservatoiredujeu.fr\/wp-content\/uploads\/2022\/04\/roi-couches-768x512.jpg 768w, https:\/\/leconservatoiredujeu.fr\/wp-content\/uploads\/2022\/04\/roi-couches-450x300.jpg 450w, https:\/\/leconservatoiredujeu.fr\/wp-content\/uploads\/2022\/04\/roi-couches.jpg 1280w\" sizes=\"(max-width: 1024px) 100vw, 1024px\" \/><figcaption>Le roi est tomb\u00e9 cela signifie une d\u00e9faite<\/figcaption><\/figure>\n\n\n\n<p><strong><span style=\"text-decoration: underline;\">Source<\/span> :<\/strong> Wikip\u00e9dia<\/p>\n\n\n\n<p class=\"has-text-align-right\">Le Conservatoire du Jeu &#8211; Avril 2022<\/p>\n","protected":false},"excerpt":{"rendered":"<p>Historique Il existe des jeux d&rsquo;\u00e9checs diff\u00e9rents, persans (chatrang), indiens (chaturanga), arabes (shatranj), mongols (shatar), europ\u00e9ens, birmans (sit-tu-yin), tha\u00efs ou cambodgiens (makruk), malais (catur), chinois ou vietnamiens (xiangqi), cor\u00e9ens (janggi), japonais (shogi), etc. Tous ces jeux partagent un ensemble de &hellip; <a href=\"https:\/\/leconservatoiredujeu.fr\/index.php\/echecs\/\">Continuer la lecture <span class=\"meta-nav\">&rarr;<\/span><\/a><\/p>\n","protected":false},"author":1,"featured_media":0,"parent":0,"menu_order":0,"comment_status":"closed","ping_status":"closed","template":"","meta":{"footnotes":""},"_links":{"self":[{"href":"https:\/\/leconservatoiredujeu.fr\/index.php\/wp-json\/wp\/v2\/pages\/871"}],"collection":[{"href":"https:\/\/leconservatoiredujeu.fr\/index.php\/wp-json\/wp\/v2\/pages"}],"about":[{"href":"https:\/\/leconservatoiredujeu.fr\/index.php\/wp-json\/wp\/v2\/types\/page"}],"author":[{"embeddable":true,"href":"https:\/\/leconservatoiredujeu.fr\/index.php\/wp-json\/wp\/v2\/users\/1"}],"replies":[{"embeddable":true,"href":"https:\/\/leconservatoiredujeu.fr\/index.php\/wp-json\/wp\/v2\/comments?post=871"}],"version-history":[{"count":3,"href":"https:\/\/leconservatoiredujeu.fr\/index.php\/wp-json\/wp\/v2\/pages\/871\/revisions"}],"predecessor-version":[{"id":12858,"href":"https:\/\/leconservatoiredujeu.fr\/index.php\/wp-json\/wp\/v2\/pages\/871\/revisions\/12858"}],"wp:attachment":[{"href":"https:\/\/leconservatoiredujeu.fr\/index.php\/wp-json\/wp\/v2\/media?parent=871"}],"curies":[{"name":"wp","href":"https:\/\/api.w.org\/{rel}","templated":true}]}}