{"id":865,"date":"2017-05-11T16:03:32","date_gmt":"2017-05-11T14:03:32","guid":{"rendered":"http:\/\/leconservatoiredujeu.fr\/?page_id=865"},"modified":"2022-04-07T14:33:03","modified_gmt":"2022-04-07T12:33:03","slug":"carom","status":"publish","type":"page","link":"https:\/\/leconservatoiredujeu.fr\/index.php\/carom\/","title":{"rendered":"Carom"},"content":{"rendered":"\n<ul><li><strong>Histoire<\/strong><\/li><li><strong>Carrom ou Carom ?<\/strong><\/li><li><strong>R\u00e8gles du jeu<\/strong><\/li><li><strong>P\u00e9nalit\u00e9s<\/strong><\/li><\/ul>\n\n\n\n<p>Le carrom est un jeu de table tr\u00e8s pratiqu\u00e9 en Asie, et tout particuli\u00e8rement en Inde, se jouant avec des pions que l&rsquo;on fait glisser sur un tablier en bois.&nbsp;Le but du jeu est de placer tous les pions d&rsquo;une couleur dans les trous situ\u00e9s aux quatre coins du tablier.<\/p>\n\n\n\n<div class=\"wp-block-image is-style-default\"><figure class=\"aligncenter size-large\"><img loading=\"lazy\" decoding=\"async\" width=\"300\" height=\"234\" src=\"http:\/\/leconservatoiredujeu.fr\/wp-content\/uploads\/2020\/08\/1-tablier-1.jpg\" alt=\"\" class=\"wp-image-9780\"\/><\/figure><\/div>\n\n\n\n<p class=\"has-white-color has-text-color\">Saut de ligne<\/p>\n\n\n\n<p><strong><u>Histoire<\/u><\/strong><\/p>\n\n\n\n<p>L&rsquo;histoire du carrom (billard indien) et son origine sont mal connues. D&rsquo;aucuns disent qu&rsquo;il fut invent\u00e9 en Inde par les Maharajas alors que d&rsquo;autres pensent qu&rsquo;il y fut import\u00e9 par les Britanniques lors de la colonisation.<\/p>\n\n\n\n<p>Il est \u00e9galement possible qu&rsquo;il vienne de Birmanie, d&rsquo;\u00c9gypte, d&rsquo;\u00c9thiopie ou encore du Portugal comme peuvent le faire penser certaines sources tout aussi obscures.&nbsp;Depuis le si\u00e8cle dernier, le carrom est devenu l&rsquo;un des passe-temps favori des Indiens. On y joue d\u00e8s le plus jeune \u00e2ge et le jeu devient plus tard activit\u00e9 sociale brisant bien souvent la routine du quotidien.<\/p>\n\n\n\n<div class=\"wp-block-image is-style-default\"><figure class=\"aligncenter size-large\"><img loading=\"lazy\" decoding=\"async\" width=\"300\" height=\"176\" src=\"http:\/\/leconservatoiredujeu.fr\/wp-content\/uploads\/2020\/08\/2-Quotidien.jpg\" alt=\"\" class=\"wp-image-9781\"\/><\/figure><\/div>\n\n\n\n<p>Les premiers tournois se seraient d\u00e9roul\u00e9s en 1935 au Sri Lanka.&nbsp;La premi\u00e8re f\u00e9d\u00e9ration na\u00eet en 1958 en Inde.&nbsp;Il faudra attendre les ann\u00e9es 1960 pour voir arriver les premiers carroms en Europe et, c&rsquo;est seulement dans les ann\u00e9es 1970 que le jeu va v\u00e9ritablement se d\u00e9velopper avec des importations significatives et les premiers tournois \u00e0 \u00e9chelle europ\u00e9enne. La Suisse, l&rsquo;Allemagne et les Pays-Bas apparaissent comme \u00e9tant les pionniers de cet engouement.&nbsp;L&rsquo;ICF (International Carrom Federation) voit pour sa part le jour en 1988.<\/p>\n\n\n\n<div class=\"wp-block-image is-style-default\"><figure class=\"aligncenter size-large\"><img loading=\"lazy\" decoding=\"async\" width=\"300\" height=\"300\" src=\"http:\/\/leconservatoiredujeu.fr\/wp-content\/uploads\/2020\/08\/3-1988-1.jpg\" alt=\"\" class=\"wp-image-9783\" srcset=\"https:\/\/leconservatoiredujeu.fr\/wp-content\/uploads\/2020\/08\/3-1988-1.jpg 300w, https:\/\/leconservatoiredujeu.fr\/wp-content\/uploads\/2020\/08\/3-1988-1-150x150.jpg 150w\" sizes=\"(max-width: 300px) 100vw, 300px\" \/><\/figure><\/div>\n\n\n\n<p class=\"has-white-color has-text-color\">Saut de ligne<\/p>\n\n\n\n<p><strong><u>Carrom ou carom ?<\/u><\/strong><\/p>\n\n\n\n<p>Une rapide recherche sur Internet d\u00e9montre que les deux \u00e9critures sont utilis\u00e9es. Ce sont les Am\u00e9ricains qui ont ajout\u00e9 un peu de confusion simplement par commodit\u00e9 orthographique. L&rsquo;ICF a choisi d&rsquo;\u00e9crire \u00ab Carrom \u00bb avec deux r.&nbsp;Cependant, \u00ab Carom \u00bb (de l&rsquo;anglais carambole ou carambolage) est un nom parfois donn\u00e9 au billard fran\u00e7ais, que l&rsquo;on appelle aussi \u00ab billard carambole \u00bb.<\/p>\n\n\n\n<div class=\"wp-block-image is-style-default\"><figure class=\"aligncenter size-large\"><img loading=\"lazy\" decoding=\"async\" width=\"300\" height=\"300\" src=\"http:\/\/leconservatoiredujeu.fr\/wp-content\/uploads\/2020\/08\/4-carambole.jpg\" alt=\"\" class=\"wp-image-9785\" srcset=\"https:\/\/leconservatoiredujeu.fr\/wp-content\/uploads\/2020\/08\/4-carambole.jpg 300w, https:\/\/leconservatoiredujeu.fr\/wp-content\/uploads\/2020\/08\/4-carambole-150x150.jpg 150w\" sizes=\"(max-width: 300px) 100vw, 300px\" \/><\/figure><\/div>\n\n\n\n<p class=\"has-white-color has-text-color\">Saut de ligne<\/p>\n\n\n\n<p>&nbsp;<strong><u>R\u00e8gles du jeu<\/u><\/strong><\/p>\n\n\n\n<p>Tout d&rsquo;abord chaque \u00e9quipe doit choisir une couleur, g\u00e9n\u00e9ralement l&rsquo;\u00e9quipe qui commence prend la couleur blanche.&nbsp;Les joueurs d&rsquo;une m\u00eame \u00e9quipe se regardent face \u00e0 face, le but est de mettre les pions de sa couleur dans les trous avant les autres. Il faut pour cela les percuter \u00e0 l\u2019aide d\u2019un palet en r\u00e9sine que l\u2019on d\u00e9place sur la zone de tir situ\u00e9e face \u00e0 soi.&nbsp;Dans le cas o\u00f9 un joueur met un pion de sa couleur dans le trou, il rejoue jusqu&rsquo;\u00e0 ce qu&rsquo;il ne mette plus de pion de sa couleur. Dans le cas o\u00f9 il met un pion de la couleur adverse, il passe son tour tout comme s&rsquo;il n&rsquo;avait pas mis de pion.<\/p>\n\n\n\n<p>Au d\u00e9but de la partie, tous les pions sont au centre du plateau : le pion rouge se trouve au centre, puis les autres pions l&rsquo;entourent par un premier cercle en alternant \u00e0 chaque fois la couleur des pions, puis par un deuxi\u00e8me cercle identique qui entoure le premier.&nbsp;Chaque pion vaut 1 point sauf le pion rouge plac\u00e9 au centre du plateau qui en vaut 5, mais pour valider ce score il faut encore mettre un pion de sa couleur dans le trou tout de suite apr\u00e8s avoir mis le rouge.&nbsp;Le jeu se termine quand une des 2 \u00e9quipes a mis tous ses pions, dans ce cas l\u00e0 on compte les pions restant de l&rsquo;\u00e9quipe adverse sur le plateau et on l&rsquo;additionne au score pr\u00e9c\u00e9dent, si on a mis le pion rouge on ajoute 3 points \u00e0 son score, dans le cas o\u00f9 on ne l&rsquo;a pas mis l&rsquo;\u00e9quipe adverse qui a mis le pion rouge n&rsquo;en b\u00e9n\u00e9ficie pas.<\/p>\n\n\n\n<figure class=\"wp-block-gallery aligncenter columns-2 is-cropped wp-block-gallery-1 is-layout-flex wp-block-gallery-is-layout-flex\"><ul class=\"blocks-gallery-grid\"><li class=\"blocks-gallery-item\"><figure><img loading=\"lazy\" decoding=\"async\" width=\"300\" height=\"224\" src=\"http:\/\/leconservatoiredujeu.fr\/wp-content\/uploads\/2020\/08\/5.jpg\" alt=\"\" data-id=\"9787\" data-link=\"http:\/\/leconservatoiredujeu.fr\/index.php\/carom\/5-10\/\" class=\"wp-image-9787\"\/><\/figure><\/li><li class=\"blocks-gallery-item\"><figure><img loading=\"lazy\" decoding=\"async\" width=\"200\" height=\"133\" src=\"http:\/\/leconservatoiredujeu.fr\/wp-content\/uploads\/2020\/08\/carrom.jpg\" alt=\"\" data-id=\"9788\" data-full-url=\"http:\/\/leconservatoiredujeu.fr\/wp-content\/uploads\/2020\/08\/carrom.jpg\" data-link=\"http:\/\/leconservatoiredujeu.fr\/index.php\/carom\/carrom-2\/\" class=\"wp-image-9788\"\/><\/figure><\/li><\/ul><\/figure>\n\n\n\n<p>Sur le plateau se trouvent quatre traits se dirigeant vers le centre avec un cercle au bout, les pions se trouvant dans ces cercles n&rsquo;ont pas le droit d&rsquo;\u00eatre frapp\u00e9 directement.&nbsp;Dans le cas o\u00f9 il ne reste plus qu&rsquo;un pion \u00e0 une \u00e9quipe sur le plateau, il lui est imp\u00e9ratif de rentrer le pion rouge si cela n&rsquo;est pas d\u00e9j\u00e0 fait, dans le cas contraire l&rsquo;\u00e9quipe perd, en revanche si l&rsquo;\u00e9quipe adverse rentre ce pion, c&rsquo;est alors elle qui perd.<\/p>\n\n\n\n<p><strong><span style=\"text-decoration: underline;\">P\u00e9nalit\u00e9s<\/span> <\/strong><\/p>\n\n\n\n<p>***Si un joueur entre un pion de couleur adverse, le pion de l&rsquo;adversaire est compt\u00e9 mais on remet un de nos pions au centre et on perd la manche. Si on n&rsquo;a pas mis de pion de notre couleur et que l&rsquo;on rentre celui d&rsquo;un adversaire, le pion est valid\u00e9 et on perd la manche.<\/p>\n\n\n\n<p>***Si on rentre le palet, on perd un pion et la manche.<\/p>\n\n\n\n<p>***Si on rentre le palet et un pion, on perd deux pions et la manche.<\/p>\n\n\n\n<p>***Si un pion rentre et que le palet est jou\u00e9 en arri\u00e8re le pion doit resortir.<\/p>\n\n\n\n<p>On peut faire deux \u00ab\u00a0styles\u00a0\u00bb de partie : la partie \u00e0 25 points ou bien la partie en trois sets.<\/p>\n\n\n\n<p class=\"has-text-align-left\"><strong><span style=\"text-decoration: underline;\">Source <\/span>:<\/strong> Wikip\u00e9dia<\/p>\n\n\n\n<p class=\"has-text-align-right\">Le Conservatoire du jeu &#8211; Avril 2022<\/p>\n","protected":false},"excerpt":{"rendered":"<p>Histoire Carrom ou Carom ? R\u00e8gles du jeu P\u00e9nalit\u00e9s Le carrom est un jeu de table tr\u00e8s pratiqu\u00e9 en Asie, et tout particuli\u00e8rement en Inde, se jouant avec des pions que l&rsquo;on fait glisser sur un tablier en bois.&nbsp;Le but &hellip; <a href=\"https:\/\/leconservatoiredujeu.fr\/index.php\/carom\/\">Continuer la lecture <span class=\"meta-nav\">&rarr;<\/span><\/a><\/p>\n","protected":false},"author":1,"featured_media":9783,"parent":0,"menu_order":0,"comment_status":"closed","ping_status":"closed","template":"","meta":{"footnotes":""},"_links":{"self":[{"href":"https:\/\/leconservatoiredujeu.fr\/index.php\/wp-json\/wp\/v2\/pages\/865"}],"collection":[{"href":"https:\/\/leconservatoiredujeu.fr\/index.php\/wp-json\/wp\/v2\/pages"}],"about":[{"href":"https:\/\/leconservatoiredujeu.fr\/index.php\/wp-json\/wp\/v2\/types\/page"}],"author":[{"embeddable":true,"href":"https:\/\/leconservatoiredujeu.fr\/index.php\/wp-json\/wp\/v2\/users\/1"}],"replies":[{"embeddable":true,"href":"https:\/\/leconservatoiredujeu.fr\/index.php\/wp-json\/wp\/v2\/comments?post=865"}],"version-history":[{"count":8,"href":"https:\/\/leconservatoiredujeu.fr\/index.php\/wp-json\/wp\/v2\/pages\/865\/revisions"}],"predecessor-version":[{"id":12851,"href":"https:\/\/leconservatoiredujeu.fr\/index.php\/wp-json\/wp\/v2\/pages\/865\/revisions\/12851"}],"wp:featuredmedia":[{"embeddable":true,"href":"https:\/\/leconservatoiredujeu.fr\/index.php\/wp-json\/wp\/v2\/media\/9783"}],"wp:attachment":[{"href":"https:\/\/leconservatoiredujeu.fr\/index.php\/wp-json\/wp\/v2\/media?parent=865"}],"curies":[{"name":"wp","href":"https:\/\/api.w.org\/{rel}","templated":true}]}}