{"id":856,"date":"2017-05-11T15:51:28","date_gmt":"2017-05-11T13:51:28","guid":{"rendered":"http:\/\/leconservatoiredujeu.fr\/?page_id=856"},"modified":"2022-04-06T17:11:55","modified_gmt":"2022-04-06T15:11:55","slug":"bilboquet","status":"publish","type":"page","link":"https:\/\/leconservatoiredujeu.fr\/index.php\/bilboquet\/","title":{"rendered":"Bilboquet"},"content":{"rendered":"\n<div class=\"wp-block-image is-style-default\"><figure class=\"aligncenter size-full is-resized\"><img loading=\"lazy\" decoding=\"async\" src=\"http:\/\/leconservatoiredujeu.fr\/wp-content\/uploads\/2022\/04\/bilboquet.jpg\" alt=\"\" class=\"wp-image-12844\" width=\"296\" height=\"303\"\/><\/figure><\/div>\n\n\n\n<p><br>Le bilboquet est un jeu d\u2019adresse compos\u00e9 d\u2019une tige souvent en bois reli\u00e9e par une cordelette \u00e0 une boule perc\u00e9e d\u2019un ou de plusieurs trous d\u2019un diam\u00e8tre ajust\u00e9 \u00e0 la tige. Son nom fran\u00e7ais vient de Bil le Bocquet qui d\u00e9signe la pointe d\u2019un javelot. Il est pr\u00e9sent dans de nombreuses cultures et \u00e9poques sous diff\u00e9rents noms et son origine est tr\u00e8s ancienne.&nbsp;Le jeu consiste par un mouvement d\u2019adresse, en utilisant une seule main, \u00e0 lancer la boule retenue par la ficelle de fa\u00e7on qu\u2019elle retombe sur la tige et s&rsquo;y enfile seule. Accessoirement, l\u2019objet qui peut \u00eatre d\u00e9cor\u00e9, en bois pr\u00e9cieux ou ivoire, est aussi un bibelot de vitrine.<\/p>\n\n\n\n<p class=\"has-white-color has-text-color\">Saut de ligne<\/p>\n\n\n\n<p><strong><u>Historique<\/u><\/strong><\/p>\n\n\n\n<p>L\u2019origine du jeu de bilboquet est assez obscure. Certaines sources disent qu\u2019il serait apparu pour la premi\u00e8re fois en France, \u00e0 la fin du xvie si\u00e8cle mais les v\u00eatements des plus anciennes gravures montrant des joueurs de bilboquet sont du xviie si\u00e8cle.<\/p>\n\n\n\n<p>Le mot a une \u00e9tymologie contest\u00e9e. Invent\u00e9 en France, au xvie si\u00e8cle, on fait mention du mot bille boucquet, boucquet venant de bouquer (\u00ab encorner \u00bb, comme le fait un bouc). On dit qu\u2019il serait apparu pour la premi\u00e8re fois en fran\u00e7ais, en 1534, l\u2019ann\u00e9e de la premi\u00e8re venue de Jacques Cartier au Canada, et qu\u2019il aurait \u00e9t\u00e9 form\u00e9 des mots \u00ab bille \u00bb (\u00ab petite boule \u00bb, 1164, ou encore \u00ab b\u00e2tonnet \u00bb, 1176) et \u00ab bouquet \u00bb (diminutif de \u00ab bouque \u00bb, 1203, ou \u00ab boule \u00bb) mais on retrouve d\u00e9j\u00e0, dans Chaucer (c.1340-1400) le mot bilbo, sorte de tiges servant \u00e0 immobiliser les pieds de prisonniers, et Cervant\u00e8s (1547-1616) affirme de son c\u00f4t\u00e9 que les bilbos, \u00e9p\u00e9es \u00e0 pointe et \u00e0 boule, fabriqu\u00e9es \u00e0 Bilbao (en Pays basque), auraient exist\u00e9 d\u00e8s le xie si\u00e8cle.&nbsp;Le roi de France Henri III lan\u00e7a la mode du bilboquet durant son r\u00e8gne (1574-1589). Il aimait beaucoup y jouer durant ses promenades entour\u00e9 de ses mignons. C\u2019est gr\u00e2ce \u00e0 lui que le jeu du bilboquet est devenu \u00e0 la mode.<\/p>\n\n\n\n<div class=\"wp-block-group is-layout-flow wp-block-group-is-layout-flow\"><div class=\"wp-block-group__inner-container\">\n<figure class=\"wp-block-gallery aligncenter columns-2 is-cropped wp-block-gallery-1 is-layout-flex wp-block-gallery-is-layout-flex\"><ul class=\"blocks-gallery-grid\"><li class=\"blocks-gallery-item\"><figure><img loading=\"lazy\" decoding=\"async\" width=\"300\" height=\"195\" src=\"http:\/\/leconservatoiredujeu.fr\/wp-content\/uploads\/2020\/07\/2-mode.jpg\" alt=\"\" data-id=\"9582\" class=\"wp-image-9582\"\/><\/figure><\/li><li class=\"blocks-gallery-item\"><figure><img loading=\"lazy\" decoding=\"async\" width=\"298\" height=\"169\" src=\"http:\/\/leconservatoiredujeu.fr\/wp-content\/uploads\/2020\/07\/Rajout.jpg\" alt=\"\" data-id=\"9591\" data-full-url=\"http:\/\/leconservatoiredujeu.fr\/wp-content\/uploads\/2020\/07\/Rajout.jpg\" data-link=\"http:\/\/leconservatoiredujeu.fr\/index.php\/bilboquet\/rajout\/\" class=\"wp-image-9591\"\/><\/figure><\/li><\/ul><\/figure>\n<\/div><\/div>\n\n\n\n<p>Le bilboquet japonais ou kendama : cette version de bilboquet contient trois \u00ab coupes \u00bb et un \u00ab pic \u00bb. C\u2019est la version actuellement utilis\u00e9e en comp\u00e9tition et le jeu est beaucoup plus difficile. Apr\u00e8s avoir envoy\u00e9 la balle sur le pic, on se doit de l\u2019attraper dans chacune des coupes qui ont des diam\u00e8tres diff\u00e9rents.<\/p>\n\n\n\n<div class=\"wp-block-image is-style-default\"><figure class=\"aligncenter size-large\"><img loading=\"lazy\" decoding=\"async\" width=\"300\" height=\"300\" src=\"http:\/\/leconservatoiredujeu.fr\/wp-content\/uploads\/2020\/07\/3-diff\u00e9rents.jpg\" alt=\"\" class=\"wp-image-9583\" srcset=\"https:\/\/leconservatoiredujeu.fr\/wp-content\/uploads\/2020\/07\/3-diff\u00e9rents.jpg 300w, https:\/\/leconservatoiredujeu.fr\/wp-content\/uploads\/2020\/07\/3-diff\u00e9rents-150x150.jpg 150w\" sizes=\"(max-width: 300px) 100vw, 300px\" \/><\/figure><\/div>\n\n\n\n<p>Le bilboquet mexicain ou balero : ce jeu constitue une tradition culturelle tr\u00e8s ancienne au Mexique. La boule ressemble plut\u00f4t \u00e0 un tonnelet ou \u00e0 un cylindre. Le principe est le m\u00eame que le bilboquet fran\u00e7ais.<\/p>\n\n\n\n<div class=\"wp-block-image is-style-default\"><figure class=\"aligncenter size-large\"><img loading=\"lazy\" decoding=\"async\" width=\"300\" height=\"225\" src=\"http:\/\/leconservatoiredujeu.fr\/wp-content\/uploads\/2020\/07\/4-Francais.jpg\" alt=\"\" class=\"wp-image-9584\"\/><\/figure><\/div>\n\n\n\n<p>Le bilboquet colombien, ticayo ou coca : R\u00e9cemment mis \u00e0 la mode, ce jeu est similaire au bilboquet fran\u00e7ais sauf que la boule est de forme cylindrique. La mati\u00e8re employ\u00e9e est le plastique.<\/p>\n\n\n\n<div class=\"wp-block-image is-style-default\"><figure class=\"aligncenter size-large\"><img loading=\"lazy\" decoding=\"async\" width=\"300\" height=\"300\" src=\"http:\/\/leconservatoiredujeu.fr\/wp-content\/uploads\/2020\/07\/5-Plastique.jpg\" alt=\"\" class=\"wp-image-9585\" srcset=\"https:\/\/leconservatoiredujeu.fr\/wp-content\/uploads\/2020\/07\/5-Plastique.jpg 300w, https:\/\/leconservatoiredujeu.fr\/wp-content\/uploads\/2020\/07\/5-Plastique-150x150.jpg 150w\" sizes=\"(max-width: 300px) 100vw, 300px\" \/><\/figure><\/div>\n\n\n\n<p>Le bilboquet indien : dans ce bilboquet \u00e0 forme originale, la boule est remplac\u00e9e par un anneau, mais le principe reste le m\u00eame.<\/p>\n\n\n\n<div class=\"wp-block-image is-style-default\"><figure class=\"aligncenter size-large\"><img loading=\"lazy\" decoding=\"async\" width=\"300\" height=\"300\" src=\"http:\/\/leconservatoiredujeu.fr\/wp-content\/uploads\/2020\/07\/6-meme.jpg\" alt=\"\" class=\"wp-image-9586\" srcset=\"https:\/\/leconservatoiredujeu.fr\/wp-content\/uploads\/2020\/07\/6-meme.jpg 300w, https:\/\/leconservatoiredujeu.fr\/wp-content\/uploads\/2020\/07\/6-meme-150x150.jpg 150w\" sizes=\"(max-width: 300px) 100vw, 300px\" \/><\/figure><\/div>\n\n\n\n<p><\/p>\n\n\n\n<p>Le bilboquet suisse : dans ce bilboquet, le principe est invers\u00e9 : le joueur tient la boule et tente par un geste adroit apr\u00e8s l&rsquo;avoir lanc\u00e9 en l&rsquo;air d&rsquo;enfiler la tige directement dans le trou de la boule.<\/p>\n\n\n\n<p class=\"has-white-color has-text-color\">Saut de ligne<\/p>\n\n\n\n<p><strong><u>Le bilboquet, sport d\u2019adresse<\/u><\/strong><\/p>\n\n\n\n<p>La pratique du bilboquet est aussi consid\u00e9r\u00e9e comme un sport et poss\u00e8de des r\u00e8gles et des organisations sportives nationales et internationales.<\/p>\n\n\n\n<p>Notamment :<\/p>\n\n\n\n<p>Balero Players\u2019 Association \u2013 International, \u00c9tats-Unis<\/p>\n\n\n\n<p>Federacion International de Balero Asoceichon, Mexique<\/p>\n\n\n\n<p>F\u00e9d\u00e9ration Fran\u00e7aise de Bilboquet Freestyle<\/p>\n\n\n\n<p>F\u00e9d\u00e9ration Internationale de Bilboquet, France<\/p>\n\n\n\n<p>Japan Kendama Association, Japon<\/p>\n\n\n\n<p>Comme dans les sports chor\u00e9graphiques, et les sports de glisse, une pratique artistique appel\u00e9e \u00ab Freestyle \u00bb consiste en la r\u00e9alisation de figures libres. La ficelle pourra \u00eatre supprim\u00e9e pour les joueurs les plus dou\u00e9s.<\/p>\n\n\n\n<p class=\"has-text-align-left\"><strong><span style=\"text-decoration: underline;\">Source<\/span> :<\/strong> Wikip\u00e9dia<\/p>\n\n\n\n<p class=\"has-text-align-right\">Le Conservatoire du jeu &#8211; Avril 2022<\/p>\n\n\n\n<p><\/p>\n","protected":false},"excerpt":{"rendered":"<p>Le bilboquet est un jeu d\u2019adresse compos\u00e9 d\u2019une tige souvent en bois reli\u00e9e par une cordelette \u00e0 une boule perc\u00e9e d\u2019un ou de plusieurs trous d\u2019un diam\u00e8tre ajust\u00e9 \u00e0 la tige. Son nom fran\u00e7ais vient de Bil le Bocquet qui &hellip; <a href=\"https:\/\/leconservatoiredujeu.fr\/index.php\/bilboquet\/\">Continuer la lecture <span class=\"meta-nav\">&rarr;<\/span><\/a><\/p>\n","protected":false},"author":1,"featured_media":9587,"parent":0,"menu_order":0,"comment_status":"closed","ping_status":"closed","template":"","meta":{"footnotes":""},"_links":{"self":[{"href":"https:\/\/leconservatoiredujeu.fr\/index.php\/wp-json\/wp\/v2\/pages\/856"}],"collection":[{"href":"https:\/\/leconservatoiredujeu.fr\/index.php\/wp-json\/wp\/v2\/pages"}],"about":[{"href":"https:\/\/leconservatoiredujeu.fr\/index.php\/wp-json\/wp\/v2\/types\/page"}],"author":[{"embeddable":true,"href":"https:\/\/leconservatoiredujeu.fr\/index.php\/wp-json\/wp\/v2\/users\/1"}],"replies":[{"embeddable":true,"href":"https:\/\/leconservatoiredujeu.fr\/index.php\/wp-json\/wp\/v2\/comments?post=856"}],"version-history":[{"count":8,"href":"https:\/\/leconservatoiredujeu.fr\/index.php\/wp-json\/wp\/v2\/pages\/856\/revisions"}],"predecessor-version":[{"id":12845,"href":"https:\/\/leconservatoiredujeu.fr\/index.php\/wp-json\/wp\/v2\/pages\/856\/revisions\/12845"}],"wp:featuredmedia":[{"embeddable":true,"href":"https:\/\/leconservatoiredujeu.fr\/index.php\/wp-json\/wp\/v2\/media\/9587"}],"wp:attachment":[{"href":"https:\/\/leconservatoiredujeu.fr\/index.php\/wp-json\/wp\/v2\/media?parent=856"}],"curies":[{"name":"wp","href":"https:\/\/api.w.org\/{rel}","templated":true}]}}