{"id":85,"date":"2017-03-19T22:52:43","date_gmt":"2017-03-19T21:52:43","guid":{"rendered":"http:\/\/leconservatoiredujeu.fr\/?page_id=85"},"modified":"2022-04-25T14:44:24","modified_gmt":"2022-04-25T12:44:24","slug":"jeux-de-plateau","status":"publish","type":"page","link":"https:\/\/leconservatoiredujeu.fr\/index.php\/jeux-de-plateau\/","title":{"rendered":"Jeux de Plateau"},"content":{"rendered":"\n<div class=\"wp-block-image\"><figure class=\"aligncenter size-full is-resized\"><img loading=\"lazy\" decoding=\"async\" src=\"http:\/\/leconservatoiredujeu.fr\/wp-content\/uploads\/2022\/04\/istockphoto-903035158-612x612-1.jpg\" alt=\"\" class=\"wp-image-12888\" width=\"442\" height=\"248\" srcset=\"https:\/\/leconservatoiredujeu.fr\/wp-content\/uploads\/2022\/04\/istockphoto-903035158-612x612-1.jpg 612w, https:\/\/leconservatoiredujeu.fr\/wp-content\/uploads\/2022\/04\/istockphoto-903035158-612x612-1-300x168.jpg 300w, https:\/\/leconservatoiredujeu.fr\/wp-content\/uploads\/2022\/04\/istockphoto-903035158-612x612-1-500x280.jpg 500w\" sizes=\"(max-width: 442px) 100vw, 442px\" \/><\/figure><\/div>\n\n\n\n<p><strong><span style=\"text-decoration: underline;\">QU&rsquo;EST CE QUE C&rsquo;EST ?<\/span><\/strong><\/p>\n\n\n\n<p>Le jeu de soci\u00e9t\u00e9 est un jeu qui se pratique \u00e0 plusieurs personnes, par opposition aux jeux qui se pratiquent seul, les jeux solitaires ou casse-t\u00eate.<\/p>\n\n\n\n<p><strong><u>D\u00e9finition<\/u><\/strong><\/p>\n\n\n\n<p>Il n&rsquo;y a pas de d\u00e9finition satisfaisante ni universellement admise. On exclut g\u00e9n\u00e9ralement de ces jeux les activit\u00e9s essentiellement physiques, qu&rsquo;on appelle plus volontiers \u00ab sports \u00bb, bien que certains fassent appel aux capacit\u00e9s de r\u00e9action, de r\u00e9flexion ou d&rsquo;adresse.<\/p>\n\n\n\n<p>En outre, on utilise parfois le terme pour d\u00e9signer des jeux qui ne font pas partie des grands jeux classiques &#8211; \u00e9checs, bridge &#8211; ou des jeux appartenant \u00e0 une branche connaissant un important d\u00e9veloppement, comme les jeux de guerre ou les jeux de figurines. On peut toutefois consid\u00e9rer que le terme jeu de soci\u00e9t\u00e9 regroupe tous les jeux rassemblant au moins deux joueurs, auquel cas, tous ces jeux font bien partie de la famille des jeux de soci\u00e9t\u00e9.<\/p>\n\n\n\n<div class=\"wp-block-image\"><figure class=\"aligncenter is-resized\"><img loading=\"lazy\" decoding=\"async\" src=\"http:\/\/leconservatoiredujeu.fr\/wp-content\/uploads\/2019\/06\/meilleur-jeu-de-soci\u00e9t\u00e9-famille-1-300x200.jpeg\" alt=\"\" class=\"wp-image-3804\" width=\"411\" height=\"273\" srcset=\"https:\/\/leconservatoiredujeu.fr\/wp-content\/uploads\/2019\/06\/meilleur-jeu-de-soci\u00e9t\u00e9-famille-1-300x200.jpeg 300w, https:\/\/leconservatoiredujeu.fr\/wp-content\/uploads\/2019\/06\/meilleur-jeu-de-soci\u00e9t\u00e9-famille-1-768x512.jpeg 768w, https:\/\/leconservatoiredujeu.fr\/wp-content\/uploads\/2019\/06\/meilleur-jeu-de-soci\u00e9t\u00e9-famille-1-1024x682.jpeg 1024w, https:\/\/leconservatoiredujeu.fr\/wp-content\/uploads\/2019\/06\/meilleur-jeu-de-soci\u00e9t\u00e9-famille-1-450x300.jpeg 450w, https:\/\/leconservatoiredujeu.fr\/wp-content\/uploads\/2019\/06\/meilleur-jeu-de-soci\u00e9t\u00e9-famille-1.jpeg 1280w\" sizes=\"(max-width: 411px) 100vw, 411px\" \/><\/figure><\/div>\n\n\n\n<p>Les jeux de soci\u00e9t\u00e9 sont g\u00e9n\u00e9ralement des jeux intellectuels, faisant souvent appel \u00e0 la r\u00e9flexion. Mais ils peuvent aussi faire appel \u00e0 l&rsquo;adresse, l&rsquo;observation, la vivacit\u00e9. Ils se caract\u00e9risent par un r\u00e8glement &#8211; la r\u00e8gle du jeu &#8211; plus ou moins complexe et font appel selon le cas plut\u00f4t au bon sens, ou \u00e0 la m\u00e9moire, ou au hasard&#8230; On note cependant une tendance r\u00e9cente, depuis les ann\u00e9es 1990, \u00e0 des jeux conviviaux dans lesquels le but essentiel est de passer un bon moment plut\u00f4t que d&rsquo;exercer ses capacit\u00e9s de r\u00e9flexion.<\/p>\n\n\n\n<p>La plupart du temps ils n\u00e9cessitent un support : cartes, aire de jeu, d\u00e9s, pions, etc. Ce mat\u00e9riel est parfois standard, parfois sp\u00e9cifique au jeu.<\/p>\n\n\n\n<p>Le nombre de participants (au minimum deux) est variable, mais le plus souvent limit\u00e9 \u00e0 quelques personnes.<br>Pour plus de pr\u00e9cisions, voir \u00ab\u00a0<a href=\"http:\/\/leconservatoiredujeu.fr\/index.php\/definition\/\">D\u00e9finition du mot JEU<\/a>\u00ab\u00a0<\/p>\n\n\n\n<div class=\"wp-block-image\"><figure class=\"aligncenter is-resized\"><img loading=\"lazy\" decoding=\"async\" src=\"http:\/\/leconservatoiredujeu.fr\/wp-content\/uploads\/2017\/03\/Jeu-de-plateau-jeu-de-societe-300x139.png\" alt=\"\" class=\"wp-image-246\" width=\"451\" height=\"210\" srcset=\"https:\/\/leconservatoiredujeu.fr\/wp-content\/uploads\/2017\/03\/Jeu-de-plateau-jeu-de-societe-300x139.png 300w, https:\/\/leconservatoiredujeu.fr\/wp-content\/uploads\/2017\/03\/Jeu-de-plateau-jeu-de-societe.png 435w\" sizes=\"(max-width: 451px) 100vw, 451px\" \/><\/figure><\/div>\n\n\n\n<p class=\"has-text-align-left\">\u00a0<strong><u>Synonymes<\/u><\/strong><\/p>\n\n\n\n<p>Pour tenter de lever les ambig\u00fcit\u00e9s li\u00e9es au nom, plusieurs ludologues ont propos\u00e9 d&rsquo;autres d\u00e9nominations pour la famille des jeux de soci\u00e9t\u00e9. Ont ainsi \u00e9t\u00e9 propos\u00e9s jeu de r\u00e8gle ou jeu de table, sans qu&rsquo;un de ces termes ne parvienne \u00e0 s&rsquo;imposer r\u00e9ellement. D&rsquo;autres synonymes viennent de la francisation d&rsquo;expression anglo-saxonnes :<\/p>\n\n\n\n<p>L&rsquo;expression jeu de plateau, francisation du terme anglais Boardgame est parfois employ\u00e9e, depuis peu d&rsquo;ann\u00e9es[r\u00e9f. souhait\u00e9e], et essentiellement par des joueurs de jeu de cartes \u00e0 collectionner ou de jeu de r\u00f4le pour distinguer les jeux de soci\u00e9t\u00e9 diff\u00e9rents de ceux qu&rsquo;ils pratiquent.<br>Cette m\u00eame expression est aussi parfois utilis\u00e9e pour distinguer les jeux se jouant avec des pions sur un tablier en bois ou en carton des jeux se jouant sans surface de jeu avec des cartes ordinaires ou sp\u00e9ciales. Une classification bas\u00e9e uniquement sur les apparences est sujette \u00e0 caution puisque de nombreux jeux dits de plateau se jouent avec des cartes ou qu&rsquo;inversement de nombreux jeux de cartes se jouent sur un plateau.<br>On parle parfois de jeu allemand. Il s&rsquo;agit l\u00e0 aussi d&rsquo;une francisation du terme German Boardgame qui d\u00e9finit, aux \u00c9tats-Unis, les jeux aux r\u00e8gles simples, de dur\u00e9e limit\u00e9e, par opposition \u00e0 la tendance am\u00e9ricaine de jeux aux r\u00e8gles et \u00e0 la dur\u00e9e plus longues, m\u00eame s&rsquo;ils ont \u00e9t\u00e9 con\u00e7us hors d&rsquo;Allemagne et par des auteurs d&rsquo;autres pays.<\/p>\n\n\n\n<div class=\"wp-block-image\"><figure class=\"aligncenter is-resized\"><img loading=\"lazy\" decoding=\"async\" src=\"http:\/\/leconservatoiredujeu.fr\/wp-content\/uploads\/2017\/03\/Jeux-de-plateau-jeux-soci\u00e9t\u00e9-2-300x199.jpg\" alt=\"\" class=\"wp-image-247\" width=\"416\" height=\"274\"\/><\/figure><\/div>\n\n\n\n<p><strong><u>Histoire r\u00e9cente<\/u><\/strong><\/p>\n\n\n\n<p>Les jeux de soci\u00e9t\u00e9 ont connu des bouleversements depuis les ann\u00e9es 1930.<\/p>\n\n\n\n<p>La premi\u00e8re de ces r\u00e9volutions est incarn\u00e9e par le Monopoly, cr\u00e9\u00e9 dans les ann\u00e9es de la crise \u00e9conomique de 1930. Ce jeu devient l&rsquo;arch\u00e9type des jeux \u00ab \u00e9conomiques \u00bb. Imit\u00e9 \u00e0 de tr\u00e8s nombreuses reprises (Richesses du Monde, Mad &#8230;), il reste le best-seller incontest\u00e9 depuis plus de 70 ans.<\/p>\n\n\n\n<figure class=\"wp-block-gallery columns-2 is-cropped wp-block-gallery-1 is-layout-flex wp-block-gallery-is-layout-flex\"><ul class=\"blocks-gallery-grid\"><li class=\"blocks-gallery-item\"><figure><img loading=\"lazy\" decoding=\"async\" width=\"284\" height=\"300\" src=\"http:\/\/leconservatoiredujeu.fr\/wp-content\/uploads\/2022\/04\/s-l300.jpg\" alt=\"\" data-id=\"12889\" data-link=\"http:\/\/leconservatoiredujeu.fr\/index.php\/jeux-de-plateau\/s-l300-3\/\" class=\"wp-image-12889\"\/><\/figure><\/li><li class=\"blocks-gallery-item\"><figure><img loading=\"lazy\" decoding=\"async\" width=\"300\" height=\"300\" src=\"http:\/\/leconservatoiredujeu.fr\/wp-content\/uploads\/2022\/04\/91MhR-u3-hL._SX466_-300x300-1.jpg\" alt=\"\" data-id=\"12890\" data-full-url=\"http:\/\/leconservatoiredujeu.fr\/wp-content\/uploads\/2022\/04\/91MhR-u3-hL._SX466_-300x300-1.jpg\" data-link=\"http:\/\/leconservatoiredujeu.fr\/index.php\/jeux-de-plateau\/91mhr-u3-hl-_sx466_-300x300-1\/\" class=\"wp-image-12890\" srcset=\"https:\/\/leconservatoiredujeu.fr\/wp-content\/uploads\/2022\/04\/91MhR-u3-hL._SX466_-300x300-1.jpg 300w, https:\/\/leconservatoiredujeu.fr\/wp-content\/uploads\/2022\/04\/91MhR-u3-hL._SX466_-300x300-1-150x150.jpg 150w\" sizes=\"(max-width: 300px) 100vw, 300px\" \/><\/figure><\/li><\/ul><\/figure>\n\n\n\n<p>Dans les ann\u00e9es 1950, le plus connu des jeux de lettres, le Scrabble, supplante le trop simple Lexicon. Brevet\u00e9 aux \u00c9tats-Unis en 1948, il connait son \u00e9dition francophone en 1955. Il reste lui aussi le leader dans son domaine. Le 1000 bornes, cr\u00e9\u00e9 en 1954, est un des premiers jeux de cartes sp\u00e9cifiques modernes.<\/p>\n\n\n\n<div class=\"wp-block-image\"><figure class=\"aligncenter\"><img loading=\"lazy\" decoding=\"async\" width=\"300\" height=\"226\" src=\"http:\/\/leconservatoiredujeu.fr\/wp-content\/uploads\/2019\/06\/Scra6-300x226.jpg\" alt=\"\" class=\"wp-image-3792\" srcset=\"https:\/\/leconservatoiredujeu.fr\/wp-content\/uploads\/2019\/06\/Scra6-300x226.jpg 300w, https:\/\/leconservatoiredujeu.fr\/wp-content\/uploads\/2019\/06\/Scra6.jpg 310w\" sizes=\"(max-width: 300px) 100vw, 300px\" \/><\/figure><\/div>\n\n\n\n<p>En 1957 appara\u00eet un jeu de soci\u00e9t\u00e9 pas comme les autres : La conqu\u00eate du Monde, qui deviendra rapidement Risk. Ce jeu, qui est une illustration de combats militaires simplifi\u00e9e \u00e0 l&rsquo;extr\u00eame, ouvre la voie \u00e0 un univers ludique consid\u00e9rable : les jeux de simulations guerri\u00e8res et les wargames. M\u00eame s&rsquo;il n&rsquo;en est pas un, loin s&rsquo;en faut, Risk a contribu\u00e9 \u00e0 faire conna\u00eetre au grand public l&rsquo;existence et le potentiel ludique des wargames.<\/p>\n\n\n\n<div class=\"wp-block-image\"><figure class=\"aligncenter\"><img loading=\"lazy\" decoding=\"async\" width=\"300\" height=\"300\" src=\"http:\/\/leconservatoiredujeu.fr\/wp-content\/uploads\/2019\/06\/board-games-classic-risk-assassins-creed-edition-3-300x300.jpg\" alt=\"\" class=\"wp-image-3793\" srcset=\"https:\/\/leconservatoiredujeu.fr\/wp-content\/uploads\/2019\/06\/board-games-classic-risk-assassins-creed-edition-3-300x300.jpg 300w, https:\/\/leconservatoiredujeu.fr\/wp-content\/uploads\/2019\/06\/board-games-classic-risk-assassins-creed-edition-3-150x150.jpg 150w, https:\/\/leconservatoiredujeu.fr\/wp-content\/uploads\/2019\/06\/board-games-classic-risk-assassins-creed-edition-3.jpg 600w\" sizes=\"(max-width: 300px) 100vw, 300px\" \/><\/figure><\/div>\n\n\n\n<p>En 1959, est \u00e9dit\u00e9 un jeu dont le retentissement sera consid\u00e9rable : Diplomacy. Il se pr\u00e9sente comme un jeu de combat sur une carte de l&rsquo;Europe divis\u00e9e en zones, o\u00f9 le hasard apr\u00e8s l&rsquo;attribution du pays a \u00e9t\u00e9 totalement \u00e9limin\u00e9. Diplomacy compte des f\u00e9d\u00e9rations, des championnats nationaux, des comp\u00e9titions sur internet, des th\u00e9oriciens et des revues sp\u00e9cialis\u00e9es\u2026<\/p>\n\n\n\n<p>Une des plus grandes \u00e9volutions du jeu est l&rsquo;arriv\u00e9e, en 1974, de Donjons et Dragons, qui invente le jeu de r\u00f4le. Le jeu devient l&rsquo;occasion de cr\u00e9er des aventures imaginaires sans autre support mat\u00e9riel que papier, crayons et quelques d\u00e9s.<\/p>\n\n\n\n<p>1984, Un nouveau jeu d\u00e9barque, et provoque un succ\u00e8s mondial, le Trivial Pursuit. Le jeu aux \u00ab camemberts \u00bb qui n&rsquo;est qu&rsquo;un simple jeu de questions \/ r\u00e9ponses renouvelle le jeu de \u00ab soci\u00e9t\u00e9 \u00bb : un jeu dont la partie d\u00e9bute instantan\u00e9ment apr\u00e8s l&rsquo;ouverture de la bo\u00eete sans aucune pr\u00e9paration ni apprentissage de r\u00e8gles, qui permet de r\u00e9unir toutes les g\u00e9n\u00e9rations, avec une touche de hasard. \u00c0 c\u00f4t\u00e9 du Trivial Pursuit, toute une g\u00e9n\u00e9ration de jeux de questions-r\u00e9ponses fleurit.<br>Apr\u00e8s le Trivial Pursuit, l&rsquo;\u00e9poque est \u00e0 la convivialit\u00e9 : citons notamment le Pictionary, autre succ\u00e8s mondial, consistant \u00e0 faire deviner \u00e0 son \u00e9quipe des mots par des dessins ou Taboo dont le but consiste \u00e0 faire deviner des mots sans employer une liste de termes interdits.<\/p>\n\n\n\n<div class=\"wp-block-image\"><figure class=\"aligncenter\"><img loading=\"lazy\" decoding=\"async\" width=\"300\" height=\"300\" src=\"http:\/\/leconservatoiredujeu.fr\/wp-content\/uploads\/2019\/06\/hasbro-gaming-trivial-pursuit-classic-jeu-de-s-300x300.jpg\" alt=\"\" class=\"wp-image-3796\" srcset=\"https:\/\/leconservatoiredujeu.fr\/wp-content\/uploads\/2019\/06\/hasbro-gaming-trivial-pursuit-classic-jeu-de-s-300x300.jpg 300w, https:\/\/leconservatoiredujeu.fr\/wp-content\/uploads\/2019\/06\/hasbro-gaming-trivial-pursuit-classic-jeu-de-s-150x150.jpg 150w, https:\/\/leconservatoiredujeu.fr\/wp-content\/uploads\/2019\/06\/hasbro-gaming-trivial-pursuit-classic-jeu-de-s.jpg 550w\" sizes=\"(max-width: 300px) 100vw, 300px\" \/><\/figure><\/div>\n\n\n\n<p>Au tournant des ann\u00e9es 1990, les jeux de strat\u00e9gie changent ; aux jeux \u00ab \u00e9tatsuniens \u00bb aux r\u00e8gles de plus en plus complexes, aux parties de plus en plus longues qui visent un public essentiellement jeune et masculin, succ\u00e8dent les jeux \u00ab allemands \u00bb : les r\u00e8gles sont \u00e9pur\u00e9es, les parties sont plus courtes ( le standard est de deux heures au maximum ) afin d&rsquo;attirer un public plus large, et notamment f\u00e9minin. Les jeux de simulation guerri\u00e8re o\u00f9 la victoire passe souvent par l&rsquo;\u00e9crasement de l&rsquo;adversaire passent la main \u00e0 des jeux de coop\u00e9ration entre les joueurs, aux r\u00e8gles \u00e9tudi\u00e9es pour qu&rsquo;aucune d\u00e9faite ne soit trop \u00e9crasante. Le jeu embl\u00e9matique de cette nouvelle vague est les Colons de Catane, aux multiples versions parues depuis sa publication en 1995.<\/p>\n\n\n\n<p>Au d\u00e9but des ann\u00e9es 1990 aussi, apparaissent les jeux de cartes \u00e0 collectionner comme Magic : l&rsquo;assembl\u00e9e (1993). Issus des univers de jeux de r\u00f4les, puis de dessins anim\u00e9s et enfin du cin\u00e9ma. Ces jeux de cartes proposent un duel strat\u00e9gique avec une part de hasard ; c&rsquo;est une nouvelle version de la bataille ou du 1000 bornes.<\/p>\n\n\n\n<div class=\"wp-block-image\"><figure class=\"aligncenter is-resized\"><img loading=\"lazy\" decoding=\"async\" src=\"http:\/\/leconservatoiredujeu.fr\/wp-content\/uploads\/2019\/06\/tgc-starter2-300x180.jpg\" alt=\"\" class=\"wp-image-3797\" width=\"423\" height=\"252\"\/><\/figure><\/div>\n\n\n\n<p>Parmi les jeux qui ont marqu\u00e9 les ann\u00e9es 2000, on peut noter un renouveau des jeux abstraits avec par exemple Blokus, \u00e0 la fois jeu familial rapide et jeu de strat\u00e9gie. Les jeux de questions ou d&rsquo;\u00e9preuves int\u00e8grent de plus en plus souvent un support DVD. Les jeux se d\u00e9veloppent selon deux directions assez oppos\u00e9es. D&rsquo;un c\u00f4t\u00e9 on trouve de plus en plus de jeux rapides et interactifs comme Citadelles, voire des petits jeux, qui tiennent souvent dans la poche et permettent d&rsquo;animer une assembl\u00e9e nombreuse, conqui\u00e8rent un public important, comme Les Loups-garous de Thiercelieux ou Unanimo. D&rsquo;un autre c\u00f4t\u00e9, on voit appara\u00eetre des jeux plus complexes et demandant un investissement personnel plus important, comme Puerto Rico ou Caylus.<\/p>\n\n\n\n<div class=\"wp-block-image\"><figure class=\"aligncenter\"><img loading=\"lazy\" decoding=\"async\" width=\"300\" height=\"293\" src=\"http:\/\/leconservatoiredujeu.fr\/wp-content\/uploads\/2017\/03\/jeux-de-plateau-oie-300x293.jpeg\" alt=\"\" class=\"wp-image-248\"\/><\/figure><\/div>\n\n\n\n<p class=\"has-text-align-left\"><strong><u>Exemples de jeux de soci\u00e9t\u00e9<\/u><\/strong><\/p>\n\n\n\n<p>La classification des jeux de soci\u00e9t\u00e9 est difficile. Les jeux ont souvent plusieurs caract\u00e9ristiques et de ce fait peuvent appartenir \u00e0 plusieurs familles. La bataille est \u00e0 la fois un jeu de cartes et un jeu de hasard. Le jeu d&rsquo;\u00e9checs est \u00e0 la fois un jeu de strat\u00e9gie et un jeu combinatoire abstrait.<\/p>\n\n\n\n<p><strong><u>Jeu de cartes ou de dominos<\/u><\/strong><\/p>\n\n\n\n<p>Ces jeux de cartes peuvent utiliser des cartes traditionnelles, comme la belote, le bridge, le poker, le rami, ou le tarot. Ils sont alors disponibles sous la forme d&rsquo;une r\u00e8gle.<\/p>\n\n\n\n<p>Des jeux utilisent des cartes \u00e0 jouer sp\u00e9cifiques. Certains jeux sont traditionnels, comme le jeu des 7 familles. D&rsquo;autres ont \u00e9t\u00e9 cr\u00e9\u00e9s par des auteurs ou des \u00e9diteurs comme Stupide vautour. Certains sont inspir\u00e9s de jeux classiques mais ont retrouv\u00e9 une nouvelle jeunesse avec des cartes sp\u00e9cifiques, plus agr\u00e9ables ou instinctives comme Speed, Jungle Speed, Uno, Les Loups Garous de Thiercelieux&#8230;<\/p>\n\n\n\n<div class=\"wp-block-image\"><figure class=\"aligncenter\"><img loading=\"lazy\" decoding=\"async\" width=\"300\" height=\"300\" src=\"http:\/\/leconservatoiredujeu.fr\/wp-content\/uploads\/2017\/03\/Jeux-de-plateau-coffret-jeux.jpg\" alt=\"\" class=\"wp-image-249\" srcset=\"https:\/\/leconservatoiredujeu.fr\/wp-content\/uploads\/2017\/03\/Jeux-de-plateau-coffret-jeux.jpg 300w, https:\/\/leconservatoiredujeu.fr\/wp-content\/uploads\/2017\/03\/Jeux-de-plateau-coffret-jeux-150x150.jpg 150w\" sizes=\"(max-width: 300px) 100vw, 300px\" \/><\/figure><\/div>\n\n\n\n<p class=\"has-text-align-left\"><strong><u>Jeux de strat\u00e9gie<\/u><\/strong><\/p>\n\n\n\n<p>Dans Caylus la r\u00e9flexion ne laisse place \u00e0 aucun hasard.Tout le monde n&rsquo;accorde pas la m\u00eame signification \u00e0 l&rsquo;expression. Pour les uns, il s&rsquo;agit de jeux vid\u00e9o, pour d&rsquo;autres de jeux de guerre, pour d&rsquo;autres encore de jeux abstraits.<\/p>\n\n\n\n<p>En termes de jeux de soci\u00e9t\u00e9, il existe plusieurs jeux de strat\u00e9gie classiques comme le backgammon, la bataille navale (\u00e9galement jeu de d\u00e9duction) ou le trictrac. On peut \u00e9galement citer le puluc d&rsquo;origine sud-am\u00e9ricaine.<\/p>\n\n\n\n<p>Au cours des derni\u00e8res ann\u00e9es, on a vu appara\u00eetre de nombreux jeux d&rsquo;auteurs dont beaucoup s&rsquo;apparentent \u00e0 des jeux de strat\u00e9gie. Il peut s&rsquo;agir de jeux de conqu\u00eate comme Risk, Stratego ou Tigre &amp; Euphrate. D&rsquo;autres jeux simulent des \u00e9conomies ou des civilisations comme Les Colons de Catane ou Puerto Rico. Full M\u00e9tal Plan\u00e8te met les joueurs dans la peau de colons exploitant les richesses min\u00e9rales d&rsquo;une plan\u00e8te \u00e9loign\u00e9e. Certains jeux de strat\u00e9gie font appel aux capacit\u00e9s d&rsquo;influence et de manipulation des joueurs, parfois agr\u00e9ment\u00e9s de votes. On parle alors de jeux de n\u00e9gociation dont les plus connus sont Diplomatie, Nomic ou Junta.<\/p>\n\n\n\n<p><strong><u>Jeux combinatoires abstraits<\/u><\/strong><\/p>\n\n\n\n<p>Lorsque la r\u00e9flexion est le seul moteur du jeu et que le hasard n&rsquo;a pas de place, g\u00e9n\u00e9ralement dans des jeux opposant deux joueurs ce qui exclut tout caract\u00e8re diplomatique, on parle de jeux de strat\u00e9gie combinatoire abstrait.<\/p>\n\n\n\n<p>Certains jeux sont classiques ou traditionnels, comme l&rsquo;aw\u00e9l\u00e9, les dames, le jeu d&rsquo;\u00e9checs, le sh\u00f4gi, le xiangqi ou le jeu de go. D&rsquo;autres ont \u00e9t\u00e9 cr\u00e9\u00e9s ces derni\u00e8res ann\u00e9es par les auteurs ou des \u00e9diteurs, comme Abalone, GIPF, Othello ou Puissance 4. Quelques jeux tr\u00e8s simples, totalement r\u00e9solus, sont \u00e0 rattacher \u00e0 ce type de jeux comme le jeu de Nim.<\/p>\n\n\n\n<p>Les derni\u00e8res ann\u00e9es ont vu arriver de nombreux jeux d&rsquo;auteurs dont certains sont devenus presque des classiques comme Gobblet ou Othello.<\/p>\n\n\n\n<p><strong><u>Jeux de lettres<\/u><\/strong><\/p>\n\n\n\n<p>Faisant appel la plupart du temps \u00e0 des anagrammes, Ils peuvent se jouer avec des d\u00e9s comme le Boggle, des plaquettes ou jetons comme le Jarnac ou le Scrabble, ou encore avec des cartes \u00e0 jouer sp\u00e9ciales comme le Lexicon.<\/p>\n\n\n\n<p><strong><u>Jeux de hasard<\/u><\/strong><\/p>\n\n\n\n<p>Dans les jeux de hasard pur, le r\u00e9sultat du jeu ne d\u00e9pend que du hasard : jeu de l&rsquo;oie, bataille ou Loto.<\/p>\n\n\n\n<p>Les jeux de hasard raisonn\u00e9 font appel \u00e0 la r\u00e9flexion et aux probabilit\u00e9s : backgammon, trictrac, jeu des petits chevaux, Monopoly.<\/p>\n\n\n\n<div class=\"wp-block-image\"><figure class=\"aligncenter\"><img loading=\"lazy\" decoding=\"async\" width=\"225\" height=\"225\" src=\"http:\/\/leconservatoiredujeu.fr\/wp-content\/uploads\/2019\/06\/t\u00e9l\u00e9chargement-6.jpg\" alt=\"\" class=\"wp-image-3798\" srcset=\"https:\/\/leconservatoiredujeu.fr\/wp-content\/uploads\/2019\/06\/t\u00e9l\u00e9chargement-6.jpg 225w, https:\/\/leconservatoiredujeu.fr\/wp-content\/uploads\/2019\/06\/t\u00e9l\u00e9chargement-6-150x150.jpg 150w\" sizes=\"(max-width: 225px) 100vw, 225px\" \/><\/figure><\/div>\n\n\n\n<p><strong><u>Jeux d&rsquo;adresse<\/u><\/strong><\/p>\n\n\n\n<p>Ils font appel \u00e0 l&rsquo;habilet\u00e9 physique. On connait le traditionnel Mikado, mais aussi le jeu de puce. Quelques jeux d&rsquo;auteurs r\u00e9cents font appel \u00e0 l&rsquo;adresse, comme Villa Paletti. Le carrom est d&rsquo;abord un jeu d&rsquo;adresse avant de devenir un jeu de strat\u00e9gie \u00e0 partir d&rsquo;un certain niveau.<\/p>\n\n\n\n<p><strong><u>Jeux d&rsquo;assembl\u00e9e<\/u><\/strong><\/p>\n\n\n\n<p>Ces jeux ont pour but de faire jouer ensemble un grand nombre de joueurs. Les r\u00e8gles sont souvent tr\u00e8s simples et le but est essentiellement de passer un moment agr\u00e9able en famille ou avec des amis. Ils font souvent appel \u00e0 la connaissance comme le Trivial Pursuit ou Time&rsquo;s Up!. De plus, ils peuvent simplement constituer en jeux de r\u00f4le, comme les loups-garous de Thiercelieux, qui conna\u00eet un succ\u00e8s retentissant chez les groupes de huit joueurs et plus depuis quelques ann\u00e9es.<\/p>\n\n\n\n<div class=\"wp-block-image\"><figure class=\"aligncenter\"><img loading=\"lazy\" decoding=\"async\" width=\"300\" height=\"200\" src=\"http:\/\/leconservatoiredujeu.fr\/wp-content\/uploads\/2017\/03\/Jeux-de-plateau-time_up_carte-300x200.jpg\" alt=\"\" class=\"wp-image-250\" srcset=\"https:\/\/leconservatoiredujeu.fr\/wp-content\/uploads\/2017\/03\/Jeux-de-plateau-time_up_carte-300x200.jpg 300w, https:\/\/leconservatoiredujeu.fr\/wp-content\/uploads\/2017\/03\/Jeux-de-plateau-time_up_carte-768x511.jpg 768w, https:\/\/leconservatoiredujeu.fr\/wp-content\/uploads\/2017\/03\/Jeux-de-plateau-time_up_carte.jpg 800w\" sizes=\"(max-width: 300px) 100vw, 300px\" \/><\/figure><\/div>\n\n\n\n<p class=\"has-text-align-left\"><strong><u>Prix et r\u00e9compenses<\/u><\/strong><\/p>\n\n\n\n<p>Il y a plusieurs prix r\u00e9compensant les nouveaux jeux de soci\u00e9t\u00e9. Les plus importants sont :<\/p>\n\n\n\n<p><u>Spiel des Jahres<\/u>\u00a0(Jeu de l&rsquo;ann\u00e9e) : Prix Allemand attribu\u00e9 par un jury de journalistes.<br><u>Deutscher Spiele Preis<\/u>\u00a0(Prix du Jeu allemand) : Prix Allemand attribu\u00e9 par des joueurs.<br><u>Jeu de l&rsquo;ann\u00e9e<\/u>\u00a0: Prix Fran\u00e7ais qui a fusionn\u00e9 avec l&rsquo;As d&rsquo;Or du Festival des jeux de Cannes, attribu\u00e9 par un jury de personnalit\u00e9s.<br><u>Origins Award<\/u>\u00a0: Plusieurs prix attribu\u00e9s par cat\u00e9gories, \u00e0 des jeux am\u00e9ricains pour l&rsquo;essentiel.<br><u>Speelgoed van het jaar<\/u>\u00a0(Jeu de l&rsquo;ann\u00e9e aux Pays-Bas) : Prix attribu\u00e9 par des joueurs.<br><u>Tric-trac d&rsquo;or<\/u>\u00a0: Prix Fran\u00e7ais attribu\u00e9 par les internautes fr\u00e9quentant le site Tric-trac (par leurs notes) et par un jury se r\u00e9unissant une fois l&rsquo;an.<\/p>\n\n\n\n<p class=\"has-text-align-right\">Le Conservatoire du Jeu &#8211; Avril 2022<\/p>\n","protected":false},"excerpt":{"rendered":"<p>QU&rsquo;EST CE QUE C&rsquo;EST ? Le jeu de soci\u00e9t\u00e9 est un jeu qui se pratique \u00e0 plusieurs personnes, par opposition aux jeux qui se pratiquent seul, les jeux solitaires ou casse-t\u00eate. D\u00e9finition Il n&rsquo;y a pas de d\u00e9finition satisfaisante ni &hellip; <a href=\"https:\/\/leconservatoiredujeu.fr\/index.php\/jeux-de-plateau\/\">Continuer la lecture <span class=\"meta-nav\">&rarr;<\/span><\/a><\/p>\n","protected":false},"author":1,"featured_media":10435,"parent":0,"menu_order":0,"comment_status":"closed","ping_status":"closed","template":"","meta":{"footnotes":""},"_links":{"self":[{"href":"https:\/\/leconservatoiredujeu.fr\/index.php\/wp-json\/wp\/v2\/pages\/85"}],"collection":[{"href":"https:\/\/leconservatoiredujeu.fr\/index.php\/wp-json\/wp\/v2\/pages"}],"about":[{"href":"https:\/\/leconservatoiredujeu.fr\/index.php\/wp-json\/wp\/v2\/types\/page"}],"author":[{"embeddable":true,"href":"https:\/\/leconservatoiredujeu.fr\/index.php\/wp-json\/wp\/v2\/users\/1"}],"replies":[{"embeddable":true,"href":"https:\/\/leconservatoiredujeu.fr\/index.php\/wp-json\/wp\/v2\/comments?post=85"}],"version-history":[{"count":12,"href":"https:\/\/leconservatoiredujeu.fr\/index.php\/wp-json\/wp\/v2\/pages\/85\/revisions"}],"predecessor-version":[{"id":12891,"href":"https:\/\/leconservatoiredujeu.fr\/index.php\/wp-json\/wp\/v2\/pages\/85\/revisions\/12891"}],"wp:featuredmedia":[{"embeddable":true,"href":"https:\/\/leconservatoiredujeu.fr\/index.php\/wp-json\/wp\/v2\/media\/10435"}],"wp:attachment":[{"href":"https:\/\/leconservatoiredujeu.fr\/index.php\/wp-json\/wp\/v2\/media?parent=85"}],"curies":[{"name":"wp","href":"https:\/\/api.w.org\/{rel}","templated":true}]}}