{"id":8491,"date":"2020-06-24T17:11:26","date_gmt":"2020-06-24T15:11:26","guid":{"rendered":"http:\/\/leconservatoiredujeu.fr\/?page_id=8491"},"modified":"2022-04-28T11:34:57","modified_gmt":"2022-04-28T09:34:57","slug":"infogrames","status":"publish","type":"page","link":"https:\/\/leconservatoiredujeu.fr\/index.php\/infogrames\/","title":{"rendered":"Infogrames"},"content":{"rendered":"\n<div class=\"wp-block-image\"><figure class=\"aligncenter size-large is-resized\"><img loading=\"lazy\" decoding=\"async\" src=\"data:image\/png;base64,iVBORw0KGgoAAAANSUhEUgAAAJcAAABxCAMAAADvXMHUAAAAaVBMVEX\/\/\/8AAAD4+Pj09PS7u7v7+\/sFBQXx8fHo6Ojb29vQ0NA9PT22trYfHx\/u7u7l5eVVVVWsrKxra2uXl5deXl6GhoZycnLDw8PKysqkpKRCQkJ5eXklJSUYGBgzMzMqKipKSkoQEBCPj4\/ivkdqAAALrUlEQVR4nO1biZKbuhJFYt+FEPsm+P+PvK0NjD3OMI5n8l7VdFUSBBgduk9vErGsX\/mVX\/mVX\/mVL4mdB\/8awgcSVn06suZfw7gTt1uQkLX810hO4tbIyP8SsIwIRFMZOT1Czn7a\/YeQhGRUakpwK6tRn8uTuBl6PoQ\/j8b1bX00SFiVwhgrS4bUEyfHn3aErGScbFI1hYS1ZOpCi2I426Sabmn0k6jcYpazzi1oRkHozDUGhwrqmoQDItkPwqqkkSA0LIGlXHHepy8QbSYDFfMD8PdLpabNkhRVrbLXtl\/M50lpkGNLmHW2nz\/oreIqnot4EK1IqQblx2Xlnchz9Cj5IVybnLaWx6WmN7u5rrRpiNXoO79dGjWtikzBqkbFcT3v0a0jBD36vnSOj0NbJcJBjUKtr5uplTrRqEOqWwmLu3n4DX7p3KhDWSnVsyqqIX5czzThqMlCDUTckKxovnnIe6TcDpeKlK\/VatZchTGjPSEdurNskJJm\/o6UXg5HAjaFg07OyT0Iy9XsunFQ7gkVkm5Gb439260\/RcpKfXZCuRzpWYcz1B+\/qbT75kv8RlhlfUN6Hdx1joaZNL38M4jjDnNqEeorbmqgv5WE3Xp5rtOxrhISD92yDcQ3ZjzqiHAyMPFcv6ska8dTBVVou2mfN8o5klCkz0w7vVR2aOVxeZz+Ownnk+YxUbPq6I6Ncg7aG2+Md8W0qwhm2n3Re2IFJtVpbKKooZceeofRdG5E1JxQrmGG\/WC9Q6rYP421GU0m1hkJjbv\/+\/O9ZUPpGqbWqfrzA1+TBt2V51obqWaJSdrx7hqhd097dY8B7sg8YTvt3\/A\/vG8G81Hj0OFfJyHE93RgNLjuLxRLhZrcGI6JIC2Et9dDLK6Xu7cyMZPoG7QXILZHOEP72WhQUXAPsv68WZgh7lTjy53SYxQ0dtMJIBsNyXdcDxpM7ryA1SIGdnDAsPWS5OtDPWecTZPauCM68iczGjwDPfgwEKCHeOHo1dg\/TA+ajvWs2rtM1ECVwYWNOw7nE0fU2mIM+oKxS8hLsCJU3Z\/Kp7OzGbodQSEzXaNRUKCG7f6MLrUhVYlHd+srZSyQ8yFl7Di0LznoDoUw0Umj5ieH5os1A9uKLB6iV1rx5FFde7E15ufx0SGa7Lhzpzv9QP4mF3fBw7PlhcYSx95jgLkPAib6H\/TZNWoMpxL7TRkkcLkETQ50vI9v\/qkUp8brNAmE1ewO194g7riMgpQHsyMOJsKmrexK6AdTfCbTR15s1t5Mjttx7UTZGac1qquxm4AjcYknzfnAvwyrOQL2jZjgxPEzXIZxq9ZooOrZG4MVEpdoMRn7Mi5wxo\/qEZN2iG8LwQcubJ\/PLIE8gyPln5u+bttuh0IYuPIFvhzAWnTvw1FJ1tXAQJ6W+\/FxZj2NvdsbxF9pKJrfL+urQtOpOW44eq+skcz5XwwUeYzITSVhl5\/O81WZIiuCpD+1z0F8IMmpM8bD5\/O8gEsWJ\/xLqag+0QtGI2WIUErQStkEB5QyD\/FhoMLdyFANHE3yrEjscB28La4pW+GHlI6zuERnNNfDAOcMLllCfmUJKptvm3jhOQSHqMU4H5c8jxMXg6PNie9aOKTI8V1sZdAIYNfFAUNTiN1GpHIMwaBysQ+tC\/zApjx3sWsXapUagkWRCtZ+Yc1OBO09cdgiMkLNhCIMCTcNgjixOloT6trb0FgOs\/yKJVYT2\/ZWhRCeuJXn0H2UVgYEcNxctFQNreulgpsHN5SFTw9lY8VF\/TZfX30Cw3sndSlcfmm1Uy5wVeO8VgI+sdpBvkY69TgQrEzgz9ZBxVBapZ+gICwEroQTDhpsasZVqQRtt8sHmR6uN26Q00ZzjNmOC\/MA01DgAikqwQ+NC8Iq6MsvtxDXEM55DYbcrKHNKqt0BC7s43CJI2GEVtbe8IwAUresBK76ZAbkXcwgmHdcLu+sROJyto5VolphAleEWGFFse1iDArlNi47HKSAq7QCTFqprzkG2lPCaOaLuJX6YsU4VL7OL9b5ojrecck1D42LcMv3BS6Rv6nrV7VjNcCvgQC\/Zpwx1lpbZWVB7lu0ghY2g8kjxS9KgV8JYZlt4mknq5KMX6a+MPpuR1XoMRyBHZn0ScAlAtpaCKuEBPwR\/s3r2M8Fv8pI9P0AAUwIwWZDkU3AKSFKD7HsaItJNyVM9UjhiKZruETu3W9VuFJGEGcjihkjU89kkeBxCGhwtMK\/rEcT3ALXY8Jg4pHxBWJZDD\/hLJ2ZkAXNjFLBeyKCUDDpYrK7qjCZdc643ipExni5xBAmgexyL22IyKrU3Pl2XF6pMm8FdAfLrK3g86VOUqZDE++\/hMv7ZAyV0qYTYjBvqv2E+rNEl1pvics0Hb5zkkS1qVOnBkuiS8WqgXEzIN7oHoCKEzChKhTjRP66Zd6xPBBZNRc3l5a9TlcWUSSuZ5rVJU+jdFmbFkmVHxQCgO7BZRTvIGbKyk2vomXLvk5RxxDjwGcX0SuVN+ugn+B6dmO+Kv3IZ8M76z1RubfhQIFt2aqEFPVbEMPfCnioX8qUKeG6wWtRses7RlAo9BeYLy3Bnq2b6YZQTDsRk6fkwhxk+MQyGhXpWK4HKf2pHT++GB5tKRSG3iwOm0jsKF0wpHzD8dlyo6oHRA4pZTurCCS2Gku13KQ8xQtBc2JD1I13O7dHtTlB4s5TtK\/WTRd2aFSv9fQFSk0oN50Fdn\/VfIqQJ53YVYZMAHGxv6bsfMhqvFxq0ud7QMXsQourXvgpE2WCg9ZWT6sNG4MVzV6DYpyVEkkaubM1BYJ+Ril4ljTZjvWBIv28DMukpfjTGyVur+SpeqjaAfHYzawSaGl8ulLqy\/vxUJd8hfBY2AivEEy2+97zRSBpGW9vsnRbcqwZ6lhiFjfDUapv238QLFwdMPmlhRA7vpAjFZX\/YHFlOvP2qtefDkfxyem63L9Ny8PFB6Oc8Fh4ZRdaSRWTvOd1JJbAuLmhO0KtkmY9nVC1ZWzW5pyDu9XeEFZX1pzUus0fkpbaikq3UISxgmiiHyItefSG0gA7ldJjNcxmpsgpr5T56n3\/sMW0L9z3VBzR+U5hgdT4sac3HHTLe+9mfTTgepryUiOpqDw9o75NUZFXekt0hu4sEsCOD4RygmQ0ZdqnQ7kKJvcxnfG8n5AxldSqS22R2mtC8cfOa9cyLQdNWW1dJOduBbDFkQELtxwNgXy1Psn9LCzXtBDUmLeCInK3+G5XE6JR1l9b09Trax\/ulfjsA+pFsv1iRRQl0ObV2MKdJMPM+1W8Hy6lrZfuMb+1oLL4avNhllKTh\/zdxqj+IPsHZi8EJlfEDLWl41JiySLHiT7OumFXbxebNVcD8+jZlgGo\/eNn4JYKnXlxufM6b7qyaN\/7mQnWX7OgdHB29YRljNKnERCHTeJE3\/4VmmP2VNBIy8JJik3GhH\/wIeOdZNuCzrLSry3wfZfkJZtNU+MtZIv+9Qepu+DcKauhHqoyCX\/qc7xf+ZUbwVkeOUW5DTWlrHzT9zevimsHoVNsA5nXUyDpyyyH8NptAyX9vIwkecf3JRcEZ2FTlAOJlwndyzoTxufbC15KGte1QaMtBOaia1\/8NuGPiPIoKQfWP+LZUZxH69zTrSuF5hZzqZZFLLaD\/B0IsyjZKE8fkfxJ1nE+69RL47rstooyMHHKS5PR3JeiNQTWOj6RCKVzer+0dUW8dEz3B00xTYS7VDXAHJKva+\/Y41vTcea0ghcm4wMubxyXY9ZPIU4x7+fJPCUdXqhC3GiDejlpojDPbPG\/cR4INpKq6yoyrndoLyqVNm+ojfKOC0pPy9wTWnVOG4pA0J0rj3Xp6TCQMyHT+VCQOcWH5G0BD0dRGOa+b+Odr6DSeVzmmBM2lEUT5T7Oav2x0zqNMadbUVT8YOWaxqQq2uD7S4EAsAaZf\/A3c6oB7A8ow0CcbmXPuY4xqauuDX8A0kVxo6YF8Nk3hNZf+ZVf+ZVf+f+V\/wAeNKwfDO6ryAAAAABJRU5ErkJggg==\" alt=\"\" width=\"196\" height=\"145\"\/><\/figure><\/div>\n\n\n\n<p>Infogrames Interactive est une entreprise qui a exerc\u00e9 son activit\u00e9 dans le domaine du d\u00e9veloppement et l\u2019\u00e9dition de jeu vid\u00e9o \u00e0 partir de 2001.<\/p>\n\n\n\n<p>Dans les ann\u00e9es 1990, Infogrames se lance dans les jeux de plateau avec un support cassette VHS \u00e0 la mani\u00e8re <em>d&rsquo;Atmosfear<\/em>. Deux jeux sont sortis \u00e0 notre connaissance, sur les th\u00e9matiques du sport.<\/p>\n\n\n\n<p>Infogrames Entertainment rach\u00e8te Hasbro Interactive en 2001 au moment o\u00f9 Hasbro est en difficult\u00e9 financi\u00e8re et a besoin d&rsquo;argent. \u00c0 la suite du rachat, Hasbro Interactive est renomm\u00e9 Infogrames Interactive. <\/p>\n\n\n\n<p>En 2003, Infogrames Entertainment d\u00e9cide d&rsquo;utiliser la marque Atari pour toutes ses op\u00e9rations, renomme Infograme Inc. en Atari Inc. et r\u00e9alise une fusion d&rsquo;Infogrames Interactive avec Atari Interactive. La nouvelle filiale prend le nom d&rsquo;Atari Interactive.<\/p>\n\n\n\n<div class=\"wp-block-image\"><figure class=\"aligncenter size-large\"><img decoding=\"async\" src=\"https:\/\/upload.wikimedia.org\/wikipedia\/fr\/b\/b4\/Driver_Logo.png\" alt=\"\"\/><\/figure><\/div>\n\n\n\n<p>Driver, en version originale Driver: You Are the Wheelman, est un jeu vid\u00e9o d\u00e9velopp\u00e9 par Reflections, sorti le 30 juin 1999 sur PlayStation. Il a \u00e9t\u00e9 adapt\u00e9 sur Mac OS, Windows et Game Boy Color. C&rsquo;est un jeu vid\u00e9o de course-poursuite dont l&rsquo;histoire se passe pendant les ann\u00e9es 1970.<\/p>\n\n\n\n<p>Le jeu conna\u00eet un important succ\u00e8s et marque les d\u00e9buts de la s\u00e9rie Driver, \u00e9coul\u00e9e \u00e0 plus de 14 millions d&rsquo;exemplaires en 2006.<\/p>\n\n\n\n<div class=\"wp-block-image\"><figure class=\"aligncenter size-large\"><img decoding=\"async\" src=\"https:\/\/image.jeuxvideo.com\/images-sm\/ps\/d\/r\/drv2ps0f.jpg\" alt=\"\"\/><\/figure><\/div>\n\n\n\n<p>Driver 2 est un jeu vid\u00e9o d\u00e9velopp\u00e9 par Reflections sorti le 22 juin 2000 sur PlayStation sous le nom Driver 2: The Wheelman is Back (en Europe, Driver 2: Back on the Streets).<\/p>\n\n\n\n<p> Il est la suite du premier opus homonyme, Driver. D\u00e9velopp\u00e9 par Reflections Software et \u00e9dit\u00e9 par Infogrames, c&rsquo;est le premier jeu grand public en 3D \u00e0 combiner des phases \u00e0 pied et en voiture; ce qui est \u00e0 l&rsquo;\u00e9poque, assez r\u00e9volutionnaire.<\/p>\n\n\n\n<p> Deux ans plus tard, une version modifi\u00e9e sort sur Game Boy Advance.<\/p>\n\n\n\n<p class=\"has-text-align-right\">Le Conservatoire du Jeu &#8211; Avril 2022<\/p>\n\n\n\n<p><\/p>\n","protected":false},"excerpt":{"rendered":"<p>Infogrames Interactive est une entreprise qui a exerc\u00e9 son activit\u00e9 dans le domaine du d\u00e9veloppement et l\u2019\u00e9dition de jeu vid\u00e9o \u00e0 partir de 2001. Dans les ann\u00e9es 1990, Infogrames se lance dans les jeux de plateau avec un support cassette &hellip; <a href=\"https:\/\/leconservatoiredujeu.fr\/index.php\/infogrames\/\">Continuer la lecture <span class=\"meta-nav\">&rarr;<\/span><\/a><\/p>\n","protected":false},"author":1,"featured_media":0,"parent":0,"menu_order":0,"comment_status":"closed","ping_status":"closed","template":"","meta":{"footnotes":""},"_links":{"self":[{"href":"https:\/\/leconservatoiredujeu.fr\/index.php\/wp-json\/wp\/v2\/pages\/8491"}],"collection":[{"href":"https:\/\/leconservatoiredujeu.fr\/index.php\/wp-json\/wp\/v2\/pages"}],"about":[{"href":"https:\/\/leconservatoiredujeu.fr\/index.php\/wp-json\/wp\/v2\/types\/page"}],"author":[{"embeddable":true,"href":"https:\/\/leconservatoiredujeu.fr\/index.php\/wp-json\/wp\/v2\/users\/1"}],"replies":[{"embeddable":true,"href":"https:\/\/leconservatoiredujeu.fr\/index.php\/wp-json\/wp\/v2\/comments?post=8491"}],"version-history":[{"count":6,"href":"https:\/\/leconservatoiredujeu.fr\/index.php\/wp-json\/wp\/v2\/pages\/8491\/revisions"}],"predecessor-version":[{"id":12944,"href":"https:\/\/leconservatoiredujeu.fr\/index.php\/wp-json\/wp\/v2\/pages\/8491\/revisions\/12944"}],"wp:attachment":[{"href":"https:\/\/leconservatoiredujeu.fr\/index.php\/wp-json\/wp\/v2\/media?parent=8491"}],"curies":[{"name":"wp","href":"https:\/\/api.w.org\/{rel}","templated":true}]}}