{"id":8487,"date":"2020-06-24T17:18:15","date_gmt":"2020-06-24T15:18:15","guid":{"rendered":"http:\/\/leconservatoiredujeu.fr\/?page_id=8487"},"modified":"2022-04-27T15:28:47","modified_gmt":"2022-04-27T13:28:47","slug":"editions-nord-sud","status":"publish","type":"page","link":"https:\/\/leconservatoiredujeu.fr\/index.php\/editions-nord-sud\/","title":{"rendered":"Editions Nord-Sud"},"content":{"rendered":"\n<div class=\"wp-block-image\"><figure class=\"aligncenter size-large is-resized\"><img loading=\"lazy\" decoding=\"async\" src=\"https:\/\/www.editionsnordsud.com\/assets\/img\/logo-nordsud.jpg\" alt=\"\" width=\"226\" height=\"257\"\/><\/figure><\/div>\n\n\n\n<p>Maison d&rsquo;\u00e9dition cr\u00e9\u00e9e en 1981, filiale francophone \u00e0 l\u2019\u00e9poque de la maison suisse allemande NordS\u00fcd Verlag, actuellement toujours bien pr\u00e9sente sur les march\u00e9s de langue allemande.<\/p>\n\n\n\n<p>Si elles ont offert \u00e0 la litt\u00e9rature de jeunesse certains de ses plus fameux h\u00e9ros (le scintillant poisson Arc-en-ciel et le pingouin Pit de Marcus Pfister, l\u2019adorable lapin Fenouil d\u2019\u00c8ve Tharlet, ou encore le Petit Ours Polaire d\u2019Hans de Beer), les \u00e9ditions NordSud ont \u00e9galement acquis une solide r\u00e9putation d\u2019\u00e9diteur de contes classiques, en faisant appel \u00e0 des illustrateurs de talent tels Lisbeth Zwerger, Bernadette ou Binette Schroeder.<\/p>\n\n\n\n<p>Des livres-jeux aux grandioses livres-objets de Kveta Pacovska, des albums cartonn\u00e9s pour tout-petits aux biographies musicales pour toute la famille, de la richesse des \u00ab\u00a0docu-fictions\u00a0\u00bb \u00e0 l\u2019humour de John Rowe, c\u2019est avec toujours plus d\u2019audace, de cr\u00e9ativit\u00e9 et d\u2019exigence litt\u00e9raire que NordSud entend continuer \u00e0 d\u00e9fendre cette formidable diversit\u00e9 pour le plus grand nombre.<\/p>\n\n\n\n<p>Depuis septembre 2011, Les Editions NordSud France ont \u00e9t\u00e9 reprises par les Editions Mijade, Editeur belge sp\u00e9cialis\u00e9 dans le secteur de la Jeunesse. Gr\u00e2ce \u00e0 cette alliance, de nouvelles perspectives \u00e9ditoriales et commerciales s\u2019ouvrent aux \u00e9ditions NordSud pour le plus grand bonheur des amateurs de litt\u00e9rature jeunesse de qualit\u00e9 !<\/p>\n\n\n\n<div class=\"wp-block-image\"><figure class=\"aligncenter size-large is-resized\"><img loading=\"lazy\" decoding=\"async\" src=\"https:\/\/www.editionsnordsud.com\/uploads\/livres\/couvertures\/AEC-plus-beau-poisson-2017.jpg\" alt=\"\" width=\"254\" height=\"263\"\/><\/figure><\/div>\n\n\n\n<p><strong><u>Liens<\/u><\/strong><\/p>\n\n\n\n<p>Le site officiel de la marque&nbsp;<a href=\"https:\/\/www.editionsnordsud.com\/\">Editions Nord-Sud<\/a><\/p>\n\n\n\n<p class=\"has-text-align-right\">Le Conservatoire du Jeu &#8211; Avril 2022<\/p>\n","protected":false},"excerpt":{"rendered":"<p>Maison d&rsquo;\u00e9dition cr\u00e9\u00e9e en 1981, filiale francophone \u00e0 l\u2019\u00e9poque de la maison suisse allemande NordS\u00fcd Verlag, actuellement toujours bien pr\u00e9sente sur les march\u00e9s de langue allemande. Si elles ont offert \u00e0 la litt\u00e9rature de jeunesse certains de ses plus fameux &hellip; <a href=\"https:\/\/leconservatoiredujeu.fr\/index.php\/editions-nord-sud\/\">Continuer la lecture <span class=\"meta-nav\">&rarr;<\/span><\/a><\/p>\n","protected":false},"author":1,"featured_media":0,"parent":0,"menu_order":0,"comment_status":"closed","ping_status":"closed","template":"","meta":{"footnotes":""},"_links":{"self":[{"href":"https:\/\/leconservatoiredujeu.fr\/index.php\/wp-json\/wp\/v2\/pages\/8487"}],"collection":[{"href":"https:\/\/leconservatoiredujeu.fr\/index.php\/wp-json\/wp\/v2\/pages"}],"about":[{"href":"https:\/\/leconservatoiredujeu.fr\/index.php\/wp-json\/wp\/v2\/types\/page"}],"author":[{"embeddable":true,"href":"https:\/\/leconservatoiredujeu.fr\/index.php\/wp-json\/wp\/v2\/users\/1"}],"replies":[{"embeddable":true,"href":"https:\/\/leconservatoiredujeu.fr\/index.php\/wp-json\/wp\/v2\/comments?post=8487"}],"version-history":[{"count":4,"href":"https:\/\/leconservatoiredujeu.fr\/index.php\/wp-json\/wp\/v2\/pages\/8487\/revisions"}],"predecessor-version":[{"id":12912,"href":"https:\/\/leconservatoiredujeu.fr\/index.php\/wp-json\/wp\/v2\/pages\/8487\/revisions\/12912"}],"wp:attachment":[{"href":"https:\/\/leconservatoiredujeu.fr\/index.php\/wp-json\/wp\/v2\/media?parent=8487"}],"curies":[{"name":"wp","href":"https:\/\/api.w.org\/{rel}","templated":true}]}}