{"id":8482,"date":"2020-06-24T17:27:23","date_gmt":"2020-06-24T15:27:23","guid":{"rendered":"http:\/\/leconservatoiredujeu.fr\/?page_id=8482"},"modified":"2022-04-28T11:03:58","modified_gmt":"2022-04-28T09:03:58","slug":"gaumont","status":"publish","type":"page","link":"https:\/\/leconservatoiredujeu.fr\/index.php\/gaumont\/","title":{"rendered":"Gaumont"},"content":{"rendered":"\n<div class=\"wp-block-image\"><figure class=\"aligncenter size-large is-resized\"><img loading=\"lazy\" decoding=\"async\" src=\"https:\/\/upload.wikimedia.org\/wikipedia\/commons\/thumb\/1\/16\/Gaumont_logo.svg\/120px-Gaumont_logo.svg.png\" alt=\"\" width=\"343\" height=\"119\"\/><\/figure><\/div>\n\n\n\n<p>Gaumont est une soci\u00e9t\u00e9 fran\u00e7aise d&rsquo;appareillage et d&rsquo;exploitation cin\u00e9matographique fond\u00e9e en 1895. <\/p>\n\n\n\n<p>C&rsquo;est la plus ancienne soci\u00e9t\u00e9 cin\u00e9matographique au monde. Mais la soci\u00e9t\u00e9 a aussi produits des jeux de plateau.<\/p>\n\n\n\n<div class=\"wp-block-image\"><figure class=\"aligncenter size-large is-resized\"><img loading=\"lazy\" decoding=\"async\" src=\"https:\/\/images-na.ssl-images-amazon.com\/images\/I\/81psVsWZ%2B0L._AC_SL1500_.jpg\" alt=\"\" width=\"224\" height=\"256\"\/><\/figure><\/div>\n\n\n\n<p>Endossez les r\u00f4les des protagonistes de la Guerre de la drogue en Colombie avec les illustrations tir\u00e9es de la s\u00e9rie Narcos (Gaumont). 1 des joueurs\/joueuses incarne El Patr\u00f3n alias Pablo Escobar et contr\u00f4le, d\u00e9veloppe l\u2019Empire du narcotrafiquant.<\/p>\n\n\n\n<p>Il\/elle jouera \u00e0 cache-cache avec ses ennemis et devra exercer son influence pour avoir l\u2019opinion publique de son c\u00f4t\u00e9 (soit atteindre le niveau 20 sur la piste de Glorification) et devenir El Presidente ou accomplir 3 objectifs pour contr\u00f4ler le pays.<\/p>\n\n\n\n<p>Les autres joueront 1 des factions \u00e0 la recherche d\u2019El Patr\u00f3n: La DEA, La Police Nationale de Colombie, Le Cartel De Cali et Los Pepes. Chacune de ces Factions poss\u00e8de une Capacit\u00e9 Sp\u00e9ciale et elles formeront une alliance exceptionnelle pour enqu\u00eater, afin de mettre la main sur El Patr\u00f3n non pas 1 fois mais 2 fois.<\/p>\n\n\n\n<div class=\"wp-block-image\"><figure class=\"aligncenter size-large is-resized\"><img loading=\"lazy\" decoding=\"async\" src=\"https:\/\/cdn3.trictrac.net\/documents\/formats\/thumb_300_300\/documents\/originals\/01\/39\/82c4a544c2576d137c428dafa503e62dfc12.jpeg\" alt=\"\" width=\"192\" height=\"266\"\/><\/figure><\/div>\n\n\n\n<p>Un jeu de l&rsquo;oie adapt\u00e9 gr\u00e2ce au film.<\/p>\n\n\n\n<p><strong><u>Liens<\/u><\/strong><\/p>\n\n\n\n<p>Le site officiel de la marque\u00a0<a href=\"https:\/\/www.gaumont.fr\/\">Gaumont<\/a><\/p>\n\n\n\n<p class=\"has-text-align-right\">Le Conservatoire du Jeu &#8211; Avril 2022<\/p>\n","protected":false},"excerpt":{"rendered":"<p>Gaumont est une soci\u00e9t\u00e9 fran\u00e7aise d&rsquo;appareillage et d&rsquo;exploitation cin\u00e9matographique fond\u00e9e en 1895. C&rsquo;est la plus ancienne soci\u00e9t\u00e9 cin\u00e9matographique au monde. Mais la soci\u00e9t\u00e9 a aussi produits des jeux de plateau. Endossez les r\u00f4les des protagonistes de la Guerre de la &hellip; <a href=\"https:\/\/leconservatoiredujeu.fr\/index.php\/gaumont\/\">Continuer la lecture <span class=\"meta-nav\">&rarr;<\/span><\/a><\/p>\n","protected":false},"author":1,"featured_media":0,"parent":0,"menu_order":0,"comment_status":"closed","ping_status":"closed","template":"","meta":{"footnotes":""},"_links":{"self":[{"href":"https:\/\/leconservatoiredujeu.fr\/index.php\/wp-json\/wp\/v2\/pages\/8482"}],"collection":[{"href":"https:\/\/leconservatoiredujeu.fr\/index.php\/wp-json\/wp\/v2\/pages"}],"about":[{"href":"https:\/\/leconservatoiredujeu.fr\/index.php\/wp-json\/wp\/v2\/types\/page"}],"author":[{"embeddable":true,"href":"https:\/\/leconservatoiredujeu.fr\/index.php\/wp-json\/wp\/v2\/users\/1"}],"replies":[{"embeddable":true,"href":"https:\/\/leconservatoiredujeu.fr\/index.php\/wp-json\/wp\/v2\/comments?post=8482"}],"version-history":[{"count":3,"href":"https:\/\/leconservatoiredujeu.fr\/index.php\/wp-json\/wp\/v2\/pages\/8482\/revisions"}],"predecessor-version":[{"id":12938,"href":"https:\/\/leconservatoiredujeu.fr\/index.php\/wp-json\/wp\/v2\/pages\/8482\/revisions\/12938"}],"wp:attachment":[{"href":"https:\/\/leconservatoiredujeu.fr\/index.php\/wp-json\/wp\/v2\/media?parent=8482"}],"curies":[{"name":"wp","href":"https:\/\/api.w.org\/{rel}","templated":true}]}}