{"id":8472,"date":"2020-06-24T17:34:26","date_gmt":"2020-06-24T15:34:26","guid":{"rendered":"http:\/\/leconservatoiredujeu.fr\/?page_id=8472"},"modified":"2022-04-28T11:30:02","modified_gmt":"2022-04-28T09:30:02","slug":"grimaud","status":"publish","type":"page","link":"https:\/\/leconservatoiredujeu.fr\/index.php\/grimaud\/","title":{"rendered":"Grimaud"},"content":{"rendered":"\n<div class=\"wp-block-image\"><figure class=\"aligncenter size-large is-resized\"><img loading=\"lazy\" decoding=\"async\" src=\"https:\/\/cartes-grimaud.fr\/wp-content\/themes\/understrap-child\/img\/grimaud-maitre-cartier-noir.png\" alt=\"\" width=\"427\" height=\"98\"\/><\/figure><\/div>\n\n\n\n<p><strong><span style=\"text-decoration: underline;\">Historique<\/span> :<\/strong><\/p>\n\n\n\n<p>De\u0300s 1848, Baptiste Paul Grimaud s\u2019installe a\u0300 Paris et rache\u0300te un atelier de fabrication a\u0300 23 ans. En quelques anne\u0301es, il fait e\u0301voluer la fabrication des cartes a\u0300 jouer d\u2019un artisanat modeste a\u0300 une entreprise d\u2019envergure.<\/p>\n\n\n\n<p>Gra\u0302ce a\u0300 de multiples alliances, brevets et rachats, Grimaud de\u0301veloppe rapidement un grand savoir-faire, a\u0300 la pointe de l\u2019industrie cartie\u0300re. <\/p>\n\n\n\n<p>Ces innovations visent principalement a\u0300 ame\u0301liorer la qualite\u0301 des cartes et a\u0300 empe\u0302cher les tricheurs d\u2019ope\u0301rer ! <\/p>\n\n\n\n<p>Les cartes sont opacifie\u0301es, les coins sont arrondis et des petits index sont place\u0301s dans les coins pour e\u0301viter aux joueurs de les identifier sans ouvrir trop largement leur jeu.<\/p>\n\n\n\n<div class=\"wp-block-image\"><figure class=\"aligncenter size-large is-resized\"><img loading=\"lazy\" decoding=\"async\" src=\"https:\/\/cartes-grimaud.fr\/wp-content\/uploads\/2018\/07\/expert-coffret-tarot-P1.jpg\" alt=\"\" width=\"392\" height=\"407\"\/><\/figure><\/div>\n\n\n\n<p>Ce jeu de Tarot se compose de 78 cartes aux figures et sc\u00e8nes traditionnelles, et comprend les R\u00e8gles Officielles du Tarot.<\/p>\n\n\n\n<p><br>La gamme Expert r\u00e9pond \u00e0 l\u2019exigence des joueurs les plus exp\u00e9riment\u00e9s, dont l\u2019usage des cartes est r\u00e9gulier<\/p>\n\n\n\n<div class=\"wp-block-image\"><figure class=\"aligncenter size-large is-resized\"><img loading=\"lazy\" decoding=\"async\" src=\"https:\/\/cartes-grimaud.fr\/wp-content\/uploads\/2018\/07\/junior-tarot-P1.jpg\" alt=\"\" width=\"426\" height=\"437\"\/><\/figure><\/div>\n\n\n\n<p>Les cartes du jeu de Tarot ont \u00e9t\u00e9 redessin\u00e9es dans un esprit enfantin et ludique. Gr\u00e2ce \u00e0 son livret de r\u00e8gles de jeu simplifi\u00e9es, le Tarot n\u2019aura plus de secret pour les enfants !<\/p>\n\n\n\n<div class=\"wp-block-image\"><figure class=\"aligncenter size-large is-resized\"><img loading=\"lazy\" decoding=\"async\" src=\"https:\/\/cartes-grimaud.fr\/wp-content\/uploads\/2018\/07\/coffret-cristal-100-jetons-P1.jpg\" alt=\"\" width=\"379\" height=\"389\"\/><\/figure><\/div>\n\n\n\n<p>Un assortiment sp\u00e9cialement con\u00e7u pour vos parties de Poker \u00e0 la maison en qualit\u00e9 casino.<\/p>\n\n\n\n<p><strong>Liens<\/strong><\/p>\n\n\n\n<p>Le site officiel de la marque\u00a0<a href=\"https:\/\/cartes-grimaud.fr\/\">Grimaud<\/a><\/p>\n\n\n\n<p class=\"has-text-align-right\">Le Conservatoire du Jeu &#8211; Avril 2022<\/p>\n","protected":false},"excerpt":{"rendered":"<p>Historique : De\u0300s 1848, Baptiste Paul Grimaud s\u2019installe a\u0300 Paris et rache\u0300te un atelier de fabrication a\u0300 23 ans. En quelques anne\u0301es, il fait e\u0301voluer la fabrication des cartes a\u0300 jouer d\u2019un artisanat modeste a\u0300 une entreprise d\u2019envergure. Gra\u0302ce a\u0300 &hellip; <a href=\"https:\/\/leconservatoiredujeu.fr\/index.php\/grimaud\/\">Continuer la lecture <span class=\"meta-nav\">&rarr;<\/span><\/a><\/p>\n","protected":false},"author":1,"featured_media":0,"parent":0,"menu_order":0,"comment_status":"closed","ping_status":"closed","template":"","meta":{"footnotes":""},"_links":{"self":[{"href":"https:\/\/leconservatoiredujeu.fr\/index.php\/wp-json\/wp\/v2\/pages\/8472"}],"collection":[{"href":"https:\/\/leconservatoiredujeu.fr\/index.php\/wp-json\/wp\/v2\/pages"}],"about":[{"href":"https:\/\/leconservatoiredujeu.fr\/index.php\/wp-json\/wp\/v2\/types\/page"}],"author":[{"embeddable":true,"href":"https:\/\/leconservatoiredujeu.fr\/index.php\/wp-json\/wp\/v2\/users\/1"}],"replies":[{"embeddable":true,"href":"https:\/\/leconservatoiredujeu.fr\/index.php\/wp-json\/wp\/v2\/comments?post=8472"}],"version-history":[{"count":4,"href":"https:\/\/leconservatoiredujeu.fr\/index.php\/wp-json\/wp\/v2\/pages\/8472\/revisions"}],"predecessor-version":[{"id":12943,"href":"https:\/\/leconservatoiredujeu.fr\/index.php\/wp-json\/wp\/v2\/pages\/8472\/revisions\/12943"}],"wp:attachment":[{"href":"https:\/\/leconservatoiredujeu.fr\/index.php\/wp-json\/wp\/v2\/media?parent=8472"}],"curies":[{"name":"wp","href":"https:\/\/api.w.org\/{rel}","templated":true}]}}