{"id":8469,"date":"2020-06-24T17:38:34","date_gmt":"2020-06-24T15:38:34","guid":{"rendered":"http:\/\/leconservatoiredujeu.fr\/?page_id=8469"},"modified":"2022-04-21T15:42:28","modified_gmt":"2022-04-21T13:42:28","slug":"tsr","status":"publish","type":"page","link":"https:\/\/leconservatoiredujeu.fr\/index.php\/tsr\/","title":{"rendered":"Tsr"},"content":{"rendered":"\n<div class=\"wp-block-image\"><figure class=\"aligncenter size-large\"><img decoding=\"async\" src=\"https:\/\/upload.wikimedia.org\/wikipedia\/commons\/thumb\/6\/6e\/Tsr_logo_lines.png\/280px-Tsr_logo_lines.png\" alt=\"\"\/><\/figure><\/div>\n\n\n\n<p>TSR, Inc., le plus souvent d\u00e9nomm\u00e9e simplement comme TSR, fut une soci\u00e9t\u00e9 am\u00e9ricaine d&rsquo;\u00e9dition de jeux, fond\u00e9e en 1973 \u00e0 Lake Geneva, Wisconsin par Gary Gygax et Don Kaye, et connue principalement pour avoir publi\u00e9 le premier jeu de r\u00f4le, Donjons et Dragons, en 1974.<\/p>\n\n\n\n<p>Elle fut d&rsquo;abord fond\u00e9e sous le nom de Tactical Studies Rules (de 1973 a 1975), ensuite s&rsquo;appela TSR Hobbies, Inc. (de 1975 a 1983) et, finalement, pendant la plus grande partie de son histoire, de 1983 jusqu&rsquo;\u00e0 sa disparition en 2003, elle fut scind\u00e9e en plusieurs autres soci\u00e9t\u00e9s, dont la principale, TSR, Inc.<\/p>\n\n\n\n<div class=\"wp-block-image is-style-default\"><figure class=\"aligncenter size-large\"><img loading=\"lazy\" decoding=\"async\" width=\"201\" height=\"163\" src=\"http:\/\/leconservatoiredujeu.fr\/wp-content\/uploads\/2020\/08\/HOBB.gif\" alt=\"\" class=\"wp-image-10823\"\/><\/figure><\/div>\n\n\n\n<p>\u00c0 cette \u00e9poque, pendant les ann\u00e9es 1980, TSR d\u00e9veloppa un grand nombre de nouveaux jeux et univers de jeux.<\/p>\n\n\n\n<p> L&rsquo;un des plus populaires fut la s\u00e9rie Lancedragon. Margaret Weis et Tracy Hickman y particip\u00e8rent en \u00e9crivant une premi\u00e8re trilogie de romans bas\u00e9s sur cet univers, qui devint les premi\u00e8res fictions publi\u00e9s par une soci\u00e9t\u00e9 \u00e9ditrice de jeux aux \u00c9tats-Unis \u00e0 se hisser sur les listes de meilleurs vendeurs am\u00e9ricains. <\/p>\n\n\n\n<figure class=\"wp-block-gallery columns-2 is-cropped wp-block-gallery-1 is-layout-flex wp-block-gallery-is-layout-flex\"><ul class=\"blocks-gallery-grid\"><li class=\"blocks-gallery-item\"><figure><img loading=\"lazy\" decoding=\"async\" width=\"301\" height=\"499\" src=\"http:\/\/leconservatoiredujeu.fr\/wp-content\/uploads\/2020\/08\/LANCE.jpg\" alt=\"\" data-id=\"10824\" data-full-url=\"http:\/\/leconservatoiredujeu.fr\/wp-content\/uploads\/2020\/08\/LANCE.jpg\" data-link=\"http:\/\/leconservatoiredujeu.fr\/index.php\/tsr\/lance\/\" class=\"wp-image-10824\" srcset=\"https:\/\/leconservatoiredujeu.fr\/wp-content\/uploads\/2020\/08\/LANCE.jpg 301w, https:\/\/leconservatoiredujeu.fr\/wp-content\/uploads\/2020\/08\/LANCE-181x300.jpg 181w\" sizes=\"(max-width: 301px) 100vw, 301px\" \/><\/figure><\/li><li class=\"blocks-gallery-item\"><figure><img loading=\"lazy\" decoding=\"async\" width=\"336\" height=\"550\" src=\"http:\/\/leconservatoiredujeu.fr\/wp-content\/uploads\/2020\/08\/LANCE2.jpg\" alt=\"\" data-id=\"10825\" data-full-url=\"http:\/\/leconservatoiredujeu.fr\/wp-content\/uploads\/2020\/08\/LANCE2.jpg\" data-link=\"http:\/\/leconservatoiredujeu.fr\/index.php\/tsr\/lance2\/\" class=\"wp-image-10825\" srcset=\"https:\/\/leconservatoiredujeu.fr\/wp-content\/uploads\/2020\/08\/LANCE2.jpg 336w, https:\/\/leconservatoiredujeu.fr\/wp-content\/uploads\/2020\/08\/LANCE2-183x300.jpg 183w\" sizes=\"(max-width: 336px) 100vw, 336px\" \/><\/figure><\/li><\/ul><\/figure>\n\n\n\n<p>Au sommet de son succ\u00e8s, TSR g\u00e9n\u00e9rait des profits annuels d\u00e9passant le million de dollars US et comptait 400 employ\u00e9s. Les principaux produits de TSR \u00e9taient des jeux de r\u00f4le, desquels Donjons et Dragons obtint le plus de succ\u00e8s. Cependant, la soci\u00e9t\u00e9 publia \u00e9galement d&rsquo;autres jeux comme des jeux de cartes, des jeux de soci\u00e9t\u00e9, des jeux de d\u00e9s, des magazines et des livres.<\/p>\n\n\n\n<p class=\"has-white-color has-text-color\">Ligne<\/p>\n\n\n\n<h2 class=\"wp-block-heading\"><span style=\"text-decoration: underline;\">Origines<\/span><\/h2>\n\n\n\n<p>\u00c0 l&rsquo;origine de TSR, il y a une association de joueurs de jeux de guerre (wargames) de Lake Geneva : apr\u00e8s avoir organis\u00e9 les deux premi\u00e8res conventions de jeu de guerre, Lake Geneva Wargame Convention (Gen Con), Gary Gygax fonde la Lake Geneva Tactical Studies Association (LGTSA). Au sein de cette association, il d\u00e9veloppe son premier jeu avec Jeff Perren, Chainmail, publi\u00e9 par Guidon Games. Lorsqu&rsquo;il veut faire publier le jeu Dungeons and Dragons qu&rsquo;il a cr\u00e9\u00e9 avec Dave Arneson en 1973, ni Guidon Games, ni Avalon Hill ne se montrent int\u00e9ress\u00e9s, le produit ne correspondant pas \u00e0 leur gamme habituelle : il s&rsquo;agissait du premier jeu de r\u00f4le sur table, assez diff\u00e9rent des jeux de guerre habituels. Gary Gygax d\u00e9cide donc de cr\u00e9er sa propre soci\u00e9t\u00e9 d&rsquo;\u00e9dition, il fonde ainsi Tactical Studies Rules (TSR) en octobre 1973 avec Don Kaye. En d\u00e9cembre 1973, Biran Blume entre dans le capital de la soci\u00e9t\u00e9 avec un tier des parts. Lorsque Don Kaye meurt d&rsquo;un infarctus en 1975, Brian Blume et Gary Gygax, les propri\u00e9taires passent d&rsquo;un partenariat \u00e0 une corporation ;ils forment une nouvelle soci\u00e9t\u00e9, TSR Hobbies, Inc. Les actifs de l&rsquo;ancienne compagnie sont transf\u00e9r\u00e9s \u00e0 la nouvelle et Tactical Studies Rules est dissoute. La veuve Don Kaye n&rsquo;\u00e9tant pas int\u00e9ress\u00e9 par cette activit\u00e9, Melvin Blume, le p\u00e8re de Brian, rach\u00e8te ses parts et devient actionnaire de l&rsquo;entreprise. En novembre de la m\u00eame ann\u00e9e, TSR Hobbies embauche son premier employ\u00e9, Tim Kask.<\/p>\n\n\n\n<div class=\"wp-block-image is-style-default\"><figure class=\"aligncenter size-large\"><img loading=\"lazy\" decoding=\"async\" width=\"580\" height=\"730\" src=\"http:\/\/leconservatoiredujeu.fr\/wp-content\/uploads\/2020\/08\/GYGAX.jpg\" alt=\"\" class=\"wp-image-10866\" srcset=\"https:\/\/leconservatoiredujeu.fr\/wp-content\/uploads\/2020\/08\/GYGAX.jpg 580w, https:\/\/leconservatoiredujeu.fr\/wp-content\/uploads\/2020\/08\/GYGAX-238x300.jpg 238w\" sizes=\"(max-width: 580px) 100vw, 580px\" \/><figcaption><strong>Gary GYGAX (27\/07\/1938 &#8211; 04\/03\/2008)<\/strong><\/figcaption><\/figure><\/div>\n\n\n\n<p>L&rsquo;\u00e9quipe cr\u00e9atrice se renforce au cours de l&rsquo;ann\u00e9e 1976 avec l&#8217;embauche de Mike Carr, Dave Megary, Dave Sutherland, Bob Kuntz et Dave Arneson7. Dave Arneson quitte l&rsquo;entreprise au mois de novembre et Kevin Blume, le fr\u00e8re de Brian, est embauch\u00e9 au service comptabilt\u00e9.<\/p>\n\n\n\n<p>En 1983, le mot \u00ab Hobbies \u00bb est retir\u00e9 du nom, r\u00e9sultant en le nom final de TSR, Inc.<\/p>\n\n\n\n<p>TSR devient le meneur du d\u00e9veloppement du jeu de r\u00f4le moderne. Son produit vedette, Dungeons &amp; Dragons (souvent abr\u00e9g\u00e9 en \u00ab\u00a0D&amp;D\u00a0\u00bb), sert de mod\u00e8le aux jeux de r\u00f4le qui suivent, en plus d&rsquo;\u00eatre un succ\u00e8s financier. Ce succ\u00e8s, et celui des autres jeux de TSR, encourage Gygax \u00e0 quitter TSR \u00e0 Lake Geneva (Wisconsin) pour Hollywood pour fonder Dungeons &amp; Dragons Entertainment, dont l&rsquo;objectif est de tenter de vendre \u00e0 des producteurs la licence de produits D&amp;D pour des adaptations t\u00e9l\u00e9visuelles et cin\u00e9matographiques. Son travail ne m\u00e8ne qu&rsquo;\u00e0 la vente d&rsquo;une seule licence pour ce qui devient finalement la s\u00e9rie t\u00e9l\u00e9vis\u00e9e en dessin anim\u00e9s Dungeons &amp; Dragons, diffus\u00e9e en fran\u00e7ais sous le titre Le Sourire du dragon.<\/p>\n\n\n\n<figure class=\"wp-block-gallery columns-2 is-cropped wp-block-gallery-2 is-layout-flex wp-block-gallery-is-layout-flex\"><ul class=\"blocks-gallery-grid\"><li class=\"blocks-gallery-item\"><figure><img loading=\"lazy\" decoding=\"async\" width=\"325\" height=\"500\" src=\"http:\/\/leconservatoiredujeu.fr\/wp-content\/uploads\/2020\/08\/DD.jpg\" alt=\"\" data-id=\"10867\" data-full-url=\"http:\/\/leconservatoiredujeu.fr\/wp-content\/uploads\/2020\/08\/DD.jpg\" data-link=\"http:\/\/leconservatoiredujeu.fr\/index.php\/tsr\/dd\/\" class=\"wp-image-10867\" srcset=\"https:\/\/leconservatoiredujeu.fr\/wp-content\/uploads\/2020\/08\/DD.jpg 325w, https:\/\/leconservatoiredujeu.fr\/wp-content\/uploads\/2020\/08\/DD-195x300.jpg 195w\" sizes=\"(max-width: 325px) 100vw, 325px\" \/><\/figure><\/li><li class=\"blocks-gallery-item\"><figure><img loading=\"lazy\" decoding=\"async\" width=\"323\" height=\"500\" src=\"http:\/\/leconservatoiredujeu.fr\/wp-content\/uploads\/2020\/08\/DD2.jpg\" alt=\"\" data-id=\"10868\" data-full-url=\"http:\/\/leconservatoiredujeu.fr\/wp-content\/uploads\/2020\/08\/DD2.jpg\" data-link=\"http:\/\/leconservatoiredujeu.fr\/index.php\/tsr\/dd2\/\" class=\"wp-image-10868\" srcset=\"https:\/\/leconservatoiredujeu.fr\/wp-content\/uploads\/2020\/08\/DD2.jpg 323w, https:\/\/leconservatoiredujeu.fr\/wp-content\/uploads\/2020\/08\/DD2-194x300.jpg 194w\" sizes=\"(max-width: 323px) 100vw, 323px\" \/><\/figure><\/li><\/ul><\/figure>\n\n\n\n<p>Apr\u00e8s le d\u00e9part de Gygax, Brian Blum et son fr\u00e8re Kevin Blume prennent la direction de TSR. Moins d&rsquo;un an apr\u00e8s la prise de contr\u00f4le des fr\u00e8res Blume, et apr\u00e8s une controverse financi\u00e8re, la soci\u00e9t\u00e9 affiche des pertes nettes de 1,5 million de dollars US, ce qui cause la mise \u00e0 pied d&rsquo;environ 75 % du personnel. Certains des employ\u00e9s qui perdent leur emploi forment de nouvelles soci\u00e9t\u00e9s d&rsquo;\u00e9dition de jeu comme Pacesetter Games, Mayfair Games ou sont embauch\u00e9s dans la division de jeux vid\u00e9o de Coleco.<\/p>\n\n\n\n<p>Gygax, qui poss\u00e9de \u00e0 cette \u00e9poque environ 30 % des actions, \u00e9crit au conseil ex\u00e9cutif de TSR, leur demandant de retirer le contr\u00f4le aux Blume afin de restaurer la sant\u00e9 financi\u00e8re de la soci\u00e9t\u00e9. En r\u00e9ponse, les Blume vendent leur stock d&rsquo;action \u00e0 Lorraine Williams. Gygax tente de faire qualifier la vente d&rsquo;ill\u00e9gale ; apr\u00e8s que cette tentative \u00e9choue, Gygax vend ses actions \u00e0 Williams et utilise le capital afin de former New Infinity Productions.<\/p>\n\n\n\n<div class=\"wp-block-image is-style-default\"><figure class=\"aligncenter size-medium\"><img loading=\"lazy\" decoding=\"async\" width=\"240\" height=\"300\" src=\"http:\/\/leconservatoiredujeu.fr\/wp-content\/uploads\/2020\/08\/INF-240x300.jpg\" alt=\"\" class=\"wp-image-10872\" srcset=\"https:\/\/leconservatoiredujeu.fr\/wp-content\/uploads\/2020\/08\/INF-240x300.jpg 240w, https:\/\/leconservatoiredujeu.fr\/wp-content\/uploads\/2020\/08\/INF.jpg 400w\" sizes=\"(max-width: 240px) 100vw, 240px\" \/><\/figure><\/div>\n\n\n\n<p class=\"has-white-color has-text-color\">Ligne<\/p>\n\n\n\n<h2 class=\"wp-block-heading\"><span style=\"text-decoration: underline;\">P\u00e9riode de succ\u00e8s<\/span><\/h2>\n\n\n\n<p>Williams \u00e9tait une planificatrice financi\u00e8re qui croyait que le potentiel de TSR \u00e9tait tel qu&rsquo;elle pouvait passer d&rsquo;une soci\u00e9t\u00e9 cribl\u00e9e de dettes \u00e0 une soci\u00e9t\u00e9 hautement profitable. Cependant, elle ne tenait pas le domaine du jeu en haute estime et se voyait comme sup\u00e9rieure aux amateurs de jeux; elle tenait comme un point d&rsquo;honneur au fait qu&rsquo;elle n&rsquo;avait jamais jou\u00e9 \u00e0 <em>Donjons et Dragons<\/em>.<\/p>\n\n\n\n<p>Sous la direction de Williams, TSR solidifia son expansion dans d&rsquo;autres champs d&rsquo;activit\u00e9s que le jeu de r\u00f4le, comme l&rsquo;\u00e9dition de magazines, de romans et de bandes dessin\u00e9es. Williams poss\u00e9dait personnellement la licence pour des produits Buck Rogers et veilla \u00e0 ce qu&rsquo;elle soit utilis\u00e9e par TSR&nbsp;: la soci\u00e9t\u00e9 publia sur ce th\u00e8me un jeu de soci\u00e9t\u00e9 et un jeu de r\u00f4le.<\/p>\n\n\n\n<div class=\"wp-block-image is-style-default\"><figure class=\"aligncenter size-large\"><img loading=\"lazy\" decoding=\"async\" width=\"411\" height=\"532\" src=\"http:\/\/leconservatoiredujeu.fr\/wp-content\/uploads\/2020\/08\/BUCKS.jpg\" alt=\"\" class=\"wp-image-10879\" srcset=\"https:\/\/leconservatoiredujeu.fr\/wp-content\/uploads\/2020\/08\/BUCKS.jpg 411w, https:\/\/leconservatoiredujeu.fr\/wp-content\/uploads\/2020\/08\/BUCKS-232x300.jpg 232w\" sizes=\"(max-width: 411px) 100vw, 411px\" \/><\/figure><\/div>\n\n\n\n<p>\u00c0 cette \u00e9poque, pendant les ann\u00e9es 1980, TSR d\u00e9veloppa un grand nombre de nouveaux jeux et univers de jeux. L&rsquo;un des plus populaires fut la s\u00e9rie <em>Lancedragon<\/em>. Margaret Weis et Tracy Hickman y particip\u00e8rent en \u00e9crivant une premi\u00e8re trilogie de romans bas\u00e9s sur cet univers, qui devint les premi\u00e8res fictions publi\u00e9s par une soci\u00e9t\u00e9 \u00e9ditrice de jeux aux \u00c9tats-Unis \u00e0 se hisser sur les listes de meilleurs vendeurs am\u00e9ricains. Au sommet de son succ\u00e8s, TSR g\u00e9n\u00e9rait des profits annuels d\u00e9passant le million de dollars US et comptait 400 employ\u00e9s.<\/p>\n\n\n\n<p>Les illustrateurs chez TSR sont&nbsp;: Larry Elmore, Ben Otero, Clyde Caldwell, Gerald Brom, Harry J. Quinn, Jim Holloway, Jeff Easley, Ciruelo Cabral&#8230;<\/p>\n\n\n\n<div class=\"wp-block-image\"><figure class=\"aligncenter size-large is-resized\"><img loading=\"lazy\" decoding=\"async\" src=\"https:\/\/cf.geekdo-images.com\/opengraph\/img\/curmwA6HtA1gCc34RdZfX_idNmY=\/fit-in\/1200x630\/pic103510.jpg\" alt=\"\" width=\"310\" height=\"303\"\/><\/figure><\/div>\n\n\n\n<p>Dans&nbsp;<strong>Steppe<\/strong>, les joueurs posent \u00e0 tour de r\u00f4le une de leurs pi\u00e8ces :<\/p>\n\n\n\n<ul><li>les pi\u00e8ces simples, compos\u00e9es d&rsquo;un carr\u00e9, rapportent 1 point<\/li><li>les pi\u00e8ces doubles, compos\u00e9es de deux carr\u00e9s, rapportent 5 points<\/li><li>les pi\u00e8ces triples, compos\u00e9es de trois carr\u00e9s, rapportent 10 points<\/li><li>les pi\u00e8ces blanches, neutres, ne rapportent aucun point.<\/li><\/ul>\n\n\n\n<p>Les points sont doubl\u00e9s au niveau 2 et tripl\u00e9s au niveau 3.<\/p>\n\n\n\n<p class=\"has-white-color has-text-color\">Ligne<\/p>\n\n\n\n<p class=\"has-text-align-left\"><strong><span style=\"text-decoration: underline;\">Source <\/span>: <\/strong>Wikip\u00e9dia<\/p>\n\n\n\n<p class=\"has-text-align-right\">Le Conservatoire du Jeu &#8211; Avril 2022<\/p>\n","protected":false},"excerpt":{"rendered":"<p>TSR, Inc., le plus souvent d\u00e9nomm\u00e9e simplement comme TSR, fut une soci\u00e9t\u00e9 am\u00e9ricaine d&rsquo;\u00e9dition de jeux, fond\u00e9e en 1973 \u00e0 Lake Geneva, Wisconsin par Gary Gygax et Don Kaye, et connue principalement pour avoir publi\u00e9 le premier jeu de r\u00f4le, &hellip; <a href=\"https:\/\/leconservatoiredujeu.fr\/index.php\/tsr\/\">Continuer la lecture <span class=\"meta-nav\">&rarr;<\/span><\/a><\/p>\n","protected":false},"author":1,"featured_media":0,"parent":0,"menu_order":0,"comment_status":"closed","ping_status":"closed","template":"","meta":{"footnotes":""},"_links":{"self":[{"href":"https:\/\/leconservatoiredujeu.fr\/index.php\/wp-json\/wp\/v2\/pages\/8469"}],"collection":[{"href":"https:\/\/leconservatoiredujeu.fr\/index.php\/wp-json\/wp\/v2\/pages"}],"about":[{"href":"https:\/\/leconservatoiredujeu.fr\/index.php\/wp-json\/wp\/v2\/types\/page"}],"author":[{"embeddable":true,"href":"https:\/\/leconservatoiredujeu.fr\/index.php\/wp-json\/wp\/v2\/users\/1"}],"replies":[{"embeddable":true,"href":"https:\/\/leconservatoiredujeu.fr\/index.php\/wp-json\/wp\/v2\/comments?post=8469"}],"version-history":[{"count":11,"href":"https:\/\/leconservatoiredujeu.fr\/index.php\/wp-json\/wp\/v2\/pages\/8469\/revisions"}],"predecessor-version":[{"id":12886,"href":"https:\/\/leconservatoiredujeu.fr\/index.php\/wp-json\/wp\/v2\/pages\/8469\/revisions\/12886"}],"wp:attachment":[{"href":"https:\/\/leconservatoiredujeu.fr\/index.php\/wp-json\/wp\/v2\/media?parent=8469"}],"curies":[{"name":"wp","href":"https:\/\/api.w.org\/{rel}","templated":true}]}}