{"id":8466,"date":"2020-06-04T22:49:29","date_gmt":"2020-06-04T20:49:29","guid":{"rendered":"http:\/\/leconservatoiredujeu.fr\/?page_id=8466"},"modified":"2022-05-03T17:58:59","modified_gmt":"2022-05-03T15:58:59","slug":"oya","status":"publish","type":"page","link":"https:\/\/leconservatoiredujeu.fr\/index.php\/oya\/","title":{"rendered":"Oya"},"content":{"rendered":"\n<div class=\"wp-block-image\"><figure class=\"aligncenter size-large\"><img decoding=\"async\" src=\"https:\/\/www.delijeux.com\/sites\/default\/files\/styles\/medium\/public\/field-images\/editeur\/medium94.png\" alt=\"\"\/><\/figure><\/div>\n\n\n\n<p><strong><span style=\"text-decoration: underline;\">Historique <\/span>:<\/strong><\/p>\n\n\n\n<p>Oya est un \u00e9diteur et distributeur fran\u00e7ais de jeux de soci\u00e9t\u00e9 cr\u00e9\u00e9 en 1995. <\/p>\n\n\n\n<p>Oya dispose \u00e9galement d&rsquo;un bar ludique, qualifi\u00e9 de caf\u00e9 \u00e0 jeux par le journal L\u2019Humanit\u00e9 ou de bar \u00e0 jeux par la radio Le Mouv\u2019, dans le 13e arrondissement de Paris. <\/p>\n\n\n\n<p>Plus de 500 jeux sont disponibles couvrant tous les genres ludiques, ce qui permet \u00e0 Oya de faire essayer les jeux qu&rsquo;il publie et ceux qu&rsquo;il distribue (Amigo, Ravensburger, Hans im Gl\u00fcck\u2026).<\/p>\n\n\n\n<div class=\"wp-block-image\"><figure class=\"aligncenter size-large is-resized\"><img loading=\"lazy\" decoding=\"async\" src=\"https:\/\/cdn1.philibertnet.com\/401610-large_default\/the-mind.jpg\" alt=\"\" width=\"183\" height=\"245\"\/><\/figure><\/div>\n\n\n\n<p><\/p>\n\n\n\n<p>Dans The Mind, les joueurs doivent travailler en \u00e9quipe afin de passer collectivement tous les niveaux du jeu. Oui, mais voil\u00e0, la progression devra se faire&nbsp;en silence, sans la possibilit\u00e9 d&rsquo;\u00e9changer la moindre information.<\/p>\n\n\n\n<p><\/p>\n\n\n\n<p><strong><u>Liens<\/u><\/strong><\/p>\n\n\n\n<p>Le site officiel de la marque\u00a0<a href=\"http:\/\/www.oya.fr\/\">Oya<\/a><\/p>\n\n\n\n<p class=\"has-text-align-right\">Le Conservatoire du Jeu &#8211; Mai 2022<\/p>\n","protected":false},"excerpt":{"rendered":"<p>Historique : Oya est un \u00e9diteur et distributeur fran\u00e7ais de jeux de soci\u00e9t\u00e9 cr\u00e9\u00e9 en 1995. Oya dispose \u00e9galement d&rsquo;un bar ludique, qualifi\u00e9 de caf\u00e9 \u00e0 jeux par le journal L\u2019Humanit\u00e9 ou de bar \u00e0 jeux par la radio Le &hellip; <a href=\"https:\/\/leconservatoiredujeu.fr\/index.php\/oya\/\">Continuer la lecture <span class=\"meta-nav\">&rarr;<\/span><\/a><\/p>\n","protected":false},"author":1,"featured_media":0,"parent":0,"menu_order":0,"comment_status":"closed","ping_status":"closed","template":"","meta":{"footnotes":""},"_links":{"self":[{"href":"https:\/\/leconservatoiredujeu.fr\/index.php\/wp-json\/wp\/v2\/pages\/8466"}],"collection":[{"href":"https:\/\/leconservatoiredujeu.fr\/index.php\/wp-json\/wp\/v2\/pages"}],"about":[{"href":"https:\/\/leconservatoiredujeu.fr\/index.php\/wp-json\/wp\/v2\/types\/page"}],"author":[{"embeddable":true,"href":"https:\/\/leconservatoiredujeu.fr\/index.php\/wp-json\/wp\/v2\/users\/1"}],"replies":[{"embeddable":true,"href":"https:\/\/leconservatoiredujeu.fr\/index.php\/wp-json\/wp\/v2\/comments?post=8466"}],"version-history":[{"count":4,"href":"https:\/\/leconservatoiredujeu.fr\/index.php\/wp-json\/wp\/v2\/pages\/8466\/revisions"}],"predecessor-version":[{"id":13064,"href":"https:\/\/leconservatoiredujeu.fr\/index.php\/wp-json\/wp\/v2\/pages\/8466\/revisions\/13064"}],"wp:attachment":[{"href":"https:\/\/leconservatoiredujeu.fr\/index.php\/wp-json\/wp\/v2\/media?parent=8466"}],"curies":[{"name":"wp","href":"https:\/\/api.w.org\/{rel}","templated":true}]}}