{"id":842,"date":"2017-05-11T15:09:01","date_gmt":"2017-05-11T13:09:01","guid":{"rendered":"http:\/\/leconservatoiredujeu.fr\/?page_id=842"},"modified":"2022-04-06T16:52:06","modified_gmt":"2022-04-06T14:52:06","slug":"backgammon","status":"publish","type":"page","link":"https:\/\/leconservatoiredujeu.fr\/index.php\/backgammon\/","title":{"rendered":"Backgammon"},"content":{"rendered":"\n<div class=\"wp-block-image is-style-default\"><figure class=\"aligncenter size-large is-resized\"><img loading=\"lazy\" decoding=\"async\" src=\"http:\/\/leconservatoiredujeu.fr\/wp-content\/uploads\/2020\/07\/backgammon-gravure-1.jpg\" alt=\"\" class=\"wp-image-9524\" width=\"369\" height=\"497\"\/><\/figure><\/div>\n\n\n\n<p><strong><u>Historique &#8211; Les Origines<\/u><\/strong><br>Le backgammon est un jeu de hasard raisonn\u00e9 pour deux joueurs pratiqu\u00e9 sur un tablier avec des d\u00e9s. Un joueur gagne lorsqu&rsquo;il retire tous ses pions du tablier. Le backgammon fait partie de la famille des jeux de tables, une des plus anciennes cat\u00e9gories de jeu de tablier.<br>Malgr\u00e9 la pr\u00e9sence du hasard, la strat\u00e9gie y tient un r\u00f4le important. \u00c0 chaque jet de d\u00e9s, le joueur doit choisir parmi un grand nombre d&rsquo;options pour d\u00e9placer ses dames et anticiper les actions de son adversaire. Les joueurs peuvent augmenter la valeur de l&rsquo;enjeu en cours de partie. Il existe un r\u00e9pertoire de tactiques de base et d&rsquo;ouvertures.<\/p>\n\n\n\n<div class=\"wp-block-group is-layout-flow wp-block-group-is-layout-flow\"><div class=\"wp-block-group__inner-container\">\n<div class=\"wp-block-group is-layout-flow wp-block-group-is-layout-flow\"><div class=\"wp-block-group__inner-container\">\n<div class=\"wp-block-group is-layout-flow wp-block-group-is-layout-flow\"><div class=\"wp-block-group__inner-container\">\n<figure class=\"wp-block-gallery aligncenter columns-2 is-cropped wp-block-gallery-1 is-layout-flex wp-block-gallery-is-layout-flex\"><ul class=\"blocks-gallery-grid\"><li class=\"blocks-gallery-item\"><figure><img loading=\"lazy\" decoding=\"async\" width=\"220\" height=\"167\" src=\"http:\/\/leconservatoiredujeu.fr\/wp-content\/uploads\/2020\/07\/backgammon-gravure-2-3-1.jpg\" alt=\"\" data-id=\"9552\" data-full-url=\"http:\/\/leconservatoiredujeu.fr\/wp-content\/uploads\/2020\/07\/backgammon-gravure-2-3-1.jpg\" data-link=\"http:\/\/leconservatoiredujeu.fr\/index.php\/backgammon\/backgammon-gravure-2-3-1\/\" class=\"wp-image-9552\"\/><\/figure><\/li><li class=\"blocks-gallery-item\"><figure><img loading=\"lazy\" decoding=\"async\" width=\"300\" height=\"251\" src=\"http:\/\/leconservatoiredujeu.fr\/wp-content\/uploads\/2020\/07\/backgammon-gravure-nb-300x251-1-1.jpg\" alt=\"\" data-id=\"9553\" data-full-url=\"http:\/\/leconservatoiredujeu.fr\/wp-content\/uploads\/2020\/07\/backgammon-gravure-nb-300x251-1-1.jpg\" data-link=\"http:\/\/leconservatoiredujeu.fr\/index.php\/backgammon\/backgammon-gravure-nb-300x251-1-1\/\" class=\"wp-image-9553\"\/><\/figure><\/li><\/ul><\/figure>\n<\/div><\/div>\n<\/div><\/div>\n<\/div><\/div>\n\n\n\n<p class=\"has-text-align-left\">Aujourd\u2019hui le plus connu d&rsquo;entre eux, le backgammon n&rsquo;est pourtant qu&rsquo;un exemple parmi la nombreuse famille des jeux de tables. On consid\u00e8re les anciens jeux de parcours, dont les pions sont d\u00e9plac\u00e9s suivant les r\u00e9sultats d\u2019un g\u00e9n\u00e9rateur al\u00e9atoire de nombres (d\u00e9s divers, coquillages, b\u00e2tonnets, etc.), comme leurs ant\u00e9c\u00e9dents. C\u2019est ainsi qu\u2019une d\u00e9couverte arch\u00e9ologique r\u00e9cente pr\u00e8s de la fronti\u00e8re sud-est de l&rsquo;Iran, dans la province de Sistan-Bal\u00fbchist\u00e2n, a pu faire remonter l\u2019origine des jeux de tables \u00e0 il y a environ 5 000 ans. De m\u00eame, le senet de l\u2019\u00c9gypte antique et le jeu royal d&rsquo;Ur sont parfois consid\u00e9r\u00e9s comme deux de leurs lointains anc\u00eatres.<\/p>\n\n\n\n<p class=\"has-text-align-left\">Les jeux de tables sont caract\u00e9ris\u00e9s par un mat\u00e9riel particulier : un tablier de 24 cases, divis\u00e9 sym\u00e9triquement, un nombre de d\u00e9s cubiques variable selon les diff\u00e9rents jeux, et des pions le plus fr\u00e9quemment au nombre de 15 par joueur, parfois moins. Le plus ancien jeu connu remplissant ces crit\u00e8res est le Ludus duodecim scriptorum (jeu des douze lignes) ou XII scripta largement pratiqu\u00e9 dans la Rome antique. Mais les r\u00e8gles ne nous sont pas parvenues, et le tablier comportait trois rang\u00e9es de 12 cases au lieu de deux. Son descendant, aussi romain, appel\u00e9 \u00ab tabula \u00bb utilisait un mat\u00e9riel totalement identique \u00e0 celui qui caract\u00e9rise les jeux de tables. L\u2019expression \u00ab jeu de tables \u00bb est issue du mot tabula (\u00ab planche \u00bb, \u00ab table \u00bb en latin) qui d\u00e9signe le tablier, mais aussi plus tardivement chacun de ses quatre quadrants de 6 cases, et m\u00eame, au pluriel, les pions qui y circulent suivant les jets des d\u00e9s.<\/p>\n\n\n\n<figure class=\"wp-block-gallery columns-2 is-cropped wp-block-gallery-2 is-layout-flex wp-block-gallery-is-layout-flex\"><ul class=\"blocks-gallery-grid\"><li class=\"blocks-gallery-item\"><figure><img loading=\"lazy\" decoding=\"async\" width=\"220\" height=\"183\" src=\"http:\/\/leconservatoiredujeu.fr\/wp-content\/uploads\/2020\/07\/backgammon-gravure-3-3.jpg\" alt=\"\" data-id=\"9538\" data-link=\"http:\/\/leconservatoiredujeu.fr\/index.php\/backgammon\/backgammon-gravure-3-3\/\" class=\"wp-image-9538\"\/><\/figure><\/li><li class=\"blocks-gallery-item\"><figure><img loading=\"lazy\" decoding=\"async\" width=\"300\" height=\"216\" src=\"http:\/\/leconservatoiredujeu.fr\/wp-content\/uploads\/2020\/07\/backgammon-humour-300x216-1.jpg\" alt=\"\" data-id=\"9539\" data-full-url=\"http:\/\/leconservatoiredujeu.fr\/wp-content\/uploads\/2020\/07\/backgammon-humour-300x216-1.jpg\" data-link=\"http:\/\/leconservatoiredujeu.fr\/index.php\/backgammon\/backgammon-humour-300x216-1\/\" class=\"wp-image-9539\"\/><\/figure><\/li><\/ul><\/figure>\n\n\n\n<p>On en trouve des citations dans l&rsquo;\u0153uvre d&rsquo;Ovide. Plusieurs empereurs romains sont tenus pour en avoir \u00e9t\u00e9 de grands adeptes : Claude (qui lui aurait consacr\u00e9 un livre), N\u00e9ron et Commode qui y auraient jou\u00e9 des fortunes. Deux peintures murales de Pomp\u00e9i illustrent des sc\u00e8nes du jeu. D\u00e9j\u00e0 largement diffus\u00e9 dans l&rsquo;Empire romain, le futur backgammon s&rsquo;est popularis\u00e9 dans le reste de l&rsquo;Europe et le Moyen-Orient, \u00e0 la suite des \u00e9changes commerciaux et des diverses invasions principalement musulmanes et chr\u00e9tiennes. Les jeux de tables sont cit\u00e9s dans La Chanson de Roland, les po\u00e8mes de Charles d&rsquo;Orl\u00e9ans, etc.<\/p>\n\n\n\n<p>En Espagne, le Libro de los juegos, manuscrit r\u00e9alis\u00e9 \u00e0 la demande du roi Alphonse X de Castille et achev\u00e9 en 1283, contient les r\u00e8gles illustr\u00e9es de quatorze jeux de tables, parmi lesquels le todas tablas qui pr\u00e9sente les principales caract\u00e9ristiques du backgammon actuel, dont la position des pions au d\u00e9part et les r\u00e8gles de base.<\/p>\n\n\n\n<figure class=\"wp-block-gallery aligncenter columns-3 is-cropped wp-block-gallery-3 is-layout-flex wp-block-gallery-is-layout-flex\"><ul class=\"blocks-gallery-grid\"><li class=\"blocks-gallery-item\"><figure><img loading=\"lazy\" decoding=\"async\" width=\"206\" height=\"300\" src=\"http:\/\/leconservatoiredujeu.fr\/wp-content\/uploads\/2020\/07\/backgammon-gravure-02-206x300-2-2.jpg\" alt=\"\" data-id=\"9564\" data-full-url=\"http:\/\/leconservatoiredujeu.fr\/wp-content\/uploads\/2020\/07\/backgammon-gravure-02-206x300-2-2.jpg\" data-link=\"http:\/\/leconservatoiredujeu.fr\/index.php\/backgammon\/lasterrunde-m-gerung-1546-table-des-vices-m-gerung-1546-5\/\" class=\"wp-image-9564\"\/><\/figure><\/li><li class=\"blocks-gallery-item\"><figure><img loading=\"lazy\" decoding=\"async\" width=\"191\" height=\"264\" src=\"http:\/\/leconservatoiredujeu.fr\/wp-content\/uploads\/2020\/07\/backgammon-gravure-4-1-2.jpg\" alt=\"\" data-id=\"9565\" data-full-url=\"http:\/\/leconservatoiredujeu.fr\/wp-content\/uploads\/2020\/07\/backgammon-gravure-4-1-2.jpg\" data-link=\"http:\/\/leconservatoiredujeu.fr\/index.php\/backgammon\/backgammon-gravure-4-1-2\/\" class=\"wp-image-9565\"\/><\/figure><\/li><li class=\"blocks-gallery-item\"><figure><img loading=\"lazy\" decoding=\"async\" width=\"635\" height=\"868\" src=\"http:\/\/leconservatoiredujeu.fr\/wp-content\/uploads\/2020\/07\/d0ed4ece3dab8db7c3e0c294768aa625.jpg\" alt=\"\" data-id=\"9566\" data-full-url=\"http:\/\/leconservatoiredujeu.fr\/wp-content\/uploads\/2020\/07\/d0ed4ece3dab8db7c3e0c294768aa625.jpg\" data-link=\"http:\/\/leconservatoiredujeu.fr\/index.php\/backgammon\/d0ed4ece3dab8db7c3e0c294768aa625\/\" class=\"wp-image-9566\" srcset=\"https:\/\/leconservatoiredujeu.fr\/wp-content\/uploads\/2020\/07\/d0ed4ece3dab8db7c3e0c294768aa625.jpg 635w, https:\/\/leconservatoiredujeu.fr\/wp-content\/uploads\/2020\/07\/d0ed4ece3dab8db7c3e0c294768aa625-219x300.jpg 219w\" sizes=\"(max-width: 635px) 100vw, 635px\" \/><\/figure><\/li><\/ul><\/figure>\n\n\n\n<p>L&rsquo;acclimatation des jeux de tables se fait assez difficilement. Le roi Richard Coeur de Lion interdit aux non-nobles d&rsquo;y jouer, et d&rsquo;y perdre plus de 20 shillings par jour. Louis XII de France essayera aussi de les bannir du royaume, mais avec peu de succ\u00e8s. En 1526, le cardinal anglais Thomas Wolsey ordonna de br\u00fbler tous les jeux de hasard. Selon la l\u00e9gende, c&rsquo;est cette instruction qui aurait donn\u00e9 au tablier sa traditionnelle forme de mallette pliable, qui aurait permis de le faire discr\u00e8tement passer pour un livre. Un tablier et des pions sont repr\u00e9sent\u00e9s dans le panneau de droite du Jardin des d\u00e9lices (1503-04) ainsi qu&rsquo;en bas \u00e0 droite du Triomphe de la Mort de Bruegel l&rsquo;Ancien, peint vers 1562. En France, le \u00ab toutes tables \u00bb appara\u00eet en 1534 dans la liste des jeux du Gargantua de Rabelais. Bien que la r\u00e8gle n&rsquo;y soit pas pr\u00e9sent\u00e9e, il est pensable qu&rsquo;il s&rsquo;agit, plus ou moins, du m\u00eame jeu que le <em>todas tablas<\/em> espagnol, les deux appellations \u00e9tant \u00e9quivalentes. <\/p>\n\n\n\n<p><span class=\"has-inline-color has-white-color\"><em>saut de ligne<\/em><\/span><\/p>\n\n\n\n<p><\/p>\n\n\n\n<p><strong><u>Historique &#8211; Du XVI\u00e8me si\u00e8cle \u00e0 maintenant&#8230;<\/u><\/strong><\/p>\n\n\n\n<p>Au XVI\u00e8me si\u00e8cle, une variante proche du <em>todas tablas<\/em>, nomm\u00e9e irish, est le jeu de tables favori en Angleterre avec le <em>tick-tack<\/em>. Elle y sera supplant\u00e9e dans la premi\u00e8re moiti\u00e9 du XVII\u00e8me si\u00e8cle par une version plus rapide \u2014 les doublets s&rsquo;y jouent alors deux fois \u2014, appel\u00e9e backgammon.<\/p>\n\n\n\n<div class=\"wp-block-image is-style-default\"><figure class=\"aligncenter size-large\"><img loading=\"lazy\" decoding=\"async\" width=\"206\" height=\"300\" src=\"http:\/\/leconservatoiredujeu.fr\/wp-content\/uploads\/2020\/07\/bg-nb-2-206x300-1.jpg\" alt=\"\" class=\"wp-image-9545\"\/><\/figure><\/div>\n\n\n\n<p>Mais c&rsquo;est en France que la r\u00e8gle la plus proche du backgammon moderne, sous le nom de \u00ab <em>toute-table<\/em> \u00bb, est publi\u00e9e pour la premi\u00e8re fois en 1699 comme suite au trait\u00e9 Le Jeu du <em>trictrac<\/em>, chez Charpentier, \u00e0 Paris. Par rapport au backgammon moderne, la possibilit\u00e9 de gagner une partie triple, et l&rsquo;utilisation d&rsquo;un d\u00e9 doubleur, sont les seuls points \u00e0 ne pas \u00eatre pr\u00e9sents au \u00ab <em>toute-table<\/em> \u00bb.<\/p>\n\n\n\n<p>En 1743, Edmond Hoyle publie A Short Treatise on the Game of Back-Gammon reli\u00e9 avec un trait\u00e9 du whist. Plus qu&rsquo;un livre de r\u00e8gles du jeu, il s&rsquo;agit d&rsquo;un trait\u00e9 pr\u00e9sentant des strat\u00e9gies, tactiques, ouvertures et probabilit\u00e9s. \u00c0 ce trait\u00e9 sont ajout\u00e9es cinq lois codifiant l&rsquo;utilisation des pions comme, par exemple, \u00ab dame lev\u00e9e, dame jou\u00e9e \u00bb. Le backgammon pr\u00e9sent\u00e9 par Edmond Hoyle ne diff\u00e8re pas du toute-table. En France, l&rsquo;appellation \u00ab <em>toute table<\/em> \u00bb est tomb\u00e9e en d\u00e9su\u00e9tude apr\u00e8s la chute de Napol\u00e9on Ier au profit de celle anglaise backgammon. Aujourd&rsquo;hui, le \u00ab <em>toute-table<\/em> \u00bb de 1699 est toujours pratiqu\u00e9 traditionnellement en Gr\u00e8ce sous le nom de <em>portes<\/em>, en Turquie sous le nom de <em>Tavla<\/em>, en G\u00e9orgie sous le nom de <em>Nardi<\/em>, en Arm\u00e9nie sous le nom de <em>Tavlou<\/em>, en Irak, Syrie, Liban, Jordanie et \u00c9gypte, sous le nom de <em>Tawla ou Tawl\u00e9<\/em>, en Iran sous le nom de <em>Takhteh Nard<\/em> et en Isra\u00ebl sous celui de<em> Chech Bech<\/em>.<\/p>\n\n\n\n<p>Pour devenir moderne, le backgammon a ajout\u00e9 en premier lieu la possibilit\u00e9 de gagner une partie triple, puis surtout le d\u00e9 doubleur \u00e0 partir de 1920 et les r\u00e8gles concernant ses modes d&rsquo;utilisation. Les progr\u00e8s de l&rsquo;industrie ont aussi rendu possible la fabrication de d\u00e9s parfaitement identiques, permettant l&rsquo;utilisation d&rsquo;une paire de d\u00e9s par joueur au lieu de la m\u00eame pour les deux auparavant ; ce qui a amen\u00e9 \u00e0 simplifier la r\u00e9glementation concernant la d\u00e9termination du d\u00e9but et de la fin du tour d&rsquo;un joueur.<\/p>\n\n\n\n<figure class=\"wp-block-gallery aligncenter columns-2 is-cropped wp-block-gallery-4 is-layout-flex wp-block-gallery-is-layout-flex\"><ul class=\"blocks-gallery-grid\"><li class=\"blocks-gallery-item\"><figure><img loading=\"lazy\" decoding=\"async\" width=\"696\" height=\"460\" src=\"http:\/\/leconservatoiredujeu.fr\/wp-content\/uploads\/2020\/07\/backgammon-plateau-1-768x512-1-1.jpg\" alt=\"\" data-id=\"9557\" data-full-url=\"http:\/\/leconservatoiredujeu.fr\/wp-content\/uploads\/2020\/07\/backgammon-plateau-1-768x512-1-1.jpg\" data-link=\"http:\/\/leconservatoiredujeu.fr\/index.php\/backgammon\/backgammon-plateau-1-768x512-1-1\/\" class=\"wp-image-9557\" srcset=\"https:\/\/leconservatoiredujeu.fr\/wp-content\/uploads\/2020\/07\/backgammon-plateau-1-768x512-1-1.jpg 696w, https:\/\/leconservatoiredujeu.fr\/wp-content\/uploads\/2020\/07\/backgammon-plateau-1-768x512-1-1-300x198.jpg 300w, https:\/\/leconservatoiredujeu.fr\/wp-content\/uploads\/2020\/07\/backgammon-plateau-1-768x512-1-1-454x300.jpg 454w\" sizes=\"(max-width: 696px) 100vw, 696px\" \/><\/figure><\/li><li class=\"blocks-gallery-item\"><figure><img loading=\"lazy\" decoding=\"async\" width=\"300\" height=\"238\" src=\"http:\/\/leconservatoiredujeu.fr\/wp-content\/uploads\/2020\/07\/bg-recent-300x238-1-1.jpg\" alt=\"\" data-id=\"9558\" data-full-url=\"http:\/\/leconservatoiredujeu.fr\/wp-content\/uploads\/2020\/07\/bg-recent-300x238-1-1.jpg\" data-link=\"http:\/\/leconservatoiredujeu.fr\/index.php\/backgammon\/bg-recent-300x238-1-1\/\" class=\"wp-image-9558\"\/><\/figure><\/li><\/ul><\/figure>\n\n\n\n<p>&nbsp;<br><br><strong><u>Les R\u00e8gles du Jeu<\/u><\/strong><\/p>\n\n\n\n<p>Le joueur a pour but de sortir tous ses pions du jeu, apr\u00e8s les avoir conduit dans son jan int\u00e9rieur. Il s&rsquo;git de d\u00e9placer ses pions selon ce qui est expos\u00e9 ci-dessous :<\/p>\n\n\n\n<figure class=\"wp-block-gallery columns-2 is-cropped wp-block-gallery-5 is-layout-flex wp-block-gallery-is-layout-flex\"><ul class=\"blocks-gallery-grid\"><li class=\"blocks-gallery-item\"><figure><img loading=\"lazy\" decoding=\"async\" width=\"300\" height=\"151\" src=\"http:\/\/leconservatoiredujeu.fr\/wp-content\/uploads\/2020\/07\/backgammon_regles-01-300x151-1.png\" alt=\"\" data-id=\"9542\" data-link=\"http:\/\/leconservatoiredujeu.fr\/index.php\/backgammon\/backgammon_regles-01-300x151-1\/\" class=\"wp-image-9542\"\/><\/figure><\/li><li class=\"blocks-gallery-item\"><figure><img loading=\"lazy\" decoding=\"async\" width=\"300\" height=\"151\" src=\"http:\/\/leconservatoiredujeu.fr\/wp-content\/uploads\/2020\/07\/backgammon_regles-02-300x151-1.jpg\" alt=\"\" data-id=\"9543\" data-full-url=\"http:\/\/leconservatoiredujeu.fr\/wp-content\/uploads\/2020\/07\/backgammon_regles-02-300x151-1.jpg\" data-link=\"http:\/\/leconservatoiredujeu.fr\/index.php\/backgammon\/backgammon_regles-02-300x151-1\/\" class=\"wp-image-9543\"\/><\/figure><\/li><\/ul><\/figure>\n\n\n\n<p>La disposition de d\u00e9part est expos\u00e9e ci-dessous.<\/p>\n\n\n\n<div class=\"wp-block-image is-style-default\"><figure class=\"aligncenter size-large\"><img loading=\"lazy\" decoding=\"async\" width=\"300\" height=\"150\" src=\"http:\/\/leconservatoiredujeu.fr\/wp-content\/uploads\/2020\/07\/backgammon_regles-03-300x150-1.png\" alt=\"\" class=\"wp-image-9544\"\/><\/figure><\/div>\n\n\n\n<p>Chaque joueur jette les deux d\u00e9s num\u00e9rot\u00e9s de 1 \u00e0 6 sur sa partie droite. Il avance ses pions selon le r\u00e9sultat obtenu. Soit il avance deux de ses pions autant de fois que le r\u00e9sultat de chacun de ses deux d\u00e9s, soit il avance un pion de la somme des deux d\u00e9s. S&rsquo;il obtient un double, il double alors le total des points et dispose alors de la possibilit\u00e9 d&rsquo;avancer d\u2019autant comme s\u2019il jouer une deuxi\u00e8me fois.<\/p>\n\n\n\n<p>Un pion a la facult\u00e9 de se poser sur une fl\u00e8che uniquement si cette fl\u00e8che est occup\u00e9e au plus par un pion adverse (on dit que la fl\u00e8che est ferm\u00e9e). Une pi\u00e8ce ne doit donc pas se poser sur une fl\u00e8che ferm\u00e9e mais peut la survoler. Un pion isol\u00e9 plac\u00e9 sur une fl\u00e8che est appel\u00e9 biot. Si un pion adverse se pose sur la fl\u00e8che d&rsquo;un biot, ce jeton mort (ou biot) est mis hors-jeu. Si le joueur dispose d&rsquo;un seul pion mis hors-jeu, il ne peut avancer aucun de ses pions. Il pourra le faire une fois que tous ses pions mis hors-jeu auront \u00e9t\u00e9 r\u00e9introduits sur le plateau. Un pion mis hors-jeu est plac\u00e9 sur la barre centrale du plateau.<\/p>\n\n\n\n<p>Un joueur peut r\u00e9introduire un pion mis hors-jeu uniquement si son tirage offre la possibilit\u00e9 \u00e0 son pion mis hors-jeu de se placer sur une fl\u00e8che qui n&rsquo;est pas ferm\u00e9e. Un joueur a donc tout int\u00e9r\u00eat \u00e0 fermer son jan int\u00e9rieur pour emp\u00eacher son adversaire de r\u00e9introduire ses pions mis hors-jeu. Les joueurs ont pour but de sortir tous leurs pions. Ils ne peuvent cependant le faire que si chacun des pions se trouve dans son jan int\u00e9rieur. Un 6 permet de sortir un pion positionn\u00e9 sur la sixi\u00e8me fl\u00e8che du jan int\u00e9rieur. Si cette fl\u00e8che est vide, le joueur a la possibilit\u00e9 de sortir un pion une fl\u00e8che plus proche.<\/p>\n\n\n\n<p>Si au moment de sortir ses pions, un pion est mis hors-jeu, le joueur doit ramener ce pion dans son jan int\u00e9rieur avant de pouvoir sortir ses pions. Le jeu est termin\u00e9 une fois qu&rsquo;un joueur a sorti tous ses pions du plateau. Il remporte la partie.<\/p>\n\n\n\n<p><\/p>\n\n\n\n<p class=\"has-text-align-left\"><strong><span style=\"text-decoration: underline;\">Source<\/span> :<\/strong> Wikip\u00e9dia<\/p>\n\n\n\n<p class=\"has-text-align-right\">Le Conservatoire du Jeu &#8211; Avril 2022<\/p>\n","protected":false},"excerpt":{"rendered":"<p>Historique &#8211; Les OriginesLe backgammon est un jeu de hasard raisonn\u00e9 pour deux joueurs pratiqu\u00e9 sur un tablier avec des d\u00e9s. Un joueur gagne lorsqu&rsquo;il retire tous ses pions du tablier. Le backgammon fait partie de la famille des jeux &hellip; <a href=\"https:\/\/leconservatoiredujeu.fr\/index.php\/backgammon\/\">Continuer la lecture <span class=\"meta-nav\">&rarr;<\/span><\/a><\/p>\n","protected":false},"author":1,"featured_media":9553,"parent":0,"menu_order":0,"comment_status":"closed","ping_status":"closed","template":"","meta":{"footnotes":""},"_links":{"self":[{"href":"https:\/\/leconservatoiredujeu.fr\/index.php\/wp-json\/wp\/v2\/pages\/842"}],"collection":[{"href":"https:\/\/leconservatoiredujeu.fr\/index.php\/wp-json\/wp\/v2\/pages"}],"about":[{"href":"https:\/\/leconservatoiredujeu.fr\/index.php\/wp-json\/wp\/v2\/types\/page"}],"author":[{"embeddable":true,"href":"https:\/\/leconservatoiredujeu.fr\/index.php\/wp-json\/wp\/v2\/users\/1"}],"replies":[{"embeddable":true,"href":"https:\/\/leconservatoiredujeu.fr\/index.php\/wp-json\/wp\/v2\/comments?post=842"}],"version-history":[{"count":27,"href":"https:\/\/leconservatoiredujeu.fr\/index.php\/wp-json\/wp\/v2\/pages\/842\/revisions"}],"predecessor-version":[{"id":12842,"href":"https:\/\/leconservatoiredujeu.fr\/index.php\/wp-json\/wp\/v2\/pages\/842\/revisions\/12842"}],"wp:featuredmedia":[{"embeddable":true,"href":"https:\/\/leconservatoiredujeu.fr\/index.php\/wp-json\/wp\/v2\/media\/9553"}],"wp:attachment":[{"href":"https:\/\/leconservatoiredujeu.fr\/index.php\/wp-json\/wp\/v2\/media?parent=842"}],"curies":[{"name":"wp","href":"https:\/\/api.w.org\/{rel}","templated":true}]}}