{"id":8342,"date":"2020-06-05T14:37:46","date_gmt":"2020-06-05T12:37:46","guid":{"rendered":"http:\/\/leconservatoiredujeu.fr\/?page_id=8342"},"modified":"2022-05-02T16:45:21","modified_gmt":"2022-05-02T14:45:21","slug":"m6-interactions","status":"publish","type":"page","link":"https:\/\/leconservatoiredujeu.fr\/index.php\/m6-interactions\/","title":{"rendered":"M6 interactions"},"content":{"rendered":"\n<div class=\"wp-block-image is-style-default\"><figure class=\"aligncenter size-large\"><img loading=\"lazy\" decoding=\"async\" width=\"338\" height=\"213\" src=\"http:\/\/leconservatoiredujeu.fr\/wp-content\/uploads\/2020\/08\/M6.jpg\" alt=\"\" class=\"wp-image-10183\" srcset=\"https:\/\/leconservatoiredujeu.fr\/wp-content\/uploads\/2020\/08\/M6.jpg 338w, https:\/\/leconservatoiredujeu.fr\/wp-content\/uploads\/2020\/08\/M6-300x189.jpg 300w\" sizes=\"(max-width: 338px) 100vw, 338px\" \/><\/figure><\/div>\n\n\n\n<p class=\"has-white-color has-text-color\">Ligne<\/p>\n\n\n\n<h2 class=\"wp-block-heading\"><span style=\"text-decoration: underline;\">Histoire<\/span> :<\/h2>\n\n\n\n<p>M6 Interactions est un \u00e9diteur et distributeur fran\u00e7ais bas\u00e9 \u00e0 Paris.<\/p>\n\n\n\n<p>Filiale \u00e0 100% du Groupe M\u00e9tropole 6 (M6), M6 Interactions est un \u00e9diteur de disques et de magazines. Effectivement, la revue \u00ab\u00a0M6 Multim\u00e9dia, l&rsquo;essentiel du multim\u00e9dia\u00a0\u00bb \u00e9tait accompagn\u00e9e de r\u00e9\u00e9ditions budget de jeux en bo\u00eetiers audio. Pour autant, la soci\u00e9t\u00e9 a \u00e9galement pris en charge des premi\u00e8res \u00e9ditions, comme Le Myst\u00e8re XIII.<\/p>\n\n\n\n<div class=\"wp-block-image is-style-default\"><figure class=\"aligncenter size-medium\"><img loading=\"lazy\" decoding=\"async\" width=\"300\" height=\"300\" src=\"http:\/\/leconservatoiredujeu.fr\/wp-content\/uploads\/2020\/08\/XIII-300x300.jpg\" alt=\"\" class=\"wp-image-10185\" srcset=\"https:\/\/leconservatoiredujeu.fr\/wp-content\/uploads\/2020\/08\/XIII-300x300.jpg 300w, https:\/\/leconservatoiredujeu.fr\/wp-content\/uploads\/2020\/08\/XIII-150x150.jpg 150w, https:\/\/leconservatoiredujeu.fr\/wp-content\/uploads\/2020\/08\/XIII.jpg 500w\" sizes=\"(max-width: 300px) 100vw, 300px\" \/><\/figure><\/div>\n\n\n\n<p>Aujourd&rsquo;hui, M6 Interactions regroupe M6 Music Label, M6 Spectacles et M6 \u00c9v\u00e9n\u00e9ments.fr<\/p>\n\n\n\n<p>Fili\u00e8re du groupe de la TV Fran\u00e7aise qui se sp\u00e9cifie dans l&rsquo;adaptation de leurs programme TV en jeu.<\/p>\n\n\n\n<div class=\"wp-block-image\"><figure class=\"aligncenter size-large\"><img decoding=\"async\" src=\"https:\/\/cdn2.trictrac.net\/documents\/formats\/thumb_300_300\/documents\/originals\/b7\/2e\/20ee8f99eaeb6260c70272dce30f308b80060a31be5ede098e33d948f0cf.jpeg\" alt=\"\"\/><\/figure><\/div>\n\n\n\n<p>Voici une adaptation de la s\u00e9rie TV, l&rsquo;amour est dans le pr\u00e9 ci-dessus.<\/p>\n\n\n\n<p>&#8211; Testez-vous, d\u00e9couvrez vos affinit\u00e9s<br>&#8211; D\u00e9fiez votre partenaire<br>&#8211; Rivalisez couples contre couples<\/p>\n\n\n\n<div class=\"wp-block-image\"><figure class=\"aligncenter size-large\"><img decoding=\"async\" src=\"https:\/\/cdn2.trictrac.net\/documents\/formats\/thumb_300_300\/documents\/originals\/12\/d2\/b0676e0d3805d195448be60eaac3f8aba648.jpeg\" alt=\"\"\/><\/figure><\/div>\n\n\n\n<p class=\"has-white-color has-text-color\">Ligne<\/p>\n\n\n\n<p><strong><u>Liens<\/u><\/strong><\/p>\n\n\n\n<p>Le site officiel de la marque&nbsp;<a href=\"http:\/\/www.oya.fr\/\">M6 Interactions<\/a><\/p>\n\n\n\n<p class=\"has-text-align-right\">Le Conservatoire du Jeu &#8211; Mai 2022<\/p>\n","protected":false},"excerpt":{"rendered":"<p>Ligne Histoire : M6 Interactions est un \u00e9diteur et distributeur fran\u00e7ais bas\u00e9 \u00e0 Paris. Filiale \u00e0 100% du Groupe M\u00e9tropole 6 (M6), M6 Interactions est un \u00e9diteur de disques et de magazines. Effectivement, la revue \u00ab\u00a0M6 Multim\u00e9dia, l&rsquo;essentiel du multim\u00e9dia\u00a0\u00bb &hellip; <a href=\"https:\/\/leconservatoiredujeu.fr\/index.php\/m6-interactions\/\">Continuer la lecture <span class=\"meta-nav\">&rarr;<\/span><\/a><\/p>\n","protected":false},"author":1,"featured_media":10183,"parent":0,"menu_order":0,"comment_status":"closed","ping_status":"closed","template":"","meta":{"footnotes":""},"_links":{"self":[{"href":"https:\/\/leconservatoiredujeu.fr\/index.php\/wp-json\/wp\/v2\/pages\/8342"}],"collection":[{"href":"https:\/\/leconservatoiredujeu.fr\/index.php\/wp-json\/wp\/v2\/pages"}],"about":[{"href":"https:\/\/leconservatoiredujeu.fr\/index.php\/wp-json\/wp\/v2\/types\/page"}],"author":[{"embeddable":true,"href":"https:\/\/leconservatoiredujeu.fr\/index.php\/wp-json\/wp\/v2\/users\/1"}],"replies":[{"embeddable":true,"href":"https:\/\/leconservatoiredujeu.fr\/index.php\/wp-json\/wp\/v2\/comments?post=8342"}],"version-history":[{"count":6,"href":"https:\/\/leconservatoiredujeu.fr\/index.php\/wp-json\/wp\/v2\/pages\/8342\/revisions"}],"predecessor-version":[{"id":13040,"href":"https:\/\/leconservatoiredujeu.fr\/index.php\/wp-json\/wp\/v2\/pages\/8342\/revisions\/13040"}],"wp:featuredmedia":[{"embeddable":true,"href":"https:\/\/leconservatoiredujeu.fr\/index.php\/wp-json\/wp\/v2\/media\/10183"}],"wp:attachment":[{"href":"https:\/\/leconservatoiredujeu.fr\/index.php\/wp-json\/wp\/v2\/media?parent=8342"}],"curies":[{"name":"wp","href":"https:\/\/api.w.org\/{rel}","templated":true}]}}