{"id":8337,"date":"2020-06-04T21:57:39","date_gmt":"2020-06-04T19:57:39","guid":{"rendered":"http:\/\/leconservatoiredujeu.fr\/?page_id=8337"},"modified":"2022-04-27T16:09:57","modified_gmt":"2022-04-27T14:09:57","slug":"falomir","status":"publish","type":"page","link":"https:\/\/leconservatoiredujeu.fr\/index.php\/falomir\/","title":{"rendered":"Falomir Juegos"},"content":{"rendered":"\n<div class=\"wp-block-image\"><figure class=\"aligncenter size-large\"><img decoding=\"async\" src=\"https:\/\/cf.geekdo-images.com\/itemrep\/img\/QJF5pfqw4NXuphrD7CAq82MfSK8=\/fit-in\/246x300\/pic305231.jpg\" alt=\"\"\/><\/figure><\/div>\n\n\n\n<p><strong><span style=\"text-decoration: underline;\">Historique<\/span> :<\/strong><\/p>\n\n\n\n<p>Entreprise espagnole d&rsquo;Eliana Valence, d\u00e9di\u00e9e \u00e0 la cr\u00e9ation et \u00e0 la commercialisation de jouets, fond\u00e9e en 1945 et internationalement connue depuis 10 ans.<\/p>\n\n\n\n<p> Ils sont tristement c\u00e9l\u00e8bres pour leurs versions knockoff souvent bon march\u00e9 des jeux populaires d&rsquo;autres \u00e9diteurs.<\/p>\n\n\n\n<p>Le c\u00e9l\u00e8bre jeu Monopoly refait :<\/p>\n\n\n\n<div class=\"wp-block-image\"><figure class=\"aligncenter size-full is-resized\"><img loading=\"lazy\" decoding=\"async\" src=\"http:\/\/leconservatoiredujeu.fr\/wp-content\/uploads\/2022\/04\/superpoly.jpg\" alt=\"\" class=\"wp-image-12916\" width=\"308\" height=\"328\"\/><\/figure><\/div>\n\n\n\n<p>Ou encore le jeu Puissance 4 :<\/p>\n\n\n\n<div class=\"wp-block-image\"><figure class=\"aligncenter size-large is-resized\"><img loading=\"lazy\" decoding=\"async\" src=\"http:\/\/leconservatoiredujeu.fr\/wp-content\/uploads\/2022\/04\/coloca-4-1024x1024.jpg\" alt=\"\" class=\"wp-image-12918\" width=\"350\" height=\"357\"\/><\/figure><\/div>\n\n\n\n<p class=\"has-text-align-right\">Le Conservatoire du Jeu &#8211; Avril 2022<\/p>\n","protected":false},"excerpt":{"rendered":"<p>Historique : Entreprise espagnole d&rsquo;Eliana Valence, d\u00e9di\u00e9e \u00e0 la cr\u00e9ation et \u00e0 la commercialisation de jouets, fond\u00e9e en 1945 et internationalement connue depuis 10 ans. Ils sont tristement c\u00e9l\u00e8bres pour leurs versions knockoff souvent bon march\u00e9 des jeux populaires d&rsquo;autres &hellip; <a href=\"https:\/\/leconservatoiredujeu.fr\/index.php\/falomir\/\">Continuer la lecture <span class=\"meta-nav\">&rarr;<\/span><\/a><\/p>\n","protected":false},"author":1,"featured_media":0,"parent":0,"menu_order":0,"comment_status":"closed","ping_status":"closed","template":"","meta":{"footnotes":""},"_links":{"self":[{"href":"https:\/\/leconservatoiredujeu.fr\/index.php\/wp-json\/wp\/v2\/pages\/8337"}],"collection":[{"href":"https:\/\/leconservatoiredujeu.fr\/index.php\/wp-json\/wp\/v2\/pages"}],"about":[{"href":"https:\/\/leconservatoiredujeu.fr\/index.php\/wp-json\/wp\/v2\/types\/page"}],"author":[{"embeddable":true,"href":"https:\/\/leconservatoiredujeu.fr\/index.php\/wp-json\/wp\/v2\/users\/1"}],"replies":[{"embeddable":true,"href":"https:\/\/leconservatoiredujeu.fr\/index.php\/wp-json\/wp\/v2\/comments?post=8337"}],"version-history":[{"count":4,"href":"https:\/\/leconservatoiredujeu.fr\/index.php\/wp-json\/wp\/v2\/pages\/8337\/revisions"}],"predecessor-version":[{"id":12919,"href":"https:\/\/leconservatoiredujeu.fr\/index.php\/wp-json\/wp\/v2\/pages\/8337\/revisions\/12919"}],"wp:attachment":[{"href":"https:\/\/leconservatoiredujeu.fr\/index.php\/wp-json\/wp\/v2\/media?parent=8337"}],"curies":[{"name":"wp","href":"https:\/\/api.w.org\/{rel}","templated":true}]}}