{"id":8331,"date":"2020-06-04T21:46:47","date_gmt":"2020-06-04T19:46:47","guid":{"rendered":"http:\/\/leconservatoiredujeu.fr\/?page_id=8331"},"modified":"2022-05-04T11:33:11","modified_gmt":"2022-05-04T09:33:11","slug":"steve-jackson-games","status":"publish","type":"page","link":"https:\/\/leconservatoiredujeu.fr\/index.php\/steve-jackson-games\/","title":{"rendered":"Steve Jackson Games"},"content":{"rendered":"\n<div class=\"wp-block-image\"><figure class=\"aligncenter size-large is-resized\"><img loading=\"lazy\" decoding=\"async\" src=\"data:image\/jpeg;base64,\/9j\/4AAQSkZJRgABAQAAAQABAAD\/2wCEAAkGBwgHBgkIBwgKCgkLDRYPDQwMDRsUFRAWIB0iIiAdHx8kKDQsJCYxJx8fLT0tMTU3Ojo6Iys\/RD84QzQ5OjcBCgoKDQwNGg8PGjclHyU3Nzc3Nzc3Nzc3Nzc3Nzc3Nzc3Nzc3Nzc3Nzc3Nzc3Nzc3Nzc3Nzc3Nzc3Nzc3Nzc3N\/\/AABEIAKAAhQMBIgACEQEDEQH\/xAAcAAACAwEBAQEAAAAAAAAAAAAABgQFBwMCAQj\/xABCEAABAwQBAgQEAgYHBgcAAAABAgMEAAUGESESMQcTQVEUImFxMoEVF0JSkaEWI5SxwdHSCFNVYpOiJCU0R1aSlf\/EABYBAQEBAAAAAAAAAAAAAAAAAAABAv\/EABkRAQEBAQEBAAAAAAAAAAAAAAABESFBMf\/aAAwDAQACEQMRAD8A3GiiigKKKKAooooCqTMb2bFYX5bKPMlrIZiNf7x5Z0gfxNXRrLb9lQmZxBXHtVwutvt63GmBEbSQub2J2SNhCOrn0JoROtEKXgc6K9cJzsuFd1JRPddVwxLPZY9kqPy\/Q9NaIDWf3W+yMktNytUrDLytlQ8h5PWwFIVoKBG19xsEEVZ+G98euVkRBuZdRebelLUxp5soWDz0qIPfYHccVFpuoooqoKKKKAooooCiiigKKKKAooooCiivhIAJJ0BQLGf39yy2dDcJbSblOdTGi+aoJShSu6zv0SNn8qh2Rq32p+3sQ3oSmIkUtLluTElS+rSlEJH7SlAEqJ9KqMcmWnIr7ccnvcmB5TLioduYfWg+U2k\/Msg\/tKI\/h9693aRhlxOPz0otLQenpWVKDYV0htw\/N9CQO\/uKirKHOt893I24t6jsurnIIdS+k9PShvkc\/QioeW3W32u4oyu0XGI89Fb8qfEbfQTJj79OfxI2SPfkV1yp7CZljuKC9ZFyDFcDelNdfV0nWj33uuLsrDVNWtxs46ppWvi0r8rqCCg879wrVFPVulsT4LEyKrqYkNpcbV7pI2Kk1mnh1dIVtya6Yrb5bcq3EGbb3EOdQbQSAprf0Pb6VpdVLBRRRRBRRRQFFFFAUUUUBRRRQFIfileUNxoePN3BqA9dllLspx0IDDCdFZ2fU8JH3PtTrNlMQYrsqU6lphlBWtajoJA71l6rOzcsNu9\/vTQenXxxKWi4nZZZU4EspSD+HghX3NRYs8lYxCLgk5i3m0KQ3FKGiFNqO+wO++6J14joZbbs9ktRZUgBLswdPnAerbSElak+xOhTFcrRAgW\/yrVZIypCkltnyozYCDrhSiRoAe\/P2NZnkOIzG5L4mTVzQ7Z5UhliEpaEqfb6ekFWyXDpXr31wAOKLFxZ47qZct5N1x63vSnPN8hUBPSCEga+Zzq9PYVZ3K7WaTZZMe5MW5mZFnRkSG0ABDn9cghaN6JSR\/DRHpWHW2Lj11NrtcSBcf0lInIbekF5GlNqOiAnXBH29K0vHseZsEKLdg0\/f4vx70RMZ2P5xSz1lPmN8ccJ2R2PpqjVh5y+3266RGpFukw27vb1fEQHEvJTpY\/YOv2Vdj96t8SyCNk1lZuUVJR1bQ42ru2tJ0pP8fWqJGMY+3mrAbsVvQj9HrcBEdABV5iRvWu+j3+tRJbKcGy03NlpDOPXXoalJbT0oiv9kr12CVcA\/WjDQaK+DkV9qoKKKKAooooCiiigKKKpsrvabFZ3ZSU+ZJWQ1FZHd11XCUgff+VAv5qHsouDeKW+QWmEgP3V9KQry2wflb546lHn6AfWqi22GVkc6dDkXi\/M2iOhh2Kh7oSp1XUo+YD07CQUDQ4PG9aIqTbsWnWxcdp3KLnHud1dXIkpittFBd6drPzJJ0OAOfapmP2i8z2pa5mW3UhuW6wgIbZT8qFdOz8neo08WSyXabIurLuX3fUSYWUdIa\/D0JVz8nf5q4XzGFwFsSy9cnSworTPt\/SHmDo7K2fwOAjuUp39D3E8Y09AuAZiZFfG3pylvOOjylo60gD5to42Bx6cVzstqvtyZl\/FZfPHky3WNMx2U7Sk65+U8\/aiE5mPZ5Ly3oN5nKfkgkrtuNrZfc6u\/wDWFOhsHuNfer\/9DXmFjUyc3Lm2UR2B5EZDiHXehH+8JBSOOyUaA+ppiaxi6RYrUa35VcGmmUhLaXGGV6A9CenmqiDbpd9s8dq\/ZPMUJy3UJYjobaDraVEeiSfwgEnfrRdS71iojWydck3q8LuDEN7yn1StFPHVrQAGtgelRrZj2P5hju\/jLvIivAJdaflvJKVjRO0qPf19u1fcgs05uZarejIbsqPcZKmJCFqbO2g2tSgD07G9AbqU5YGrNLQljILxFE5eioqQ4nqSkAbK0nR0AB9qDpgd5lKVOxy9OFd2tS+kuKGjIZPLbg\/LQP1pwrHfhbxaLjJzL46VdF2uW7BkR3m09XwoUNlJSByN77VrNvmx7hDZmQ3Uux30Bba0nYIPaqlSaKKKIKKKKAooooPh4rPLu3NyzK1PWuU3Fi42ohLrjXmpekqTz8uwPkHG991Ve5\/eH7ZZFRrWtX6Zn7Yt6EJ2VOa3v2Ghs7PFU9gk360WRq2QsLloWhBAdkT2ClazslayFFWyTs8GoseMfh5VfGrVkb95tyXDGUWmfgVdIS50nn5\/xfKP51YwbJldtYcah3q1qSt9x5RegLJ2tRURw4ONmoEW\/XnEsVit3PF5rvwTCUPOx32VI442B1b1+VXDGQ3yU0FNYhOb2N\/+IlMI3\/BRP8QKKp7DGyydPnXQ3SzJcKzDUBCcV0BpShsfPxsnZH2qbCs2X2xpxEK6WV3zX3Hll6G4CVLVs8hf+FQIN1yDFrTcH7lirryPPelLchy216SpRUdgkHgccA9qs4eU3qXDRKbw+f5TqAtoiXH2pJGwSCrih1xx2ZmN2gMTnJdkQ08CekRnSpOiRr8fPbvVTeLRkeP2y3zI9ytz67dK\/q+qOtBWHl9JQohR+Xawe37IoxrJrtbLDZIi8bddVOKm4ykzGgFL+Zej+7wD\/CrTJP6TXm2oiIx1tofEMPOdVwRshtxKyBx69Ot0T4kT7Nk81+DJVc7S29DdU4hIhLUnZSU9\/M2eCfao7UnLnL+qzPXC1thMRMj4puEva9qKSkJK9DWv512byy9G5PwF4hLW8y2lxXkTGVABW9cqUn9014VJyMZALk1iyy2qKGFJVOaCx83Vv29feiusPHMgtyZYh3+PIEp1TrgmwQodSgAddCk8cdqocLTMwS\/jGLstlyHdFrkQpTQKEJd46mQkk9PuOfWrm2ZZfbsJRhYsQYz6mHQ\/PQkhae44B3371WZzDyPJbEuMcYQ1LYUH4j6LijqbdT2KeB\/hQaMK+0m45mHxGJKlT0KVdoJTGmxddChIJCQnn3JHPbmucbLpSJahK+HdabX0yEMoUksDr8sqCiSFAK4OwkkbI3VTDtRXwdqKI+1zdcQy2tx1QQhCepSlcAD3rpSdmr5vchOIQSouy0pcnuJPDEXfzbP7ytdIH3NAv2bIrXccxnX+6yHy1HJjWjoiuqa8rjrcCgnRKjx9AKbl5vjbSSp+6NsIH7T6Ftj8ioCrqKzGgxWo0dLbLDKAhCE6ASkdhVFnSmJGOqZLjS0vSY7eiofNt1AI++t1FVmWZpjrmPykM3RhxxaU9CE7Jc+YduOasf6f4olsrN7ihKTpSudJPseODTGUNEBJQghP4QQOPtS2jFULyGbLkLUba6tp9uF1fIqQOFOKGueyNDetjfegh37N7DKx+5ptlwE1\/wCHcQhEVtbh6ikgDgcd69s5JjCcebt0i7pjNCKGFLKlMqSOnp4VoaP1q0xIMeTclxwgJXcXthA4BB1\/huvme9Jwq\/BRSB+j3uVDYHyHmgW7pkuOJnYy3b57C40KYpSltAqS0j4d1IJIHqSB+dXNy8QMYiWyTKbvUB1bTalJZDw6lqA4TrvsmmGChDUNhKAAkNpA0NelL9thRXcryFRjsEFEdCtoB+boO\/5EUOFeBldtt19h3SVk0GcLmhLEsBaECKQCpBSO\/QCVJO9nkGnBebYsjXVf7b78SEmvWP2pmHY4sC4x4q1x0loEoSetKSQk61xsaOq42CHARer6Go0ZBTIaHQltI48pPOvrs\/wocUeK5dj7DF0el3VmO5LuD7qQ6Cj5d9KSNjkFKQfzqXaM3xu3WiNGuWT29+Uy0EuuB\/r6z79uacHPJCduhvpHqrWhS5bmYKs2u6AxHJ+BikHpT26naBEya8WGNlDd1t9yQ9br0lEaf8PyppxJ20+ONHR1unRjE3nX21S5EYMhRU6Yzakqlbc8zS9qIA6+ePy0DTFcIEG4W96BNZZXEdQUrbUBrVKeCXdy3XB7DLq6XJUFHVBkk7+Lj+h3+8nsftQ8PIr7RRVQUu37CrFfpwnT4zvxXQEF1iQtpSkjsD0kbpiooEz9WGLE7cjzHB7LnvEH\/urm54UYetvoTb32wDsdEx0dJ9wOrW6YMtnSbZjNznQk9UmPHWtsa3yB7V+fscvMu+R3ZN58SpNqk+ZoMrSs9Q99ggflRdrZG\/DDGkJT1JuK1D9pVxe3\/JVfT4aWFSClT93VzwTc3uP+6s8xeZeY2ZwGbXnka9wFrT5zch\/pUsE6UkJVvZ1yNGrzNsYzOOq8XqJl7rEJvzH24qSr5UjnpFDaZmPDHG4wIjJuLAP4g1cHkhR9zpXevSfDLGvNC3W5z6fVp+c6tCvuCrmsywa1ZxmVmXc4uZSIyEvFvocUonYA52PvXvxCu97t+d2+yHKH7bGMNhL8kKPQlWj1LI+pFDWmO+G2OuaH\/mSED8Labi8Ep+w6uK4TfC7HJB62TcYjhACnI81wKXr1VsnZ+tZwFKH\/ALyI\/wCkv\/VV94oIyWw2CzXyzXyU8mK223MUlR6XuxS4R7E8H7ihtMp8J8ZUB5hubih+0qe5v++uTvhHjpcLkeTdoylD5y1NVtf3J3VzCzGA\/g6coWQmOmN5riAeUrA5R998Vn\/hrOyS\/RL\/AJPdLjKEUNvCJHC9ISvRJIHsngCh0yHwhsDnEifeX2\/3HJpIP8qko8J8WbA8tE9C9aLiZzgUU+ie\/asexW+XS8x313TxGds621hKG3+pZcGu40RWg+HyHHcmYKfEgXwIQtSoQQodQ1rfKvTYoaYf1VYyRpYuKx\/zT3f86s8fwPHMfnCdbIJTKCSlLrjy3CkHvrqJ1TKK+0NoHFFFFEFFFUEXMrHLyN7HmJSlXNkqC2vKUANDZ51qgsL83Nds0xFqW2icppQYLgBT1642DWHQWMijpcTe\/C6Jc5PWT56Y6W+PbSQQfv8AWtvvt7t+P2xy43Z\/yIrZAK9E8k6A0Oag4zmNiylchFkmfELjgFxJQUkA9jyBQYonEr\/fsutUqJhacejR3W1O9PyoPSvqKjvXOuOBW45fGemYrdo0VtTr7sRxDaE91KIOgKkX2+W3H4Jm3iW3Fjg9IWv9pXsB3J4pV\/W9hP8AxVX9nX\/lQcPBGzXGx4i7Eu0N2K+ZS1+W6NHRA5pQ8Ucev8nxHZvFtx1V1issNgocb6mnCOrYI39RWpY5mVgyUO\/oa4IfWynqcb6SlSR76I7V6xzLrLkrkpuzyi+uKQHQW1J6d79x9KDICnJuR+qaz\/2Q\/wCqthhRVXvFGot7gpjqlxeiRFA0GyRopA+lQ7pn2N2u7i0SZxVP2B5DLSnFbPYfKDz9KkZHmNhxlDKr1OTGU8NobKSpZHv0jmgwqRhGdR0P4jHiPrszlwCxI18h9Asn93WiRruK3Vmxs2fDl2W2tlSWYammwO61dJ5+5PP51R\/rfwn\/AIqr+zuf5UzWzI7RdLObvCnNOQUglbxOgjXfq321Qfn3GLBldhjvtO+H7FzLqgrrnR+oo0Ow0e1PGDuZGxk0Tz\/D23WlhwlD0xiOUKbSR779wKZV+LmEoWU\/pYnR1tLCyD\/KpFu8UcOuM1uJHu6Q86QlHmNqQCT2GyNboHIUUs5FnuOY3cEwLxOLElTYdCQ0pXykkA7A+hq3sl5gX22tXG1SEyIru+laeOx0QQeQfvQT6KTJ3ijiFvmvw5dzUh9hwtuJ8hZ0oHR9KKCfiebWXLTJFnecV8P0+Z5rZR37a39qy7FylX+0HdSkgjqe5B\/5RTJcvBGwy7g\/Li3CfCDyiotMqSUp3zobG9bq4w3wxtGJSX5kKTKfmutFsPvFO2we5SANb+9Bm3jRlEa95VFx1c34e1wXB8W+ElX9YfxcAHfSOPuT7VUJySw4p4ix7viEsvWd1KUSWfLWjoSdBQ0oDfbqH8K2LGvDCwWOTMkvJXc3pR2tc9KF6OySRwO5NTch8P8AHb5a3IKrexE6iCl+K0lDiCD6HVBnn+0VJTJs+Pux3OuM8tbiVJ7KBSNH+BNPtowrD1WqGpFmtzgLCCFlAUVcDnfrXKR4bWmZicXHJ8mZJjxFlUZ9awHWvoCBojk9x\/dSyPAi0pGkX26JT6AdH+VBPxm14Ja81mox6asXgtOociI6vLQngqA+XXGh61k+H3HLLe1ki8TiF1Ct\/FPJSFLZSCrRSCdk9\/Q1tmE+GNnxCW7MivyZUpxst+Y+R8iT30APWpmE4Jb8OfnuwJUl8zSCsPlOk6J7aA96BC8BIuNvIeneeZGSEqU6JA+ZtJ9Ue+\/VXevHjLYpM\/MLTMt8m2uyEIQlMGVIQ2pZC9p+VRHUD2pwu3hZZZuQIvkGTMtU1KuvqgqSkFf72iDo\/wB9d8x8N7ZlzsSTPly2psZvoElkpBX67I1rv7aoES6Jzf8ARsgXHw+spilpXndHlghOuTwvfb2qrtV1gS\/BrJmrXbjbi0635qUPrcSvqKefm5HbRFOi\/BtlxBQ7ld+WhQ0pJeBBHtTFYPDuxWTHptkbQ7IjTv8A1Knl\/MvjQ7a1r6UCh4NYxjVyweNLnW6FKmLdc81bqQpQ0sgDntxqlrx5slksy7QuyxY8SS4VhaGONpGtEgfX1poV4D2ULUWLxcmkk\/hBRx+eqkWzwPx+JNbky50+aG1BXlOqSEq123ob1+dAp+IcFi6eLGNwp6C4xIgx0OpJIJBK90WWZP8AB\/NVWq5rW9YJ6tod16dgsD3G9KH5+1ajd8Ct11y6Bkr0mSiTCShLbSCnyyEkkb43+171PzDFLbl1qNvuaVABQW283oLaV7pJ\/hQflvMXW38vvTrK0rbXMcUhSTsEEnRFFbSPAbHh2ul1\/wDs3\/pooutZoooohWyO7XX+kFusFkXHYflMuSHpMhsuBttBA0lII2SVV6\/ReWf\/ACWJ\/wDnD\/XVdk8xiyZ5Z7zc1eRbTBfiqkqB6G3CpBSFH03o8mud4ybFLm60tGcJhBCdFMWWlIV9TsHmgv8AG5V7VInwr800pUZafImMNFtuQhQ3+Ek6UDwdHVQMsvtzaucOw4yI67tIQp9xT6SpEdlO\/mUAR+JWkj86pcXvqYiskuzt3mXDH4bbfw8mSd9agklYQdDq5IHFGLxMuYcmXpdrtzky6qDqlPy1JW23r5GtBJAAHse5NA24nfBf7K1MW35MlJLclg92XUnSkn8\/5apYnZnc7XmE1mc3HVj8Z1ph11CD5jCnE7StR3rp3weONiozb14xfLP0veIcSLarwtDEr4Z9TiW3+zbh2BoH8J\/KrOyw2LhlOaQ5jSXY75YQ4hXIUktUDokggHYO+xHrWeZNm11avTTVhRHVbI05iFMkOoKvMdcWAUN6I\/CN7Puaim53+xBWER0uvXJ09FquChtIjeq1n95scfU6qXmVmi2HE7DbYKSGmbxE5Pdai6CVE+pJJNBZSrlf5uazrLbJsOJGiw2n+p2KXVKUtShr8Q0OKsEwcrCklV8txTvkC3EbH\/UpOvruON+Jtz\/pPMbjNG2x\/JK5K2uo9S9\/hI3U6LL8NkSWlR71HLoWCgfpFw\/Nvjgq5oLaTc75dMpuFotEuHBYtzTReceYLrjqnB1DpHUAEgevPNe5cPM4sV5+LeoEt5tBUhhyAUhwjnp2F7G+26qcmfxhzJZcfK2RbVoZb+FuPxC2fiUEbKetOuUnjWz71Uyh4cMxXnIuSyPPCCW\/Ju7619Xp0pCiSd641QabapD8u2RZEuMqNIdaSt1hXdtRHKfyNS6pcLcnvYpanLv5nxyoyC95o0rq16j3q6oCiiig\/9k=\" alt=\"\" width=\"184\" height=\"214\"\/><\/figure><\/div>\n\n\n\n<p><span style=\"text-decoration: underline;\"><strong>Historique <\/strong><\/span><strong>:<\/strong><\/p>\n\n\n\n<p>Steve Jackson Games (SJG) est une entreprise am\u00e9ricaine fond\u00e9e en 1980 par l&rsquo;Am\u00e9ricain<\/p>\n\n\n\n<div class=\"wp-block-image\"><figure class=\"aligncenter size-large\"><img decoding=\"async\" src=\"https:\/\/upload.wikimedia.org\/wikipedia\/commons\/thumb\/8\/85\/Steve_jackson_at_lucca_games_2006.jpg\/260px-Steve_jackson_at_lucca_games_2006.jpg\" alt=\"\"\/><\/figure><\/div>\n\n\n\n<p> <\/p>\n\n\n\n<p>Steve Jackson (\u00e0 ne pas confondre avec son homonyme britannique, un \u00e9crivain de livres-jeu) et sp\u00e9cialis\u00e9e dans la cr\u00e9ation et l&rsquo;\u00e9dition de jeux de r\u00f4les, de jeux de soci\u00e9t\u00e9 et de jeux de cartes \u00e0 collectionner.<\/p>\n\n\n\n<p>Steve Jackson Games cr\u00e9e un certain nombre de jeux de r\u00f4le et de strat\u00e9gie sur des th\u00e8mes de science-fiction notamment.<\/p>\n\n\n\n<div class=\"wp-block-image\"><figure class=\"aligncenter size-large is-resized\"><img loading=\"lazy\" decoding=\"async\" src=\"https:\/\/jeuxsoc.fr\/c\/castj_01.jpg\" alt=\"\" width=\"455\" height=\"229\"\/><\/figure><\/div>\n\n\n\n<p>Deux joueurs travaillent ensemble pour construire un ch\u00e2teau. Les pi\u00e8ces des murs et des tours sont reli\u00e9es pour former des cours. Le joueur qui termine une cour le r\u00e9clame avec un Donjon.Vos cartes d\u00e9terminent quelles pi\u00e8ces vous obtenez \u00e0 chaque tour. . . mais vous d\u00e9cidez o\u00f9 les mettre. Si vous \u00eates intelligent, les pi\u00e8ces jou\u00e9es par votre adversaire peuvent finir par marquer pour vous !Si vous combinez des ensembles Castellan rouge \/ bleu et vert \/ jaune, vous pouvez jouer avec trois ou quatre joueurs.<\/p>\n\n\n\n<p class=\"has-text-align-right\">Le Conservatoire du Jeu &#8211; Mai 2022<\/p>\n","protected":false},"excerpt":{"rendered":"<p>Historique : Steve Jackson Games (SJG) est une entreprise am\u00e9ricaine fond\u00e9e en 1980 par l&rsquo;Am\u00e9ricain Steve Jackson (\u00e0 ne pas confondre avec son homonyme britannique, un \u00e9crivain de livres-jeu) et sp\u00e9cialis\u00e9e dans la cr\u00e9ation et l&rsquo;\u00e9dition de jeux de r\u00f4les, &hellip; <a href=\"https:\/\/leconservatoiredujeu.fr\/index.php\/steve-jackson-games\/\">Continuer la lecture <span class=\"meta-nav\">&rarr;<\/span><\/a><\/p>\n","protected":false},"author":1,"featured_media":0,"parent":0,"menu_order":0,"comment_status":"closed","ping_status":"closed","template":"","meta":{"footnotes":""},"_links":{"self":[{"href":"https:\/\/leconservatoiredujeu.fr\/index.php\/wp-json\/wp\/v2\/pages\/8331"}],"collection":[{"href":"https:\/\/leconservatoiredujeu.fr\/index.php\/wp-json\/wp\/v2\/pages"}],"about":[{"href":"https:\/\/leconservatoiredujeu.fr\/index.php\/wp-json\/wp\/v2\/types\/page"}],"author":[{"embeddable":true,"href":"https:\/\/leconservatoiredujeu.fr\/index.php\/wp-json\/wp\/v2\/users\/1"}],"replies":[{"embeddable":true,"href":"https:\/\/leconservatoiredujeu.fr\/index.php\/wp-json\/wp\/v2\/comments?post=8331"}],"version-history":[{"count":5,"href":"https:\/\/leconservatoiredujeu.fr\/index.php\/wp-json\/wp\/v2\/pages\/8331\/revisions"}],"predecessor-version":[{"id":13086,"href":"https:\/\/leconservatoiredujeu.fr\/index.php\/wp-json\/wp\/v2\/pages\/8331\/revisions\/13086"}],"wp:attachment":[{"href":"https:\/\/leconservatoiredujeu.fr\/index.php\/wp-json\/wp\/v2\/media?parent=8331"}],"curies":[{"name":"wp","href":"https:\/\/api.w.org\/{rel}","templated":true}]}}