{"id":8324,"date":"2020-06-04T21:37:52","date_gmt":"2020-06-04T19:37:52","guid":{"rendered":"http:\/\/leconservatoiredujeu.fr\/?page_id=8324"},"modified":"2022-05-03T17:30:25","modified_gmt":"2022-05-03T15:30:25","slug":"moonster-games","status":"publish","type":"page","link":"https:\/\/leconservatoiredujeu.fr\/index.php\/moonster-games\/","title":{"rendered":"Moonster Games"},"content":{"rendered":"\n<div class=\"wp-block-image\"><figure class=\"aligncenter size-large\"><img decoding=\"async\" src=\"data:image\/jpeg;base64,\/9j\/4AAQSkZJRgABAQAAAQABAAD\/2wCEAAkGBxETDhMTERQRFRUVDRYaFhgWFxgRHhYTGB0fGhgWGRgdHygsGR8mHhkYITEiJSkrLi4uGR8zODMsNygtLisBCgoKDg0OGRAPFS0dHR03LS0tLS0tNystLS0rKy0tLSsrLS0yKystKy0rKzcrLS03Nys4LS4tKy0yKy0rKzctLf\/AABEIAMgAyAMBIgACEQEDEQH\/xAAcAAEAAQUBAQAAAAAAAAAAAAAACAIEBQYHAQP\/xABKEAABAwICBQYHDgMIAwEAAAABAAIDBBEFEgYHITFxEyJBUWGRFDRzgaGy0ggVFyMyQlJUcoKSscHCU2LDMzVkdYOis+Elk9Ek\/8QAFgEBAQEAAAAAAAAAAAAAAAAAAAEC\/8QAGBEBAQEBAQAAAAAAAAAAAAAAABEBMUH\/2gAMAwEAAhEDEQA\/AO3v3HgoQP3nipvv3HgoQP3nigpREQEREBERAREQEREBERAREQEREH0ijc5wa0EkmwAFyT2Bblp3oXPRU9FI6NwD6FvKm3yJy5zix3Ucrm7+o9SweA6UVlG4OppnRkdGxwPEELoWneterkpqRtM8RGWiD6gsAuZC4sLAT8kcwnZ9IKK5Gi+1TUvkcXSOLnHeTtXxVQV7g\/jMPl2esFZK9wfxmHy7PWCaudTWRERFL9x4KED954qb79x4KED954oKUREBERARFn9GND62vfalhc4X2vPNY3i87PMNqDAIu96O6h4WgOrp3SO6WQjk2j752nuC6DhWr\/Cqe3JUkFx857eWPe+6CIrWE7gTw2qt9O8b2uHEEKa8NJGwWYxjR1NaG\/kvoWA7wEEH0Uzq\/R2jmFpqank+1Gx3pstNxzUxhc4JibJTuPTG67b\/AGHXHdZBGNF0nSvU5iFKC+C1VGP4YIeB2x9P3SVzmRhBIcCCDYg7LHqQUIiICqc4m1+gWHBUogIiICvMH8Zh8vH6wVmrzB\/GYfLx+sEXOproiIil+48FCB+88VN9+48FCB+88UFKIiAq2MJIABJJsANtz1I1pJsBck7LdKkTqj1ZNpGtq6xoNS5t2MO3kAf6n5bkGB1d6mbhs+JgjcW04Nj\/AKp6Psjz9S7dSUkcTGsiY1jGizWtAaGjsA3L7WXqAiIgIiICIiDyy03TnVzR4i0uc3kp7c2ZgF+Dx88cdvatzRBDzTDRKqw6fkqhuw3LJG7WSN62n9DtC19TN0jwCnraZ0FSzMx27oLHdD2noIUV9OtEJ8NqzDJzmOuYpALCRn6EbiP+kGtIiICK7qaCRkUUjgQyVriw\/SDXZTbzhWiAr3B\/GYfLs9YKyV5hHjMPl4\/WCLnU10RERS\/ceChA\/eeKm+\/ceChA\/eeKClEWT0bwd9XWQ00fypZQ2\/0R853mFz5kHUdQ+g4lf74VDbsjfanB3OkG+Tg3cO3gu\/WVnhOHR09PHBEMrI4w1o7B+vSr1AREQEREBERAREQEREBa3p3orFiNE+B9g\/5UT\/4cnQeB3EdS2ReWQQnxKhkgmkhlaWvjkLXA9DhvXwjeQQRsIK7T7obRYNdHiEbflERz2+lb4t\/cC3zNXE0G0Y1pvV1FHBTSSEsia4HYBmuebfZ0NsFq6Ii0V7g\/jMPl2esFZK8wfxmHy8frBDOproiIil+48FCB+88VN9+48FCB+88UFK7L7nPAw6oqKxw\/soxHH9t+1x8zQB95caUotRmHCLA4XbjNLJIfxZB6GBB0FERAREQEREBERB4sYzSCjM\/ICopzLe3JiVhdfqy339iucTgdJBKxjsrnwva130XEEA+YqGUsEsc5jIcJWTFthfMJAbWFum6Ca916rDA+V8Eg5f8AtvB4+U8plGb03V+gIiIMHpngorMOqKcjbJC7L2SDnMP4gFDp7SCQd4O3sKnAohax8PEGMVkYFgKpzmjqa\/nj0OQa0iIgK8wjxmHy8frBWavMI8Zh8vH6wRc6muiIiKX7jwUIH7zxU337jwUIH7zxQUqYGruAMwahH+BiP4m5v1UP1MPQGXNhFCf8BCO5gH6INgREQeXXl1p2tbSOWhwt80A+MdI2NrrXyF17vt2AG3aQoxxY9VtqPCGzzibNflM7sxPab7eCCZ116sHoZiMlRhtLPKWl8lKxziNxcRtPZwWcQEREFhjeJspqaWok+RFE557bDdxO5c31L6OxyQyYpURtdUVNVI9jnAOyNzG5Zs5pLs23qAWU17SuGBTBp2OmiDvs5r\/mAsvqty+8dDl3eCj8Vzm9N1FbXZeoiqCIiAov694Q3HZSPnQQk8ctv2qUCjFr6ffHHj6NNCD+G\/6oOcoiICvMI8Zh8vH6wVmrzCPGYfLx+sEXOproiIil+48FCB+88VN9+48FCB+88UFKlVqXrhLgVN1x54z91xt6CFFVdz9zhjQy1VGTtBbMwdmxkn7EHcEREFhjWFQ1VO+CdofHI2zmnZwIPQQbG\/YuIaY6kjBTyz0c75OTaXck9gzFg32eN57LbV35eEIOQ+560jMtJLRvN3U5Do\/JPO0fdd64XX1HStm94NJnSBrvBpQTZvTTym5Db9LHjd\/L2rpMmuTBw24mkJ+iIn39It6VFdCRcgrtfVG02hpqiQdbiyL2kodfdG4gTU1RGOtrmS+yqjcNbNJyuBVreqDP\/wCtwf8AtWr+56xnlcNkp3HnU8+zycnOH+4PVjpzreoJsMnhpjK6WaF0YDmFgaHbHEk9l9y03UBiZjxnkuieme37zfjAe5ru9RUl0RFUEREBRJ1rV3LY5WvBuBUZB\/pgM\/apS4\/ibaakmqH\/ACYoXP45RsHnNh51DKqnc+Rz3G7nPLnHrcTcoPkiIgK8wfxmHy8frBWavMI8Zh8vH6wRc6muiIiKX7jwUIH7zxU337jwUIH7zxQUrYdA9ITQYlBU7crX2kA6YnbHju28QFryIJvQTNe1rmEFrmgtI3FpFwR5l9Vx3UPpqJYPe+Z3xkTSYSfnxDeziz1eC7EgIiIOe65tEfDcPMkY+Ppg6Rn8zLfGR+cC47QOtRgA6FOAhRJwOKFmkEbZMohZi1jfcGiSwv2bkVlm6nMYLXHko+adgMrLv7W7fzstbw\/RKtlqn0zYXNkivyvKWjbE0b3SOOxo7enouuiu05fHQVj6itq48TbVuDYdoY2zhZoiLS0NtmvfbsV7rBnllwendJsne2lkxIRi0nIkOETngdF77OgkKUjUY9Vk3g9RUPqqMxQUz3l0D\/CbubtyENtluL7du5YrVQXe\/tFl3+Ef7cpzei66vgWiVHFK+uoZHx4ecLlbM2TP8fdrr7H2IaNhuekWC5VqmnDMeoidxnLfO9rmj0kIJaIiKoIixmkGNRUdLJUTmzI2XPWT81o6yTYIOX+6E0nEdNHQsPPmIfL2RNPNB+04X+4o\/rLaTY5LW1ktTL8qR97bw1u5rB2AWCxKAiIgK8wjxmHy8frBWavMI8Zh8vH6wRc6muiIiKX7jwUIH7zxU337jwUIH7zxQUoiILnD62SGZksTiyRjw5rhvDgpS6ttPIsSptuVlRGBysf9RnW0+jdxiir3CcTmpp2TQPdHIw3a5vR2doO4goJrIua6uta1PXBsNSWwVO6xNmSnrYTuP8p8110m6DxzgBc7gPQoTV02eV7\/AKUjj3klSy1k442kwmplJs50Lo4+2SQZW24bT5ioioNopdOaxmQkU0sjGgMllgimkaButI5tzboveysItJ61tWasTycu75Ul7lw+iRuLezcsMiFbRj2n+JVcXJT1DjGQLsa1sYdb6QaBdYHDax0M8crNjo5Wvb9ppuPyVqiCa2EYgyop4p49rJYmvbwcL2V6uD6ldYsMMPgNY8RgPJgkcbNAcbmNx+btuQe0rrOMaY0FNCZZaiHKBsDXtkc49TWtNyUVl6yrZFG6SRzWMY0uc5xsGtHSVGLWrp+7Ep+Tiu2liceTG4yO3cq4fkOgcVTrH1kT4k\/k2XipWu5sd9ryNzpD0ns3Dt3rQ0QREQEREBXmEeMw+Xj9YKzV5hHjMPl4\/WCLnU10RERS\/ceChA\/eeKm+\/ceChA\/eeKClERAREQegre9G9bGJ0kYjD2TMA5omBeWjqDgQbdhJWhog2PS\/TSsxF7TUvGVl8jGDIxpO8gdJ7Tda4iICIiAiIgL1eIgIiICIiAiIgK8wjxmHy8frBWavMI8Zh8vH6wRc6muiIiKX7jwUI5mEOIIsQ4gjqN1N5c80p1TYbV1DpiZYJHuu\/knNaHu6XFrgbHggi+ikQNQ2H9FRV98fsJ8AtB\/HrO+P2EWI7opEfANh\/wBYrO+P2E+AbD\/rFZ3x+whEd0UiPgGw\/wCsVnfH7CfALh\/1is74\/YQiO6KRHwDYf9Yq++P2E+AXD\/rFZ3x+whEd0UiPgGw\/6xWd8fsKl2orDRvqaocXRD9ilIjyikO3URhx2ioqyOMXsL5T6kMMZ8uqqW\/afC382pSI+opAUupXCpNkdZO8jflkhdbuaqpNSOFtdldV1Ida9i+EEjhlSkR9RSE+A3DfrVV+KL2U+A3DfrVT+KL2UpEe0UhWaisOO6pqzwdEf2Kv4BcP\/j1nfH7CpEd0Uh\/gIw+9vCKu\/GL2F78AtB\/HrO+P2FCI7q\/wOMuq4GtBJNTGABtuS4bF3r4BcP8ArFZ3x+wsvo5q2wvDJW1Dnl0gPMfUPYA138gsBmt0oOhoqGPBFwQQRcEbbhFUVqO\/uip3DFIACR\/49u4kb5H\/APxSIUbfdDy3xlg+jQRjvc8\/qg3b3PekHK0U1K9xL4Jczbm\/xUnQODgfxBbJrixh1Ngszo3OZI9zI2OaS0hznXNiN3Na5cJ1RY94JjEDnG0cp5GTo5r9jSeD8p8y3z3SOLeKUoP0pnj\/AGM\/qKKp1C6TVlRWzQVE8srG0Rc0SOL7OD2i4J27nKvXVp9WU9a2kpJTE1sLXSObYOc91zbN0ADLu61quoKpyY41v8Sllb3AP\/Yvhr1\/v6fyUPqBBZUGsvGYS1\/hUr2m9hKBI11t+8fkV0nF9ak7tHWVcQZHUvrDAbDMGuDc7nsB7Mu\/dda\/j8TToRQOIF21hsbbrvlB29uxabLJfR2JvVjcp74Y7fqgqh1hYxcubWVJttNzmA8xFgurarNZlTW8vBUhhljpHyskaMuYNsCHN3E7QdlulaxqJp2vgxZrgCHULRtF9hEiwWpWXLij+3DqgcbNv+iCvC9bWKCqhfPUF0QmaZGZGNDo784bG9S+uvd59+3EE2NLCRt2WI6FztrSb9g29nQsvpJjZqnU7nXzR0MULj9Ix3AP4cvnuqOpwY3NQ6F08kDi2WeoewP6WBz5CS3tyx28655olonW4tO8ROByAGSSV5IbmvbbtJJse5dMrNH5qvQukZA3O+IiXKNpc0OkDg0dJs+9uxc51f6bTYVUSEMD2SZRLG67DzCbEH5rhd3eVBhnmooK54a8smp6hzczDbnMdY26wbedb1rYwysrMRZUQU1TIySgp3B0cT3t5zc1gQO1ZGg0Kw7Gp56mmrpGSSyukfDJG0ujc83PzhmaL2uF3XCqTkaeKK9+TgYy+6+Vobf0IIcYjh1TAQKiKeIuByiRro7jptfes5oxoJiNfA6alYHsbKWG8jWc4AHcT2hdC90sznUB\/lqB6Y1n\/c5\/3RN\/mT\/+ONVGsaC6GYlQe+E1TGY2+8lQGuEjHfGWDh8l1x8krneA0+JVspipXVEr2xl5aJSLNBAvznDrA86lNpt\/dVd\/l1R\/xuUXdDKDFDI6bDGVGZoyufF0ZtuUnzehRW96ttCsWp8YhmqYZGMYyW73Pa9ocY3NbezjfnELHYXrPx+ebkoHNlkDXHI2GMkhu\/ZZdP1RtxYMqffTwi+aPkuVsdlnZstvMuH6CaSx4fihqZWPe0NlbZlgbu2dKDasO14YjFJlqYYJAHWcMroXCx2jfsPELoeLF1d4JXU8Rqad9PYxXykG7swPVtIvbpiAOwrgWk2IuxDE5poYXB0812RsHKO3AdG8m1z51JbVdgctHhEEM+yQZ3ObvyF7i7J5hv7boVl9F6N8VI1j2hhzyODAcwja57nNjB6coIHmRZdFUFGPX26+OP7KaIegn9URFxg8cwMMwnDq2MW5UTRykfxY5HFh4lnqK8weslxfHqTwnnl8kLXAbjHE27u8NcT9ooiDzV3N4PpHTdFq50X480f6rJ6\/KRzMbc8jZLTROaeAyH0tRFBbYhpfTyaMU+HjOJ4qu5FuaWXe7Nm++BZY9uHSHRt01jlbjQHfFYnvyhEVKv8AVXphBQCtbOH2npMrC0ZvjG5rNI6L5t\/YvhqiY73xe8DZHh1U53YOTI\/MhEU0zq01aYa2qrzSut\/+ijnY0n5r8hex3mcwFavPC5j3McLOa8hw6nA2IXqKjvtBpucL0cwyTkeWErHN+XyeUguPUb\/9LDQVmF6QySslhFFVCHM2YSN55BtZwsM9tnbbpCIovrk8U81HVl0UmWWGYgPjdcZmm1wR8oHuIUvtHK8z0NNO4AOlpIpCB0F7Q4+koirLkvulh8XQfbqPyjV\/7nCa+H1LPo1oP4mNH7URFdF0upZJsOq4ohmkko5WMF8t3OaQNp3b1H\/DNDNJaMOFNHURBxGbkpoxmIGw7HoiiN01aUOPtxJrsQNVyAgkDuVka5uYjm7M2+64nRU7Za1kbicslW1pI6GufYkd6Iith1g6MPwjEmshleRkbLDJ8lw2kbbdILT6FKDAqwzUkEpteWmjebdb2goiDIIiKo\/\/2Q==\" alt=\"\"\/><\/figure><\/div>\n\n\n\n<p>Moonster Games \u00e9ditions est une jeune maison d\u2019\u00e9dition de jeux de soci\u00e9t\u00e9, cr\u00e9\u00e9e par Emmanuel Beltrando en 2010, distribu\u00e9 par Asmod\u00e9e et powered by Sushi &amp; Coke Zero.<\/p>\n\n\n\n<p>Moonster Games propose des produits pour les enfants des 6 ans !<\/p>\n\n\n\n<figure class=\"wp-block-image size-large\"><img decoding=\"async\" src=\"https:\/\/cdn3.trictrac.net\/documents\/formats\/enlargement\/documents\/originals\/04\/35\/45f54a220971da87bb9520198c4e1b2ccfd9.jpeg\" alt=\"\"\/><\/figure>\n\n\n\n<p>Minivilles est un jeu pour 2 \u00e0 4 joueurs \u00e0 partir de 8 ans, environ 30 min. Dans Minivilles, les joueurs vont acheter des cartes qui repr\u00e9sentent divers types d\u2019\u00e9tablissements qui vont composer leur ville. Il y a quatre \u00e9tablissements majeurs que nous appellerons \u00ab Monument \u00bb, le premier joueur \u00e0 avoir construit ses quatre \u00ab Monument \u00bb gagne instantan\u00e9ment la partie&#8230;<\/p>\n\n\n\n<figure class=\"wp-block-gallery columns-2 is-cropped wp-block-gallery-1 is-layout-flex wp-block-gallery-is-layout-flex\"><ul class=\"blocks-gallery-grid\"><li class=\"blocks-gallery-item\"><figure><img loading=\"lazy\" decoding=\"async\" width=\"202\" height=\"300\" src=\"http:\/\/leconservatoiredujeu.fr\/wp-content\/uploads\/2020\/05\/1.jpeg\" alt=\"\" data-id=\"8325\" data-full-url=\"http:\/\/leconservatoiredujeu.fr\/wp-content\/uploads\/2020\/05\/1.jpeg\" data-link=\"http:\/\/leconservatoiredujeu.fr\/?attachment_id=8325\" class=\"wp-image-8325\"\/><\/figure><\/li><li class=\"blocks-gallery-item\"><figure><img loading=\"lazy\" decoding=\"async\" width=\"900\" height=\"613\" src=\"http:\/\/leconservatoiredujeu.fr\/wp-content\/uploads\/2020\/05\/2-1.jpeg\" alt=\"\" data-id=\"8326\" data-full-url=\"http:\/\/leconservatoiredujeu.fr\/wp-content\/uploads\/2020\/05\/2-1.jpeg\" data-link=\"http:\/\/leconservatoiredujeu.fr\/?attachment_id=8326\" class=\"wp-image-8326\" srcset=\"https:\/\/leconservatoiredujeu.fr\/wp-content\/uploads\/2020\/05\/2-1.jpeg 900w, https:\/\/leconservatoiredujeu.fr\/wp-content\/uploads\/2020\/05\/2-1-300x204.jpeg 300w, https:\/\/leconservatoiredujeu.fr\/wp-content\/uploads\/2020\/05\/2-1-768x523.jpeg 768w, https:\/\/leconservatoiredujeu.fr\/wp-content\/uploads\/2020\/05\/2-1-440x300.jpeg 440w\" sizes=\"(max-width: 900px) 100vw, 900px\" \/><\/figure><\/li><\/ul><\/figure>\n\n\n\n<p>Dans le royaume de Spamootail vivent en parfaite harmonie des humains, des lutins, des gobelins, des elfes, des nains, et des f\u00e9es. La vie est belle et simple dans ce royaume. Mais, le jour du solstice d\u2019\u00e9t\u00e9, chaque peuple envoie un de ses habitants dans la petite ville de Crossing. Lors du solstice, en effet, des pierres de vie apparaissent sur les champignons g\u00e9ants qui entourent Crossing. Il se trouve que ces pierres sont des pierres pr\u00e9cieuses, alors le partage n\u2019est pas facile. Tous les coups sont permis, y compris chaparder les pierres r\u00e9colt\u00e9es par les autres joueurs, alors restez vigilants\u2026.<\/p>\n\n\n\n<p class=\"has-text-align-right\">Le Conservatoire du Jeu &#8211; Mai 2022<\/p>\n","protected":false},"excerpt":{"rendered":"<p>Moonster Games \u00e9ditions est une jeune maison d\u2019\u00e9dition de jeux de soci\u00e9t\u00e9, cr\u00e9\u00e9e par Emmanuel Beltrando en 2010, distribu\u00e9 par Asmod\u00e9e et powered by Sushi &amp; Coke Zero. Moonster Games propose des produits pour les enfants des 6 ans ! &hellip; <a href=\"https:\/\/leconservatoiredujeu.fr\/index.php\/moonster-games\/\">Continuer la lecture <span class=\"meta-nav\">&rarr;<\/span><\/a><\/p>\n","protected":false},"author":1,"featured_media":0,"parent":0,"menu_order":0,"comment_status":"closed","ping_status":"closed","template":"","meta":{"footnotes":""},"_links":{"self":[{"href":"https:\/\/leconservatoiredujeu.fr\/index.php\/wp-json\/wp\/v2\/pages\/8324"}],"collection":[{"href":"https:\/\/leconservatoiredujeu.fr\/index.php\/wp-json\/wp\/v2\/pages"}],"about":[{"href":"https:\/\/leconservatoiredujeu.fr\/index.php\/wp-json\/wp\/v2\/types\/page"}],"author":[{"embeddable":true,"href":"https:\/\/leconservatoiredujeu.fr\/index.php\/wp-json\/wp\/v2\/users\/1"}],"replies":[{"embeddable":true,"href":"https:\/\/leconservatoiredujeu.fr\/index.php\/wp-json\/wp\/v2\/comments?post=8324"}],"version-history":[{"count":4,"href":"https:\/\/leconservatoiredujeu.fr\/index.php\/wp-json\/wp\/v2\/pages\/8324\/revisions"}],"predecessor-version":[{"id":13055,"href":"https:\/\/leconservatoiredujeu.fr\/index.php\/wp-json\/wp\/v2\/pages\/8324\/revisions\/13055"}],"wp:attachment":[{"href":"https:\/\/leconservatoiredujeu.fr\/index.php\/wp-json\/wp\/v2\/media?parent=8324"}],"curies":[{"name":"wp","href":"https:\/\/api.w.org\/{rel}","templated":true}]}}