{"id":8255,"date":"2020-06-02T11:23:53","date_gmt":"2020-06-02T09:23:53","guid":{"rendered":"http:\/\/leconservatoiredujeu.fr\/?page_id=8255"},"modified":"2022-04-28T11:13:21","modified_gmt":"2022-04-28T09:13:21","slug":"gmt-games","status":"publish","type":"page","link":"https:\/\/leconservatoiredujeu.fr\/index.php\/gmt-games\/","title":{"rendered":"GMT GAMES"},"content":{"rendered":"\n<div class=\"wp-block-image\"><figure class=\"aligncenter size-large\"><img decoding=\"async\" src=\"data:image\/jpeg;base64,\/9j\/4AAQSkZJRgABAQAAAQABAAD\/2wCEAAkGBxISEBUQERMVFhUXFhgaFRcXFhcVFRUVGBcWGBcVFRgYHiggGRslGxcWITEhJSkrLi4uFx8zODMtNygtLisBCgoKDg0OGxAQGi8mICUvLS4tLS0tNy0tLS0vMi0tLS0tLS83LS0tLS0tLS0tLS0tLS0tLS0tLS0tLS0tLS0tLf\/AABEIAM0A2gMBEQACEQEDEQH\/xAAcAAEBAQEBAQEBAQAAAAAAAAAABwYFBAgDAQL\/xABOEAABAwIACAUPCwMDAwUAAAABAAIDBBEFBgcSITFBURNxgZGhFyIyNFJTYXJzdIKSsbKzFCM1VGJjk6LB0tMkQtEVM8Il4fAWQ0SDo\/\/EABoBAQADAQEBAAAAAAAAAAAAAAADBAUGAgH\/xAAzEQACAQMABwUIAwEBAQAAAAAAAQIDBBEFEiExMlFxExQzQWEVIlKBobHB0SM0kULwJP\/aAAwDAQACEQMRAD8AuKAIAgP8SyBoLnEAAXJJsAN5JQ+pNvCMphXKJRQktY50zvuwC313EAjiuoJXEEXqWjq09rWOpmarKnKf9qnjaPtvc\/3Q1RO6fki7HREf+pf4eTqn1ve6b1JP5V57zLkiT2TR5v6fodU6t73TepJ\/KneZckPZNHm\/p+h1Tq3vdN6kn8qd5lyQ9k0eb+n6HVOre903qSfyp3mXJD2TR5v6fodU6t73TepJ\/KneZckPZNHm\/p+h1Tq3vdN6kn8qd5lyQ9k0eb+n6HVOre903qSfyp3mXJD2TR5v6fodU6t73TepJ\/KneZckPZNHm\/p+h1Tq3vdN6kn8qd5lyQ9k0eb+n6HVOre903qSfyp3mXJD2TR5v6fodU6t73TepJ\/KneZckPZNHm\/p+h1Tq3vdN6kn8qd5lyQ9k0eb+n6HVOre903qSfyp3mXJD2TR5v6fodU6t73TepJ\/KneZckPZNHm\/p+h1Tq3vdN6kn8qd5lyQ9k0eb+n6P3psqVQP9yCJ3il8ftLl9V0\/NHiWiYf8yf8A7\/DQ4LymUklhM2SE7yM9nrN087VLG5i95UqaLrR2x2\/c2FHWRytD4nte06nNcHDnCnTT2oz5QlF4ksH7r6eQgCAIAgCA4GNWNMNEwZ\/XSOHWRg9cftOP9rb7ea6jqVVBFq2tZ13s3cyP4fxjqKx15n9bfrY26I27tG0+E3KoTqynvOhoWlOivdW3n5nJXgsBAEAQBAEAQBAEAQBAEAQBAEAQBAEAQHswVhSamfwkEjmO221OG5zTocONeozcXlEVWjCqsTWSsYnY8R1doZQI59g\/sk8mTqP2TyX02u0qynse8wLuwlR96O2P2NipygEAQBAcDHDGNtFBn2DpHXETDtdtc77I0X5BtUdWooLJZtbZ1548vMiFbVyTSOllcXPcbucdZ\/wBqA2LOlJt5Z1FOnGnFRith+C+HoIAgBKA6dBi\/VzDOip5XNOp2bmtPE51gV7VOb3IgndUYPEpI\/zhDAVVAM6aCRjRrcWktHG4XAXx05LehTuaVTZGSOcvJOEAQBAEAQBALoAgF0AXwBfQLoACgCA\/oNjcaCNII0EEaQQUDWdjK\/k9xt+VM+Tzn59guDq4Vg\/u8YbRt177X6NXW2Pec7f2fYvXjwv6G1U5nBAf4lkDQXOIAAJJOoAaSSh9SbeEQTGnDbqypfMb5vYxN7mMatG86z4SsyrPXlk6m1oKjTUfPz6nIXgshAEAQFYxHxFZE1tRVNDpjYtY4XbFuuNRf7Nm9XqVFLbLec\/e37m3Cm8L7m9VgzD+EXQE3x9xGaGuqqRtiLmSJo0EbXxjYRtaNezTrqVqH\/UTYsb95VOo+jJmqhtmnycUrJa9rJGte3g5CWuAc06LaQdB1qa3WZlDSUnGjlPG1HZyq4Ijh+TvhjZG3r2EMaGi\/WuboG3slJcwSw0V9F1pTclJ5J+qprhACUBbcGYuU7aKLOgiMopwM8xtLw4sueutfWStBU46m7yOYnczdZ4k8Z5kRbq5FnnTovGAsFwSUdO6SGJxMERJdGw3OY3XcLSjFOK2HKVak41JJSe9+Z6HYs0R\/wDiU\/4MY\/RfezhyPiuay\/7f+n8\/9L0P1Sn\/AAmf4Ts4ch3qt8b\/ANP1jxfpG9jS044oYx+i+6keR5deq98n\/pJcpbGtwg5rWhoEcYAAAGonUONUbjjN\/RrboZfNmWUJfCA\/ehrHwysmiNnscHNPhGw7wRcEbQSvsZOLyjxUpqpFxluZf8B4TbU08dQzU9t7dy4aHNPhDgRyLThJSWUcnWpOlNwfke9eiMyOU\/CZhoSxp66Zwj9EgufyFoLfSUFxLEC\/o6lr1k35bSMKgdIEAQBAbTJhgIT1JqHi8cNi3cZT2PqjruPNVi3hl5fkZmk7jUhqLe\/sV2omaxpe8gNaCXE6gALknkV1vG0wEm3hETxqxwmq5CGOdHAD1jAS0uHdSW1k7tQ6TQqVnJ7Nx0lrYwpRzJZkfli1jbUUkgOe6SK\/XxucSLbSy\/Yu4te1fKdZxfoermyp1Y7Fh8yv4Swk00MlTG67TA97Dv6wkK9KS1co56nTarKEuZAAFmHWm0yTMvXuO6B\/S6NWLbjM3Sr\/AIV1NhlUpc\/B5f3uRjuQnMPvqe4WYGdoyerXxzRG1QOjCA9ODabhZ4ou7kY31nAfqvsVmSRHWnqU5S5I+iXt0W8FuhapyOdp82lttG7QslnYx3IrdBj5RU9NDGXPe9kUbXBjCbODACLusNfhV5V4Rikc\/LR9epOTxjL8zpYsY6R1szoY4nszWF93FukBzW2sCbdkF6p1lN4RDc2UqEVKT3newrWiCCScguEbHPIGgkNaXWHMpZPCyVqcNeSjzMhS5T6R2iSOZnhs1zRzG\/QoFcxe80JaKrLc0zC4+4QiqK0zQPz2OYzTYjSAQQQ4Ag6OlVq0lKWUalhTlTpas1h5ZnVEXAgCApeR\/CeialJ1WkZy2a\/kvmc5Vu1lviYmlqWHGouhSlbMcleWGpvNTxbGse713Bv\/AAPOVTuntSNzREfdlL5E+VU1wgCAFAXTEPBvyegiaR1zxwj\/ABn6bHibmj0VpUo6sEcteVe0rSfyOLlYwsY6ZlO02Mzuu8myxI5XFvMVHcyxHHMs6Lo61Rzfl9ySqidAEBs8BYZP+j1tMTpYGlniSvDXAcTiT6asQn\/E0Zleh\/8AXTmvP7oxirmmbvJC3+rmO6G3O9v+FZteJmVpZ\/xxXqUbGek4ajnitcuifbxgLt6QFaqLMWjHt56lWMvU+fgVlnWhfQaXJzS8JhKHRoZnPPotIB9YtUtBZmilpGerbv12FvWicyfOFWy0jxue4czisp72djB5iuiPyXw9G3yR9uyeQd8SNWLbiZl6W8KPUo+N30fVeby\/DcrdThZjW\/ix6ogKyzrQvoCAIAgNNk3qMzCUI2PD2HiLHOH5mtU1B4mijpGOtbv0wW9aBzRIMrfb7PN2fEmVG54l0Og0T4L6\/hGJVc0wgCA9WCqThp4oe+SMaeJzgCea6+wWZJEdaepTlLkj6KAstU5Ai+U6t4TCDm7ImNYOO2eel1uRULiWZ4Oj0ZDVoZ5mTUBoBAEAQFEyOR\/OVLtzYxzl5\/QK1a72Y+l3sguv4KgQrhiHzrhWl4KeWLuJHt5A4gdCyprEmjr6M9enGXNI8q+EhQsj1JeWebuWNYPSJcfcCtWq2tmPpefuxj8ypq4Yh87YaZaqnG6aUf8A6OWXPiZ11B5pRfojxrySm3yR9vSeQd8SJWLbiZl6W8JdSj43doVXm8vw3K3U4WY1v4seqICss60L6AgCAIDt4lfSNN5QewqSjxoq3v8AXn0L0tI5YkGVvt9nm7PiTKjc8S6HQaJ8F9fwjEquaYQBAaXJ1Bn4Shvqbnu5mOt0kKWgszRS0jLVt364LgtE5k+ecP1HCVc8ndTSEcWcbdFll1HmTZ1tvHVpRXoeBeSYIAgCApeR0ANqnnfHp4hISrdruZiaWfvRXUpLTfSFbMciWUik4PCMp2PDHjlbmnpaVn3CxM6XR09agvTYZhQl4reTCMQYOfO\/QHPe8n7LAG+1rudXrdYhk57SUtavqryRulYM0+fsaGWrqkffye8Ssyrxs6y18GHRHLXgnNvkj7ek8g74kSsW3EzL0t4S6lHxu7QqvN5fhuVupwsxrfxY9UQFZZ1oX0BAEAQHbxK+kabyg9hUlHjRVvf68+helpHLEgyt9vs83Z8SZUbniXQ6DRPgvr+EYlVzTCAIDbZJIr1z3dzA7nL4x7LqxbcRmaVeKKXr+yuSvsC7cCeZXjASyz5tvfTvWSdktwQBAEAQFNyXDNoat\/2nfliB\/VW7fgZiaT214L\/281+J1XwtBTybTE0HxmjNd0tKsU3mKZm3MNSrKPqYjLDSWkp5t7XsPokOb7zlWuluZqaJnslH5k6JVQ2Ss4Y\/pcAxx6nOZE3d10jg9\/RnK\/L3KSRztNdtdt9TeBWDOIJjqy2EakfeE+sAf1WbW42dVZeBHocVRlk2+SPt6TyDviRKxbcTMvS3hLqUfG7tCq83l+G5W6nCzGt\/Fj1RAVlnWhfQEAQBAdvEr6RpvKD2FSUeNFW9\/rz6F6WkcsSDK32+zzdnxJlRueJdDoNE+C+v4RiVXNMIAgN9kfb\/AFM53RDpf\/2Vm13sydLv3I9Sm4UdaCU7o3+6VbluMWmszS9UfObNQWWdgf1AEAQBAU7EQZuBqt3lzzQtVyj4T+ZhX227iun3Ohkkq86hdH3uVw9FwDx0ly9WzzDBHpSGK2eaP1yq0mfQZ+2ORjuQ3YfeHMvtwswPOjJ6tfHNElwZS8LPFEP75GN9ZwBVGKzJI3609SEpckUXLFV5sUEI2uc8jwMaGj3zzK3cvCSMfRUMylIocDrsad4HsVlGTLeRDKEy2E6jwlh542LPr8bOm0e828fmZ1RFw2+SPt6TyDviRKxbcTMvS3hLqUfG7tCq83l+G5W6nCzGt\/Fj1RAVlnWhfQEAQBAdvEr6RpvKD2FSUeNFW9\/rz6F6WkcsSDK32+zzdnxJlRueJdDoNE+C+v4RiVXNMIAgKBkePz9R5NvvFWrXezI0vwx+ZScMC9PMN8T\/AHSrUtzMel4keqPnVupZZ15\/UB7MEYOdUzsp2Foc8kNLrhtw0u02BOxfYx1ngjrVVSg5vyNIzJtXE2PAgb+ENuht1N3aZSelKHqZKaPNc5mvNcRffYkfooGsGhF5SZTcWxm4vzu3sqD7zf0Vyn4L+Zh3O29XyOfkfq7TTw90xrxxsdY++OZebV7WibS8PdjL5FCxlo+Go54tZdE+3jAXb0gKzNZi0ZNvPUqxl6kkya0nCYRiNtDGukPI2w\/M4KlbrMzf0lPVoP1PVlYqs+u4PZHE1vK67z0Fq+3LzLBHouGKOebKzgp94Inb42HnaFejuRg1ON9SPZTG2wlL4Wxn8gH6KhccZ0OjX\/8AOvmZZQl82+SPt6TyDviRKxbcTMvS3hLqUfG7tCq83l+G5W6nCzGt\/Fj1RAVlnWhfQEAQBAdvEr6RpvKD2FSUeNFW9\/rz6F6WkcsSDK32+zzdnxJlRueJdDoNE+C+v4RiVXNMIAgN1khfarlbvgJ5ns\/crNtxMytLL+OL9Sq1cecxzd7XDnBCuPcYUXhpnze3Uso7JH9QHcxIdbCNMfvPa1wUlHjRVvv68i8rSOWPm2Z13OO9x9pWS952MOFFRoRm4tu8MUn5pHf5V1eCYU3m\/wDn+DHZPavg8Iw6dD85h9Jpt+YNVeg8TRpaQhrUJem0uJC0TmSf5N8EcFV1xI\/238E3iznOPRwZVahDEpGrpCtr0qa5rJP8aqvha2ok1gyuA8VpzG9DQqtV5m2a9pDUoxXoXDF03o6c\/cRe41aMOFHL1lipLqyV5VWWwhffDGel4\/RUrnjN7RbzR+Zj1AaJt8kfb0nkHfEiVi24mZelvCXUo+N3aFV5vL8Nyt1OFmNb+LHqiArLOtC+gIAgCA7eJX0jTeUHsKko8aKt7\/Xn0L0tI5YkGVvt9nm7PiTKjc8S6HQaJ8F9fwjEquaYQBAavJjUZmEmDu2SN\/Ln\/wDBTW7xMoaTjmg\/RotS0Dmz50wpT8HPLF3Ej2+q4j9FlSWJNHX0Za1OMvRHlXwkOxicbYQpvKt6dCko8aKt74EuhfCtI5Y+bHazxlZLOyjuRV61ubi4BvgiPrPYf1V57KPyMCDzf\/NkuoakxSxyjWx7Xeq4H9FSi8PJu1Y60HHmj6MY4EAjUdIWqce9hz6prKaKoqBtzpXeM2NrfYwLy\/dTZLHNSUYvofPl76Tr28ayzrksbC\/YpOvQUx+4j90LTp8KOTuVitLqyc5XWf1sZ3wDoe\/\/ACqlyveRsaJf8Uuph1XNQ2+SMf1snkHfEjVm14mZWln\/ABR6lHxu+j6rzeX4blaqcLMe38WPVEBWWdaF9AQBAEB28SvpGm8oPYVJR40Vb3+vPoXpaRyxIMrfb7PN2fEmVG54l0Og0T4L6\/hGJVc0wgCA9+Aa3gKqGY6mSNLvFvZ35SV6hLEkyG4hr0pR9D6GWockRDKNRcFhGU20SBsg9IWd+Zrln144mdLo6pr0F6bDMqEvHXxR7fpvLM9qkpcaK174EuhfStI5U+bH7eVZLOyjuRXsZm5uAQ37mnHTGr1TZSOetnm8z6v8kgVE6IvmJ9XwtBTybeCaDxt609LStOm8wTOTuoalaS9Tw5SKvg8HS735rB6Thf8AKHLzXeIMlsIa1ePptIis46cvOJDr4OpvJNHNo\/RaVLgRyt548+phssMfz9O7fG4czh+5V7rejT0Q\/ckvUn6qmubjJF27J5B3xIlZteJmVpbw49SjY3doVXm8vw3K1U4WY9v4seqICss60L6AgCAIDt4lfSNN5QewqSjxoq3v9efQvS0jliQZW+32ebs+JMqNzxLodBonwX1\/CMSq5phAEAIQF3xIwp8poYpCbuAzJN+ezQSeMWd6S0qUtaKZyt5S7Ks4\/NGeys4HL4GVTRcxGz\/JuI08jresVFcwytbkW9F1tWbg\/P7kpVI3zr4o9v03lme1SUuNFa98CXQvpWkcqfNcm3lWT5nZLcWXKK3MwS5u7gRzPYr9fwznLDbcp9SNKgdIV\/JLV51C6M645XDkcA8dJcr1s8wOd0pDFbPNHgyxVdooIe6e559AZo9\/oXm5exIm0TDM5S5Il6pm4XPJ86+DafxSOZ7h+i0aPAjlr3x5dTKZY2aaV3lR8MqG68i\/oh8a6E3VQ2jc5IR\/WSn7g9MjP8Kza8TMrS\/hx6lIxpF6GpH3Evw3K1PhZjW\/ix6o+fllnXBfQEAQBAdvEr6RpvKD2FSUeNFW9\/rz6F6WkcsSDK32+zzdnxJlRueJdDoNE+C+v4RiVXNMIAgCA2OTXGAU1QYJDaKYgXOpsmpp8APYn0dynt6mq8PzM3SVt2kNeO9fYsE0LXtLHAFpBDgdIIIsQeRX2c+m08olOH8m87JC6ktJGToa5wa9ngu7Q4eG91SnbPPum5Q0pBxxV2M9mKGINRHUR1FQ5jBG7ODAc9xI1AkaAOU6l6pUJKWWR3ekac6bhBbymkK2Yx84wR50rW73gc7gFlLiOvk8U2\/QsGVM2wc4b5I\/ev8Aor1xwGBo3x10ZGVQOjKDkeq7TTw90xrx6DiD745latXtaMjS0PdjL5Hhyr1WfXCPZHE0ek4lx6C1ebl5lgl0VDFFvmzGKuaRcMnB\/wCmQen8V60aHho5i\/WLiRwMsUfzNO7dI4c7b\/8AFRXW5FvRL9+S9CXKmbhvMkA\/qpj90Ol4\/wAKza72ZOluCPUo+MYvR1A+4l9xytz4WY9DxY9UfPgWUdeF9PgQBAEB28SvpGm8oPYVJR40Vb3+vPoXpaRyxIMrfb7PN2fEmVG54l0Og0T4L6\/hGJVc0wgCAIAQgKLiZlBDGinrSbCwZNpJA2CQDSfGHLvVqlcY2SMa80c29el\/n6KLSYShlbnRSxvG9r2u9itKSe5mRKnOLxJHlwljHSQC8s8YPch2c\/ka256F8lUjHeySnbVajxGLJ9jJlIkkBjo2mNp1yOtwh8Uam8ek8Sq1LlvZE1bfRaj71Xb6GKwVK1lRE9561srHONrnNa8E6NupV4vEk2adWLdNqPLBtsdsc6espDDEJGu4Rp69oAc0XvYgnwa1YrVozjhGZZWNSjV1pYxgn6rGudzEvC7KWsZNISGZr2vsLmxabaB9oNUlGahLLKt7Rdak4x3nmxmwgKismnb2L39bfR1oAa3QdWgBfKktaTZ7tqTpUlBnMXgnKPiljzS0lFHBIJHPbn3DGggXe4jS4gairdOtGMUmY11YVatZyjjB48fMbKatpmMi4QPbKHWe23W5jwdIJG0LzWqxnHCJLGzq0Kjct2DCKsapq8n2H4aKSaSfOs5jQ0NbnEkOJPgHKVNQqKDeShpC3nWjFQ8jWVuUWjlhlizZml0b2tLmAi5aQL5ridZU7uINNGfHRtaElLZvRKAqJvhfQEAQBAdvEr6RpvKD2FSUeNFW9\/rz6F6WkcsSDK32+zzdnxJlRueJdDoNE+C+v4RiVXNMIAgCAIAgP4WjcgP6AgCAIAgCAIAgCAIAgCAIAgCAIAgCAIDt4lfSNN5QewqSjxoq3v8AXn0L0tI5YkGVvt9nm7PiTKjc8S6HQaJ8F9fwjEquaYQBAEBoMA4nVdW0PY0MjOp8hzWnxQAS7jtbwqWFGUtpTr31Kk8Pa\/Q7M+IcERzZ8JQRv7khoP5pAehSdglvkVlpGctsabaPxrMnVQGcJTSxVDdmac0nxbktPrL47d4zF5PUNJwzqzi4mNVc0w1pJAAuSbAbSTqAQN4WWaXGbEyaihbM97Xhzg05oIzSRcXvr1Ec29TVKLgslK2voV5uKWDMqEunpwbROnmjgaQHSPDQTqBJ1m2xfYx1ng8Vaipwc35HQxmxbloXsZKWuz2ktc2+bcGxbpA0jQeVe6lJw3kNtdRuE3FYwcZRlk92BMFvqp2U8ds519J1NAFy422L1CDk8Iir1o0YOcj0YyYBkopRDI5riWBwLb2sS4W0gbulfalNweGeLa5jXjrJYPdixifLXRvkjkjbmvzSHZ1ybA30DVpXqnRc1lMiub6NCSi1k63Uvqu\/Qfn\/AGqTu0uZX9rU\/hZxMaMVZaERmV7HcIXWzM7Rm21kgb1HUpOG8tWt5G4bSWMH64u4mT1UfDlzYYdPzj9oGstG4byQF9hRclncjzcX0KUtRLL5I6keT9koPySugmcNbRbpLHOtzL33dPhkQe0nF\/yU2jFzxFj3Md2TXFpsQRdpINiNB0jWqzWHg04yUkpLzPzQ+hAEB28SvpGm8oPYVJR40Vb3+vPoXpaRyxIcrjT8tjdsNO0c0kt\/aFRueJG\/ol\/xPr+EYhVzUCAIDUZPcANq6omQXiiAc8bHOJsxh8BsSfFttU1CnrS2+RQ0hcOjTxHezcZSMY3UsLIIDmyS364a44xYEt3Ek2B2WO2ysV6mqsIzNHWyrTcp7l9WR879+veTvKonRLZuOngTDk9IX8C6zXtc1zT2JuCA62xw1g+DcvcKjjuIK9tCtjWW7zOYF4JzU5OcFcPXNe7sIRwjr6rjsAfS0+gVNQjmWeRQ0jV1KOFvewp+FoY8IUDxEc5srLxn7Q0tPg64C\/Krkkpx2GHSlKhWTfk9pCCCNBFjtG0Hcs06tPO00eTuDPwlD9nPdzMdbpIUtBZmilpGWrby9Sl4\/YG+V0TswXkj+cjttsNLRxtvy2VytDWiYtlX7Gqs7nsZEAVnHTlRyUYIDInVb+ylJZFfXmN0uI4yOZiuW0MLWZhaUra0uzXlv6nPyww2mp5N8b2+q4Ee+V5ultTJtES92SOnkdP9PP5Ue4F6teFkOluOPQymUiQ\/6nLYkWEY12\/9tv8AlQ1377L2joru6yuZmXyucAHOcRsuSbcV9Sh3l3Cim0i0Y8YFklwd8npR2BZZg0Z7GC2YN51G23NWhVg3DETm7OtGFfXqeZIMH1stLOJGXZKwkWIII2FrmnZ4FRi3B5R0NSEK0MPajxrySpYCAIAgO5iOwnCNMB3y\/M1xPQCpKPGirfPFvIvK0jlibZYqI5tPOBqL43HxgHN91\/Oql0tiZsaJn70ofMmaqG2EAQFRyOAcFUHbnsvxBpt0kq5a7mYWlm9ePQ4eVkn5e2+rgGW4s+S\/TdR3PEWtFY7F9TFKuaZosE4l1dTC2eIRlj72u+x0OLTcW3gqWNCUllFOrf0qU3CWco4NTCWPcx1rtcWm2kXaSDblCiaw8FqElKKkvMoGDqSSlwI98bHumqyAM1pc5sbgQDYDQMwON97wrcU4Utm9mRVnGtdpSfux\/wDfc6+SqaVsElNLG9nBuzmZ7HNu1+sC42OBPpL3bt6uGV9JqDqKcWnkxeUTBXyeueQLMl+cbuuezHrXPpBV68NWfU09HVu0opPeth7slUdqmabZHA7kLnN\/RpXq3W1si0o\/cjHmzU5LcO8PTGB56+HVvMbux5jdvIFPQnrLHIoaRt+zmpLc\/uZLGTFJwwo2niFmVDs9hA0MaTeT1dJtuLVBOl\/JheZft71d2c5b47P0aI4WaMMUtFDohp2ujAGovMTgeOwAHHnKXXxUUVuRT7Bu1nVlve36jLDB8xBJukc31m3\/AOCXS91M9aJlipJegyO\/7E\/lR7gXy13MaW449D+Y1YdwdFWPZUUXCyDNzn5rDe7QR2R2AgciVKkFLDR8tbe4nSThPC5GNxtwpR1HBfJKcw5ufnjMY3Ovm5ulhN7WOveoKsoyxqo0rSjWpt9pLPI2WJ2UCIxtgrDmPaA0SnsHgaBnn+128nQddxqU9KusYkZ13o6SbnTWVyNThnAFLXR\/ONa646yVls8DYWvGseA3CmlCM1tKNG4q0Je6\/kRLDmDHUtRJTvNyw6DqDmkAtcOMEcSz5xcZYOmoVlWpqa8zwryShAEBsMldHn1\/CW0RRudf7TusA5nO5lPbLM8mbpSeKOrzZZVfOeONjfgn5VRywjs7Z0flG6WjltbiJXipHWi0WLWt2VVS8vMgazDqwgCA1mTnGBtJUFkptFMAHOOpjwTmOO4aXAnwg7FNQqKMsPzM\/SNs6sNaO9GwylYuPqY2VEAzpIwQWjSXxnT1u8g3NtoJ8CsV6bksoztHXKpScJ7n9GSM6DY6CNY2g+FUToVt3FqyYH\/pkXjS2\/FetChwI5rSP9iXy+xLqHBhqsIcANT5n5x3MD3F59UHlsqcY608G3Uqqlb63oarHjG+ogqjT0knBsia1pAZG67rXt1zTYAFosNxU1atKMsRKNlZU6lPXqLLZ4cW8eas1cTaibPic8NeCyNts7QHXa0EWJB5F5p15ayyyS50fSVNuC2o12VHBHDUfDNHXwHO\/wDrNg8ex3oqe4hrRzyKGja2pV1XuZnMn8WZg\/CE+9jmg+JE4+14UVDZCTLmkHmvTj\/7eZfFHDHySrjm\/s7GTwxu0Hm0O9FQ0p6ssl68odtScfPyLJjNhNlNTOqiGlzWkRHQSXPsAAdxIBPgCv1JKMdY5y3pSq1FT57yN4qzu\/1Cne43cZ25xOsl7rEn1iqFN++mdHdRXd5RXIp2VODOwc53cSRu5zmf8lbuF7hiaNliuvXJzcjo\/p5\/Kj3AvFrwsn0t4kehl8olJI7CUxbG9wIjsQ1xB+bbqsFDXTc2XdHziqCy15maqaOWMB0kcjAb5pcxzQba7XGlROLW9F2NSEuF5PbjDgOSje1smp7Gua61gbgFzeNpuOY7V6qU3Ait7iNZNryNhkfnmL5mC5gDQfstlzhbN3Etzr23BWLZvavIztLRgtV\/9fgzmP1cybCEzmG7W5rL7CWNAdb0rjkUNeSc3gu2FNwoJPqZ5RFwIAgLBkrwRwNIZ3CzpyHDybbhnPdzuJwV63jiOeZzukq2vV1VuRtVYM4ICQ5TMXDDMauMfNSnr7f2SnXfwO18d\/AqNxTw9ZG\/o26149nLet3qjEKuagQBAd7AeN9ZSgMjkDmDVHIM9o8DdIc0eAEBSQrSjsRUr2NGq8tYfNHYlyiF5zpKKme7uiL+0E9Kk7xnekVlozG6bPxqso9Y4ZsYhhGzMZcj1yR0L47mXke46LpJ5k2zjYCxhmpJXzxtjdI8EF0jSbXdnOsGuba5tzKOFRxeUWK9rCrFQbaS5HOrap0sr5X9k9znOtqu43NvAvLeXknpwUIqK8j8V8PRsXZSKwtzHMp3AixBjf1wtY3+c2qfvMjN9l0k8ps5FDjNNDSSUbGx8HJn5xLXF\/Xixsc62gAAaF4VVqOqiednCdRVG3lY+hxVEWzq4Sxgnnp4aaQgsh7GwOc7RYF5J02GgaBr2qSVRyiosr0rWFOcprezwUdQYpGSttnMc1wvqu0gi9tmheU8PJNOCnFxfmaPC2PlVUwvglbDmPFjmseCNIIIJedoGu6llXlJYZSpaOp05qabyjy4vY3VFFG6OFsRDnZxL2ucb2A0WcNGhfIVpQWESXFlCvLWk2dTqmV3c0\/4b\/3r33mZB7Ko82cjGLGmet4PhmxjgyS0sa4dlm3uHOcD2IUc6rnjJPb2cKGdVvadmPKROWZk8EEw8IIv4SNIvxAKRXLxtRXei4J5hJo8WFMeqmWPgYhHTxnQRE3NcQdYztnIAvMq8msLYSUtHU4S1pNyfqZcBQl8IAvgO7ifi+6tqAyx4JtnTO3N7kHunahynYpaVPXl6FS8uVQp583uLtGwNAa0AAAAAaAANQAWkcu3naf6QBAfhW0jJY3RSNDmOFnNOoj\/AM2r40msM9Rk4tSjvIpjfinJRPzhd8Dj1km1v2JLaneHUegZ9Wi4P0OktL2NdYeyRnFEXQgCAIAgCAIAgCAIAgCAIAgCAIAgCAIAgCA6eAMBTVkvBwt0Ds3nsIxvcd+4azzke4U3N4RBcXEKEcy\/wt+L+BIqOAQxDRrc49k9x1ud\/wCaAAFoQgorCOYr15Vp60jpr2RBAEAQH5zwte0se0OaRZzXC4IOwg60xk+ptPKJ1jJk0BJkonAfdPJt6D9Y4jzhValtnbE17fSjWyr\/AKT\/AAnguendmzxPjO9w60+K4da7kJVWUJR3o1qVenUWYPJ414JQvoCAIAgCAIAgCAIAgCAIAgCAIAvgP2pKWSV2ZEx0jtzGlx5hqHhXpRb3HmdSMFmTwbfF7JrLIQ+rdwTO4aQ6Q+AnS1vSeJWIWze2Rl3GlIrZSWXz8im4NwdFTxiKFgYwbBv3knST4TpVyMVFYRi1KkqktaTyz1r6eAgCAIAgCAID\/L2AixAIOsEXBQJ43HFqsUaGTS6mivva3gz+SyjdKD3osRu60Fskzx9T\/Bv1c\/jT\/vXzsKfI99\/uPi+w6n+Dfq5\/Gn\/enYU+R97\/AHHxfYdT\/Bv1c\/jT\/vTsKfId\/uPi+w6n+Dfq5\/Gn\/enYU+Q7\/cfF9h1P8G\/Vz+NP+9Owp8h3+4+L7Dqf4N+rn8af96dhT5Dv9x8X2HU\/wb9XP40\/707CnyHf7j4vsOp\/g36ufxp\/3p2FPkO\/3HxfYdT\/AAb9XP40\/wC9Owp8h3+4+L7Dqf4N+rn8af8AenYU+Q7\/AHHxfYdT\/Bv1c\/jT\/vTsKfId\/uPi+w6n+Dfq5\/Gn\/enYU+Q7\/cfF9h1P8G\/Vz+NP+9Owp8h3+4+L7Dqf4N+rn8af96dhT5Dv9x8X2HU\/wb9XP40\/707CnyHf7j4vseimxLwezsaZh8fOk98lfVSgvI8Sva8tjmztU1OyNubG1rG7A0BoHIF7SwV3Jy2tn7L6fAgCAIAgP\/\/Z\" alt=\"\"\/><\/figure><\/div>\n\n\n\n<p>GMT Games est un \u00e9diteur de jeux de guerre bas\u00e9 en Californie, fond\u00e9 en 1990. L&rsquo;\u00e9quipe de gestion et de cr\u00e9ation actuelle comprend Tony Curtis, Rodger MacGowan, Mark Simonitch et Andy Lewis. La soci\u00e9t\u00e9 est devenue bien connue pour ses jeux graphiquement attrayants qui vont des \u00ab\u00a0jeux de monstres\u00a0\u00bb, de nombreuses cartes et compteurs, \u00e0 des jeux assez simples adapt\u00e9s pour initier les nouveaux joueurs au wargaming. Ils produisent \u00e9galement des jeux de cartes et des jeux familiaux. Le Washington Post a appel\u00e9 GMT \u00ab\u00a0l&rsquo;\u00e9diteur de jeux de guerre le plus en vue du passe-temps moderne\u00a0\u00bb. Le magazine Wargamer les a appel\u00e9s \u00ab\u00a0un nom de maison dans les jeux de table\u00a0\u00bb. VICE News a d\u00e9clar\u00e9 avoir publi\u00e9 \u00ab\u00a0certains des meilleurs designs de jeux de guerre des vingt derni\u00e8res ann\u00e9es.\u00a0\u00bb<\/p>\n\n\n\n<div class=\"wp-block-image\"><figure class=\"aligncenter size-large is-resized\"><img loading=\"lazy\" decoding=\"async\" src=\"https:\/\/www.gmtgames.com\/images\/product\/medium\/615.png\" alt=\"\" width=\"314\" height=\"319\"\/><\/figure><\/div>\n\n\n\n<p>Le nom de GMT vient des initiales du pr\u00e9nom des fondateurs Gene Billingsley, Mike Crane et Terry Shrum. Cependant, Crane et Shrum se s\u00e9par\u00e8rent rapidement avec GMT et fond\u00e8rent leur propre soci\u00e9t\u00e9, la Fresno Gaming Association.<\/p>\n\n\n\n<p>Dans les ann\u00e9es 1990, GMT a lanc\u00e9 un syst\u00e8me de pr\u00e9commande appel\u00e9 \u00ab\u00a0Project 500\u00a0\u00bb ou \u00ab\u00a0P500\u00a0\u00bb, que le Washington Post a qualifi\u00e9 de \u00ab\u00a0Kickstarter before Kickstarter qui permettait aux fans de voter avec leur portefeuille sur lequel les jeux GMT devraient arriver sur le march\u00e9\u00a0\u00bb. Les clients pr\u00e9commandent un titre et la production ne commence pas avant qu&rsquo;un minimum d\u00e9fini de commandes n&rsquo;ait \u00e9t\u00e9 atteint. Ce syst\u00e8me a \u00e9t\u00e9 adopt\u00e9 par d&rsquo;autres \u00e9diteurs de jeux de guerre. GMT a connu du succ\u00e8s dans les ann\u00e9es 1990, lorsque d&rsquo;autres \u00e9diteurs de jeux de guerre ont \u00e9chou\u00e9, ce qui a \u00e9t\u00e9 en partie attribu\u00e9 \u00e0 leur syst\u00e8me P500 innovant.<\/p>\n\n\n\n<p>GMT est connu pour avoir publi\u00e9 la s\u00e9rie de jeux COIN, qui a commenc\u00e9 avec Andean Abyss: Insurgency and Counterinsurgency in Columbia par Volko Ruhnke, un instructeur de la CIA. Les jeux se concentrent sur des sc\u00e9narios asym\u00e9triques d&rsquo;insurrection \/ contre-insurrection de toute l&rsquo;histoire, y compris des jeux se d\u00e9roulant dans l&rsquo;Empire romain, la guerre r\u00e9volutionnaire en Inde, la r\u00e9volution cubaine, la guerre du Vietnam et d&rsquo;autres.<\/p>\n\n\n\n<div class=\"wp-block-image\"><figure class=\"aligncenter size-large is-resized\"><img loading=\"lazy\" decoding=\"async\" src=\"https:\/\/www.gmtgames.com\/images\/product\/medium\/604.jpg\" alt=\"\" width=\"329\" height=\"334\"\/><\/figure><\/div>\n\n\n\n<p>En 2018, GMT a commenc\u00e9 \u00e0 cr\u00e9er des adaptations num\u00e9riques pour certains de leurs titres, y compris leur best-seller Labyrinth: The War on Terror.<\/p>\n\n\n\n<p>GMT \u00e9tait sur le point de publier Scramble for Africa en 2019, mais a retir\u00e9 le titre apr\u00e8s que la controverse ait \u00e9clat\u00e9 sur son sujet, comme indiqu\u00e9 dans le New York Times.<\/p>\n\n\n\n<p>Le site officiel de la marque\u00a0<a href=\"https:\/\/www.gmtgames.com\/\">GMT Games<\/a><\/p>\n\n\n\n<p class=\"has-text-align-right\">Le Conservatoire du Jeu &#8211; Avril 2022<\/p>\n","protected":false},"excerpt":{"rendered":"<p>GMT Games est un \u00e9diteur de jeux de guerre bas\u00e9 en Californie, fond\u00e9 en 1990. L&rsquo;\u00e9quipe de gestion et de cr\u00e9ation actuelle comprend Tony Curtis, Rodger MacGowan, Mark Simonitch et Andy Lewis. La soci\u00e9t\u00e9 est devenue bien connue pour ses &hellip; <a href=\"https:\/\/leconservatoiredujeu.fr\/index.php\/gmt-games\/\">Continuer la lecture <span class=\"meta-nav\">&rarr;<\/span><\/a><\/p>\n","protected":false},"author":1,"featured_media":0,"parent":0,"menu_order":0,"comment_status":"closed","ping_status":"closed","template":"","meta":{"footnotes":""},"_links":{"self":[{"href":"https:\/\/leconservatoiredujeu.fr\/index.php\/wp-json\/wp\/v2\/pages\/8255"}],"collection":[{"href":"https:\/\/leconservatoiredujeu.fr\/index.php\/wp-json\/wp\/v2\/pages"}],"about":[{"href":"https:\/\/leconservatoiredujeu.fr\/index.php\/wp-json\/wp\/v2\/types\/page"}],"author":[{"embeddable":true,"href":"https:\/\/leconservatoiredujeu.fr\/index.php\/wp-json\/wp\/v2\/users\/1"}],"replies":[{"embeddable":true,"href":"https:\/\/leconservatoiredujeu.fr\/index.php\/wp-json\/wp\/v2\/comments?post=8255"}],"version-history":[{"count":6,"href":"https:\/\/leconservatoiredujeu.fr\/index.php\/wp-json\/wp\/v2\/pages\/8255\/revisions"}],"predecessor-version":[{"id":12940,"href":"https:\/\/leconservatoiredujeu.fr\/index.php\/wp-json\/wp\/v2\/pages\/8255\/revisions\/12940"}],"wp:attachment":[{"href":"https:\/\/leconservatoiredujeu.fr\/index.php\/wp-json\/wp\/v2\/media?parent=8255"}],"curies":[{"name":"wp","href":"https:\/\/api.w.org\/{rel}","templated":true}]}}