{"id":8253,"date":"2020-06-01T17:27:11","date_gmt":"2020-06-01T15:27:11","guid":{"rendered":"http:\/\/leconservatoiredujeu.fr\/?page_id=8253"},"modified":"2022-04-28T10:25:39","modified_gmt":"2022-04-28T08:25:39","slug":"france-cartes","status":"publish","type":"page","link":"https:\/\/leconservatoiredujeu.fr\/index.php\/france-cartes\/","title":{"rendered":"France Cartes"},"content":{"rendered":"\n<div class=\"wp-block-image\"><figure class=\"aligncenter size-full is-resized\"><img loading=\"lazy\" decoding=\"async\" src=\"http:\/\/leconservatoiredujeu.fr\/wp-content\/uploads\/2022\/04\/logo.png\" alt=\"\" class=\"wp-image-12929\" width=\"305\" height=\"283\"\/><\/figure><\/div>\n\n\n\n<p>France Cartes Cartamundi est un fabricant de cartes \u00e0 jouer et jeux de soci\u00e9t\u00e9 bas\u00e9 en France, \u00e0 Saint-Max.<\/p>\n\n\n\n<p>L&rsquo;entreprise d\u00e9veloppe \u00e9galement des jeux de cartes publicitaires (promotionnels et personnalis\u00e9s), et travaille pour des maisons d&rsquo;\u00e9dition ainsi que des grandes marques.<\/p>\n\n\n\n<p>Le fabricant de cartes \u00e0 jouer est membre de l&rsquo;Association des Cr\u00e9ateurs et Fabricants de Jouets Fran\u00e7ais, et titulaire du label Entreprise du Patrimoine Vivant pour l&rsquo;excellence de ses savoir-faire artisanaux et industriels.<\/p>\n\n\n\n<div class=\"wp-block-image\"><figure class=\"aligncenter size-full is-resized\"><img loading=\"lazy\" decoding=\"async\" src=\"http:\/\/leconservatoiredujeu.fr\/wp-content\/uploads\/2022\/04\/logo-epv.jpg\" alt=\"\" class=\"wp-image-12931\" width=\"223\" height=\"228\"\/><\/figure><\/div>\n\n\n\n<p><strong>9 r\u00e8gles de jeu progressives pour apprendre les additions en s&rsquo;amusant.<\/strong>&nbsp;Les cartes repr\u00e9sentent les tables d\u2019addition de 1 \u00e0 10. Chaque table se rep\u00e8re rapidement par une couleur qui lui est propre. Au recto figure l\u2019op\u00e9ration, au verso le r\u00e9sultat. Les enfants peuvent utiliser le jeu seul en s&rsquo;auto-corrigeant gr\u00e2ce au r\u00e9sultat qui figure au verso. 9 r\u00e8gles de jeux permettent de jouer avec les additions de diff\u00e9rentes mani\u00e8res.&nbsp;<em>C&rsquo;est stimulant et ludique et on utilise tout ou partie des tables, selon le niveau des enfants!<\/em><\/p>\n\n\n\n<div class=\"wp-block-image\"><figure class=\"aligncenter size-large is-resized\"><img loading=\"lazy\" decoding=\"async\" src=\"https:\/\/www.didacto.com\/12842-large_default\/color-addict.jpg\" alt=\"\" width=\"195\" height=\"199\"\/><\/figure><\/div>\n\n\n\n<p><strong>Un jeu de cartes pour en voir de toutes les couleurs !&nbsp;<\/strong>Color Addict est un jeu o\u00f9 les couleurs et les mots se superposent. Sur les cartes on trouve le nom d&rsquo;une couleur \u00e9crit&nbsp;d&rsquo;une autre couleur, ou le nom d&rsquo;une couleur \u00e9crit de cette m\u00eame couleur, ou encore le nom d&rsquo;une couleur \u00e9crit de plusieurs autres couleurs. Une premi\u00e8re personne place une carte de son choix au centre de la table. Chaque joueur \u00e0 son tour se d\u00e9fausse d&rsquo;une de ses cartes selon les possibilit\u00e9s. Si le premier joueur pose une carte \u00ab\u00a0BLEU\u00a0\u00bb mais \u00e9crit en rose, le joueur suivant peut placer un mot \u00e9crit en BLEU, le mot BLEU, le mot ROSE, le mot \u00e9crit en ROSE, ou une carte multicolore. Les possibilit\u00e9s sont multiples et n\u00e9cessitent parfois un temps de r\u00e9flexion. Le but est de se d\u00e9barrasser le&nbsp;premier de toutes ses cartes.&nbsp;<em>Pour s&rsquo;initier au jeu on peut commencer avec seulement 4 couleurs, pour les joueurs confirm\u00e9s chacun joue d\u00e9s qu&rsquo;il peut!&nbsp;<\/em><\/p>\n\n\n\n<p><strong>Liens<\/strong><\/p>\n\n\n\n<p>Le site officiel de la marque&nbsp;<a href=\"https:\/\/cartamundi.fr\/fr\/\">France Cartes<\/a><\/p>\n","protected":false},"excerpt":{"rendered":"<p>France Cartes Cartamundi est un fabricant de cartes \u00e0 jouer et jeux de soci\u00e9t\u00e9 bas\u00e9 en France, \u00e0 Saint-Max. L&rsquo;entreprise d\u00e9veloppe \u00e9galement des jeux de cartes publicitaires (promotionnels et personnalis\u00e9s), et travaille pour des maisons d&rsquo;\u00e9dition ainsi que des grandes &hellip; <a href=\"https:\/\/leconservatoiredujeu.fr\/index.php\/france-cartes\/\">Continuer la lecture <span class=\"meta-nav\">&rarr;<\/span><\/a><\/p>\n","protected":false},"author":1,"featured_media":0,"parent":0,"menu_order":0,"comment_status":"closed","ping_status":"closed","template":"","meta":{"footnotes":""},"_links":{"self":[{"href":"https:\/\/leconservatoiredujeu.fr\/index.php\/wp-json\/wp\/v2\/pages\/8253"}],"collection":[{"href":"https:\/\/leconservatoiredujeu.fr\/index.php\/wp-json\/wp\/v2\/pages"}],"about":[{"href":"https:\/\/leconservatoiredujeu.fr\/index.php\/wp-json\/wp\/v2\/types\/page"}],"author":[{"embeddable":true,"href":"https:\/\/leconservatoiredujeu.fr\/index.php\/wp-json\/wp\/v2\/users\/1"}],"replies":[{"embeddable":true,"href":"https:\/\/leconservatoiredujeu.fr\/index.php\/wp-json\/wp\/v2\/comments?post=8253"}],"version-history":[{"count":4,"href":"https:\/\/leconservatoiredujeu.fr\/index.php\/wp-json\/wp\/v2\/pages\/8253\/revisions"}],"predecessor-version":[{"id":12932,"href":"https:\/\/leconservatoiredujeu.fr\/index.php\/wp-json\/wp\/v2\/pages\/8253\/revisions\/12932"}],"wp:attachment":[{"href":"https:\/\/leconservatoiredujeu.fr\/index.php\/wp-json\/wp\/v2\/media?parent=8253"}],"curies":[{"name":"wp","href":"https:\/\/api.w.org\/{rel}","templated":true}]}}