{"id":8251,"date":"2020-06-01T17:15:51","date_gmt":"2020-06-01T15:15:51","guid":{"rendered":"http:\/\/leconservatoiredujeu.fr\/?page_id=8251"},"modified":"2022-04-27T15:41:31","modified_gmt":"2022-04-27T13:41:31","slug":"educa","status":"publish","type":"page","link":"https:\/\/leconservatoiredujeu.fr\/index.php\/educa\/","title":{"rendered":"Educa"},"content":{"rendered":"\n<div class=\"wp-block-image\"><figure class=\"aligncenter size-large is-resized\"><img loading=\"lazy\" decoding=\"async\" src=\"https:\/\/www.educaborras.com\/wp-content\/uploads\/2017\/10\/LOGO-EDUCA-FR.jpg\" alt=\"\" width=\"226\" height=\"208\"\/><\/figure><\/div>\n\n\n\n<p>Les origines d\u2019Educa Borras remontent \u00e0 1894, ann\u00e9e de la fondation de Borras Plana S.A. EDUCA\u00a9 est une marque de r\u00e9f\u00e9rence du monde des jeux \u00e9ducatifs et des puzzles, et BORRAS\u00a9 est essentiellement connue pour ses jeux de magie, ainsi que pour ses jeux familiaux et de divertissement. <\/p>\n\n\n\n<p>Aujourd\u2019hui, ces produits sont distribu\u00e9s dans plus de 75 pays du monde entier.<\/p>\n\n\n\n<p>Selon une \u00e9tude r\u00e9alis\u00e9e par l\u2019Observatoire du march\u00e9 du jouet de l\u2019AIJU (Institut technologique du jouet) en collaboration avec le minist\u00e8re espagnol de l\u2019Industrie, du Tourisme et du Commerce, Educa Borras, entreprise leader du monde des jeux de magie, des puzzles et des jeux \u00e9ducatifs, est la marque de jouets la plus connue des familles espagnoles ayant des enfants \u00e2g\u00e9s de moins de 12 ans.<\/p>\n\n\n\n<p> EDUCA BORRAS en France trace petit \u00e0 petit son chemin. La France est le deuxi\u00e8me march\u00e9 le plus important pour l\u2019entreprise et l\u2019\u00e9volution de leurs pr\u00e9sence y est chaque fois plus forte.<\/p>\n\n\n\n<p><strong>Liens<\/strong><\/p>\n\n\n\n<p>Le site officiel de la marque\u00a0<a href=\"http:\/\/www.gipf.com\/\">Educa<\/a><\/p>\n\n\n\n<p class=\"has-text-align-right\">Le Conservatoire du Jeu &#8211; Avril 2022<\/p>\n","protected":false},"excerpt":{"rendered":"<p>Les origines d\u2019Educa Borras remontent \u00e0 1894, ann\u00e9e de la fondation de Borras Plana S.A. EDUCA\u00a9 est une marque de r\u00e9f\u00e9rence du monde des jeux \u00e9ducatifs et des puzzles, et BORRAS\u00a9 est essentiellement connue pour ses jeux de magie, ainsi &hellip; <a href=\"https:\/\/leconservatoiredujeu.fr\/index.php\/educa\/\">Continuer la lecture <span class=\"meta-nav\">&rarr;<\/span><\/a><\/p>\n","protected":false},"author":1,"featured_media":0,"parent":0,"menu_order":0,"comment_status":"closed","ping_status":"closed","template":"","meta":{"footnotes":""},"_links":{"self":[{"href":"https:\/\/leconservatoiredujeu.fr\/index.php\/wp-json\/wp\/v2\/pages\/8251"}],"collection":[{"href":"https:\/\/leconservatoiredujeu.fr\/index.php\/wp-json\/wp\/v2\/pages"}],"about":[{"href":"https:\/\/leconservatoiredujeu.fr\/index.php\/wp-json\/wp\/v2\/types\/page"}],"author":[{"embeddable":true,"href":"https:\/\/leconservatoiredujeu.fr\/index.php\/wp-json\/wp\/v2\/users\/1"}],"replies":[{"embeddable":true,"href":"https:\/\/leconservatoiredujeu.fr\/index.php\/wp-json\/wp\/v2\/comments?post=8251"}],"version-history":[{"count":4,"href":"https:\/\/leconservatoiredujeu.fr\/index.php\/wp-json\/wp\/v2\/pages\/8251\/revisions"}],"predecessor-version":[{"id":12914,"href":"https:\/\/leconservatoiredujeu.fr\/index.php\/wp-json\/wp\/v2\/pages\/8251\/revisions\/12914"}],"wp:attachment":[{"href":"https:\/\/leconservatoiredujeu.fr\/index.php\/wp-json\/wp\/v2\/media?parent=8251"}],"curies":[{"name":"wp","href":"https:\/\/api.w.org\/{rel}","templated":true}]}}