{"id":8237,"date":"2020-05-31T02:25:57","date_gmt":"2020-05-31T00:25:57","guid":{"rendered":"http:\/\/leconservatoiredujeu.fr\/?page_id=8237"},"modified":"2022-03-03T14:58:33","modified_gmt":"2022-03-03T13:58:33","slug":"don-co","status":"publish","type":"page","link":"https:\/\/leconservatoiredujeu.fr\/index.php\/don-co\/","title":{"rendered":"Don &#038; Co"},"content":{"rendered":"\n<div class=\"wp-block-image\"><figure class=\"aligncenter size-large is-resized\"><img loading=\"lazy\" decoding=\"async\" src=\"https:\/\/jeuxsoc.fr\/editeurlogo\/donetco.gif\" alt=\"\" width=\"177\" height=\"166\"\/><figcaption>Logo de la marque<\/figcaption><\/figure><\/div>\n\n\n\n<p><strong><span style=\"text-decoration: underline;\">Historique<\/span> :<\/strong><\/p>\n\n\n\n<p>Don &amp; Co est un \u00e9diteur de jeux de soci\u00e9t\u00e9 bas\u00e9 \u00e0 Anvers en Belgique. Il \u00e9dite les jeux du Projet Gipf, cr\u00e9\u00e9s par Kris Burm. Don &amp; Co initialement publi\u00e9s GIPF en tant qu&rsquo;ind\u00e9pendant en 1997. Ensuite est venu une colaboration avec Schmidt Spiele en Allemagne en 1998. TAMSK et Zertz ont \u00e9t\u00e9 publi\u00e9s avec les forces jointes. En 2000, le partenariat a pris fin et Don &amp; Co est redevenu ind\u00e9pendant.<\/p>\n\n\n\n<div class=\"wp-block-image\"><figure class=\"aligncenter size-large\"><img decoding=\"async\" src=\"https:\/\/upload.wikimedia.org\/wikipedia\/commons\/thumb\/7\/7e\/Kris_Burm_%28board_game_designer%29_3.jpg\/260px-Kris_Burm_%28board_game_designer%29_3.jpg\" alt=\"\"\/><figcaption>Kris Burm, inventeur des jeux du projet Gipf<\/figcaption><\/figure><\/div>\n\n\n\n<p>Il \u00e9dite les jeux du Projet Gipf, cr\u00e9\u00e9s par Kris Burm.<\/p>\n\n\n\n<p>Sur les jeux d\u00e9velopper pour le projet Gipf le plus connu est Tamsk<\/p>\n\n\n\n<p>Tamsk est un jeu de soci\u00e9t\u00e9 combinatoire abstrait, o\u00f9 le temps joue un r\u00f4le primordial. Il oppose deux joueurs : Noir et Rouge. Il se joue sur un tablier hexagonal, sur lequel des lignes sont trac\u00e9es. <\/p>\n\n\n\n<div class=\"wp-block-image\"><figure class=\"aligncenter size-full is-resized\"><img loading=\"lazy\" decoding=\"async\" src=\"http:\/\/leconservatoiredujeu.fr\/wp-content\/uploads\/2022\/03\/tasmk.jpeg\" alt=\"\" class=\"wp-image-12537\" width=\"412\" height=\"301\"\/><figcaption>Boite du jeu TAMSK<\/figcaption><\/figure><\/div>\n\n\n\n<p><strong><span style=\"text-decoration: underline;\">Liens<\/span> :<\/strong><\/p>\n\n\n\n<p>Le site officiel de la marque&nbsp;<a href=\"http:\/\/www.gipf.com\/\">Don &amp; Co<\/a><\/p>\n\n\n\n<p class=\"has-text-align-right\">M.a.J &#8211; F\u00e9vrier 2022<\/p>\n","protected":false},"excerpt":{"rendered":"<p>Historique : Don &amp; Co est un \u00e9diteur de jeux de soci\u00e9t\u00e9 bas\u00e9 \u00e0 Anvers en Belgique. Il \u00e9dite les jeux du Projet Gipf, cr\u00e9\u00e9s par Kris Burm. Don &amp; Co initialement publi\u00e9s GIPF en tant qu&rsquo;ind\u00e9pendant en 1997. Ensuite &hellip; <a href=\"https:\/\/leconservatoiredujeu.fr\/index.php\/don-co\/\">Continuer la lecture <span class=\"meta-nav\">&rarr;<\/span><\/a><\/p>\n","protected":false},"author":1,"featured_media":0,"parent":0,"menu_order":0,"comment_status":"closed","ping_status":"closed","template":"","meta":{"footnotes":""},"_links":{"self":[{"href":"https:\/\/leconservatoiredujeu.fr\/index.php\/wp-json\/wp\/v2\/pages\/8237"}],"collection":[{"href":"https:\/\/leconservatoiredujeu.fr\/index.php\/wp-json\/wp\/v2\/pages"}],"about":[{"href":"https:\/\/leconservatoiredujeu.fr\/index.php\/wp-json\/wp\/v2\/types\/page"}],"author":[{"embeddable":true,"href":"https:\/\/leconservatoiredujeu.fr\/index.php\/wp-json\/wp\/v2\/users\/1"}],"replies":[{"embeddable":true,"href":"https:\/\/leconservatoiredujeu.fr\/index.php\/wp-json\/wp\/v2\/comments?post=8237"}],"version-history":[{"count":6,"href":"https:\/\/leconservatoiredujeu.fr\/index.php\/wp-json\/wp\/v2\/pages\/8237\/revisions"}],"predecessor-version":[{"id":12540,"href":"https:\/\/leconservatoiredujeu.fr\/index.php\/wp-json\/wp\/v2\/pages\/8237\/revisions\/12540"}],"wp:attachment":[{"href":"https:\/\/leconservatoiredujeu.fr\/index.php\/wp-json\/wp\/v2\/media?parent=8237"}],"curies":[{"name":"wp","href":"https:\/\/api.w.org\/{rel}","templated":true}]}}