{"id":8212,"date":"2020-05-31T01:49:27","date_gmt":"2020-05-30T23:49:27","guid":{"rendered":"http:\/\/leconservatoiredujeu.fr\/?page_id=8212"},"modified":"2022-04-26T17:35:47","modified_gmt":"2022-04-26T15:35:47","slug":"defifoo","status":"publish","type":"page","link":"https:\/\/leconservatoiredujeu.fr\/index.php\/defifoo\/","title":{"rendered":"Defifoo"},"content":{"rendered":"\n<div class=\"wp-block-image is-style-default\"><figure class=\"aligncenter size-medium\"><img loading=\"lazy\" decoding=\"async\" width=\"300\" height=\"300\" src=\"http:\/\/leconservatoiredujeu.fr\/wp-content\/uploads\/2020\/08\/defifoo-300x300.jpg\" alt=\"\" class=\"wp-image-9966\" srcset=\"https:\/\/leconservatoiredujeu.fr\/wp-content\/uploads\/2020\/08\/defifoo-300x300.jpg 300w, https:\/\/leconservatoiredujeu.fr\/wp-content\/uploads\/2020\/08\/defifoo-150x150.jpg 150w, https:\/\/leconservatoiredujeu.fr\/wp-content\/uploads\/2020\/08\/defifoo-768x768.jpg 768w, https:\/\/leconservatoiredujeu.fr\/wp-content\/uploads\/2020\/08\/defifoo.jpg 1000w\" sizes=\"(max-width: 300px) 100vw, 300px\" \/><\/figure><\/div>\n\n\n\n<p>D\u00e9fifoo est un jeu de soci\u00e9t\u00e9 d&rsquo;Olivier Finet qui repose sur des d\u00e9fis. Le but du jeu est d&rsquo;amener son pion sur la derni\u00e8re case du parcours apr\u00e8s avoir relev\u00e9 ces d\u00e9fis.<\/p>\n\n\n\n<p>Le jeu a donn\u00e9 son nom \u00e0 la maison d&rsquo;\u00e9dition de son auteur qui a publi\u00e9 par la suite plusieurs jeux en sac tissu de type vari\u00e9.<\/p>\n\n\n\n<div class=\"wp-block-image\"><figure class=\"aligncenter size-large is-resized\"><img loading=\"lazy\" decoding=\"async\" src=\"https:\/\/cdn1.trictrac.net\/documents\/formats\/thumb_200_200\/documents\/originals\/cd\/84\/0dbc970635bdcdea6189bb66a5658f758ec4.jpeg\" alt=\"\" width=\"275\" height=\"270\"\/><\/figure><\/div>\n\n\n\n<p>Defifoo porte tr\u00e8s bien son nom puisque le jeu repose sur des d\u00e9fis. Des \u00e9quipes s&rsquo;affrontent pour amener en premier leur pion sur la derni\u00e8re case du parcours. <\/p>\n\n\n\n<p>Pour cela les conccurents doivent r\u00e9aliser des \u00e9preuves dict\u00e9s par les cartes. Les defis sont tr\u00e8s divers : expression, th\u00e9\u00e2tre, \u00e9preuves physiques, etc.<\/p>\n\n\n\n<p>Defifoo fait partie de ces jeux dits d&rsquo;ambiance !<\/p>\n\n\n\n<p class=\"has-white-color has-text-color\">Ligne<\/p>\n\n\n\n<p class=\"has-text-align-left\"><strong><span style=\"text-decoration: underline;\">Source <\/span>:<\/strong> Wikip\u00e9dia<\/p>\n\n\n\n<p class=\"has-text-align-right\">Le Conservatoire du Jeu &#8211; Avril 2022<\/p>\n","protected":false},"excerpt":{"rendered":"<p>D\u00e9fifoo est un jeu de soci\u00e9t\u00e9 d&rsquo;Olivier Finet qui repose sur des d\u00e9fis. Le but du jeu est d&rsquo;amener son pion sur la derni\u00e8re case du parcours apr\u00e8s avoir relev\u00e9 ces d\u00e9fis. Le jeu a donn\u00e9 son nom \u00e0 la &hellip; <a href=\"https:\/\/leconservatoiredujeu.fr\/index.php\/defifoo\/\">Continuer la lecture <span class=\"meta-nav\">&rarr;<\/span><\/a><\/p>\n","protected":false},"author":1,"featured_media":9968,"parent":0,"menu_order":0,"comment_status":"closed","ping_status":"closed","template":"","meta":{"footnotes":""},"_links":{"self":[{"href":"https:\/\/leconservatoiredujeu.fr\/index.php\/wp-json\/wp\/v2\/pages\/8212"}],"collection":[{"href":"https:\/\/leconservatoiredujeu.fr\/index.php\/wp-json\/wp\/v2\/pages"}],"about":[{"href":"https:\/\/leconservatoiredujeu.fr\/index.php\/wp-json\/wp\/v2\/types\/page"}],"author":[{"embeddable":true,"href":"https:\/\/leconservatoiredujeu.fr\/index.php\/wp-json\/wp\/v2\/users\/1"}],"replies":[{"embeddable":true,"href":"https:\/\/leconservatoiredujeu.fr\/index.php\/wp-json\/wp\/v2\/comments?post=8212"}],"version-history":[{"count":4,"href":"https:\/\/leconservatoiredujeu.fr\/index.php\/wp-json\/wp\/v2\/pages\/8212\/revisions"}],"predecessor-version":[{"id":12897,"href":"https:\/\/leconservatoiredujeu.fr\/index.php\/wp-json\/wp\/v2\/pages\/8212\/revisions\/12897"}],"wp:featuredmedia":[{"embeddable":true,"href":"https:\/\/leconservatoiredujeu.fr\/index.php\/wp-json\/wp\/v2\/media\/9968"}],"wp:attachment":[{"href":"https:\/\/leconservatoiredujeu.fr\/index.php\/wp-json\/wp\/v2\/media?parent=8212"}],"curies":[{"name":"wp","href":"https:\/\/api.w.org\/{rel}","templated":true}]}}