{"id":8184,"date":"2020-06-02T12:03:09","date_gmt":"2020-06-02T10:03:09","guid":{"rendered":"http:\/\/leconservatoiredujeu.fr\/?page_id=8184"},"modified":"2022-03-09T17:21:50","modified_gmt":"2022-03-09T16:21:50","slug":"dv-giochi","status":"publish","type":"page","link":"https:\/\/leconservatoiredujeu.fr\/index.php\/dv-giochi\/","title":{"rendered":"Dv Giochi"},"content":{"rendered":"\n<div class=\"wp-block-image\"><figure class=\"aligncenter size-full is-resized\"><img loading=\"lazy\" decoding=\"async\" src=\"http:\/\/leconservatoiredujeu.fr\/wp-content\/uploads\/2022\/03\/dv-giochi-1.jpg\" alt=\"\" class=\"wp-image-12640\" width=\"247\" height=\"253\"\/><figcaption>Logo de la marque dV Giochi<\/figcaption><\/figure><\/div>\n\n\n\n<div class=\"wp-block-image\"><figure class=\"aligncenter size-full is-resized\"><img loading=\"lazy\" decoding=\"async\" src=\"http:\/\/leconservatoiredujeu.fr\/wp-content\/uploads\/2022\/03\/da-vinci-games-1.jpg\" alt=\"\" class=\"wp-image-12641\" width=\"198\" height=\"328\"\/><figcaption>Logo de la marque daVinci games<\/figcaption><\/figure><\/div>\n\n\n\n<p><strong><span style=\"text-decoration: underline;\">Historique<\/span> :<\/strong><\/p>\n\n\n\n<p>dV Giochi (anciennement daVinci Games) est un \u00e9diteur italien de jeux cr\u00e9\u00e9 en 2001 par 9 personnes initialement impliqu\u00e9es dans le magazine de jeux italien GiocAreA.<\/p>\n\n\n\n<p>daVinci Editrice est un \u00e9diteur de jeux d&rsquo;entreprise de marque dV Giochi, fond\u00e9 en 2001. Apr\u00e8s les premiers succ\u00e8s commerciaux, il a nou\u00e9 des relations avec un large r\u00e9seau de partenaires internationaux, distribuant ses jeux dans le monde entier et obtenant d&rsquo;importantes r\u00e9compenses en Italie. et \u00e0 l&rsquo;\u00e9tranger. La simplicit\u00e9 et l&rsquo;originalit\u00e9 sont \u00e0 la base de chaque cr\u00e9ation dV Giochi, soutenues par des normes de qualit\u00e9 \u00e9lev\u00e9es et une dynamique de jeu hautement interactive.<\/p>\n\n\n\n<p>Leur mission est de faire des jeux de soci\u00e9t\u00e9 le passe-temps num\u00e9ro un pour tous, comme la meilleure alternative aux divertissements habituels tels que la t\u00e9l\u00e9vision, les pubs, les discoth\u00e8ques et les cin\u00e9mas.<\/p>\n\n\n\n<div class=\"wp-block-image\"><figure class=\"aligncenter size-large is-resized\"><img loading=\"lazy\" decoding=\"async\" src=\"https:\/\/www.dvgiochi.com\/giochi\/catalyst\/box.jpg\" alt=\"\" width=\"292\" height=\"326\"\/><figcaption>Boite du jeu \u00ab\u00a0Catalyst\u00a0\u00bb<\/figcaption><\/figure><\/div>\n\n\n\n<p><strong><span style=\"text-decoration: underline;\">Liens<\/span><\/strong> <strong>:<\/strong><\/p>\n\n\n\n<p>Le site officiel de la marque&nbsp;<a href=\"http:\/\/www.gipf.com\/\">Dv <\/a><a href=\"https:\/\/www.dvgiochi.com\/\">Giochi<\/a><\/p>\n","protected":false},"excerpt":{"rendered":"<p>Historique : dV Giochi (anciennement daVinci Games) est un \u00e9diteur italien de jeux cr\u00e9\u00e9 en 2001 par 9 personnes initialement impliqu\u00e9es dans le magazine de jeux italien GiocAreA. daVinci Editrice est un \u00e9diteur de jeux d&rsquo;entreprise de marque dV Giochi, &hellip; <a href=\"https:\/\/leconservatoiredujeu.fr\/index.php\/dv-giochi\/\">Continuer la lecture <span class=\"meta-nav\">&rarr;<\/span><\/a><\/p>\n","protected":false},"author":1,"featured_media":0,"parent":0,"menu_order":0,"comment_status":"closed","ping_status":"closed","template":"","meta":{"footnotes":""},"_links":{"self":[{"href":"https:\/\/leconservatoiredujeu.fr\/index.php\/wp-json\/wp\/v2\/pages\/8184"}],"collection":[{"href":"https:\/\/leconservatoiredujeu.fr\/index.php\/wp-json\/wp\/v2\/pages"}],"about":[{"href":"https:\/\/leconservatoiredujeu.fr\/index.php\/wp-json\/wp\/v2\/types\/page"}],"author":[{"embeddable":true,"href":"https:\/\/leconservatoiredujeu.fr\/index.php\/wp-json\/wp\/v2\/users\/1"}],"replies":[{"embeddable":true,"href":"https:\/\/leconservatoiredujeu.fr\/index.php\/wp-json\/wp\/v2\/comments?post=8184"}],"version-history":[{"count":7,"href":"https:\/\/leconservatoiredujeu.fr\/index.php\/wp-json\/wp\/v2\/pages\/8184\/revisions"}],"predecessor-version":[{"id":12642,"href":"https:\/\/leconservatoiredujeu.fr\/index.php\/wp-json\/wp\/v2\/pages\/8184\/revisions\/12642"}],"wp:attachment":[{"href":"https:\/\/leconservatoiredujeu.fr\/index.php\/wp-json\/wp\/v2\/media?parent=8184"}],"curies":[{"name":"wp","href":"https:\/\/api.w.org\/{rel}","templated":true}]}}