{"id":8181,"date":"2020-05-31T01:41:11","date_gmt":"2020-05-30T23:41:11","guid":{"rendered":"http:\/\/leconservatoiredujeu.fr\/?page_id=8181"},"modified":"2022-03-09T17:13:56","modified_gmt":"2022-03-09T16:13:56","slug":"cranium","status":"publish","type":"page","link":"https:\/\/leconservatoiredujeu.fr\/index.php\/cranium\/","title":{"rendered":"Cranium"},"content":{"rendered":"\n<div class=\"wp-block-image is-style-default\"><figure class=\"aligncenter size-full\"><img loading=\"lazy\" decoding=\"async\" width=\"500\" height=\"500\" src=\"http:\/\/leconservatoiredujeu.fr\/wp-content\/uploads\/2022\/03\/cranium.jpg\" alt=\"\" class=\"wp-image-12634\" srcset=\"https:\/\/leconservatoiredujeu.fr\/wp-content\/uploads\/2022\/03\/cranium.jpg 500w, https:\/\/leconservatoiredujeu.fr\/wp-content\/uploads\/2022\/03\/cranium-300x300.jpg 300w, https:\/\/leconservatoiredujeu.fr\/wp-content\/uploads\/2022\/03\/cranium-150x150.jpg 150w\" sizes=\"(max-width: 500px) 100vw, 500px\" \/><figcaption>Logo de la marque<\/figcaption><\/figure><\/div>\n\n\n\n<p><strong><span style=\"text-decoration: underline;\">Historique<\/span> :<\/strong><\/p>\n\n\n\n<p>Cranium est un jeu de soci\u00e9t\u00e9 d\u00e9velopp\u00e9 en 1998 et distribu\u00e9 par la sous-division Cranium inc. de la compagnie am\u00e9ricaine Hasbro.<\/p>\n\n\n\n<p>Le jeu Cranium est cr\u00e9\u00e9 en 1998 \u00e0 Seattle par les Am\u00e9ricains Richard Tait et Whit Alexander.<\/p>\n\n\n\n<p>Cranium est un jeu de parcours, o\u00f9 il faut \u00eatre la premi\u00e8re \u00e9quipe \u00e0 effectuer le tour complet du plateau, arriver dans le Cranium central et r\u00e9ussir les 4 d\u00e9fis correspondant aux 4 disciplines dont sont issues les d\u00e9fis.<\/p>\n\n\n\n<div class=\"wp-block-image\"><figure class=\"aligncenter size-full\"><img loading=\"lazy\" decoding=\"async\" width=\"500\" height=\"500\" src=\"http:\/\/leconservatoiredujeu.fr\/wp-content\/uploads\/2022\/03\/Jeu-de-societe-Hasbro-Cranium.jpg\" alt=\"\" class=\"wp-image-12635\" srcset=\"https:\/\/leconservatoiredujeu.fr\/wp-content\/uploads\/2022\/03\/Jeu-de-societe-Hasbro-Cranium.jpg 500w, https:\/\/leconservatoiredujeu.fr\/wp-content\/uploads\/2022\/03\/Jeu-de-societe-Hasbro-Cranium-300x300.jpg 300w, https:\/\/leconservatoiredujeu.fr\/wp-content\/uploads\/2022\/03\/Jeu-de-societe-Hasbro-Cranium-150x150.jpg 150w\" sizes=\"(max-width: 500px) 100vw, 500px\" \/><figcaption>Boite du jeu \u00ab\u00a0Cranium\u00a0\u00bb<\/figcaption><\/figure><\/div>\n\n\n\n<p><br>En janvier 2008, Hasbro annonce l&rsquo;acquisition de Cranium pour $77,5 millions.<\/p>\n\n\n\n<div class=\"wp-block-image is-style-default\"><figure class=\"aligncenter size-large is-resized\"><img loading=\"lazy\" decoding=\"async\" src=\"http:\/\/leconservatoiredujeu.fr\/wp-content\/uploads\/2020\/08\/HASBRO.png\" alt=\"\" class=\"wp-image-9958\" width=\"259\" height=\"249\"\/><figcaption>Logo de la marque Hasbro<\/figcaption><\/figure><\/div>\n\n\n\n<p class=\"has-text-align-left\"><strong><span style=\"text-decoration: underline;\">Source<\/span> :<\/strong> <\/p>\n\n\n\n<p class=\"has-text-align-left\">Wikip\u00e9dia<\/p>\n\n\n\n<p><strong><span style=\"text-decoration: underline;\">Cr\u00e9dits photo<\/span> :<\/strong><\/p>\n\n\n\n<p>Fnac.com<\/p>\n\n\n\n<p class=\"has-text-align-right\">Le Conservatoire du Jeu &#8211; Mars 2022<\/p>\n","protected":false},"excerpt":{"rendered":"<p>Historique : Cranium est un jeu de soci\u00e9t\u00e9 d\u00e9velopp\u00e9 en 1998 et distribu\u00e9 par la sous-division Cranium inc. de la compagnie am\u00e9ricaine Hasbro. Le jeu Cranium est cr\u00e9\u00e9 en 1998 \u00e0 Seattle par les Am\u00e9ricains Richard Tait et Whit Alexander. &hellip; <a href=\"https:\/\/leconservatoiredujeu.fr\/index.php\/cranium\/\">Continuer la lecture <span class=\"meta-nav\">&rarr;<\/span><\/a><\/p>\n","protected":false},"author":1,"featured_media":9957,"parent":0,"menu_order":0,"comment_status":"closed","ping_status":"closed","template":"","meta":{"footnotes":""},"_links":{"self":[{"href":"https:\/\/leconservatoiredujeu.fr\/index.php\/wp-json\/wp\/v2\/pages\/8181"}],"collection":[{"href":"https:\/\/leconservatoiredujeu.fr\/index.php\/wp-json\/wp\/v2\/pages"}],"about":[{"href":"https:\/\/leconservatoiredujeu.fr\/index.php\/wp-json\/wp\/v2\/types\/page"}],"author":[{"embeddable":true,"href":"https:\/\/leconservatoiredujeu.fr\/index.php\/wp-json\/wp\/v2\/users\/1"}],"replies":[{"embeddable":true,"href":"https:\/\/leconservatoiredujeu.fr\/index.php\/wp-json\/wp\/v2\/comments?post=8181"}],"version-history":[{"count":7,"href":"https:\/\/leconservatoiredujeu.fr\/index.php\/wp-json\/wp\/v2\/pages\/8181\/revisions"}],"predecessor-version":[{"id":12636,"href":"https:\/\/leconservatoiredujeu.fr\/index.php\/wp-json\/wp\/v2\/pages\/8181\/revisions\/12636"}],"wp:featuredmedia":[{"embeddable":true,"href":"https:\/\/leconservatoiredujeu.fr\/index.php\/wp-json\/wp\/v2\/media\/9957"}],"wp:attachment":[{"href":"https:\/\/leconservatoiredujeu.fr\/index.php\/wp-json\/wp\/v2\/media?parent=8181"}],"curies":[{"name":"wp","href":"https:\/\/api.w.org\/{rel}","templated":true}]}}