{"id":8175,"date":"2020-05-31T01:32:20","date_gmt":"2020-05-30T23:32:20","guid":{"rendered":"http:\/\/leconservatoiredujeu.fr\/?page_id=8175"},"modified":"2022-03-09T16:58:13","modified_gmt":"2022-03-09T15:58:13","slug":"ajena","status":"publish","type":"page","link":"https:\/\/leconservatoiredujeu.fr\/index.php\/ajena\/","title":{"rendered":"Ajena"},"content":{"rendered":"\n<div class=\"wp-block-image\"><figure class=\"aligncenter size-full is-resized\"><img loading=\"lazy\" decoding=\"async\" src=\"http:\/\/leconservatoiredujeu.fr\/wp-content\/uploads\/2022\/03\/logo-ajena.jpg\" alt=\"\" class=\"wp-image-12629\" width=\"294\" height=\"139\"\/><figcaption>Logo de la marque<\/figcaption><\/figure><\/div>\n\n\n\n<p>Ajena est surtout connu pour leurs c\u00e9l\u00e8bres peluches. Les Kiki sont distribu\u00e9s en France sous la marque Ajena, qui est une marque du groupe Nounours fond\u00e9 en 1962, l&rsquo;une des derni\u00e8res soci\u00e9t\u00e9s \u00e0 produire des peluches en France. <\/p>\n\n\n\n<p>Aujourd&rsquo;hui, ils sont distribu\u00e9s sous la marque Bandai.<\/p>\n\n\n\n<figure class=\"wp-block-gallery aligncenter columns-2 is-cropped wp-block-gallery-1 is-layout-flex wp-block-gallery-is-layout-flex\"><ul class=\"blocks-gallery-grid\"><li class=\"blocks-gallery-item\"><figure><img loading=\"lazy\" decoding=\"async\" width=\"151\" height=\"151\" src=\"http:\/\/leconservatoiredujeu.fr\/wp-content\/uploads\/2020\/08\/Bandai.png\" alt=\"\" data-id=\"9831\" data-link=\"http:\/\/leconservatoiredujeu.fr\/index.php\/ajena\/bandai-2\/\" class=\"wp-image-9831\"\/><figcaption class=\"blocks-gallery-item__caption\">Logo de Bandai<\/figcaption><\/figure><\/li><li class=\"blocks-gallery-item\"><figure><img loading=\"lazy\" decoding=\"async\" width=\"400\" height=\"400\" src=\"http:\/\/leconservatoiredujeu.fr\/wp-content\/uploads\/2020\/08\/KIKI-1.jpg\" alt=\"\" data-id=\"9832\" data-full-url=\"http:\/\/leconservatoiredujeu.fr\/wp-content\/uploads\/2020\/08\/KIKI-1.jpg\" data-link=\"http:\/\/leconservatoiredujeu.fr\/index.php\/ajena\/kiki-1\/\" class=\"wp-image-9832\" srcset=\"https:\/\/leconservatoiredujeu.fr\/wp-content\/uploads\/2020\/08\/KIKI-1.jpg 400w, https:\/\/leconservatoiredujeu.fr\/wp-content\/uploads\/2020\/08\/KIKI-1-300x300.jpg 300w, https:\/\/leconservatoiredujeu.fr\/wp-content\/uploads\/2020\/08\/KIKI-1-150x150.jpg 150w\" sizes=\"(max-width: 400px) 100vw, 400px\" \/><figcaption class=\"blocks-gallery-item__caption\">Un Kiki<\/figcaption><\/figure><\/li><\/ul><\/figure>\n\n\n\n<p>Kiki est une peluche de taille variable repr\u00e9sentant un petit singe avec une t\u00eate ronde et dure, une t\u00e9tine \u00e0 la main, et qui connut un succ\u00e8s international dans les ann\u00e9es 1980. <\/p>\n\n\n\n<p>Aujourd&rsquo;hui nomm\u00e9e Monchhichi, elle est commercialis\u00e9e dans de nombreux pays \u00e0 l&rsquo;international (particuli\u00e8rement en Asie et en Europe), elle est distribu\u00e9e en Europe par Bandai.<\/p>\n\n\n\n<p> Le singe en peluche est aussi le h\u00e9ros d&rsquo;une s\u00e9rie anim\u00e9e nomm\u00e9e La Tribu Monchhichi r\u00e9alis\u00e9e par Technicolor Animation Production et diffus\u00e9e sur TF1.<\/p>\n\n\n\n<div class=\"wp-block-image\"><figure class=\"aligncenter size-full\"><img loading=\"lazy\" decoding=\"async\" width=\"300\" height=\"400\" src=\"http:\/\/leconservatoiredujeu.fr\/wp-content\/uploads\/2022\/03\/tribu.jpg\" alt=\"\" class=\"wp-image-12630\" srcset=\"https:\/\/leconservatoiredujeu.fr\/wp-content\/uploads\/2022\/03\/tribu.jpg 300w, https:\/\/leconservatoiredujeu.fr\/wp-content\/uploads\/2022\/03\/tribu-225x300.jpg 225w\" sizes=\"(max-width: 300px) 100vw, 300px\" \/><\/figure><\/div>\n\n\n\n<p><strong><span style=\"text-decoration: underline;\">Source<\/span> :<\/strong><\/p>\n\n\n\n<p>Wikip\u00e9dia<\/p>\n\n\n\n<p><strong><span style=\"text-decoration: underline;\">Cr\u00e9dit photo <\/span>:<\/strong><\/p>\n\n\n\n<p>AlloCin\u00e9.fr<\/p>\n\n\n\n<p class=\"has-text-align-right\">Le Conservatoire du Jeu &#8211; Mars 2022<\/p>\n","protected":false},"excerpt":{"rendered":"<p>Ajena est surtout connu pour leurs c\u00e9l\u00e8bres peluches. Les Kiki sont distribu\u00e9s en France sous la marque Ajena, qui est une marque du groupe Nounours fond\u00e9 en 1962, l&rsquo;une des derni\u00e8res soci\u00e9t\u00e9s \u00e0 produire des peluches en France. Aujourd&rsquo;hui, ils &hellip; <a href=\"https:\/\/leconservatoiredujeu.fr\/index.php\/ajena\/\">Continuer la lecture <span class=\"meta-nav\">&rarr;<\/span><\/a><\/p>\n","protected":false},"author":1,"featured_media":0,"parent":0,"menu_order":0,"comment_status":"closed","ping_status":"closed","template":"","meta":{"footnotes":""},"_links":{"self":[{"href":"https:\/\/leconservatoiredujeu.fr\/index.php\/wp-json\/wp\/v2\/pages\/8175"}],"collection":[{"href":"https:\/\/leconservatoiredujeu.fr\/index.php\/wp-json\/wp\/v2\/pages"}],"about":[{"href":"https:\/\/leconservatoiredujeu.fr\/index.php\/wp-json\/wp\/v2\/types\/page"}],"author":[{"embeddable":true,"href":"https:\/\/leconservatoiredujeu.fr\/index.php\/wp-json\/wp\/v2\/users\/1"}],"replies":[{"embeddable":true,"href":"https:\/\/leconservatoiredujeu.fr\/index.php\/wp-json\/wp\/v2\/comments?post=8175"}],"version-history":[{"count":5,"href":"https:\/\/leconservatoiredujeu.fr\/index.php\/wp-json\/wp\/v2\/pages\/8175\/revisions"}],"predecessor-version":[{"id":12631,"href":"https:\/\/leconservatoiredujeu.fr\/index.php\/wp-json\/wp\/v2\/pages\/8175\/revisions\/12631"}],"wp:attachment":[{"href":"https:\/\/leconservatoiredujeu.fr\/index.php\/wp-json\/wp\/v2\/media?parent=8175"}],"curies":[{"name":"wp","href":"https:\/\/api.w.org\/{rel}","templated":true}]}}