{"id":8171,"date":"2020-05-31T01:22:09","date_gmt":"2020-05-30T23:22:09","guid":{"rendered":"http:\/\/leconservatoiredujeu.fr\/?page_id=8171"},"modified":"2022-03-08T10:00:33","modified_gmt":"2022-03-08T09:00:33","slug":"abacus-spiele","status":"publish","type":"page","link":"https:\/\/leconservatoiredujeu.fr\/index.php\/abacus-spiele\/","title":{"rendered":"Abacus Spiele"},"content":{"rendered":"\n<div class=\"wp-block-image\"><figure class=\"aligncenter size-large is-resized\"><img loading=\"lazy\" decoding=\"async\" src=\"https:\/\/jeuxsoc.fr\/editeurlogo\/abacus.gif\" alt=\"\" width=\"182\" height=\"102\"\/><figcaption>Logo de la marque<\/figcaption><\/figure><\/div>\n\n\n\n<p>La maison d&rsquo;\u00e9dition Abacusspiele a \u00e9t\u00e9 fond\u00e9e le 1er juin 1989 par Matthias Senke et Joe Nikisch \u00e0 Dreieich pr\u00e8s de Francfort-sur-le-Main.\u00c0 cette \u00e9poque, Joe Nikisch \u00e9tait \u00e9galement directeur g\u00e9n\u00e9ral d&rsquo;Amigo et jusqu&rsquo;en 1990 chef de produit chez Hexagames. L&rsquo;un des premiers jeux de la maison d&rsquo;\u00e9dition a \u00e9t\u00e9 le jeu de pirate de billard. D\u00e9j\u00e0 en 1990, Abacus a obtenu la premi\u00e8re place au German Games Prize avec le jeu Big Potatoes de Doris Matth\u00e4us et Frank Nestel avec la 10e place.<\/p>\n\n\n\n<div class=\"wp-block-image\"><figure class=\"aligncenter size-full\"><img loading=\"lazy\" decoding=\"async\" width=\"388\" height=\"295\" src=\"http:\/\/leconservatoiredujeu.fr\/wp-content\/uploads\/2022\/03\/billard-pirates-jeu-en-bois.jpg\" alt=\"\" class=\"wp-image-12625\" srcset=\"https:\/\/leconservatoiredujeu.fr\/wp-content\/uploads\/2022\/03\/billard-pirates-jeu-en-bois.jpg 388w, https:\/\/leconservatoiredujeu.fr\/wp-content\/uploads\/2022\/03\/billard-pirates-jeu-en-bois-300x228.jpg 300w\" sizes=\"(max-width: 388px) 100vw, 388px\" \/><figcaption>Pirate billard de chez AbacusSpiel<\/figcaption><\/figure><\/div>\n\n\n\n<p>En 1990, un graphiste a \u00e9t\u00e9 amen\u00e9 \u00e0 Abacus et la soci\u00e9t\u00e9 priv\u00e9e a \u00e9t\u00e9 convertie en KG. En 1994, Matthias Senke a pris sa retraite en tant que propri\u00e9taire et \u00e0 partir de 1996, Joe Nikisch \u00e9tait le seul propri\u00e9taire des jeux de boulier. En 1994, Volle Lotte a \u00e9t\u00e9 la premi\u00e8re de la s\u00e9rie de jeux de cartes et de d\u00e9s qui a connu du succ\u00e8s \u00e0 ce jour. En 1998, Anno Domini a \u00e9t\u00e9 inclus dans le programme par Urs Hostettler et en 1999 Mamma Mia par Uwe Rosenberg a \u00e9t\u00e9 ajout\u00e9 \u00e0 la liste restreinte pour le jeu de l&rsquo;ann\u00e9e.<\/p>\n\n\n\n<div class=\"wp-block-image\"><figure class=\"aligncenter size-large\"><img decoding=\"async\" src=\"https:\/\/cdn3.philibertnet.com\/326478-large_default\/25719.jpg\" alt=\"\"\/><figcaption>Boite du jeu \u00ab\u00a0Coloretto\u00a0\u00bb<\/figcaption><\/figure><\/div>\n\n\n\n<p>En 2003, Abacusspiele a commenc\u00e9 \u00e0 travailler avec Michael Schacht et a lanc\u00e9 son jeu Coloretto sur le march\u00e9. Le successeur, Zooloretto, a \u00e9t\u00e9 pr\u00e9sent\u00e9 \u00e0 la foire du jouet de Nuremberg en 2007; la m\u00eame ann\u00e9e, le jeu remporte le jeu de l&rsquo;ann\u00e9e et prend la 5e place du German Games Award. En 2013, le jeu de cartes Hanabi d&rsquo;Antoine Bauza a pr\u00e9valu comme jeu de l&rsquo;ann\u00e9e et en 2014, le jeu que Leo a obtenu chez le coiffeur de Leo Colovini a \u00e9t\u00e9 nomin\u00e9 pour le jeu pour enfants de l&rsquo;ann\u00e9e.<\/p>\n\n\n\n<div class=\"wp-block-image\"><figure class=\"aligncenter size-large is-resized\"><img loading=\"lazy\" decoding=\"async\" src=\"https:\/\/www.espritjeu.com\/upload\/image\/hanabi-p-image-71105-grande.jpg\" alt=\"\" width=\"319\" height=\"327\"\/><figcaption>Boite du jeu \u00ab\u00a0Hanabi\u00a0\u00bb<\/figcaption><\/figure><\/div>\n\n\n\n<p><span style=\"text-decoration: underline;\"><strong>Liens<\/strong> <\/span><strong>:<\/strong><\/p>\n\n\n\n<p>Le site officiel de la marque\u00a0<a href=\"https:\/\/www.bioviva.com\/fr\/\">Abacus Spiele<\/a> ( Allemand )<\/p>\n\n\n\n<p class=\"has-text-align-right\">Le Conservatoire du jeu &#8211; Mars 2022<\/p>\n","protected":false},"excerpt":{"rendered":"<p>La maison d&rsquo;\u00e9dition Abacusspiele a \u00e9t\u00e9 fond\u00e9e le 1er juin 1989 par Matthias Senke et Joe Nikisch \u00e0 Dreieich pr\u00e8s de Francfort-sur-le-Main.\u00c0 cette \u00e9poque, Joe Nikisch \u00e9tait \u00e9galement directeur g\u00e9n\u00e9ral d&rsquo;Amigo et jusqu&rsquo;en 1990 chef de produit chez Hexagames. L&rsquo;un &hellip; <a href=\"https:\/\/leconservatoiredujeu.fr\/index.php\/abacus-spiele\/\">Continuer la lecture <span class=\"meta-nav\">&rarr;<\/span><\/a><\/p>\n","protected":false},"author":1,"featured_media":0,"parent":0,"menu_order":0,"comment_status":"closed","ping_status":"closed","template":"","meta":{"footnotes":""},"_links":{"self":[{"href":"https:\/\/leconservatoiredujeu.fr\/index.php\/wp-json\/wp\/v2\/pages\/8171"}],"collection":[{"href":"https:\/\/leconservatoiredujeu.fr\/index.php\/wp-json\/wp\/v2\/pages"}],"about":[{"href":"https:\/\/leconservatoiredujeu.fr\/index.php\/wp-json\/wp\/v2\/types\/page"}],"author":[{"embeddable":true,"href":"https:\/\/leconservatoiredujeu.fr\/index.php\/wp-json\/wp\/v2\/users\/1"}],"replies":[{"embeddable":true,"href":"https:\/\/leconservatoiredujeu.fr\/index.php\/wp-json\/wp\/v2\/comments?post=8171"}],"version-history":[{"count":5,"href":"https:\/\/leconservatoiredujeu.fr\/index.php\/wp-json\/wp\/v2\/pages\/8171\/revisions"}],"predecessor-version":[{"id":12627,"href":"https:\/\/leconservatoiredujeu.fr\/index.php\/wp-json\/wp\/v2\/pages\/8171\/revisions\/12627"}],"wp:attachment":[{"href":"https:\/\/leconservatoiredujeu.fr\/index.php\/wp-json\/wp\/v2\/media?parent=8171"}],"curies":[{"name":"wp","href":"https:\/\/api.w.org\/{rel}","templated":true}]}}