{"id":8153,"date":"2020-05-30T16:34:58","date_gmt":"2020-05-30T14:34:58","guid":{"rendered":"http:\/\/leconservatoiredujeu.fr\/?page_id=8153"},"modified":"2022-05-04T14:28:27","modified_gmt":"2022-05-04T12:28:27","slug":"tonka","status":"publish","type":"page","link":"https:\/\/leconservatoiredujeu.fr\/index.php\/tonka\/","title":{"rendered":"Tonka"},"content":{"rendered":"\n<div class=\"wp-block-image\"><figure class=\"aligncenter size-full is-resized\"><img decoding=\"async\" src=\"http:\/\/leconservatoiredujeu.fr\/wp-content\/uploads\/2022\/05\/5858.jpg\" alt=\"\" class=\"wp-image-13104\" width=\"-33\" height=\"-25\" srcset=\"https:\/\/leconservatoiredujeu.fr\/wp-content\/uploads\/2022\/05\/5858.jpg 600w, https:\/\/leconservatoiredujeu.fr\/wp-content\/uploads\/2022\/05\/5858-300x300.jpg 300w, https:\/\/leconservatoiredujeu.fr\/wp-content\/uploads\/2022\/05\/5858-150x150.jpg 150w\" sizes=\"(max-width: 600px) 100vw, 600px\" \/><\/figure><\/div>\n\n\n\n<p>Tonka est une soci\u00e9t\u00e9 am\u00e9ricaine de jouets notamment connue pour ses reproductions miniatures de camions et d&rsquo;engins de chantier.<\/p>\n\n\n\n<div class=\"wp-block-image\"><figure class=\"aligncenter size-full\"><img loading=\"lazy\" decoding=\"async\" width=\"280\" height=\"190\" src=\"http:\/\/leconservatoiredujeu.fr\/wp-content\/uploads\/2022\/05\/Tonka_Bottom_dump_truck.jpg\" alt=\"\" class=\"wp-image-13106\"\/><\/figure><\/div>\n\n\n\n<p>En 1987, Tonka ach\u00e8te la division jeu de General Mills qui comprend Kenner et Parker Brothers pour 581 millions de dollars suite \u00e0 une OPA lanc\u00e9e par la soci\u00e9t\u00e9 New World Entertainment1.<\/p>\n\n\n\n<p>Le 1er f\u00e9vrier 1991, Hasbro annonce acheter Tonka pour pr\u00e8s de 500 millions de dollars. <\/p>\n\n\n\n<p>Tonka \u00e9tait en difficult\u00e9 financi\u00e8re depuis l&rsquo;achat de Kenner Products en 1987 pour 555 millions de dollars qui lui avait apport\u00e9 les marques de Parker Brothers dont le Monopoly mais avec aussi des licences dont la s\u00e9rie SOS Fant\u00f4mes, le film Batman ou la s\u00e9rie Charlotte aux fraises.<\/p>\n\n\n\n<p class=\"has-text-align-right\">Le Conservatoire du Jeu &#8211; Mai 2022<\/p>\n","protected":false},"excerpt":{"rendered":"<p>Tonka est une soci\u00e9t\u00e9 am\u00e9ricaine de jouets notamment connue pour ses reproductions miniatures de camions et d&rsquo;engins de chantier. En 1987, Tonka ach\u00e8te la division jeu de General Mills qui comprend Kenner et Parker Brothers pour 581 millions de dollars &hellip; <a href=\"https:\/\/leconservatoiredujeu.fr\/index.php\/tonka\/\">Continuer la lecture <span class=\"meta-nav\">&rarr;<\/span><\/a><\/p>\n","protected":false},"author":1,"featured_media":0,"parent":0,"menu_order":0,"comment_status":"closed","ping_status":"closed","template":"","meta":{"footnotes":""},"_links":{"self":[{"href":"https:\/\/leconservatoiredujeu.fr\/index.php\/wp-json\/wp\/v2\/pages\/8153"}],"collection":[{"href":"https:\/\/leconservatoiredujeu.fr\/index.php\/wp-json\/wp\/v2\/pages"}],"about":[{"href":"https:\/\/leconservatoiredujeu.fr\/index.php\/wp-json\/wp\/v2\/types\/page"}],"author":[{"embeddable":true,"href":"https:\/\/leconservatoiredujeu.fr\/index.php\/wp-json\/wp\/v2\/users\/1"}],"replies":[{"embeddable":true,"href":"https:\/\/leconservatoiredujeu.fr\/index.php\/wp-json\/wp\/v2\/comments?post=8153"}],"version-history":[{"count":4,"href":"https:\/\/leconservatoiredujeu.fr\/index.php\/wp-json\/wp\/v2\/pages\/8153\/revisions"}],"predecessor-version":[{"id":13107,"href":"https:\/\/leconservatoiredujeu.fr\/index.php\/wp-json\/wp\/v2\/pages\/8153\/revisions\/13107"}],"wp:attachment":[{"href":"https:\/\/leconservatoiredujeu.fr\/index.php\/wp-json\/wp\/v2\/media?parent=8153"}],"curies":[{"name":"wp","href":"https:\/\/api.w.org\/{rel}","templated":true}]}}