{"id":8146,"date":"2020-05-31T01:09:15","date_gmt":"2020-05-30T23:09:15","guid":{"rendered":"http:\/\/leconservatoiredujeu.fr\/?page_id=8146"},"modified":"2022-05-04T14:13:03","modified_gmt":"2022-05-04T12:13:03","slug":"think-fun","status":"publish","type":"page","link":"https:\/\/leconservatoiredujeu.fr\/index.php\/think-fun\/","title":{"rendered":"Think Fun"},"content":{"rendered":"\n<div class=\"wp-block-image\"><figure class=\"aligncenter size-large is-resized\"><img loading=\"lazy\" decoding=\"async\" src=\"https:\/\/www.thinkfun.fr\/wp-content\/themes\/thinkfun\/images\/logo-filled-white.png\" alt=\"\" width=\"274\" height=\"166\"\/><\/figure><\/div>\n\n\n\n<p>Chez ThinkFun, il s&rsquo;efforce avec passion de rendre l\u2019apprentissage amusant. <\/p>\n\n\n\n<p>Cette approche est \u00e0 l\u2019origine de toutes leurs actions\u2026 et de tous les jeux, casse-t\u00eate et jeux de r\u00e9flexion cr\u00e9er. <\/p>\n\n\n\n<p>Cette \u00e9diteur aime \u00eatre \u00e0 l\u2019origine de l\u2019\u00e9tincelle qui enflamme les jeunes esprits et leur permet de se d\u00e9velopper au contact de jeux \u00e9ducatifs.<\/p>\n\n\n\n<p><strong><span style=\"text-decoration: underline;\">Histoire <\/span>:<\/strong><\/p>\n\n\n\n<p>En 1985, ThinkFun a \u00e9t\u00e9 cr\u00e9\u00e9 \u00e0 partir d\u2019un r\u00eave. Bill Ritchie et Andrea Barthello, mari et femme, voulaient changer le monde gr\u00e2ce au jeu et rendre l\u2019apprentissage divertissant.<\/p>\n\n\n\n<p>Bill \u00e9tait un v\u00e9ritable passionn\u00e9 de casse-t\u00eate, et Andrea aimait relever des d\u00e9fis. Les ann\u00e9es 80 furent cependant difficiles pour les fabricants de jouets. Les d\u00e9taillants se d\u00e9sint\u00e9ressaient des jeux et le Rubik\u2019s Cube, qui avait connu un engouement fantastique, tomba aux oubliettes&nbsp;; les propri\u00e9taires des magasins de jouets en avaient assez des casse-t\u00eate.<\/p>\n\n\n\n<p>Les premi\u00e8res ann\u00e9es, la cave de Bill et Andrea servit de cha\u00eene de montage, de bureau central et de centre de distribution. Leur tout premier produit, le Hexadecimal Puzzle, naquit dans leur cave&nbsp;!<\/p>\n\n\n\n<div class=\"wp-block-image\"><figure class=\"aligncenter size-large\"><img decoding=\"async\" src=\"https:\/\/www.thinkfun.fr\/wp-content\/uploads\/2018\/05\/OurStory.BillAndrea-.jpg\" alt=\"\"\/><\/figure><\/div>\n\n\n\n<p><strong><span style=\"text-decoration: underline;\">Leur Mission<\/span> :<\/strong><\/p>\n\n\n\n<p>Malgr\u00e9 des d\u00e9buts modestes, Bill et Andrea fond\u00e8rent ThinkFun, \u00e0 l\u2019origine Binary Arts, avec une noble mission&nbsp;: \u00ab&nbsp;transposer les id\u00e9es brillantes des math\u00e9maticiens, ing\u00e9nieurs et inventeurs les plus fous dans des jouets simples que filles et gar\u00e7ons pourraient appr\u00e9cier dans le monde entier.&nbsp;\u00bb Nous croyons toujours en cette mission aujourd\u2019hui.<\/p>\n\n\n\n<p>Au cours des ann\u00e9es, nous avons renforc\u00e9 notre engagement en faveur de la cr\u00e9ation de produits qui inspirent naturellement l\u2019apprentissage, suscitent la cr\u00e9ativit\u00e9 et d\u00e9veloppent les capacit\u00e9s de r\u00e9flexion du XXIe si\u00e8cle par le biais du jeu.<\/p>\n\n\n\n<p><strong><span style=\"text-decoration: underline;\">Leurs Produits<\/span> :<\/strong><\/p>\n\n\n\n<figure class=\"wp-block-gallery columns-2 is-cropped wp-block-gallery-1 is-layout-flex wp-block-gallery-is-layout-flex\"><ul class=\"blocks-gallery-grid\"><li class=\"blocks-gallery-item\"><figure><img loading=\"lazy\" decoding=\"async\" width=\"210\" height=\"210\" src=\"http:\/\/leconservatoiredujeu.fr\/wp-content\/uploads\/2020\/05\/BalanceBeansBtn.jpg\" alt=\"\" data-id=\"8147\" data-full-url=\"http:\/\/leconservatoiredujeu.fr\/wp-content\/uploads\/2020\/05\/BalanceBeansBtn.jpg\" data-link=\"http:\/\/leconservatoiredujeu.fr\/?attachment_id=8147\" class=\"wp-image-8147\" srcset=\"https:\/\/leconservatoiredujeu.fr\/wp-content\/uploads\/2020\/05\/BalanceBeansBtn.jpg 210w, https:\/\/leconservatoiredujeu.fr\/wp-content\/uploads\/2020\/05\/BalanceBeansBtn-150x150.jpg 150w\" sizes=\"(max-width: 210px) 100vw, 210px\" \/><\/figure><\/li><li class=\"blocks-gallery-item\"><figure><img loading=\"lazy\" decoding=\"async\" width=\"210\" height=\"210\" src=\"http:\/\/leconservatoiredujeu.fr\/wp-content\/uploads\/2020\/05\/ChocolateFixBtn.jpg\" alt=\"\" data-id=\"8148\" data-full-url=\"http:\/\/leconservatoiredujeu.fr\/wp-content\/uploads\/2020\/05\/ChocolateFixBtn.jpg\" data-link=\"http:\/\/leconservatoiredujeu.fr\/?attachment_id=8148\" class=\"wp-image-8148\" srcset=\"https:\/\/leconservatoiredujeu.fr\/wp-content\/uploads\/2020\/05\/ChocolateFixBtn.jpg 210w, https:\/\/leconservatoiredujeu.fr\/wp-content\/uploads\/2020\/05\/ChocolateFixBtn-150x150.jpg 150w\" sizes=\"(max-width: 210px) 100vw, 210px\" \/><\/figure><\/li><li class=\"blocks-gallery-item\"><figure><img loading=\"lazy\" decoding=\"async\" width=\"210\" height=\"210\" src=\"http:\/\/leconservatoiredujeu.fr\/wp-content\/uploads\/2020\/05\/EscapeRetreat-Btn.jpg\" alt=\"\" data-id=\"8149\" data-full-url=\"http:\/\/leconservatoiredujeu.fr\/wp-content\/uploads\/2020\/05\/EscapeRetreat-Btn.jpg\" data-link=\"http:\/\/leconservatoiredujeu.fr\/?attachment_id=8149\" class=\"wp-image-8149\" srcset=\"https:\/\/leconservatoiredujeu.fr\/wp-content\/uploads\/2020\/05\/EscapeRetreat-Btn.jpg 210w, https:\/\/leconservatoiredujeu.fr\/wp-content\/uploads\/2020\/05\/EscapeRetreat-Btn-150x150.jpg 150w\" sizes=\"(max-width: 210px) 100vw, 210px\" \/><\/figure><\/li><li class=\"blocks-gallery-item\"><figure><img loading=\"lazy\" decoding=\"async\" width=\"210\" height=\"210\" src=\"http:\/\/leconservatoiredujeu.fr\/wp-content\/uploads\/2020\/05\/RiverCrossingBtn.jpg\" alt=\"\" data-id=\"8150\" data-full-url=\"http:\/\/leconservatoiredujeu.fr\/wp-content\/uploads\/2020\/05\/RiverCrossingBtn.jpg\" data-link=\"http:\/\/leconservatoiredujeu.fr\/?attachment_id=8150\" class=\"wp-image-8150\" srcset=\"https:\/\/leconservatoiredujeu.fr\/wp-content\/uploads\/2020\/05\/RiverCrossingBtn.jpg 210w, https:\/\/leconservatoiredujeu.fr\/wp-content\/uploads\/2020\/05\/RiverCrossingBtn-150x150.jpg 150w\" sizes=\"(max-width: 210px) 100vw, 210px\" \/><\/figure><\/li><\/ul><\/figure>\n\n\n\n<p><strong>Liens<\/strong><\/p>\n\n\n\n<p>Le site officiel de la marque\u00a0<a href=\"https:\/\/www.thinkfun.fr\/\">ThinkFun<\/a><\/p>\n\n\n\n<p class=\"has-text-align-right\">Le Conservatoire du Jeu &#8211; Mai 2022<\/p>\n","protected":false},"excerpt":{"rendered":"<p>Chez ThinkFun, il s&rsquo;efforce avec passion de rendre l\u2019apprentissage amusant. Cette approche est \u00e0 l\u2019origine de toutes leurs actions\u2026 et de tous les jeux, casse-t\u00eate et jeux de r\u00e9flexion cr\u00e9er. Cette \u00e9diteur aime \u00eatre \u00e0 l\u2019origine de l\u2019\u00e9tincelle qui enflamme &hellip; <a href=\"https:\/\/leconservatoiredujeu.fr\/index.php\/think-fun\/\">Continuer la lecture <span class=\"meta-nav\">&rarr;<\/span><\/a><\/p>\n","protected":false},"author":1,"featured_media":0,"parent":0,"menu_order":0,"comment_status":"closed","ping_status":"closed","template":"","meta":{"footnotes":""},"_links":{"self":[{"href":"https:\/\/leconservatoiredujeu.fr\/index.php\/wp-json\/wp\/v2\/pages\/8146"}],"collection":[{"href":"https:\/\/leconservatoiredujeu.fr\/index.php\/wp-json\/wp\/v2\/pages"}],"about":[{"href":"https:\/\/leconservatoiredujeu.fr\/index.php\/wp-json\/wp\/v2\/types\/page"}],"author":[{"embeddable":true,"href":"https:\/\/leconservatoiredujeu.fr\/index.php\/wp-json\/wp\/v2\/users\/1"}],"replies":[{"embeddable":true,"href":"https:\/\/leconservatoiredujeu.fr\/index.php\/wp-json\/wp\/v2\/comments?post=8146"}],"version-history":[{"count":4,"href":"https:\/\/leconservatoiredujeu.fr\/index.php\/wp-json\/wp\/v2\/pages\/8146\/revisions"}],"predecessor-version":[{"id":13101,"href":"https:\/\/leconservatoiredujeu.fr\/index.php\/wp-json\/wp\/v2\/pages\/8146\/revisions\/13101"}],"wp:attachment":[{"href":"https:\/\/leconservatoiredujeu.fr\/index.php\/wp-json\/wp\/v2\/media?parent=8146"}],"curies":[{"name":"wp","href":"https:\/\/api.w.org\/{rel}","templated":true}]}}