{"id":8128,"date":"2020-05-30T16:18:41","date_gmt":"2020-05-30T14:18:41","guid":{"rendered":"http:\/\/leconservatoiredujeu.fr\/?page_id=8128"},"modified":"2022-05-04T10:39:38","modified_gmt":"2022-05-04T08:39:38","slug":"play-factory","status":"publish","type":"page","link":"https:\/\/leconservatoiredujeu.fr\/index.php\/play-factory\/","title":{"rendered":"Play Factory"},"content":{"rendered":"\n<div class=\"wp-block-image\"><figure class=\"aligncenter size-large\"><img decoding=\"async\" src=\"https:\/\/d3v4jsc54141g1.cloudfront.net\/uploads\/user\/avatar\/1250104\/normal_logo_play_factory_vertical-1506076764.jpg\" alt=\"\"\/><\/figure><\/div>\n\n\n\n<p>Play Factory est un \u00e9diteur de jeux de soci\u00e9t\u00e9 bas\u00e9 \u00e0 Paris en France qui a rachet\u00e9 une partie des actifs de la soci\u00e9t\u00e9 Darwin Project.<\/p>\n\n\n\n<p> Il est \u00e9galement l&rsquo;\u00e9diteur de magazines sp\u00e9cialis\u00e9s dans les jeux comme Lotus noir, Dragon blanc ou Maniak!, de goodies Magic : L&rsquo;Assembl\u00e9e (posters, calendriers, bo\u00eete de rangement), ainsi qu&rsquo;un distributeur de jeux de cartes \u00e0 collectionner en kiosque.<\/p>\n\n\n\n<h2 class=\"wp-block-heading\"><span style=\"text-decoration: underline;\">Historique de la marque :<\/span><\/h2>\n\n\n\n<p>Play Factory est cr\u00e9\u00e9e en octobre 2005 par Jean Fran\u00e7ois Andreani (ancien commissaire du Salon du Jouet) pour reprendre une partie de l&rsquo;activit\u00e9 de la soci\u00e9t\u00e9 Darwin Project. La soci\u00e9t\u00e9 est d&rsquo;abord ax\u00e9e sur l&rsquo;\u00e9dition de magazines sp\u00e9cialis\u00e9s sur les jeux de cartes \u00e0 collectionner : le mensuel Lotus noir, le magazine historique qui parle principalement de Magic : L&rsquo;Assembl\u00e9e ou encore le bimestriel Maniak!, qui traite des jeux pour les plus jeunes &#8211; Pok\u00e9mon, Yu-Gi-Oh!, Dragon Ball, Naruto.<\/p>\n\n\n\n<p>En mars 2006, la soci\u00e9t\u00e9 lance un troisi\u00e8me magazine bimestriel sur les jeux \u00e0 collectionner : Dragon blanc avec des articles principalement sur Yu-Gi-Oh!, plus didactiques pour apprendre \u00e0 jouer et s&rsquo;entra\u00eener pour ces premiers tournois. L&rsquo;\u00e9dition de jeux et de goodies commence fin 2006, en reprenant une partie du catalogue de Darwin Project et plusieurs jeux sous licence Avalon Hill et Wizards of the Coast.<\/p>\n\n\n\n<p>En 2009, Play Factory \u00e9dite le jeu Dobble, c\u00e9d\u00e9 \u00e0 Asmodee \u00c9ditions en 2015.<\/p>\n\n\n\n<p>L&rsquo;activit\u00e9 de presse magazine est \u00e9galement c\u00e9d\u00e9e en 2015.<\/p>\n\n\n\n<p>En 2017, Duodecim est cr\u00e9\u00e9 par Julien Marcland et Play Factory.<\/p>\n\n\n\n<div class=\"wp-block-image\"><figure class=\"aligncenter size-large\"><img decoding=\"async\" src=\"https:\/\/cdn1.trictrac.net\/documents\/formats\/thumb_300_300\/documents\/originals\/cf\/38\/2a5991290b9395897002bbecb23610479509.jpeg\" alt=\"\"\/><\/figure><\/div>\n\n\n\n<p>Le jeu Cr\u00f4a ! A \u00e9tait \u00e9dit\u00e9 par Darwin Project et Play Factory ! <\/p>\n\n\n\n<div class=\"wp-block-image\"><figure class=\"aligncenter size-large\"><img decoding=\"async\" src=\"https:\/\/jeuxsoc.fr\/d\/dobbp_01.jpg\" alt=\"\"\/><\/figure><\/div>\n\n\n\n<figure class=\"wp-block-table\"><table><tbody><tr><td>Dobble, se veut etre un jeu familiale pour le plaisir des plus jeunes et des adutles aussi.<\/td><\/tr><\/tbody><\/table><\/figure>\n\n\n\n<p class=\"has-text-align-right\">Le Conservatoire du Jeu &#8211; Mai 2022<\/p>\n","protected":false},"excerpt":{"rendered":"<p>Play Factory est un \u00e9diteur de jeux de soci\u00e9t\u00e9 bas\u00e9 \u00e0 Paris en France qui a rachet\u00e9 une partie des actifs de la soci\u00e9t\u00e9 Darwin Project. Il est \u00e9galement l&rsquo;\u00e9diteur de magazines sp\u00e9cialis\u00e9s dans les jeux comme Lotus noir, Dragon &hellip; <a href=\"https:\/\/leconservatoiredujeu.fr\/index.php\/play-factory\/\">Continuer la lecture <span class=\"meta-nav\">&rarr;<\/span><\/a><\/p>\n","protected":false},"author":1,"featured_media":0,"parent":0,"menu_order":0,"comment_status":"closed","ping_status":"closed","template":"","meta":{"footnotes":""},"_links":{"self":[{"href":"https:\/\/leconservatoiredujeu.fr\/index.php\/wp-json\/wp\/v2\/pages\/8128"}],"collection":[{"href":"https:\/\/leconservatoiredujeu.fr\/index.php\/wp-json\/wp\/v2\/pages"}],"about":[{"href":"https:\/\/leconservatoiredujeu.fr\/index.php\/wp-json\/wp\/v2\/types\/page"}],"author":[{"embeddable":true,"href":"https:\/\/leconservatoiredujeu.fr\/index.php\/wp-json\/wp\/v2\/users\/1"}],"replies":[{"embeddable":true,"href":"https:\/\/leconservatoiredujeu.fr\/index.php\/wp-json\/wp\/v2\/comments?post=8128"}],"version-history":[{"count":3,"href":"https:\/\/leconservatoiredujeu.fr\/index.php\/wp-json\/wp\/v2\/pages\/8128\/revisions"}],"predecessor-version":[{"id":13072,"href":"https:\/\/leconservatoiredujeu.fr\/index.php\/wp-json\/wp\/v2\/pages\/8128\/revisions\/13072"}],"wp:attachment":[{"href":"https:\/\/leconservatoiredujeu.fr\/index.php\/wp-json\/wp\/v2\/media?parent=8128"}],"curies":[{"name":"wp","href":"https:\/\/api.w.org\/{rel}","templated":true}]}}