{"id":8124,"date":"2020-05-30T16:14:08","date_gmt":"2020-05-30T14:14:08","guid":{"rendered":"http:\/\/leconservatoiredujeu.fr\/?page_id=8124"},"modified":"2022-05-04T10:19:53","modified_gmt":"2022-05-04T08:19:53","slug":"paille-editions","status":"publish","type":"page","link":"https:\/\/leconservatoiredujeu.fr\/index.php\/paille-editions\/","title":{"rendered":"Paille Editions"},"content":{"rendered":"\n<div class=\"wp-block-image\"><figure class=\"aligncenter size-full is-resized\"><img loading=\"lazy\" decoding=\"async\" src=\"http:\/\/leconservatoiredujeu.fr\/wp-content\/uploads\/2022\/05\/logo-paille.jpg\" alt=\"\" class=\"wp-image-13065\" width=\"299\" height=\"173\"\/><\/figure><\/div>\n\n\n\n<p>Paille \u00e9ditions est un \u00e9diteur de jeux de soci\u00e9t\u00e9 bas\u00e9 \u00e0 Le Vigen, en France. <\/p>\n\n\n\n<div class=\"wp-block-image\"><figure class=\"aligncenter size-large is-resized\"><img loading=\"lazy\" decoding=\"async\" src=\"https:\/\/cdn1.trictrac.net\/documents\/formats\/enlargement\/documents\/originals\/cf\/d9\/d3dd5514ce935c18ca4db2d2ee19e61d416e.jpeg\" alt=\"\" width=\"232\" height=\"358\"\/><\/figure><\/div>\n\n\n\n<p>Paille \u00e9ditions est fond\u00e9 par Yves Renou, qui a d&rsquo;abord \u00e9dit\u00e9 les jeux dont il \u00e9tait l&rsquo;auteur avant de se diversifier dans la distribution et l&rsquo;\u00e9dition de jeux d&rsquo;autres auteurs ou en collaboration.<\/p>\n\n\n\n<p>Quelque exemple des jeux \u00e9dite par Paille Editions : <\/p>\n\n\n\n<p>-Baccade<br>-Fais pas l&rsquo;\u00e2ne<br>-La Vache amoureuse<br>-Le Jardin fou<br>-INSIDE<br>-Bourpif<br>-Sans queue ni t\u00eate<br>-Comment on fait les b\u00e9b\u00e9s<br>-Les Rondins des bois<br>-Tous au dodo<\/p>\n\n\n\n<div class=\"wp-block-image\"><figure class=\"aligncenter size-large is-resized\"><img loading=\"lazy\" decoding=\"async\" src=\"https:\/\/www.espritjeu.com\/upload\/image\/fais-pas-l--ane-p-image-46854-grande.jpg\" alt=\"\" width=\"292\" height=\"297\"\/><\/figure><\/div>\n\n\n\n<p><strong>Liens<\/strong><\/p>\n\n\n\n<p>Le site officiel de la marque\u00a0<a href=\"https:\/\/www.bioviva.com\/fr\/\">Paille Editions<\/a><\/p>\n\n\n\n<p class=\"has-text-align-right\">Le Conservatoire du Jeu &#8211; Mai 2022<\/p>\n","protected":false},"excerpt":{"rendered":"<p>Paille \u00e9ditions est un \u00e9diteur de jeux de soci\u00e9t\u00e9 bas\u00e9 \u00e0 Le Vigen, en France. Paille \u00e9ditions est fond\u00e9 par Yves Renou, qui a d&rsquo;abord \u00e9dit\u00e9 les jeux dont il \u00e9tait l&rsquo;auteur avant de se diversifier dans la distribution et &hellip; <a href=\"https:\/\/leconservatoiredujeu.fr\/index.php\/paille-editions\/\">Continuer la lecture <span class=\"meta-nav\">&rarr;<\/span><\/a><\/p>\n","protected":false},"author":1,"featured_media":0,"parent":0,"menu_order":0,"comment_status":"closed","ping_status":"closed","template":"","meta":{"footnotes":""},"_links":{"self":[{"href":"https:\/\/leconservatoiredujeu.fr\/index.php\/wp-json\/wp\/v2\/pages\/8124"}],"collection":[{"href":"https:\/\/leconservatoiredujeu.fr\/index.php\/wp-json\/wp\/v2\/pages"}],"about":[{"href":"https:\/\/leconservatoiredujeu.fr\/index.php\/wp-json\/wp\/v2\/types\/page"}],"author":[{"embeddable":true,"href":"https:\/\/leconservatoiredujeu.fr\/index.php\/wp-json\/wp\/v2\/users\/1"}],"replies":[{"embeddable":true,"href":"https:\/\/leconservatoiredujeu.fr\/index.php\/wp-json\/wp\/v2\/comments?post=8124"}],"version-history":[{"count":5,"href":"https:\/\/leconservatoiredujeu.fr\/index.php\/wp-json\/wp\/v2\/pages\/8124\/revisions"}],"predecessor-version":[{"id":13067,"href":"https:\/\/leconservatoiredujeu.fr\/index.php\/wp-json\/wp\/v2\/pages\/8124\/revisions\/13067"}],"wp:attachment":[{"href":"https:\/\/leconservatoiredujeu.fr\/index.php\/wp-json\/wp\/v2\/media?parent=8124"}],"curies":[{"name":"wp","href":"https:\/\/api.w.org\/{rel}","templated":true}]}}