{"id":8120,"date":"2020-05-30T16:09:28","date_gmt":"2020-05-30T14:09:28","guid":{"rendered":"http:\/\/leconservatoiredujeu.fr\/?page_id=8120"},"modified":"2022-05-03T17:50:21","modified_gmt":"2022-05-03T15:50:21","slug":"noris","status":"publish","type":"page","link":"https:\/\/leconservatoiredujeu.fr\/index.php\/noris\/","title":{"rendered":"Noris"},"content":{"rendered":"\n<div class=\"wp-block-image\"><figure class=\"aligncenter size-large\"><img loading=\"lazy\" decoding=\"async\" width=\"1024\" height=\"514\" src=\"http:\/\/leconservatoiredujeu.fr\/wp-content\/uploads\/2022\/05\/nois-1024x514.jpg\" alt=\"\" class=\"wp-image-13058\" srcset=\"https:\/\/leconservatoiredujeu.fr\/wp-content\/uploads\/2022\/05\/nois-1024x514.jpg 1024w, https:\/\/leconservatoiredujeu.fr\/wp-content\/uploads\/2022\/05\/nois-300x151.jpg 300w, https:\/\/leconservatoiredujeu.fr\/wp-content\/uploads\/2022\/05\/nois-768x386.jpg 768w, https:\/\/leconservatoiredujeu.fr\/wp-content\/uploads\/2022\/05\/nois-1536x771.jpg 1536w, https:\/\/leconservatoiredujeu.fr\/wp-content\/uploads\/2022\/05\/nois-2048x1028.jpg 2048w, https:\/\/leconservatoiredujeu.fr\/wp-content\/uploads\/2022\/05\/nois-500x251.jpg 500w\" sizes=\"(max-width: 1024px) 100vw, 1024px\" \/><\/figure><\/div>\n\n\n\n<p><strong>La Philosophie de la marque :<\/strong><\/p>\n\n\n\n<p><br>Grande valeur de jeu, Qualit\u00e9 exceptionnelle<\/p>\n\n\n\n<p><br>Des jeux adapt\u00e9s \u00e0 l&rsquo;\u00e2ge avec des designs innovants qui sont amusants \u00e0 jouer et stimulent \u00e9galement les comp\u00e9tences des joueurs.<br>Gamme de produits vari\u00e9e.<\/p>\n\n\n\n<p><br>Des jeux familiaux, des classiques de jeux de soci\u00e9t\u00e9, des jeux \u00e9ducatifs, des recueils de jeux, des produits de cr\u00e9ativit\u00e9, des puzzles et divers th\u00e8mes sous licence font partie de notre gamme de produits vari\u00e9e.<br><\/p>\n\n\n\n<p><strong>L&rsquo;Histoire de la marque <\/strong>:<\/p>\n\n\n\n<p><br><strong>1907<\/strong>: Cr\u00e9ation de la soci\u00e9t\u00e9 NORIS-SPIELE par Georg Reulein.<\/p>\n\n\n\n<p><br><strong>1911<\/strong>: D\u00e9but de la production de l&rsquo;entreprise \u00e0 Nuremberg.<br><\/p>\n\n\n\n<p><strong>1935<\/strong>: D\u00e9localisation de la production dans un nouveau b\u00e2timent \u00e0 Waldstra\u00dfe 82 \u00e0 F\u00fcrth, Allemagne. La gamme de produits comprend d\u00e9j\u00e0 200 produits.<\/p>\n\n\n\n<p><br><strong>1946<\/strong>: Reconstruction suite \u00e0 la destruction compl\u00e8te de l&rsquo;usine de F\u00fcrth pendant la Seconde Guerre mondiale.<\/p>\n\n\n\n<p>Noris produit divers type de jeu mais toujours dans le domaine du jeu en famille. <\/p>\n\n\n\n<div class=\"wp-block-image\"><figure class=\"aligncenter size-large is-resized\"><img loading=\"lazy\" decoding=\"async\" src=\"https:\/\/www.media-rdc.com\/medias\/893203d5277032fdb79ce3f6b083b1f7\/p_580x580\/ori-set-deluxe-complet-roulette-25-cm-jeu-de-casino-norris-606104613-6342.jpg\" alt=\"\" width=\"368\" height=\"298\"\/><\/figure><\/div>\n\n\n\n<p><strong>Liens<\/strong><\/p>\n\n\n\n<p>Le site officiel de la marque\u00a0<a href=\"https:\/\/shop.noris-spiele.de\/noris_en\/home\/\">Noris<\/a><\/p>\n\n\n\n<p class=\"has-text-align-right\">Le Conservatoire du Jeu &#8211; Mai 2022<\/p>\n","protected":false},"excerpt":{"rendered":"<p>La Philosophie de la marque : Grande valeur de jeu, Qualit\u00e9 exceptionnelle Des jeux adapt\u00e9s \u00e0 l&rsquo;\u00e2ge avec des designs innovants qui sont amusants \u00e0 jouer et stimulent \u00e9galement les comp\u00e9tences des joueurs.Gamme de produits vari\u00e9e. Des jeux familiaux, des &hellip; <a href=\"https:\/\/leconservatoiredujeu.fr\/index.php\/noris\/\">Continuer la lecture <span class=\"meta-nav\">&rarr;<\/span><\/a><\/p>\n","protected":false},"author":1,"featured_media":0,"parent":0,"menu_order":0,"comment_status":"closed","ping_status":"closed","template":"","meta":{"footnotes":""},"_links":{"self":[{"href":"https:\/\/leconservatoiredujeu.fr\/index.php\/wp-json\/wp\/v2\/pages\/8120"}],"collection":[{"href":"https:\/\/leconservatoiredujeu.fr\/index.php\/wp-json\/wp\/v2\/pages"}],"about":[{"href":"https:\/\/leconservatoiredujeu.fr\/index.php\/wp-json\/wp\/v2\/types\/page"}],"author":[{"embeddable":true,"href":"https:\/\/leconservatoiredujeu.fr\/index.php\/wp-json\/wp\/v2\/users\/1"}],"replies":[{"embeddable":true,"href":"https:\/\/leconservatoiredujeu.fr\/index.php\/wp-json\/wp\/v2\/comments?post=8120"}],"version-history":[{"count":6,"href":"https:\/\/leconservatoiredujeu.fr\/index.php\/wp-json\/wp\/v2\/pages\/8120\/revisions"}],"predecessor-version":[{"id":13060,"href":"https:\/\/leconservatoiredujeu.fr\/index.php\/wp-json\/wp\/v2\/pages\/8120\/revisions\/13060"}],"wp:attachment":[{"href":"https:\/\/leconservatoiredujeu.fr\/index.php\/wp-json\/wp\/v2\/media?parent=8120"}],"curies":[{"name":"wp","href":"https:\/\/api.w.org\/{rel}","templated":true}]}}