{"id":8110,"date":"2020-05-30T16:03:53","date_gmt":"2020-05-30T14:03:53","guid":{"rendered":"http:\/\/leconservatoiredujeu.fr\/?page_id=8110"},"modified":"2022-05-04T11:06:01","modified_gmt":"2022-05-04T09:06:01","slug":"matchbox","status":"publish","type":"page","link":"https:\/\/leconservatoiredujeu.fr\/index.php\/matchbox\/","title":{"rendered":"MatchBox"},"content":{"rendered":"\n<figure class=\"wp-block-image size-large\"><img loading=\"lazy\" decoding=\"async\" width=\"1024\" height=\"292\" src=\"http:\/\/leconservatoiredujeu.fr\/wp-content\/uploads\/2022\/05\/logoooo-1024x292.jpg\" alt=\"\" class=\"wp-image-13079\" srcset=\"https:\/\/leconservatoiredujeu.fr\/wp-content\/uploads\/2022\/05\/logoooo-1024x292.jpg 1024w, https:\/\/leconservatoiredujeu.fr\/wp-content\/uploads\/2022\/05\/logoooo-300x86.jpg 300w, https:\/\/leconservatoiredujeu.fr\/wp-content\/uploads\/2022\/05\/logoooo-768x219.jpg 768w, https:\/\/leconservatoiredujeu.fr\/wp-content\/uploads\/2022\/05\/logoooo-1536x438.jpg 1536w, https:\/\/leconservatoiredujeu.fr\/wp-content\/uploads\/2022\/05\/logoooo-2048x584.jpg 2048w, https:\/\/leconservatoiredujeu.fr\/wp-content\/uploads\/2022\/05\/logoooo-500x143.jpg 500w\" sizes=\"(max-width: 1024px) 100vw, 1024px\" \/><\/figure>\n\n\n\n<p>Matchbox est une marque de jouets &#8211; et anciennement de jeux de soci\u00e9t\u00e9 &#8211; appartenant au groupe Mattel.<\/p>\n\n\n\n<h2 class=\"wp-block-heading\"><span style=\"text-decoration: underline;\"><strong>Histo<\/strong>rique<\/span> :<\/h2>\n\n\n\n<p><br>Le nom Matchbox appara\u00eet en 1953 comme marque de la soci\u00e9t\u00e9 britannique de jouets Lesney, fond\u00e9e par Leslie Smith (6 mars 1918-26 mai 2005) et Rodney Smith. Les deux hommes n&rsquo;\u00e9taient pas de m\u00eame famille, malgr\u00e9 leur nom commun. Ils \u00e9taient amis d&rsquo;\u00e9cole et avaient servi ensemble dans la Royal Navy pendant la Seconde Guerre mondiale.<\/p>\n\n\n\n<p>L&rsquo;entreprise est n\u00e9e, lorsqu\u2019un collaborateur des Smith, John Odell, appel\u00e9 \u00ab Jack \u00bb, fabrique une miniature pour sa fille pour que celle-ci puisse facilement l\u2019emmener \u00e0 l\u2019\u00e9cole. La miniature est fabriqu\u00e9e \u00e0 l\u2019\u00e9chelle d\u2019une bo\u00eete d\u2019allumettes.<\/p>\n\n\n\n<p>Les jouets Matchbox \u00e9taient ainsi appel\u00e9s parce qu&rsquo;\u00e0 l&rsquo;origine les mod\u00e8les \u00e9taient emball\u00e9s dans des bo\u00eetes semblables \u00e0 des bo\u00eetes d&rsquo;allumettes. Le nom Matchbox, est devenu le nom g\u00e9n\u00e9rique pour toute miniature mesurant approximativement 2,5 pouces (6,5 centim\u00e8tres) de long, ind\u00e9pendamment de la marque. Dans les ann\u00e9es 70, la bo\u00eete d&rsquo;allumettes a laiss\u00e9 place au classique emballage, plastique et carton, utilis\u00e9 par les autres marques, telles que Hot Wheels Le conditionnement en bo\u00eetes d&rsquo;allumettes a \u00e9t\u00e9 r\u00e9cemment r\u00e9introduit pour le march\u00e9 des collectionneurs.<\/p>\n\n\n\n<figure class=\"wp-block-image size-large\"><img decoding=\"async\" src=\"https:\/\/images-na.ssl-images-amazon.com\/images\/I\/81DHKYNIfqL.jpg\" alt=\"\"\/><\/figure>\n\n\n\n<p>L&rsquo;usine Matchbox\/Lesney \u00e9tait une entreprise importante \u00e0 Homerton, Londres oriental, bien qu&rsquo;en 1990 la soci\u00e9t\u00e9 d\u00e9m\u00e9nagea \u00e0 Rugby, dans le Warwickshire aux West Midlands.<\/p>\n\n\n\n<p>La soci\u00e9t\u00e9 Lesney a fait faillite le 11 juin 1982. Les biens de la soci\u00e9t\u00e9 ont \u00e9t\u00e9 vendus et revendus, et finalement ont \u00e9t\u00e9 achet\u00e9s par Mattel, fabricant des Hot Wheels.<\/p>\n\n\n\n<figure class=\"wp-block-gallery columns-2 is-cropped wp-block-gallery-1 is-layout-flex wp-block-gallery-is-layout-flex\"><ul class=\"blocks-gallery-grid\"><li class=\"blocks-gallery-item\"><figure><img loading=\"lazy\" decoding=\"async\" width=\"512\" height=\"512\" src=\"http:\/\/leconservatoiredujeu.fr\/wp-content\/uploads\/2020\/05\/hotwheel.png\" alt=\"\" data-id=\"8111\" data-full-url=\"http:\/\/leconservatoiredujeu.fr\/wp-content\/uploads\/2020\/05\/hotwheel.png\" data-link=\"http:\/\/leconservatoiredujeu.fr\/?attachment_id=8111\" class=\"wp-image-8111\" srcset=\"https:\/\/leconservatoiredujeu.fr\/wp-content\/uploads\/2020\/05\/hotwheel.png 512w, https:\/\/leconservatoiredujeu.fr\/wp-content\/uploads\/2020\/05\/hotwheel-300x300.png 300w, https:\/\/leconservatoiredujeu.fr\/wp-content\/uploads\/2020\/05\/hotwheel-150x150.png 150w\" sizes=\"(max-width: 512px) 100vw, 512px\" \/><\/figure><\/li><li class=\"blocks-gallery-item\"><figure><img loading=\"lazy\" decoding=\"async\" width=\"1024\" height=\"1024\" src=\"http:\/\/leconservatoiredujeu.fr\/wp-content\/uploads\/2020\/05\/mattel-1024x1024.png\" alt=\"\" data-id=\"8112\" data-full-url=\"http:\/\/leconservatoiredujeu.fr\/wp-content\/uploads\/2020\/05\/mattel.png\" data-link=\"http:\/\/leconservatoiredujeu.fr\/?attachment_id=8112\" class=\"wp-image-8112\" srcset=\"https:\/\/leconservatoiredujeu.fr\/wp-content\/uploads\/2020\/05\/mattel-1024x1024.png 1024w, https:\/\/leconservatoiredujeu.fr\/wp-content\/uploads\/2020\/05\/mattel-300x300.png 300w, https:\/\/leconservatoiredujeu.fr\/wp-content\/uploads\/2020\/05\/mattel-150x150.png 150w, https:\/\/leconservatoiredujeu.fr\/wp-content\/uploads\/2020\/05\/mattel-768x768.png 768w, https:\/\/leconservatoiredujeu.fr\/wp-content\/uploads\/2020\/05\/mattel.png 1200w\" sizes=\"(max-width: 1024px) 100vw, 1024px\" \/><\/figure><\/li><\/ul><\/figure>\n\n\n\n<p class=\"has-text-align-right\">Le Conservatoire du Jeu &#8211; Mai 2022<\/p>\n","protected":false},"excerpt":{"rendered":"<p>Matchbox est une marque de jouets &#8211; et anciennement de jeux de soci\u00e9t\u00e9 &#8211; appartenant au groupe Mattel. Historique : Le nom Matchbox appara\u00eet en 1953 comme marque de la soci\u00e9t\u00e9 britannique de jouets Lesney, fond\u00e9e par Leslie Smith (6 &hellip; <a href=\"https:\/\/leconservatoiredujeu.fr\/index.php\/matchbox\/\">Continuer la lecture <span class=\"meta-nav\">&rarr;<\/span><\/a><\/p>\n","protected":false},"author":1,"featured_media":0,"parent":0,"menu_order":0,"comment_status":"closed","ping_status":"closed","template":"","meta":{"footnotes":""},"_links":{"self":[{"href":"https:\/\/leconservatoiredujeu.fr\/index.php\/wp-json\/wp\/v2\/pages\/8110"}],"collection":[{"href":"https:\/\/leconservatoiredujeu.fr\/index.php\/wp-json\/wp\/v2\/pages"}],"about":[{"href":"https:\/\/leconservatoiredujeu.fr\/index.php\/wp-json\/wp\/v2\/types\/page"}],"author":[{"embeddable":true,"href":"https:\/\/leconservatoiredujeu.fr\/index.php\/wp-json\/wp\/v2\/users\/1"}],"replies":[{"embeddable":true,"href":"https:\/\/leconservatoiredujeu.fr\/index.php\/wp-json\/wp\/v2\/comments?post=8110"}],"version-history":[{"count":4,"href":"https:\/\/leconservatoiredujeu.fr\/index.php\/wp-json\/wp\/v2\/pages\/8110\/revisions"}],"predecessor-version":[{"id":13080,"href":"https:\/\/leconservatoiredujeu.fr\/index.php\/wp-json\/wp\/v2\/pages\/8110\/revisions\/13080"}],"wp:attachment":[{"href":"https:\/\/leconservatoiredujeu.fr\/index.php\/wp-json\/wp\/v2\/media?parent=8110"}],"curies":[{"name":"wp","href":"https:\/\/api.w.org\/{rel}","templated":true}]}}