{"id":8079,"date":"2020-05-30T15:54:53","date_gmt":"2020-05-30T13:54:53","guid":{"rendered":"http:\/\/leconservatoiredujeu.fr\/?page_id=8079"},"modified":"2022-05-02T16:50:42","modified_gmt":"2022-05-02T14:50:42","slug":"mako","status":"publish","type":"page","link":"https:\/\/leconservatoiredujeu.fr\/index.php\/mako\/","title":{"rendered":"Mako"},"content":{"rendered":"\n<div class=\"wp-block-image\"><figure class=\"aligncenter size-large is-resized\"><img loading=\"lazy\" decoding=\"async\" src=\"https:\/\/jeuxsoc.fr\/editeurlogo\/mako.gif\" alt=\"\" width=\"186\" height=\"170\"\/><\/figure><\/div>\n\n\n\n<p>Mako est une marque de jouets cr\u00e9\u00e9e par Roland Schwartz pendant les ann\u00e9es 1970, orient\u00e9e notamment vers des jeux cr\u00e9atifs.<\/p>\n\n\n\n<p>Certains jouets Mako ont connu un tr\u00e8s grand succ\u00e8s en France, tels Mako Moulages ou les Hippo-Gloutons. <\/p>\n\n\n\n<p>Mako est rachet\u00e9 par la maison d&rsquo;\u00e9dition Nathan, puis par Ravensburger qui reprend les jeux Nathan en 1982.<\/p>\n\n\n\n<p> Faute d&rsquo;investissement, les jouets Mako disparaissent progressivement des rayons.<\/p>\n\n\n\n<div class=\"wp-block-image\"><figure class=\"aligncenter size-large\"><img loading=\"lazy\" decoding=\"async\" width=\"550\" height=\"368\" src=\"http:\/\/leconservatoiredujeu.fr\/wp-content\/uploads\/2020\/05\/adj.jpeg\" alt=\"\" class=\"wp-image-8094\" srcset=\"https:\/\/leconservatoiredujeu.fr\/wp-content\/uploads\/2020\/05\/adj.jpeg 550w, https:\/\/leconservatoiredujeu.fr\/wp-content\/uploads\/2020\/05\/adj-300x201.jpeg 300w, https:\/\/leconservatoiredujeu.fr\/wp-content\/uploads\/2020\/05\/adj-448x300.jpeg 448w\" sizes=\"(max-width: 550px) 100vw, 550px\" \/><\/figure><\/div>\n\n\n\n<p>Il n&rsquo;y a pas de hasard dans&nbsp;<strong>Adjug\u00e9&nbsp;!<\/strong>&nbsp;mais beaucoup d&rsquo;incertitude. La valeur de chaque objet mis en vente est en effet d\u00e9termin\u00e9e par l&rsquo;ensemble des joueurs.<\/p>\n\n\n\n<p>Chacun dispose de six jetons, allant de \u00ab&nbsp;10&nbsp;\u00bb \u00e0 \u00ab&nbsp;100&nbsp;\u00bb, qu&rsquo;il dispose sous les six objets en vente. Le prix d&rsquo;un objet peut donc aller de la valeur du jeton qu&rsquo;on a plac\u00e9 jusqu&rsquo;\u00e0 cette m\u00eame valeur augment\u00e9e de cinq cents, en prenant pour hypoth\u00e8se que tous les autres joueurs auraient plac\u00e9 leur jeton le plus \u00e9lev\u00e9. On proc\u00e8de ensuite \u00e0 des ventes aux ench\u00e8res classiques. Les joueurs additionnent enfin la valeur r\u00e9elle de l&rsquo;objet avec l&rsquo;argent qui leur reste en main.<\/p>\n\n\n\n<p>La m\u00e9canique, tr\u00e8s simple, est assez redoutable. Adjug\u00e9 !, pratiquement introuvable, peut facilement se jouer avec la r\u00e8gle, quelques cartes ou jetons marqu\u00e9s, les vases et bibelots de la tante Ursule, et de la monnaie prise dans le Monopoly du petit-fr\u00e8re.<\/p>\n\n\n\n<p>Certains jouets Mako ont connu un tr\u00e8s grand succ\u00e8s en France, tels Mako Moulages ou les Hippo-Gloutons. Mako est rachet\u00e9 par la maison d&rsquo;\u00e9dition Nathan, puis par Ravensburger qui reprend les jeux Nathan en 19982. Faute d&rsquo;investissement, les jouets Mako disparaissent progressivement des rayons.<\/p>\n\n\n\n<div class=\"wp-block-image\"><figure class=\"aligncenter size-large is-resized\"><img loading=\"lazy\" decoding=\"async\" src=\"http:\/\/leconservatoiredujeu.fr\/wp-content\/uploads\/2020\/05\/1381143380_ML.jpg\" alt=\"\" class=\"wp-image-8358\" width=\"415\" height=\"408\"\/><\/figure><\/div>\n\n\n\n<p class=\"has-text-align-right\">Le Conservatoire du Jeu &#8211; Mai 2022<\/p>\n","protected":false},"excerpt":{"rendered":"<p>Mako est une marque de jouets cr\u00e9\u00e9e par Roland Schwartz pendant les ann\u00e9es 1970, orient\u00e9e notamment vers des jeux cr\u00e9atifs. Certains jouets Mako ont connu un tr\u00e8s grand succ\u00e8s en France, tels Mako Moulages ou les Hippo-Gloutons. Mako est rachet\u00e9 &hellip; <a href=\"https:\/\/leconservatoiredujeu.fr\/index.php\/mako\/\">Continuer la lecture <span class=\"meta-nav\">&rarr;<\/span><\/a><\/p>\n","protected":false},"author":1,"featured_media":0,"parent":0,"menu_order":0,"comment_status":"closed","ping_status":"closed","template":"","meta":{"footnotes":""},"_links":{"self":[{"href":"https:\/\/leconservatoiredujeu.fr\/index.php\/wp-json\/wp\/v2\/pages\/8079"}],"collection":[{"href":"https:\/\/leconservatoiredujeu.fr\/index.php\/wp-json\/wp\/v2\/pages"}],"about":[{"href":"https:\/\/leconservatoiredujeu.fr\/index.php\/wp-json\/wp\/v2\/types\/page"}],"author":[{"embeddable":true,"href":"https:\/\/leconservatoiredujeu.fr\/index.php\/wp-json\/wp\/v2\/users\/1"}],"replies":[{"embeddable":true,"href":"https:\/\/leconservatoiredujeu.fr\/index.php\/wp-json\/wp\/v2\/comments?post=8079"}],"version-history":[{"count":8,"href":"https:\/\/leconservatoiredujeu.fr\/index.php\/wp-json\/wp\/v2\/pages\/8079\/revisions"}],"predecessor-version":[{"id":13041,"href":"https:\/\/leconservatoiredujeu.fr\/index.php\/wp-json\/wp\/v2\/pages\/8079\/revisions\/13041"}],"wp:attachment":[{"href":"https:\/\/leconservatoiredujeu.fr\/index.php\/wp-json\/wp\/v2\/media?parent=8079"}],"curies":[{"name":"wp","href":"https:\/\/api.w.org\/{rel}","templated":true}]}}