{"id":8073,"date":"2020-05-28T17:29:51","date_gmt":"2020-05-28T15:29:51","guid":{"rendered":"http:\/\/leconservatoiredujeu.fr\/?page_id=8073"},"modified":"2022-04-28T17:50:17","modified_gmt":"2022-04-28T15:50:17","slug":"ludonaute","status":"publish","type":"page","link":"https:\/\/leconservatoiredujeu.fr\/index.php\/ludonaute\/","title":{"rendered":"Ludonaute"},"content":{"rendered":"\n<div class=\"wp-block-image\"><figure class=\"aligncenter size-large is-resized\"><img loading=\"lazy\" decoding=\"async\" src=\"data:image\/png;base64,iVBORw0KGgoAAAANSUhEUgAAAJcAAABPCAMAAADRLKcJAAAA\/FBMVEX\/\/\/9WImJRF11IAFZPElxUH2FQFV349vlXIGPQxNNSGl9dK2nn4ehZJ2VKAFhpPXPDtcbXzdmKbZG1pLmdhaNDAFKBYYpMCFnxkACXfZ6DZIpoP3LwiwDteQDu6O\/y7vPsbwboUhGum7PvhQDpYA13VIDf1+Gnk608AEzufwBOG2PnTABwSHmQdZd4T4L++vD62rL1sF\/zojb50KLymRn97tn1t3DxlyrfpXxeJVvkfwj1uHz63L+EQE7vih3vjy2ZSkLwn1x2OVzxn2jdeDr649TgrZ3ugT\/seTLwp4BzLlj1v6bzspXsdkHtnHvtkm3paDnrgFjvpY\/1xLYCcIRzAAAFSklEQVRoge2Xa5fTNhCG5diyYsWR79Y6CfHWiR2WTXaBtrS0UKB0S1vKpfD\/\/0s1I+ey2QTcHg605+j9kCMpk9GjkTSaEGJkZGRkZGRkZGRkZGRk9InF\/Kn\/pRkOqFzyvjtin2eyZrVaFdNOpl5GKZWfKWID6Th23MnUsy3Lcj4d1wcjP1Rz9fJOfj4pVxSP6eAD+\/SFuMq+Q2kW\/ee4fPBlH+Bivl\/CFn8pLnGMK6m8lFx05GLsBtfl5RGzI73rmu5zsbV1EzVFmN7gCqsqKbHlVVWFEH4ROG6wKKMt1917Jycn97\/eLDFRTr144LrjSrtvFvXQdXmQRq0Fmmj\/1ZQ0aQ98FdBWioqAOzwoIuQKvSLZ56oyKTPsRreltAcwn1BHlFIxTJ2W6+43k4niOpnc\/xYs40xmNYuznrLidg2+LzLJ4UfUyVLVT8FrgVjgdVwKaYFcaS8VdZ65rbHK2oyVpJzucxVqbhqgBxUdypUNp+jDooAFXA9mJ60mJwBWc\/XlwNFWlh0SNnCtjbJEkavo8BF4TSTYRmL9Le0zsgRIhaU+xYbkABffcvVLssCl9YTQEzv+vdlkMpnN4HMy++5Scym\/UgfBHREWUIu6qg9TwSqBq7fD5UvtrOeIgFRwPDgPhrCYLDzORa9xjTlahOEKg3Dne0U0mz149OAM0M7utVxuUHkLmI2qnUkyMYyrsBpSHeF9LubF6HVUFA3pU5jSJ2UMc49ZN64pxJdy9KmiTx\/+oEJ19kh1f1Rg2AQuXoO\/HHZ0DD9OputfWLK5ydXexwauF9okcL9gWaLpto+NtNY+IU\/wx2dKP6HtE2iePUEudwUj6e6K4fzDFonoANc2f+FtkkAD2w\/Hs0u8mF7OYs115ynCYO66OoXmrbvIFd\/gYmXZhQtPgYOpCZp6qo9zhRAvkWy5bimdPkLjZ9C+9Sw\/EK8orceDwYAe5dq8QwFejhQETafoxpVc56KPkeU50QHDzs90n2uaS52\/rI9zIbvlSCkdaPXif8IVbrgenoLmmFDJc+zscxGmM5K0xXEucZ1ro3\/JZVm\/IEsbsPlBrgomdcZViPexU7zsrNXtVcfzJa7to3XnV2SZX6H5C2j\/sb+PcH578B75x8\/9hmsJXLyZrtUxf+3dR5Ulf5vP56fzF2j+O7T3uUo4v7iULlyj3jpPXNNwk54Oc+n8FW+5pi\/noPOXMPQnNJFrJ09MYWtw63e5eH6Yq9oelH0uGqRaDXJhNmGxi1wM3hLqgim+lOpVeaXBruB8HeI6EC9X0xCm3\/g1l0fa3MuXCOMn\/i6XKhVQcqjpebBYOfjWqfcxd\/XIIrD1u02uzr8Cnb9+A43zNzfyF06+LMl05GquFIM+TlcCNg25cJ4LL2zIUj+vi6SqM1uUu1zrooMzrP2AE5MPcOEBU5e+HYH6610LhlhvL\/ffoRbDGdhumyfC1qtrQdEEXAyvIbezEYkyzKyq\/IB036ZV0t\/lchm5aOsoZzmmWH+Rka7hLD6A\/cH\/ta81GKD9dUn23qGA+H2O7izHosjFlm1BJmvFQy21oytdgtGBOnM23yDY6yuY22IjqDWngXA5d0VdhjAAZyK3Hc57Img8W9gB3uOX51pv3wNNJkSGmSSEloqc15c9zh1ReGqgr0oLH706YqQKYoFzl0sY4TZUH95YSOi40snXB4yFW3mwuSzJl3UM96MJQ73b4aquc6j61Uj7V\/Tq3au3r9681y489VM9HKkWgPuLvK5XHg7gTGUCAyGaoIWaJ67ruvC1hwV0Rosb6cLIyMjIyMjIyMjIyMjI6P+ovwEL541EYVhRfgAAAABJRU5ErkJggg==\" alt=\"\" width=\"312\" height=\"163\"\/><\/figure><\/div>\n\n\n\n<p><span style=\"text-decoration: underline;\"><strong>Historique<\/strong> <\/span><strong>:<\/strong><\/p>\n\n\n\n<p>Ludonaute&nbsp;est une maison d\u2019\u00e9dition de jeux de soci\u00e9t\u00e9&nbsp;fond\u00e9e en 2010 par un couple de joueurs cr\u00e9ateurs de jeux passionn\u00e9s. <\/p>\n\n\n\n<p>Bas\u00e9e \u00e0 Istres dans le sud de la France, notre maison \u00e9dite un petit nombre de jeux de plateau ou de cartes chaque ann\u00e9e. <\/p>\n\n\n\n<p>Pour chacun des titres que nous publions, des mois de d\u00e9veloppement et de recherches sont n\u00e9cessaires dans le but d\u2019atteindre la meilleur objet ludique possible.<\/p>\n\n\n\n<p>Ludonaute a a son compte 17 jeux \u00e9dites !<\/p>\n\n\n\n<figure class=\"wp-block-image size-large\"><img loading=\"lazy\" decoding=\"async\" width=\"1024\" height=\"320\" src=\"http:\/\/leconservatoiredujeu.fr\/wp-content\/uploads\/2020\/05\/1-1024x320.png\" alt=\"\" class=\"wp-image-8074\" srcset=\"https:\/\/leconservatoiredujeu.fr\/wp-content\/uploads\/2020\/05\/1-1024x320.png 1024w, https:\/\/leconservatoiredujeu.fr\/wp-content\/uploads\/2020\/05\/1-300x94.png 300w, https:\/\/leconservatoiredujeu.fr\/wp-content\/uploads\/2020\/05\/1-768x240.png 768w, https:\/\/leconservatoiredujeu.fr\/wp-content\/uploads\/2020\/05\/1-500x156.png 500w, https:\/\/leconservatoiredujeu.fr\/wp-content\/uploads\/2020\/05\/1.png 1187w\" sizes=\"(max-width: 1024px) 100vw, 1024px\" \/><\/figure>\n\n\n\n<p>Cette \u00e9diteur se veut vis\u00e9 des utilisateurs dans le domaine familiale.<\/p>\n\n\n\n<figure class=\"wp-block-image size-large\"><img loading=\"lazy\" decoding=\"async\" width=\"1024\" height=\"493\" src=\"http:\/\/leconservatoiredujeu.fr\/wp-content\/uploads\/2020\/05\/2-1024x493.png\" alt=\"\" class=\"wp-image-8075\" srcset=\"https:\/\/leconservatoiredujeu.fr\/wp-content\/uploads\/2020\/05\/2-1024x493.png 1024w, https:\/\/leconservatoiredujeu.fr\/wp-content\/uploads\/2020\/05\/2-300x144.png 300w, https:\/\/leconservatoiredujeu.fr\/wp-content\/uploads\/2020\/05\/2-768x369.png 768w, https:\/\/leconservatoiredujeu.fr\/wp-content\/uploads\/2020\/05\/2-500x240.png 500w, https:\/\/leconservatoiredujeu.fr\/wp-content\/uploads\/2020\/05\/2.png 1208w\" sizes=\"(max-width: 1024px) 100vw, 1024px\" \/><\/figure>\n\n\n\n<p><strong>Liens<\/strong><\/p>\n\n\n\n<p>Le site officiel de la marque\u00a0<a href=\"https:\/\/www.bioviva.com\/fr\/\">Ludonaute<\/a><\/p>\n\n\n\n<p class=\"has-text-align-right\">Le Conservatoire du Jeu &#8211; Avril 2022<\/p>\n","protected":false},"excerpt":{"rendered":"<p>Historique : Ludonaute&nbsp;est une maison d\u2019\u00e9dition de jeux de soci\u00e9t\u00e9&nbsp;fond\u00e9e en 2010 par un couple de joueurs cr\u00e9ateurs de jeux passionn\u00e9s. Bas\u00e9e \u00e0 Istres dans le sud de la France, notre maison \u00e9dite un petit nombre de jeux de plateau &hellip; <a href=\"https:\/\/leconservatoiredujeu.fr\/index.php\/ludonaute\/\">Continuer la lecture <span class=\"meta-nav\">&rarr;<\/span><\/a><\/p>\n","protected":false},"author":1,"featured_media":0,"parent":0,"menu_order":0,"comment_status":"closed","ping_status":"closed","template":"","meta":{"footnotes":""},"_links":{"self":[{"href":"https:\/\/leconservatoiredujeu.fr\/index.php\/wp-json\/wp\/v2\/pages\/8073"}],"collection":[{"href":"https:\/\/leconservatoiredujeu.fr\/index.php\/wp-json\/wp\/v2\/pages"}],"about":[{"href":"https:\/\/leconservatoiredujeu.fr\/index.php\/wp-json\/wp\/v2\/types\/page"}],"author":[{"embeddable":true,"href":"https:\/\/leconservatoiredujeu.fr\/index.php\/wp-json\/wp\/v2\/users\/1"}],"replies":[{"embeddable":true,"href":"https:\/\/leconservatoiredujeu.fr\/index.php\/wp-json\/wp\/v2\/comments?post=8073"}],"version-history":[{"count":3,"href":"https:\/\/leconservatoiredujeu.fr\/index.php\/wp-json\/wp\/v2\/pages\/8073\/revisions"}],"predecessor-version":[{"id":12968,"href":"https:\/\/leconservatoiredujeu.fr\/index.php\/wp-json\/wp\/v2\/pages\/8073\/revisions\/12968"}],"wp:attachment":[{"href":"https:\/\/leconservatoiredujeu.fr\/index.php\/wp-json\/wp\/v2\/media?parent=8073"}],"curies":[{"name":"wp","href":"https:\/\/api.w.org\/{rel}","templated":true}]}}