{"id":8071,"date":"2020-05-28T18:30:25","date_gmt":"2020-05-28T16:30:25","guid":{"rendered":"http:\/\/leconservatoiredujeu.fr\/?page_id=8071"},"modified":"2022-03-03T14:16:23","modified_gmt":"2022-03-03T13:16:23","slug":"libellud","status":"publish","type":"page","link":"https:\/\/leconservatoiredujeu.fr\/index.php\/libellud\/","title":{"rendered":"Libellud"},"content":{"rendered":"\n<div class=\"wp-block-image\"><figure class=\"aligncenter size-large is-resized\"><img loading=\"lazy\" decoding=\"async\" src=\"data:image\/png;base64,iVBORw0KGgoAAAANSUhEUgAAAJcAAABYCAMAAADP\/5UqAAAAkFBMVEX\/\/\/8AqtcAp9aHyORmvuAApdX\/\/\/0Ap9QAo9EAo9T\/\/\/sAnMoAn80AodMAns8Amsn2+\/1csM7e7\/fs9vuMzeft8\/D3+PTW6fHT5Ob\/\/PR\/vNKj0uRvwuI7sdpJtdzi7eys2u3N6PQ+qMzJ3+Sjztu52N+Wx9Yjo8u63u94wduc0uqUyuAAmtBrttGy1eSMw9bxfguUAAAIAklEQVRoge1ai5aiOBAlUUjA8NLGERRQVMDuRv7\/77YqQSU67aNn3Z5z1jpzRsEk3FTuraqENoyXvexlL3vZy172P7LVcDH5aQy\/sbGbChL8NIpLG6ZRRVc\/jeLCJubcCe36p2Fc2MobGwlf\/DSMC9sVgbH2yE\/DuLAsNIyoMv86gqU7w7Aa+69bSMRlzHz6t4WwtIH\/nMJ8e6DPgqbjZ+E5GPLLMNaPOOzd3fHs2ZF4wfAJTmjezbCJ+5Hzp6\/78vMXfuQjW5NkoJ47+Y1bMmbk3H02rrG9k5+lR3sYlinJaqNOabo87\/AGE8m5\/XSdZDzCD1jJ9PRsd7jj9M2D\/92zFFV\/fgAdBXs6rtpr5ee0sofdrbG7NIyEmQNwIx9qrVcuuncv0udXIJmYyU+I+h2GJZ8YVsJNYN5GpP22tYtNnOYM7VNsZVdRB8xWbljAhxMyDgj0lL70JJ5pZb4\/HxfEo6IDVtgEVYkxbVqRyjDifsANFp9KIxvxfNqjLexKLaWTCHcRBASoHfkUMkHsn0qzmnh7+SWu7g92f2ZD6ieRhd\/WlUszF5y2HZlzCGv+IVCtss9MfXVaYf9Z+RHU74PF8A5LCWF+s41ix4lLTvjYsEpOwVNbQXGgyXv6yTos1tonJBu8r76pyOA9dU1K2T1G0Jjw\/aooKk5SkGPD6RjDBKmXA\/L5GR48ZM18bE6p6abLx6FNFi4l3zCJMQPaF5Q7IEpO7E\/R7I8AnLXPjo2pO3iQ\/+\/mN1CZrldVjBMKrI4ESZHhhJbT07DWNOnBQmQPBYwgMx8GRb3hfALUt7ZCEZ5CTJgClUSydhz8wYnzUojzfvb9Fc+E9eZ0p9\/sYVfp5RWzlRz3WMfCT1xUYbvZlEkhBLvsScmdaznRoOyK34x1YayLUtYMaK+yEO51N4LuIHAQyjkX\/IuB2H21WKD1WUF2uYmKEuUsK96gR2QW4lAxWC33ouBXc7F453bPUmZ9d6UWJrqbwCQsa7otRtgWs1DBKtmVQug3foEsr87rjiy+1CifyUR3w9guz\/PZNqkkKrjE8pVC13gEtEc5Ou11YOby5ipqsGiLie4WLmS2GI0O\/FGEP3Q1E5mf5tfXkt5ayYFGensLGW\/UnxjCZvbVlfUgC22EWeMuCS6FTNbWhcdo3wP0xjYvsHVHYGXXH3BfMsKGdXNtWZiSI3QtpZPEFkd2Qj3i0EHdV\/oNh83PAqpMdH2YcAlamF5blSyQICZQ9agHi40DQ8\/0PiCOvHfnBsOG+gplFirreCkDABbL8Yh8aVh2RRUrcBfedfUaqBstzWFSHD1FsauSDM7cBY37rmGRM+uyzBVcH1KOiP7YyhRt5Kz7Djtmg+ONawu50ullfugQaNWMuizzNS71Oz1Dz\/0w6eNypTjOun1p7zo3LyBQ4BoDQoO42JkmGe36ehMsCg9dT63YkacUbqpc1ffBNYIN9Idh3dnXt70LTUUyP90NQu80C5vv5h+hjzeqAPdhB\/RtNyLbFaq16aW7XeGpHVN\/yoMruBY6rlQ+4gRzhUKDsmr6IcngtF4310yeUajGUitUdmX2QXQww2khHT6XYTba4+5J8\/cDuFSiO15iZglNPB88tN\/Kh9pzxISxwEhMKoXGVMmaHaTbuYeGPXbnGknZtS2Svo6o5ejUGZ8IW1cVvuOowwHeAljOrG1KB8tUvJp1RaGUpuhmGBVM5mcnnsqueiK57i8d15mWVQDAFGDEm0pUGMZzTtCBceJz5s2xcHYh9u5FlyP3eERCVJ4F90BENqYtdF3j1EotaVzNRLoe8RE9LWOyBIlBERc3WDn4WxU6IbCXPhbSK\/SOkEKTCUyYhzSGTl77WClOsRRio9zQmEtu6FGPX0zXsgwAAuZsbfwD\/SD8D9AVVTocjJF+PFVZaIxdvQAPKIhK5SWeoDgqiJmtzlwiA9rXpsf7LtEdYcosJI8e1Ij4nMLDdZ0E8jAzDwUZWsAkKutJigcnsi3M0Gnsj2PRhLkq1+u664lby49DQyuipcTQPYfBhxIieNGxHGearxvBJX1zQSX6Uy6SXXGdO64jVc9of71k7VeruA2cnmKMyrTmadJ4Erge4bqVTRgWlX9k0oiqg5N5Fww6JQPb196REnpBZl5\/86UtZIPlnHfsiQFghI9Qi2vKb1yWQh6F3EIZdPZy1Ioti0IUpcyRIKDuUlUBuKIHMhzsRsH61lMkHrJZCWMc\/lFiywBACtB6Xtg2us8CecJthIs7yAloj8s4r+SIXnNC18QZxRBV8aR\/VkFXuLY22jLefC3R36VxGUInv9AaCuJCdcqb1moN8rEgrgOFAeg6LLJakik7xg4IAxU0ne7n0NRBGDL0BevVpOv6gLsMo+6FCj473o5GqD7MtFXe3XJmcmyxwQtMTXEpFJMY5khoyzeHptI7rDgcVQAsjV33vFcd9lZSbKaOJQ0I7hhqktUW80gctd0RiGjl4+I8BC7t8ICCFI4ivC8r6Dhv1A6OFjO8dqabkX56ctfxYdrrI0STSBPMbMpukqMiadvQP2YCXiWbfRlKPfKkxYAObeUookrKVv2Cxvyw3ZRNpcNi6W1QYAHV6iIuDbufDhjODxt6pw+qFT3+ftaUwfXZZord+9cEwb2HOP+K0QdeMQzt2+P9S\/bYm96aPX4y9x0z2aN\/4fDGzHsOvv7EmE2+89qjHjI8kH6SmS5ZfPevQYJx\/TZ4jr3VT3\/D\/bKXvexlL3vZy\/4j+wfkip02y9uKOgAAAABJRU5ErkJggg==\" alt=\"\" width=\"218\" height=\"126\"\/><figcaption>Logo de la marque<\/figcaption><\/figure><\/div>\n\n\n\n<p><strong><span style=\"text-decoration: underline;\">Historique<\/span><\/strong> :<\/p>\n\n\n\n<p>Maison fran\u00e7aise d\u2019\u00e9dition de jeux de soci\u00e9t\u00e9 fond\u00e9e en 2008, Libellud conna\u00eet rapidement le succ\u00e8s avec son premier jeu Dixit. En 10 ans, il s\u2019est impos\u00e9 comme un incontournable. Bas\u00e9e \u00e0 Poitiers, la soci\u00e9t\u00e9 compte actuellement 20 membres \u00e0 plein temps.<\/p>\n\n\n\n<p><em>\u00ab\u00a0Nous aimons d\u00e9velopper des jeux originaux autour de l\u2019imaginaire, du partage et du r\u00eave permettant la cr\u00e9ation de v\u00e9ritables univers. Avec les gammes Dixit, Loony Quest, Mysterium et Dice Forge, nous explorons de nouveaux horizons ludiques pour toucher un public aussi bien familial que plus exp\u00e9riment\u00e9.\u00a0\u00bb<\/em><\/p>\n\n\n\n<figure class=\"wp-block-gallery columns-2 is-cropped wp-block-gallery-1 is-layout-flex wp-block-gallery-is-layout-flex\"><ul class=\"blocks-gallery-grid\"><li class=\"blocks-gallery-item\"><figure><img loading=\"lazy\" decoding=\"async\" width=\"913\" height=\"1023\" src=\"http:\/\/leconservatoiredujeu.fr\/wp-content\/uploads\/2022\/03\/dixit.jpg\" alt=\"\" data-id=\"12515\" data-link=\"http:\/\/leconservatoiredujeu.fr\/index.php\/libellud\/dixit\/\" class=\"wp-image-12515\" srcset=\"https:\/\/leconservatoiredujeu.fr\/wp-content\/uploads\/2022\/03\/dixit.jpg 913w, https:\/\/leconservatoiredujeu.fr\/wp-content\/uploads\/2022\/03\/dixit-268x300.jpg 268w, https:\/\/leconservatoiredujeu.fr\/wp-content\/uploads\/2022\/03\/dixit-768x861.jpg 768w\" sizes=\"(max-width: 913px) 100vw, 913px\" \/><figcaption class=\"blocks-gallery-item__caption\">Boite du jeu \u00ab\u00a0Dixit\u00a0\u00bb<\/figcaption><\/figure><\/li><li class=\"blocks-gallery-item\"><figure><img loading=\"lazy\" decoding=\"async\" width=\"1024\" height=\"1024\" src=\"http:\/\/leconservatoiredujeu.fr\/wp-content\/uploads\/2022\/03\/dice-forge-1024x1024.jpg\" alt=\"\" data-id=\"12516\" data-link=\"http:\/\/leconservatoiredujeu.fr\/index.php\/libellud\/dice-forge\/\" class=\"wp-image-12516\" srcset=\"https:\/\/leconservatoiredujeu.fr\/wp-content\/uploads\/2022\/03\/dice-forge.jpg 1024w, https:\/\/leconservatoiredujeu.fr\/wp-content\/uploads\/2022\/03\/dice-forge-300x300.jpg 300w, https:\/\/leconservatoiredujeu.fr\/wp-content\/uploads\/2022\/03\/dice-forge-150x150.jpg 150w, https:\/\/leconservatoiredujeu.fr\/wp-content\/uploads\/2022\/03\/dice-forge-768x768.jpg 768w\" sizes=\"(max-width: 1024px) 100vw, 1024px\" \/><figcaption class=\"blocks-gallery-item__caption\">Boite du jeu \u00ab\u00a0Dice Forge\u00a0\u00bb<\/figcaption><\/figure><\/li><\/ul><\/figure>\n\n\n\n<div class=\"wp-block-image\"><figure class=\"aligncenter size-full\"><img loading=\"lazy\" decoding=\"async\" width=\"340\" height=\"340\" src=\"http:\/\/leconservatoiredujeu.fr\/wp-content\/uploads\/2022\/03\/Seasons-2.jpg\" alt=\"\" class=\"wp-image-12519\" srcset=\"https:\/\/leconservatoiredujeu.fr\/wp-content\/uploads\/2022\/03\/Seasons-2.jpg 340w, https:\/\/leconservatoiredujeu.fr\/wp-content\/uploads\/2022\/03\/Seasons-2-300x300.jpg 300w, https:\/\/leconservatoiredujeu.fr\/wp-content\/uploads\/2022\/03\/Seasons-2-150x150.jpg 150w\" sizes=\"(max-width: 340px) 100vw, 340px\" \/><figcaption>Boite du jeu \u00ab\u00a0Seasons\u00a0\u00bb<\/figcaption><\/figure><\/div>\n\n\n\n<p>Une partie n&rsquo;est pas d\u00e9sagr\u00e9able, mais comporte suffisamment de petits d\u00e9sagr\u00e9ments pour ne pas soulever un enthousiasme d\u00e9bordant chez les joueurs.                                             On ressort de&nbsp;<strong>Seasons<\/strong>&nbsp;avec l&rsquo;impression d&rsquo;avoir fait fonctionner diff\u00e9rents m\u00e9canismes d&rsquo;un jeu superbement illustr\u00e9, mais pas avec l&rsquo;envie irr\u00e9pressible d&rsquo;entamer aussit\u00f4t une nouvelle partie, ce qui est un marqueur des \u00ab&nbsp;grands&nbsp;\u00bb jeux. Dommage\u2026 Les extensions pr\u00e9vues viendront peut-\u00eatre rectifier certains des d\u00e9fauts \u00e9voqu\u00e9s\u2026 En tout \u00e9tat de cause, il est pr\u00e9f\u00e9rable de jouer \u00e0 deux plut\u00f4t qu&rsquo;\u00e0 quatre&#8230;<\/p>\n\n\n\n<div class=\"wp-block-image\"><figure class=\"aligncenter size-full\"><img loading=\"lazy\" decoding=\"async\" width=\"1024\" height=\"529\" src=\"http:\/\/leconservatoiredujeu.fr\/wp-content\/uploads\/2022\/03\/materiel-de-jeu.jpg\" alt=\"\" class=\"wp-image-12520\" srcset=\"https:\/\/leconservatoiredujeu.fr\/wp-content\/uploads\/2022\/03\/materiel-de-jeu.jpg 1024w, https:\/\/leconservatoiredujeu.fr\/wp-content\/uploads\/2022\/03\/materiel-de-jeu-300x155.jpg 300w, https:\/\/leconservatoiredujeu.fr\/wp-content\/uploads\/2022\/03\/materiel-de-jeu-768x397.jpg 768w, https:\/\/leconservatoiredujeu.fr\/wp-content\/uploads\/2022\/03\/materiel-de-jeu-500x258.jpg 500w\" sizes=\"(max-width: 1024px) 100vw, 1024px\" \/><figcaption>Mat\u00e9riel de jeu de \u00ab\u00a0Seasons\u00a0\u00bb<\/figcaption><\/figure><\/div>\n\n\n\n<p><\/p>\n\n\n\n<p><\/p>\n\n\n\n<p><\/p>\n\n\n\n<div class=\"wp-block-image\"><figure class=\"aligncenter size-large is-resized\"><img loading=\"lazy\" decoding=\"async\" src=\"https:\/\/images-na.ssl-images-amazon.com\/images\/I\/71wz-ky4kBL._AC_SX679_.jpg\" alt=\"\" width=\"335\" height=\"264\"\/><figcaption>Mat\u00e9riel de jeu de \u00ab\u00a0Cache-Moutons\u00a0\u00bb<\/figcaption><\/figure><\/div>\n\n\n\n<p><strong>Cache moutons<\/strong>&nbsp;est un amusant jeu de cache-cache, avec des vrais meubles en carton, et un vrai loup en fourrure d&rsquo;acrylique, pour les apr\u00e8s-midi pluvieux ou les appartements trop petits ou encombr\u00e9s de bibelots pr\u00e9cieux et fragiles. Au signal, le loup se cache et compte \u00e0 haute voix jusqu&rsquo;\u00e0 dix. Pendant ce temps, les agneaux se cachent dans la maison : derri\u00e8re la porte, dans l&rsquo;horloge, l&rsquo;armoire ou le four (le loup n&rsquo;aura plus qu&rsquo;\u00e0 l&rsquo;allumer), sous la grande bassine, le lit ou la table.<\/p>\n\n\n\n<p><strong>Cache moutons<\/strong>&nbsp;est tr\u00e8s simple, on le voit, mais particuli\u00e8rement r\u00e9ussi. Le loup est repr\u00e9sent\u00e9 par une marionnette \u00e0 doigt, et celui qui le joue ne doit pas oublier de faire la grosse voix&nbsp;: on gagne en r\u00e9alisme&nbsp;!<\/p>\n\n\n\n<p><strong><span style=\"text-decoration: underline;\">Liens<\/span><\/strong> :<\/p>\n\n\n\n<p>Le site officiel de la marque&nbsp;<a href=\"https:\/\/www.libellud.com\/\">Libbellud<\/a><\/p>\n\n\n\n<p><strong><span style=\"text-decoration: underline;\">Cr\u00e9dits<\/span><\/strong> :<\/p>\n\n\n\n<p>Le temple du jeu.fr<\/p>\n\n\n\n<p class=\"has-text-align-right\">M.a.J &#8211; F\u00e9vrier 2022<\/p>\n","protected":false},"excerpt":{"rendered":"<p>Historique : Maison fran\u00e7aise d\u2019\u00e9dition de jeux de soci\u00e9t\u00e9 fond\u00e9e en 2008, Libellud conna\u00eet rapidement le succ\u00e8s avec son premier jeu Dixit. En 10 ans, il s\u2019est impos\u00e9 comme un incontournable. Bas\u00e9e \u00e0 Poitiers, la soci\u00e9t\u00e9 compte actuellement 20 membres &hellip; <a href=\"https:\/\/leconservatoiredujeu.fr\/index.php\/libellud\/\">Continuer la lecture <span class=\"meta-nav\">&rarr;<\/span><\/a><\/p>\n","protected":false},"author":1,"featured_media":0,"parent":0,"menu_order":0,"comment_status":"closed","ping_status":"closed","template":"","meta":{"footnotes":""},"_links":{"self":[{"href":"https:\/\/leconservatoiredujeu.fr\/index.php\/wp-json\/wp\/v2\/pages\/8071"}],"collection":[{"href":"https:\/\/leconservatoiredujeu.fr\/index.php\/wp-json\/wp\/v2\/pages"}],"about":[{"href":"https:\/\/leconservatoiredujeu.fr\/index.php\/wp-json\/wp\/v2\/types\/page"}],"author":[{"embeddable":true,"href":"https:\/\/leconservatoiredujeu.fr\/index.php\/wp-json\/wp\/v2\/users\/1"}],"replies":[{"embeddable":true,"href":"https:\/\/leconservatoiredujeu.fr\/index.php\/wp-json\/wp\/v2\/comments?post=8071"}],"version-history":[{"count":8,"href":"https:\/\/leconservatoiredujeu.fr\/index.php\/wp-json\/wp\/v2\/pages\/8071\/revisions"}],"predecessor-version":[{"id":12522,"href":"https:\/\/leconservatoiredujeu.fr\/index.php\/wp-json\/wp\/v2\/pages\/8071\/revisions\/12522"}],"wp:attachment":[{"href":"https:\/\/leconservatoiredujeu.fr\/index.php\/wp-json\/wp\/v2\/media?parent=8071"}],"curies":[{"name":"wp","href":"https:\/\/api.w.org\/{rel}","templated":true}]}}