{"id":8063,"date":"2020-05-25T09:59:56","date_gmt":"2020-05-25T07:59:56","guid":{"rendered":"http:\/\/leconservatoiredujeu.fr\/?page_id=8063"},"modified":"2022-04-28T16:42:32","modified_gmt":"2022-04-28T14:42:32","slug":"la-tour-st-denis","status":"publish","type":"page","link":"https:\/\/leconservatoiredujeu.fr\/index.php\/la-tour-st-denis\/","title":{"rendered":"La Tour St Denis"},"content":{"rendered":"\n<p><\/p>\n\n\n\n<p><strong><span style=\"text-decoration: underline;\">Historique <\/span>:<\/strong><\/p>\n\n\n\n<p>A cette \u00e9poque, les jeux et jouets chinois n\u2019avaient pas encore envahi le march\u00e9 fran\u00e7ais. De nombreux petits \u00e9diteurs de jeux \u00e9taient pr\u00e9sents en Rh\u00f4ne-Alpes. Dans l\u2019Ain, on trouve encore des jeux de soci\u00e9t\u00e9 fabriqu\u00e9s dans les ann\u00e9es 50 par les jeux et jouets de la Tour Saint-Denis. Ce nom fait r\u00e9f\u00e9rence \u00e0 la tour carr\u00e9e qui subsiste du ch\u00e2teau de Saint-Denis-en-Bugey, \u00e0 c\u00f4t\u00e9 d\u2019Amb\u00e9rieu-en-Bugey. Le logo de la soci\u00e9t\u00e9 repr\u00e9sente m\u00eame cet \u00e9difice.<\/p>\n\n\n\n<p>Cette soci\u00e9t\u00e9, dont l\u2019auteur des jeux se nommait Philippe Ponsard. Juste apr\u00e8s-guerre, il a invent\u00e9 plusieurs jeux de strat\u00e9gie&nbsp;:<\/p>\n\n\n\n<div class=\"wp-block-image\"><figure class=\"aligncenter size-large\"><a href=\"http:\/\/stores.ebay.fr\/frenchanticcat\/Jeux-jouets-anciens-\/_i.html?_fsub=2487148015&amp;_sid=1033644345&amp;_trksid=p4634.c0.m322\" target=\"_blank\" rel=\"noreferrer noopener\"><img decoding=\"async\" src=\"https:\/\/cdn3.trictrac.net\/documents\/formats\/thumb_300_300\/documents\/originals\/7d\/4a\/cb0e195819f67838c960ce406d0a335027cc.jpeg\" alt=\"Photobucket\"\/><\/a><\/figure><\/div>\n\n\n\n<div class=\"wp-block-image\"><figure class=\"aligncenter size-large is-resized\"><a href=\"http:\/\/stores.ebay.fr\/frenchanticcat\/Jeux-jouets-anciens-\/_i.html?_fsub=2487148015&amp;_sid=1033644345&amp;_trksid=p4634.c0.m322\" target=\"_blank\" rel=\"noreferrer noopener\"><img loading=\"lazy\" decoding=\"async\" src=\"https:\/\/cdn2.trictrac.net\/documents\/formats\/thumb_300_300\/documents\/originals\/ce\/ea\/8a20da2797a67fbfec78f2fc5ce2b6076fc1.jpeg\" alt=\"Photobucket\" width=\"272\" height=\"185\"\/><\/a><\/figure><\/div>\n\n\n\n<p><strong>Conqu\u00eate de l\u2019espace et guerre froide<\/strong><\/p>\n\n\n\n<p>La m\u00e9nagerie volante&nbsp;permet \u00e0 chaque joueur d&rsquo;effectuer un voyage dans l&rsquo;espace avec sa fus\u00e9e interplan\u00e9taire et ses animaux. La lune \u00e9tait encore loin ! Les illustrations rappellent les romans de science-fiction de la collection d&rsquo;anticipation du Fleuve Noir. Le jeu met en sc\u00e8ne tous les protagonistes de la guerre froide : Hector, le rat fran\u00e7ais, l&rsquo;\u00e9cureuil anglais, la chienne russe Noirette et le singe am\u00e9ricain Ham.<\/p>\n\n\n\n<p><strong>Stock-cars d\u2019apr\u00e8s les c\u00e9l\u00e8bres courses am\u00e9ricaines<\/strong><\/p>\n\n\n\n<p>Ce jeu de soci\u00e9t\u00e9 met en sc\u00e8ne des \u00e9curies c\u00e9l\u00e8bres dans les ann\u00e9es 50&nbsp;: les Panth\u00e8res, les Vampires, les Hercules, et les Ouragans. Con\u00e7u sous forme de jeu de l\u2019oie, les petites voitures en plastique doivent arriver au but sans accrochage, sans prendre feu \u2026<\/p>\n\n\n\n<p>C\u2019est un jeu plus classique qui permet de conna\u00eetre les plaques min\u00e9ralogiques fran\u00e7aises.<\/p>\n\n\n\n<p><strong>Les autres jeux des \u00e9ditions de la Tour Saint-Denis<\/strong>&nbsp;: le crit\u00e9rium des as, le loto japonais (illustrations tir\u00e9es des fables de La Fontaine), Paris et ses merveilles, Transcott, la chasse aux fauves (illustration digne de la p\u00e9riode colonialiste de la France&nbsp;!), le voyage de Magellan, Aviatic-golf (jeu de billard \u00e0 bascule) et les perles Serilux&nbsp;.<\/p>\n\n\n\n<figure class=\"wp-block-image size-large\"><img loading=\"lazy\" decoding=\"async\" width=\"1024\" height=\"443\" src=\"http:\/\/leconservatoiredujeu.fr\/wp-content\/uploads\/2020\/05\/StTour-1024x443.png\" alt=\"\" class=\"wp-image-8065\" srcset=\"https:\/\/leconservatoiredujeu.fr\/wp-content\/uploads\/2020\/05\/StTour-1024x443.png 1024w, https:\/\/leconservatoiredujeu.fr\/wp-content\/uploads\/2020\/05\/StTour-300x130.png 300w, https:\/\/leconservatoiredujeu.fr\/wp-content\/uploads\/2020\/05\/StTour-768x332.png 768w, https:\/\/leconservatoiredujeu.fr\/wp-content\/uploads\/2020\/05\/StTour-500x216.png 500w, https:\/\/leconservatoiredujeu.fr\/wp-content\/uploads\/2020\/05\/StTour.png 1466w\" sizes=\"(max-width: 1024px) 100vw, 1024px\" \/><\/figure>\n\n\n\n<p class=\"has-text-align-right\">Le Conservatoire du Jeu &#8211; Avril 2022<\/p>\n","protected":false},"excerpt":{"rendered":"<p>Historique : A cette \u00e9poque, les jeux et jouets chinois n\u2019avaient pas encore envahi le march\u00e9 fran\u00e7ais. De nombreux petits \u00e9diteurs de jeux \u00e9taient pr\u00e9sents en Rh\u00f4ne-Alpes. Dans l\u2019Ain, on trouve encore des jeux de soci\u00e9t\u00e9 fabriqu\u00e9s dans les ann\u00e9es &hellip; <a href=\"https:\/\/leconservatoiredujeu.fr\/index.php\/la-tour-st-denis\/\">Continuer la lecture <span class=\"meta-nav\">&rarr;<\/span><\/a><\/p>\n","protected":false},"author":1,"featured_media":0,"parent":0,"menu_order":0,"comment_status":"closed","ping_status":"closed","template":"","meta":{"footnotes":""},"_links":{"self":[{"href":"https:\/\/leconservatoiredujeu.fr\/index.php\/wp-json\/wp\/v2\/pages\/8063"}],"collection":[{"href":"https:\/\/leconservatoiredujeu.fr\/index.php\/wp-json\/wp\/v2\/pages"}],"about":[{"href":"https:\/\/leconservatoiredujeu.fr\/index.php\/wp-json\/wp\/v2\/types\/page"}],"author":[{"embeddable":true,"href":"https:\/\/leconservatoiredujeu.fr\/index.php\/wp-json\/wp\/v2\/users\/1"}],"replies":[{"embeddable":true,"href":"https:\/\/leconservatoiredujeu.fr\/index.php\/wp-json\/wp\/v2\/comments?post=8063"}],"version-history":[{"count":8,"href":"https:\/\/leconservatoiredujeu.fr\/index.php\/wp-json\/wp\/v2\/pages\/8063\/revisions"}],"predecessor-version":[{"id":12960,"href":"https:\/\/leconservatoiredujeu.fr\/index.php\/wp-json\/wp\/v2\/pages\/8063\/revisions\/12960"}],"wp:attachment":[{"href":"https:\/\/leconservatoiredujeu.fr\/index.php\/wp-json\/wp\/v2\/media?parent=8063"}],"curies":[{"name":"wp","href":"https:\/\/api.w.org\/{rel}","templated":true}]}}