{"id":8060,"date":"2020-06-05T18:55:21","date_gmt":"2020-06-05T16:55:21","guid":{"rendered":"http:\/\/leconservatoiredujeu.fr\/?page_id=8060"},"modified":"2022-04-28T16:20:00","modified_gmt":"2022-04-28T14:20:00","slug":"jouef-sous-valide-pour-continuer-les-recherches-car-train-mini","status":"publish","type":"page","link":"https:\/\/leconservatoiredujeu.fr\/index.php\/jouef-sous-valide-pour-continuer-les-recherches-car-train-mini\/","title":{"rendered":"Jouef"},"content":{"rendered":"\n<div class=\"wp-block-image\"><figure class=\"aligncenter size-large is-resized\"><img loading=\"lazy\" decoding=\"async\" src=\"https:\/\/upload.wikimedia.org\/wikipedia\/fr\/thumb\/8\/89\/Logo_jouef.jpg\/280px-Logo_jouef.jpg\" alt=\"\" width=\"414\" height=\"134\"\/><\/figure><\/div>\n\n\n\n<p>N\u00e9e en 1944 d&rsquo;abord sous le nom de la soci\u00e9t\u00e9 \u00ab\u00a0Le Jouet Fran\u00e7ais\u00a0\u00bb cr\u00e9\u00e9e par Georges Huard, l&rsquo;histoire de Jouef va des jouets de bazar des ann\u00e9es 40 aux magnifiques trains \u00e9lectriques dont tous les enfants r\u00eavaient pour No\u00ebl en passant par les circuits routiers, les d\u00e9cors ou les voitures miniatures en m\u00e9tal. A partir de 1972 se succ\u00e9deront plusieurs propri\u00e9taires jusqu&rsquo;au rachat de la marque en 2005 par le groupe anglais HORNBY HOBBIES LTD.<br><br>La production de trains Jouef commen\u00e7a d\u00e8s 1949 par le c\u00e9l\u00e8bre autorail transsaharien \u00ab Alger Tombouctou \u00bb en t\u00f4le lithographi\u00e9e \u00e0 l\u2019\u00e9chelle HO. Le fonctionnement est d\u2019abord m\u00e9canique puis \u00e9lectrique \u00e0 partir de 1955. Grace \u00e0 sa politique de produits accessibles \u00e0 tous et une gamme grandissante, Jouef deviendra leader sur son march\u00e9 et saura attirer vers le monde du train miniature plusieurs g\u00e9n\u00e9rations de passionn\u00e9s petits et grands.<\/p>\n\n\n\n<div class=\"wp-block-image\"><figure class=\"aligncenter size-large\"><img decoding=\"async\" src=\"https:\/\/i.ebayimg.com\/images\/g\/YIUAAOSwwE5WVeYl\/s-l300.jpg\" alt=\"\"\/><\/figure><\/div>\n\n\n\n<p><br><br>Au fil des ann\u00e9es, les demandes des mod\u00e9listes \u00e9volueront et Jouef saura s\u2019adapter pour concevoir des reproductions de mod\u00e8les toujours plus fid\u00e8les \u00e0 la r\u00e9alit\u00e9, \u00e0 l\u2019image des magnifiques CC 72000, BB 66000, BB 26000 dont le fonctionnement et l\u2019esth\u00e9tique seront salu\u00e9s par toute la presse sp\u00e9cialis\u00e9e et appr\u00e9ci\u00e9s par tous les amateurs.<br>En 1999, la BB 36000, derni\u00e8re locomotive con\u00e7ue et produite dans les usines de Champagnole, sera reconnue comme le mod\u00e8le le plus abouti de la marque.<\/p>\n\n\n\n<figure class=\"wp-block-image size-large\"><img decoding=\"async\" src=\"https:\/\/images-na.ssl-images-amazon.com\/images\/I\/81sowPH96SL._AC_SL1500_.jpg\" alt=\"\"\/><\/figure>\n\n\n\n<p><br><br>En 2006, son int\u00e9gration parmi les nombreuses marques renomm\u00e9es du groupe Hornby a permis \u00e0 Jouef de rena\u00eetre et de nombreux mod\u00e8les furent de nouveau disponibles. La gamme s\u2019est \u00e9largie avec de nouveaux produits, toujours plus performants et fid\u00e8les \u00e0 la r\u00e9alit\u00e9, tels l\u2019autorail X 73500, les locomotives \u00e9lectriques 2D2 ou \u00e0 vapeur 141 R, les automotrices Z 24500, les wagons c\u00e9r\u00e9aliers \u00e0 parois bomb\u00e9es et les wagons plats Remms, l\u2019autorail X 72500 ou encore les locomotives Diesel BB 67000.<\/p>\n\n\n\n<p class=\"has-text-align-right\">Le Conservatoire du Jeu &#8211; Avril 2022<\/p>\n","protected":false},"excerpt":{"rendered":"<p>N\u00e9e en 1944 d&rsquo;abord sous le nom de la soci\u00e9t\u00e9 \u00ab\u00a0Le Jouet Fran\u00e7ais\u00a0\u00bb cr\u00e9\u00e9e par Georges Huard, l&rsquo;histoire de Jouef va des jouets de bazar des ann\u00e9es 40 aux magnifiques trains \u00e9lectriques dont tous les enfants r\u00eavaient pour No\u00ebl en &hellip; <a href=\"https:\/\/leconservatoiredujeu.fr\/index.php\/jouef-sous-valide-pour-continuer-les-recherches-car-train-mini\/\">Continuer la lecture <span class=\"meta-nav\">&rarr;<\/span><\/a><\/p>\n","protected":false},"author":1,"featured_media":0,"parent":0,"menu_order":0,"comment_status":"closed","ping_status":"closed","template":"","meta":{"footnotes":""},"_links":{"self":[{"href":"https:\/\/leconservatoiredujeu.fr\/index.php\/wp-json\/wp\/v2\/pages\/8060"}],"collection":[{"href":"https:\/\/leconservatoiredujeu.fr\/index.php\/wp-json\/wp\/v2\/pages"}],"about":[{"href":"https:\/\/leconservatoiredujeu.fr\/index.php\/wp-json\/wp\/v2\/types\/page"}],"author":[{"embeddable":true,"href":"https:\/\/leconservatoiredujeu.fr\/index.php\/wp-json\/wp\/v2\/users\/1"}],"replies":[{"embeddable":true,"href":"https:\/\/leconservatoiredujeu.fr\/index.php\/wp-json\/wp\/v2\/comments?post=8060"}],"version-history":[{"count":9,"href":"https:\/\/leconservatoiredujeu.fr\/index.php\/wp-json\/wp\/v2\/pages\/8060\/revisions"}],"predecessor-version":[{"id":12954,"href":"https:\/\/leconservatoiredujeu.fr\/index.php\/wp-json\/wp\/v2\/pages\/8060\/revisions\/12954"}],"wp:attachment":[{"href":"https:\/\/leconservatoiredujeu.fr\/index.php\/wp-json\/wp\/v2\/media?parent=8060"}],"curies":[{"name":"wp","href":"https:\/\/api.w.org\/{rel}","templated":true}]}}