{"id":8054,"date":"2020-05-28T17:13:05","date_gmt":"2020-05-28T15:13:05","guid":{"rendered":"http:\/\/leconservatoiredujeu.fr\/?page_id=8054"},"modified":"2022-04-28T11:53:33","modified_gmt":"2022-04-28T09:53:33","slug":"halloween-concept","status":"publish","type":"page","link":"https:\/\/leconservatoiredujeu.fr\/index.php\/halloween-concept\/","title":{"rendered":"Halloween Concept"},"content":{"rendered":"\n<div class=\"wp-block-image is-style-default\"><figure class=\"aligncenter size-large\"><img loading=\"lazy\" decoding=\"async\" width=\"205\" height=\"260\" src=\"http:\/\/leconservatoiredujeu.fr\/wp-content\/uploads\/2020\/08\/HALL.jpg\" alt=\"\" class=\"wp-image-10125\"\/><\/figure><\/div>\n\n\n\n<p class=\"has-white-color has-text-color\">Ligne<\/p>\n\n\n\n<p><strong><span style=\"text-decoration: underline;\">Historique<\/span><\/strong> <strong>:<\/strong><\/p>\n\n\n\n<p><strong>Halloween Concept<\/strong>&nbsp;\u00e9tait une soci\u00e9t\u00e9 d&rsquo;\u00e9dition de jeux et de magazines bas\u00e9e \u00e0 Paris cr\u00e9\u00e9e en 1992 et qui a cess\u00e9 son activit\u00e9 en 2001.<\/p>\n\n\n\n<p>Halloween Concept est le regroupement de 3 personnes qui se sont rencontr\u00e9es gr\u00e2ce \u00e0 une \u00e9mission hebdomadaire de radio sur les jeux : Le Petit Corbillard Illustr\u00e9. Guillaume Gille-Naves, Herv\u00e9 Loiselet (\u00e9galement un des deux auteurs qui ont sign\u00e9 plusieurs bandes dessin\u00e9es chez Delcourt sous le pseudo Contremarche) et G\u00e9rard Gu\u00e9ro (un des 2 auteurs connus dans la bande dessin\u00e9e, les romans ou le jeu de r\u00f4le sous le pseudo de G.E. Ranne ou Ange).<\/p>\n\n\n\n<figure class=\"wp-block-gallery columns-2 is-cropped wp-block-gallery-1 is-layout-flex wp-block-gallery-is-layout-flex\"><ul class=\"blocks-gallery-grid\"><li class=\"blocks-gallery-item\"><figure><img loading=\"lazy\" decoding=\"async\" width=\"420\" height=\"420\" src=\"http:\/\/leconservatoiredujeu.fr\/wp-content\/uploads\/2020\/08\/MAAG.jpg\" alt=\"\" data-id=\"10126\" data-full-url=\"http:\/\/leconservatoiredujeu.fr\/wp-content\/uploads\/2020\/08\/MAAG.jpg\" data-link=\"http:\/\/leconservatoiredujeu.fr\/index.php\/halloween-concept\/maag\/\" class=\"wp-image-10126\" srcset=\"https:\/\/leconservatoiredujeu.fr\/wp-content\/uploads\/2020\/08\/MAAG.jpg 420w, https:\/\/leconservatoiredujeu.fr\/wp-content\/uploads\/2020\/08\/MAAG-300x300.jpg 300w, https:\/\/leconservatoiredujeu.fr\/wp-content\/uploads\/2020\/08\/MAAG-150x150.jpg 150w\" sizes=\"(max-width: 420px) 100vw, 420px\" \/><\/figure><\/li><li class=\"blocks-gallery-item\"><figure><img loading=\"lazy\" decoding=\"async\" width=\"420\" height=\"420\" src=\"http:\/\/leconservatoiredujeu.fr\/wp-content\/uploads\/2020\/08\/MAG.jpg\" alt=\"\" data-id=\"10127\" data-full-url=\"http:\/\/leconservatoiredujeu.fr\/wp-content\/uploads\/2020\/08\/MAG.jpg\" data-link=\"http:\/\/leconservatoiredujeu.fr\/index.php\/halloween-concept\/mag\/\" class=\"wp-image-10127\" srcset=\"https:\/\/leconservatoiredujeu.fr\/wp-content\/uploads\/2020\/08\/MAG.jpg 420w, https:\/\/leconservatoiredujeu.fr\/wp-content\/uploads\/2020\/08\/MAG-300x300.jpg 300w, https:\/\/leconservatoiredujeu.fr\/wp-content\/uploads\/2020\/08\/MAG-150x150.jpg 150w\" sizes=\"(max-width: 420px) 100vw, 420px\" \/><\/figure><\/li><\/ul><\/figure>\n\n\n\n<p>Ils ont commenc\u00e9 leur activit\u00e9 en reprenant l&rsquo;\u00e9dition du prozine Plasma de l&rsquo;\u00e9diteur de jeux de r\u00f4le Siroz, puis tr\u00e8s rapidement se sont tourn\u00e9s vers l&rsquo;\u00e9dition de jeux de r\u00f4les et de jeux de soci\u00e9t\u00e9. L&rsquo;axe de la soci\u00e9t\u00e9 \u00e9tait de travailler des jeux avec des auteurs de BD comme Claire Wendling, Bajram, Mathieu Lauffray, Andreas, Ptiluc, Jo\u00ebl Mouclier, etc.<\/p>\n\n\n\n<p>En 1994 ils \u00e9ditent le premier jeu de cartes \u00e0 collectionner en fran\u00e7ais Intervention divine, une cr\u00e9ation de Croc sous licence Asmod\u00e9e et lancent le premier magazine sur les jeux de cartes \u00e0 collectionner en bimestriel : Lotus Noir.<\/p>\n\n\n\n<figure class=\"wp-block-gallery aligncenter columns-3 is-cropped wp-block-gallery-2 is-layout-flex wp-block-gallery-is-layout-flex\"><ul class=\"blocks-gallery-grid\"><li class=\"blocks-gallery-item\"><figure><img loading=\"lazy\" decoding=\"async\" width=\"190\" height=\"264\" src=\"http:\/\/leconservatoiredujeu.fr\/wp-content\/uploads\/2020\/08\/LIV-1.jpg\" alt=\"\" data-id=\"10120\" data-full-url=\"http:\/\/leconservatoiredujeu.fr\/wp-content\/uploads\/2020\/08\/LIV-1.jpg\" data-link=\"http:\/\/leconservatoiredujeu.fr\/index.php\/halloween-concept\/liv-1\/\" class=\"wp-image-10120\"\/><\/figure><\/li><li class=\"blocks-gallery-item\"><figure><img loading=\"lazy\" decoding=\"async\" width=\"190\" height=\"264\" src=\"http:\/\/leconservatoiredujeu.fr\/wp-content\/uploads\/2020\/08\/LIV2-1.jpg\" alt=\"\" data-id=\"10122\" data-full-url=\"http:\/\/leconservatoiredujeu.fr\/wp-content\/uploads\/2020\/08\/LIV2-1.jpg\" data-link=\"http:\/\/leconservatoiredujeu.fr\/index.php\/halloween-concept\/liv2-1\/\" class=\"wp-image-10122\"\/><\/figure><\/li><li class=\"blocks-gallery-item\"><figure><img loading=\"lazy\" decoding=\"async\" width=\"190\" height=\"264\" src=\"http:\/\/leconservatoiredujeu.fr\/wp-content\/uploads\/2020\/08\/LIV3-1.jpg\" alt=\"\" data-id=\"10124\" data-full-url=\"http:\/\/leconservatoiredujeu.fr\/wp-content\/uploads\/2020\/08\/LIV3-1.jpg\" data-link=\"http:\/\/leconservatoiredujeu.fr\/index.php\/halloween-concept\/liv3-1\/\" class=\"wp-image-10124\"\/><\/figure><\/li><\/ul><\/figure>\n\n\n\n<p>La soci\u00e9t\u00e9 arr\u00eate son activit\u00e9 en 2000 \u00e0 la suite du d\u00e9part du dernier actionnaire fondateur dans une soci\u00e9t\u00e9 de jeu vid\u00e9o. Le principal de son activit\u00e9 sera repris par Darwin Project<\/p>\n\n\n\n<p class=\"has-text-align-left\"><strong><span style=\"text-decoration: underline;\">Source <\/span>: <\/strong>Wikip\u00e9dia<\/p>\n\n\n\n<p class=\"has-text-align-right\">Le Conservatoire du Jeu &#8211; Avril 2022<\/p>\n","protected":false},"excerpt":{"rendered":"<p>Ligne Historique : Halloween Concept&nbsp;\u00e9tait une soci\u00e9t\u00e9 d&rsquo;\u00e9dition de jeux et de magazines bas\u00e9e \u00e0 Paris cr\u00e9\u00e9e en 1992 et qui a cess\u00e9 son activit\u00e9 en 2001. Halloween Concept est le regroupement de 3 personnes qui se sont rencontr\u00e9es gr\u00e2ce &hellip; <a href=\"https:\/\/leconservatoiredujeu.fr\/index.php\/halloween-concept\/\">Continuer la lecture <span class=\"meta-nav\">&rarr;<\/span><\/a><\/p>\n","protected":false},"author":1,"featured_media":10125,"parent":0,"menu_order":0,"comment_status":"closed","ping_status":"closed","template":"","meta":{"footnotes":""},"_links":{"self":[{"href":"https:\/\/leconservatoiredujeu.fr\/index.php\/wp-json\/wp\/v2\/pages\/8054"}],"collection":[{"href":"https:\/\/leconservatoiredujeu.fr\/index.php\/wp-json\/wp\/v2\/pages"}],"about":[{"href":"https:\/\/leconservatoiredujeu.fr\/index.php\/wp-json\/wp\/v2\/types\/page"}],"author":[{"embeddable":true,"href":"https:\/\/leconservatoiredujeu.fr\/index.php\/wp-json\/wp\/v2\/users\/1"}],"replies":[{"embeddable":true,"href":"https:\/\/leconservatoiredujeu.fr\/index.php\/wp-json\/wp\/v2\/comments?post=8054"}],"version-history":[{"count":4,"href":"https:\/\/leconservatoiredujeu.fr\/index.php\/wp-json\/wp\/v2\/pages\/8054\/revisions"}],"predecessor-version":[{"id":12946,"href":"https:\/\/leconservatoiredujeu.fr\/index.php\/wp-json\/wp\/v2\/pages\/8054\/revisions\/12946"}],"wp:featuredmedia":[{"embeddable":true,"href":"https:\/\/leconservatoiredujeu.fr\/index.php\/wp-json\/wp\/v2\/media\/10125"}],"wp:attachment":[{"href":"https:\/\/leconservatoiredujeu.fr\/index.php\/wp-json\/wp\/v2\/media?parent=8054"}],"curies":[{"name":"wp","href":"https:\/\/api.w.org\/{rel}","templated":true}]}}