{"id":8009,"date":"2020-05-22T16:08:24","date_gmt":"2020-05-22T14:08:24","guid":{"rendered":"http:\/\/leconservatoiredujeu.fr\/?page_id=8009"},"modified":"2022-04-27T09:19:26","modified_gmt":"2022-04-27T07:19:26","slug":"diset","status":"publish","type":"page","link":"https:\/\/leconservatoiredujeu.fr\/index.php\/diset\/","title":{"rendered":"Diset"},"content":{"rendered":"\n<p>Diset poss\u00e8de une collection de produit diversifi\u00e9 pour plaire a tous type d&rsquo;utilisateur. <\/p>\n\n\n\n<div class=\"wp-block-image\"><figure class=\"aligncenter size-large is-resized\"><img loading=\"lazy\" decoding=\"async\" src=\"data:image\/png;base64,iVBORw0KGgoAAAANSUhEUgAAAHcAAAB2CAMAAADFu\/wdAAAAsVBMVEX\/\/\/8AAAC+ATSNjY319fWysrL6+voODg7BwcGsrKzY2NgaGhpaWlrU1NTb29s4ODi8ACz88vXi4uL++Pr23eTBADq8ACi7u7vMzMxpaWno6OigoKB2dnaUlJQhISHrvcf55+zchJc\/Pz\/nq7mAgIAxMTG4AAC6ABbMRmO7ACLy0NhMTEwoKCjLUmjQT27wxdHekKDloLHDGUPTaH7IJlHIO1nPXnTYeo7EME3GEEnYcYoisHX9AAAGBklEQVRoge2ZaZeqOBCGw9Larg2CyKJNEDdwYRW8\/v8fNgn71kPbtw9zzhzeLypJ6qEqlUoEAHr16tWrV69evXr16tXrrwTVk2EImsl1i3XuJEOSJLMMrA6p0DcwFYs5hp25DO8pFUvQuuKeBLKoo94NVmVKWJK5s11g2aDCJQWnCy50K1iS8QYdcC2hxvW7SGm1xiX9Lib4v\/KXr7nL3LrgstdqPjPdLGCnGmiX\/1X7tLh6S7USZ3LWcCo7bLy6fOkVNZp\/2SpPiaKG2\/Vb0mIui2AjeHF2ZQmZ+xS\/av4k6lLoqIm\/56EWXt6P1pGpy6K5ddWAJYhpHG3+eTQYJOHo6i\/n8iQ29d7cSjVyiWHSHTre9Rpo6qtQAAaJpdFLXGKSZQTL\/mjZ\/pBLXOTmAb\/M3SlIm\/UkB+\/+jgsSM2\/NrSk3zfdZvqziS\/PRZkWnvRfKGU\/+WZkVt0R6Rm3xgLOSTc5iJiZWqFmxJtS4WdoNdilXwj9FvM6kGDzYXLKbkvKK8H7Os2IdIzb70pydx+1cAKTUyAwt\/jjw68iHbclYEkBZImqX34iKPmoeN3DHaW+UEu\/xtwtyeFAubMQkslUpd0irtGQUNfsGF6SRnmZ3PkTcTdWWgqd2W72KTf2QO0quXQYFLr2v2lIKt1jUPjOQX\/pOnMEs7U4XuFl+rkbruKYvsmlACSDS8ugj+bEBu3LV39bcbeTKaX+5wFUSAO4wR6MmaB4HaU4p0bhFAt7KYC6mt7QT37+1jorcRZ27T249WlmL1NvKwMhY8r2lbrRy043rssuDpmT9EiUJRYFv18nW+ZWH2XQNN0kdSNbQcLv9iLRNcu\/8M2667IfFfC6l7nAduXgmmvXxM25KOJe4lVW5GTQu3r\/gyulKpUp1AwxGw6Lxzddc6UfcLKBimYtnYFpAv6fzS0xKuqzpn3CzWrCla1y85WXcaRr5oTgfZ5rPF9Ee+SKXzsswHlHlRjeWpNMnnSZgcY0uZvGq+iZXjL1RCnspXeauJCk5387jKvi5SBd6fhiboxp6Wb3ArSu6k2q92s1klOTxpvwp5ykuifPFYpZW6FmB21KvaqJAiZtuR8OzJCWHMLRaxLz\/536f5ZxS4CLn6YZ\/K19xY2zGHYyHtS4b0LApZz7mXGW6ntb+NTQPJJRBiUvQ9KTaJTpvVA8hkaJTTcYdU7sdVTucyg3jiGl2DktK9XZQOzMN4+PmoL7zf8RhTeZ6vhKn+7FUC3Td4XN+bgV07A9OysohIvujp1SGr5OYxv2nA1FSlLd1FYtyQ5rmkqg3utRK7\/aTbZyTA2WaHiO2m8L5md5kwb5MlXyPX20n+zXqt5ru1mWj6cBcDa2LcWaKnr+PKIp6qx4g6Nn7hqI2K3FeMiCPF8lnFw++ev1v1cmD4kQcD4BqAT5koXd1OM7R+OwtCPw9Cix8U63bzREOAfcIgGpYwUPzoXe8MwfV8bUQAn7Z\/shLt7+1xuz4GSUMQy+ExvLGuKpH8icPqKQZuA5kjSerHVXbOLl3PiDtVoPhN54CcoC7LW00iTxzvxoef9QBIjrLiMtYwL671tEB\/EG1BQ4ebI08Pttsao82LqtdNY1hfIg6L3n24fEHxA04B\/l7gppghbpzsPw7xP4KLHu04cNrfe2kPaDlkyELIIzzErJ4DvEvwNkM43CBq3n8LXoGfboB7u7BY8S1BaiTh6UNNHf55Cz34OI4Yy7vtscZcV3myYTgdgP8yQTO\/aQC+4QyBs09qWoG8kRnwfMPvqcbqdtG5O8tBCYyzps4WjyPbopXeR2qfzj2oLVyYQi1h2U4QBXMm49z0zackDE94wnxG45AfQqO6blLPuaaj+Pp6XD\/\/uzQMaHfwmXvrvuAhg14Qw18YDHW3Xc0w3m62DJc+pruQNXUcM5GtYE3YWsEkSyzpQNnX3WgHZ2Awf5irqtpT9P7g7ns6YHirPpH1wHmb7+fRAAuPBxCYB+0QDCRs\/pJDZZRJM0\/B18F0Pzd5+1FOA6ifr3pgNMERmP1zt5FYrHRFJptc9OrV69evXr16tWrV69ev6t\/APBjjFQApc2UAAAAAElFTkSuQmCC\" alt=\"\" width=\"180\" height=\"173\"\/><\/figure><\/div>\n\n\n\n<p><strong>Un r\u00eave devenu r\u00e9alit\u00e9 :<\/strong><br>Notre ambition europ\u00e9enne nous a permis de cr\u00e9er une entreprise durable et p\u00e9renne implant\u00e9e dans les principaux march\u00e9s europ\u00e9ens, avec une position de leader dans les segments des jeux, des puzzles et de l&rsquo;\u00e9ducatif.<\/p>\n\n\n\n<p><strong>Produits :<\/strong><br><strong>Jeux et jouets : jeux de soci\u00e9t\u00e9, jeux \u00e9ducatifs, jeux artistiques et cr\u00e9atifs, jeux premier \u00e2ge, puzzles, accessoires de pu\u00e9riculture et d\u00e9coration, poup\u00e9es et accessoires de poup\u00e9es, mat\u00e9riel scolaire, jeux en bois, mod\u00e9lisme naval.<\/strong><\/p>\n\n\n\n<p><strong>Propri\u00e9taire :<\/strong><br><strong>Diset<\/strong>&nbsp;et&nbsp;<strong>Jumbo<\/strong>&nbsp;sont des filiales \u00e0 100% du groupe JUMBODISET, qui elle-m\u00eame est une filiale de M&amp;R de Monchy N.V., fond\u00e9e en 1851 \u00e0 Rotterdam (Pays-bas).<\/p>\n\n\n\n<figure class=\"wp-block-image size-large is-resized\"><img loading=\"lazy\" decoding=\"async\" src=\"http:\/\/leconservatoiredujeu.fr\/wp-content\/uploads\/2020\/05\/Chrono.png\" alt=\"\" class=\"wp-image-8010\" width=\"770\" height=\"339\" srcset=\"https:\/\/leconservatoiredujeu.fr\/wp-content\/uploads\/2020\/05\/Chrono.png 889w, https:\/\/leconservatoiredujeu.fr\/wp-content\/uploads\/2020\/05\/Chrono-300x132.png 300w, https:\/\/leconservatoiredujeu.fr\/wp-content\/uploads\/2020\/05\/Chrono-768x339.png 768w, https:\/\/leconservatoiredujeu.fr\/wp-content\/uploads\/2020\/05\/Chrono-500x220.png 500w\" sizes=\"(max-width: 770px) 100vw, 770px\" \/><\/figure>\n\n\n\n<div class=\"wp-block-image\"><figure class=\"aligncenter size-large is-resized\"><img loading=\"lazy\" decoding=\"async\" src=\"http:\/\/www.diset.fr\/img\/p\/1\/1\/1\/2\/1112-home_default.jpg\" alt=\"\" width=\"218\" height=\"226\"\/><\/figure><\/div>\n\n\n\n<p>Stratego est un c\u00e9l\u00e8bre jeu de strat\u00e9gie. Chaque joueur est \u00e0 la t\u00eate d&rsquo;une arm\u00e9e de 40 personnages, de grades diff\u00e9rents. La mission consiste \u00e0 s&#8217;emparer du drapeau de son adversaire, dont le positionnement des pions est inconnu sur le plateau tout en prot\u00e9geant le sien le mieux possible. Certains grades poss\u00e8dent une sp\u00e9cificit\u00e9 pour rendre le jeu encore plus int\u00e9ressant.Un beau jeu de strat\u00e9gie et de suspens pour adultes et enfants d\u00e8s 8 ans.<\/p>\n\n\n\n<p><strong><span style=\"text-decoration: underline;\">Source<\/span> : <\/strong>Wikip\u00e9dia <\/p>\n\n\n\n<p>Lien du site officiel de Diset : <a href=\"http:\/\/www.diset.fr\/\">http:\/\/www.diset.fr\/<\/a><\/p>\n\n\n\n<p class=\"has-text-align-right\">Le Conservatoire du Jeu &#8211; Avril 2022<\/p>\n","protected":false},"excerpt":{"rendered":"<p>Diset poss\u00e8de une collection de produit diversifi\u00e9 pour plaire a tous type d&rsquo;utilisateur. Un r\u00eave devenu r\u00e9alit\u00e9 :Notre ambition europ\u00e9enne nous a permis de cr\u00e9er une entreprise durable et p\u00e9renne implant\u00e9e dans les principaux march\u00e9s europ\u00e9ens, avec une position de &hellip; <a href=\"https:\/\/leconservatoiredujeu.fr\/index.php\/diset\/\">Continuer la lecture <span class=\"meta-nav\">&rarr;<\/span><\/a><\/p>\n","protected":false},"author":1,"featured_media":0,"parent":0,"menu_order":0,"comment_status":"closed","ping_status":"closed","template":"","meta":{"footnotes":""},"_links":{"self":[{"href":"https:\/\/leconservatoiredujeu.fr\/index.php\/wp-json\/wp\/v2\/pages\/8009"}],"collection":[{"href":"https:\/\/leconservatoiredujeu.fr\/index.php\/wp-json\/wp\/v2\/pages"}],"about":[{"href":"https:\/\/leconservatoiredujeu.fr\/index.php\/wp-json\/wp\/v2\/types\/page"}],"author":[{"embeddable":true,"href":"https:\/\/leconservatoiredujeu.fr\/index.php\/wp-json\/wp\/v2\/users\/1"}],"replies":[{"embeddable":true,"href":"https:\/\/leconservatoiredujeu.fr\/index.php\/wp-json\/wp\/v2\/comments?post=8009"}],"version-history":[{"count":6,"href":"https:\/\/leconservatoiredujeu.fr\/index.php\/wp-json\/wp\/v2\/pages\/8009\/revisions"}],"predecessor-version":[{"id":12901,"href":"https:\/\/leconservatoiredujeu.fr\/index.php\/wp-json\/wp\/v2\/pages\/8009\/revisions\/12901"}],"wp:attachment":[{"href":"https:\/\/leconservatoiredujeu.fr\/index.php\/wp-json\/wp\/v2\/media?parent=8009"}],"curies":[{"name":"wp","href":"https:\/\/api.w.org\/{rel}","templated":true}]}}