{"id":7982,"date":"2020-05-22T16:31:06","date_gmt":"2020-05-22T14:31:06","guid":{"rendered":"http:\/\/leconservatoiredujeu.fr\/?page_id=7982"},"modified":"2022-05-04T14:56:46","modified_gmt":"2022-05-04T12:56:46","slug":"villac","status":"publish","type":"page","link":"https:\/\/leconservatoiredujeu.fr\/index.php\/villac\/","title":{"rendered":"Villac"},"content":{"rendered":"\n<div class=\"wp-block-image\"><figure class=\"aligncenter size-large is-resized\"><img loading=\"lazy\" decoding=\"async\" src=\"https:\/\/www.vilac.com\/img\/vilac-les-jouets-en-bois-logo-1436394238.jpg\" alt=\"\" width=\"175\" height=\"170\"\/><\/figure><\/div>\n\n\n\n<h2 class=\"wp-block-heading\"><strong><span style=\"text-decoration: underline;\">Historique<\/span><\/strong> :<\/h2>\n\n\n\n<p>L\u2019histoire commence en 1911 dans le village de Moirans-en-Montagne, capitale fran\u00e7aise du jouet, lorsque Narcisse Villet cr\u00e9\u00e9 un petit atelier artisanal de tournerie appel\u00e9 \u00abMaison Villet\u00bb.<\/p>\n\n\n\n<p>En 1951, les fils Villet reprennent le petit atelier dont la notori\u00e9t\u00e9 n\u2019est plus \u00e0 faire. Ils cr\u00e9ent donc les \u00e9tablissements Villet Fr\u00e8res puis en 1979 Villet Fr\u00e8res devient Vilac qui est la contraction des mots Villet et laque qui colore nos jouets.<\/p>\n\n\n\n<p>L\u2019ann\u00e9e 1985, marque le rachat de la soci\u00e9t\u00e9 Vilac par Herv\u00e9 Halgand qui a su conserver la tradition du jouet en bois tourn\u00e9 et laqu\u00e9.<\/p>\n\n\n\n<p>La soci\u00e9t\u00e9 Vilac se d\u00e9veloppe tout en conservant sa culture et ses traditions.<\/p>\n\n\n\n<p>Herv\u00e9 Halgand rach\u00e8te la soci\u00e9t\u00e9 Petitcollin en 1995, derni\u00e8re et plus ancienne fabrique fran\u00e7aise de poup\u00e9es et de baigneurs.<\/p>\n\n\n\n<div class=\"wp-block-image\"><figure class=\"aligncenter size-large is-resized\"><img loading=\"lazy\" decoding=\"async\" src=\"https:\/\/www.vilac.com\/1740-thickbox_default\/jeu-de-mikado.jpg\" alt=\"\" width=\"379\" height=\"384\"\/><\/figure><\/div>\n\n\n\n<p>La soci\u00e9t\u00e9 disposait d&rsquo;une boutique au Japon en 2001 et d&rsquo;une autre \u00e0 Paris en 2006.<\/p>\n\n\n\n<p>En 2007, Vilac obtient le label Entreprise du Patrimoine Vivant et le label du Savoir-Faire du Parc Naturel R\u00e9gional du Haut-Jura.<\/p>\n\n\n\n<p>En 2012, Vilac et Petitcollin sont rachet\u00e9es par le groupe France Cartes, auquel appartient d\u00e9j\u00e0 la marque jurassienne JeuJura.<\/p>\n\n\n\n<p>En 2014, Laurent Weisbuch c\u00e8de la partie \u00ab\u00a0cartes \u00e0 jouer\u00a0\u00bb \u00e0 Cartamundi, pour conserver Vilac, JeuJura et Petitcollin.<\/p>\n\n\n\n<p>Les trois entreprises disposent du label EPV, entreprises du patrimoine vivant.<\/p>\n\n\n\n<div class=\"wp-block-image\"><figure class=\"aligncenter size-large is-resized\"><img loading=\"lazy\" decoding=\"async\" src=\"https:\/\/www.vilac.com\/2641-thickbox_default\/jeu-d-checs-keith-haring.jpg\" alt=\"\" width=\"338\" height=\"344\"\/><\/figure><\/div>\n\n\n\n<p><strong><u>Liens<\/u><\/strong><\/p>\n\n\n\n<p>Le site officiel de la marque\u00a0<a href=\"https:\/\/www.vilac.com\/\">vilac<\/a><\/p>\n\n\n\n<p class=\"has-text-align-right\">Le Conservatoire du Jeu &#8211; Mai 2022<\/p>\n","protected":false},"excerpt":{"rendered":"<p>Historique : L\u2019histoire commence en 1911 dans le village de Moirans-en-Montagne, capitale fran\u00e7aise du jouet, lorsque Narcisse Villet cr\u00e9\u00e9 un petit atelier artisanal de tournerie appel\u00e9 \u00abMaison Villet\u00bb. En 1951, les fils Villet reprennent le petit atelier dont la notori\u00e9t\u00e9 &hellip; <a href=\"https:\/\/leconservatoiredujeu.fr\/index.php\/villac\/\">Continuer la lecture <span class=\"meta-nav\">&rarr;<\/span><\/a><\/p>\n","protected":false},"author":1,"featured_media":0,"parent":0,"menu_order":0,"comment_status":"closed","ping_status":"closed","template":"","meta":{"footnotes":""},"_links":{"self":[{"href":"https:\/\/leconservatoiredujeu.fr\/index.php\/wp-json\/wp\/v2\/pages\/7982"}],"collection":[{"href":"https:\/\/leconservatoiredujeu.fr\/index.php\/wp-json\/wp\/v2\/pages"}],"about":[{"href":"https:\/\/leconservatoiredujeu.fr\/index.php\/wp-json\/wp\/v2\/types\/page"}],"author":[{"embeddable":true,"href":"https:\/\/leconservatoiredujeu.fr\/index.php\/wp-json\/wp\/v2\/users\/1"}],"replies":[{"embeddable":true,"href":"https:\/\/leconservatoiredujeu.fr\/index.php\/wp-json\/wp\/v2\/comments?post=7982"}],"version-history":[{"count":5,"href":"https:\/\/leconservatoiredujeu.fr\/index.php\/wp-json\/wp\/v2\/pages\/7982\/revisions"}],"predecessor-version":[{"id":13115,"href":"https:\/\/leconservatoiredujeu.fr\/index.php\/wp-json\/wp\/v2\/pages\/7982\/revisions\/13115"}],"wp:attachment":[{"href":"https:\/\/leconservatoiredujeu.fr\/index.php\/wp-json\/wp\/v2\/media?parent=7982"}],"curies":[{"name":"wp","href":"https:\/\/api.w.org\/{rel}","templated":true}]}}