{"id":7977,"date":"2020-05-22T16:39:07","date_gmt":"2020-05-22T14:39:07","guid":{"rendered":"http:\/\/leconservatoiredujeu.fr\/?page_id=7977"},"modified":"2022-05-04T14:37:20","modified_gmt":"2022-05-04T12:37:20","slug":"tyco","status":"publish","type":"page","link":"https:\/\/leconservatoiredujeu.fr\/index.php\/tyco\/","title":{"rendered":"Tyco"},"content":{"rendered":"\n<div class=\"wp-block-image\"><figure class=\"aligncenter size-full is-resized\"><img loading=\"lazy\" decoding=\"async\" src=\"http:\/\/leconservatoiredujeu.fr\/wp-content\/uploads\/2022\/05\/12.jpg\" alt=\"\" class=\"wp-image-13108\" width=\"224\" height=\"172\"\/><\/figure><\/div>\n\n\n\n<p><strong><span style=\"text-decoration: underline;\">Historique <\/span>:<\/strong><\/p>\n\n\n\n<p>Tyco \u00e9tait un fabricant am\u00e9ricain de jouets. Lorsque Tyco a \u00e9t\u00e9 achet\u00e9e par Mattel le 27 mars 1997, elle \u00e9tait la troisi\u00e8me plus grande entreprise de jouets aux \u00c9tats-Unis.<\/p>\n\n\n\n<figure class=\"wp-block-image size-large\"><img loading=\"lazy\" decoding=\"async\" width=\"570\" height=\"379\" src=\"http:\/\/leconservatoiredujeu.fr\/wp-content\/uploads\/2020\/05\/il_570xN.864116497_lewh.jpg\" alt=\"\" class=\"wp-image-8027\" srcset=\"https:\/\/leconservatoiredujeu.fr\/wp-content\/uploads\/2020\/05\/il_570xN.864116497_lewh.jpg 570w, https:\/\/leconservatoiredujeu.fr\/wp-content\/uploads\/2020\/05\/il_570xN.864116497_lewh-300x199.jpg 300w, https:\/\/leconservatoiredujeu.fr\/wp-content\/uploads\/2020\/05\/il_570xN.864116497_lewh-451x300.jpg 451w\" sizes=\"(max-width: 570px) 100vw, 570px\" \/><\/figure>\n\n\n\n<p>L&rsquo;entreprise est fond\u00e9e en 1930 par Herman Fisher, Irving Price, Margaret Evans Price (l&rsquo;\u00e9pouse d&rsquo;Irving, une illustratrice), et Helen M. Schelle. Herman avait pour intention de cr\u00e9er des jouets qui stimulent l&rsquo;imagination et apportent quelque chose de nouveau, de surprenant et d&rsquo;amusant. La premi\u00e8re gamme de jouets s&rsquo;appelle 16 hopefuls (\u00ab 16 optimistes \u00bb), elle inclut un couple de canards en bois.<\/p>\n\n\n\n<div class=\"wp-block-image\"><figure class=\"aligncenter size-large\"><img loading=\"lazy\" decoding=\"async\" width=\"500\" height=\"503\" src=\"http:\/\/leconservatoiredujeu.fr\/wp-content\/uploads\/2020\/05\/129743347.jpg\" alt=\"\" class=\"wp-image-8091\" srcset=\"https:\/\/leconservatoiredujeu.fr\/wp-content\/uploads\/2020\/05\/129743347.jpg 500w, https:\/\/leconservatoiredujeu.fr\/wp-content\/uploads\/2020\/05\/129743347-298x300.jpg 298w, https:\/\/leconservatoiredujeu.fr\/wp-content\/uploads\/2020\/05\/129743347-150x150.jpg 150w\" sizes=\"(max-width: 500px) 100vw, 500px\" \/><\/figure><\/div>\n\n\n\n<p>The Incredible Crash Dummies est un jeu vid\u00e9o d&rsquo;action dont les diff\u00e9rentes versions sont sorties entre 1992 et 1994 sur Amiga, Game Boy, Game Gear, Master System, Mega Drive, NES et Super Nintendo. Le jeu a \u00e9t\u00e9 d\u00e9velopp\u00e9 selon les versions par Software Creations, Gray Matter Interactive et Teeny Weeny Games, et \u00e9dit\u00e9 par LJN et Flying Edge.<\/p>\n\n\n\n<p>L&rsquo;univers du jeu est bas\u00e9 sur la licence de jouets Crash Dummies.<\/p>\n\n\n\n<p class=\"has-text-align-right\">Le Conservatoire du Jeu &#8211; Mai 2022<\/p>\n","protected":false},"excerpt":{"rendered":"<p>Historique : Tyco \u00e9tait un fabricant am\u00e9ricain de jouets. Lorsque Tyco a \u00e9t\u00e9 achet\u00e9e par Mattel le 27 mars 1997, elle \u00e9tait la troisi\u00e8me plus grande entreprise de jouets aux \u00c9tats-Unis. L&rsquo;entreprise est fond\u00e9e en 1930 par Herman Fisher, Irving &hellip; <a href=\"https:\/\/leconservatoiredujeu.fr\/index.php\/tyco\/\">Continuer la lecture <span class=\"meta-nav\">&rarr;<\/span><\/a><\/p>\n","protected":false},"author":1,"featured_media":0,"parent":0,"menu_order":0,"comment_status":"closed","ping_status":"closed","template":"","meta":{"footnotes":""},"_links":{"self":[{"href":"https:\/\/leconservatoiredujeu.fr\/index.php\/wp-json\/wp\/v2\/pages\/7977"}],"collection":[{"href":"https:\/\/leconservatoiredujeu.fr\/index.php\/wp-json\/wp\/v2\/pages"}],"about":[{"href":"https:\/\/leconservatoiredujeu.fr\/index.php\/wp-json\/wp\/v2\/types\/page"}],"author":[{"embeddable":true,"href":"https:\/\/leconservatoiredujeu.fr\/index.php\/wp-json\/wp\/v2\/users\/1"}],"replies":[{"embeddable":true,"href":"https:\/\/leconservatoiredujeu.fr\/index.php\/wp-json\/wp\/v2\/comments?post=7977"}],"version-history":[{"count":7,"href":"https:\/\/leconservatoiredujeu.fr\/index.php\/wp-json\/wp\/v2\/pages\/7977\/revisions"}],"predecessor-version":[{"id":13110,"href":"https:\/\/leconservatoiredujeu.fr\/index.php\/wp-json\/wp\/v2\/pages\/7977\/revisions\/13110"}],"wp:attachment":[{"href":"https:\/\/leconservatoiredujeu.fr\/index.php\/wp-json\/wp\/v2\/media?parent=7977"}],"curies":[{"name":"wp","href":"https:\/\/api.w.org\/{rel}","templated":true}]}}