{"id":7963,"date":"2020-05-22T07:39:40","date_gmt":"2020-05-22T05:39:40","guid":{"rendered":"http:\/\/leconservatoiredujeu.fr\/?page_id=7963"},"modified":"2022-05-02T17:22:14","modified_gmt":"2022-05-02T15:22:14","slug":"megableu","status":"publish","type":"page","link":"https:\/\/leconservatoiredujeu.fr\/index.php\/megableu\/","title":{"rendered":"Megableu"},"content":{"rendered":"\n<div class=\"wp-block-image\"><figure class=\"aligncenter size-large\"><img decoding=\"async\" src=\"data:image\/jpeg;base64,\/9j\/4AAQSkZJRgABAQAAAQABAAD\/2wCEAAkGBxIQEhUQEhIVFRUWFRcVFhgVFxUVFhcVFRcXGBYVFRUYHiggGBolHxUYIjEhJikrLi8uFx8zODMsNygtLisBCgoKDg0OGxAQGi0fHyUtLS0tLS0tLS0tLS0tLS0tLS0tLS0tLS0tLS0tLS0tLS0tLS0tLS0tLS0tLS0tLS0tLf\/AABEIAGoB2gMBEQACEQEDEQH\/xAAcAAABBAMBAAAAAAAAAAAAAAAHAAEGCAIEBQP\/xABMEAABAwIABwcPCAoDAQAAAAABAAIDBBEFBgcSITFxEzJBUWFysRQiMzQ1U3N0gZGTobKz0RUjUlSDksLSFhdCQ2KClKK0wSVj0\/D\/xAAaAQABBQEAAAAAAAAAAAAAAAAFAAIDBAYB\/8QALhEAAgEDAQgCAQQDAQEAAAAAAAECAwQREgUTITEyM0FRFHEiI0JhkRWB0VLw\/9oADAMBAAIRAxEAPwDvYDwe2Snie+eqLnRtc49V1OsjSbB6JumvQL3p3IqyogILJt0YL3jm0k6NFprZzdNtYd5FG6CY6NzhkkwHhdlVGXtBaQc17HWzmOsDmusSDoI0gkcqpzp6GX6c9Syh8NYUZSx7o4EknNY1ts57zezG30Am3DYLkIObwKpUUFxI1LXVExJfNucZ1RxaCB\/FMeuJ2BupXY0IpZKNS4bOLhnBzGQSvbPVhzY3uaeq6nQQ0kaM\/TpT1TTXIjVbDCZDvRfiHQhzCcc4A4Xlz5C6epvuso0VNQ0aJXgAND7AAABFI0U4LgUKtaSkPo7\/AFX9XU\/nTtxD0M38haPrFV\/V1P50txD0LfyFo+sVX9XU\/nS3EPQt+xWHf6r+rqfzpbiPoW\/kaOHJnR08z2VNUHNjeWnqqpNnBpIO\/XJUI4fAfTrNySDdRk5jSdea3oCFPmEE8nsmo6+QB8LY41sNbKOqJHRx1T\/m7tAdGyU\/N3zb2IFkajawlRT8gl3M1PD5B0ppWvaHtILXAEEaiDpBQaSwwpF5R6pDhJCGXPAiHZUcOvpKQbk8slkkaxrgRnNAOc4i406Ghv8AOrdlR3s8MrXVXRDgcjJHhioquqN3mfLm7nm51tF869rDkUt9RjDCRFaVJSQRyqCRdfBFdGY54Rt25L\/b8EfVpScU8AaVzUUh\/wBM8I\/XJf7fgnfDpehvyansX6Z4R+uS\/wBvwXfh0vRz5NT2L9M8I\/XJf7fgl8Ol6Qvk1A54o1DpaKmkkcXPfDG5zjrLi0EkoDVjpnJIMUXqppnXuoiXkDLG7KeI3Ohomh7hoMzt4DouGs1u4Rc2sRqKI21i58Z8ihXvFHhAH2EMaq2dxe+qmB4o3ujaOTNYR60Rha0V4KMriq+bPCHGKsjOe2rqLjVeV7x5nEj1Lsralh8BKvNPmWJwLM59PC9xu50UbieUsBPrWekuPANx4o3lwcMUhAzytYyT0z4IaeV0bi1z3ltrkXs0G42+ZELG3jOLcihd1nDgiAfplhH65L\/b+VEfhUil8moHDEzCDqmhp53m73RgPJ4Xs617vK5pPlQKtHTUaQYpS1QTZ3FGSEbyiSuZg+oexzmODRZzXFrh1zdThpCntknVSZDXbUG0An5bq\/rVR6aX8yOq3pvPBf0Bd9I9qbGSsjcHNq57j6Uj3j7ryQU2VrRxjA6NaovJM8AZVZWnNq4w9pPZI7Mc0crdTvUdqo1tnpcYluneS5SCvQVcc0bZY3BzHDOaRqI\/0hji4PDCMZKayjZTeQ5g\/wAq+HaijbTmnkLM8yB1gDewZbWOU+dXrGlGo3q5FO8quCWAdTY\/4SDSeqTqP7LPgiTs6KjlIpRupyaRYRmpAAxF5RkkdIBlawpPSwQOgldEXSlri22kZjjY35QFdsqaqTal6Kl5NwgsAy\/TLCP1yX+34In8Ol6B3yqgv0zwj9cl\/t+C78Sl6QvlVfYv0zwj9cl\/t+CXxKXpC+TU9kkyd4y1lRXxRTVMj2EPu12bY2YSNQVW7t4Qp5iixbVpTniRMcquGZ6Omikp5MxzpwwkAHrTHIbaeVo8ypWVKM54kWrubhHKBmcfsI\/WT91nwRX4NJA53dRhoxPq3z0VPNI7Oe+NrnHVcnh0IHVjpm0gtTlqgmyJZWMYamjfTCnlLA9spdYNNy0xZusfxHzq3Y0I1M6iveVXBLBA34\/4RsT1SdX0WfBEPhUkiirqo2HyjeXRsJ0ksaTtICBNLIYUpYAdgHCr4omsFi0DQDweVabcxksmRrXEovBtOwxMf2rcgAT40IY4lf5EzfxZxgkirIi+7hKRC62gde4BjiOHNJPke5Ur22WjUvAW2fdy16ZHpjfh98lbI1l2th+abexFwfnHgW1m4Gxo5Vywt0oan5O7Tu8ScUcxuGJh+1faAryoQBKuahrYewtJLC9psGlpva9zbTrUe4jGLZPTuJTmkHOHet2DoWafM18c6StlVXvjqKgA3HVM+g+Fdq4loqUcwQGuJYkejcMnhB8ifu0Q6zL5X2pbtC1i+V9q5uxaxjhjkKW7R3UKibJhGoiom3DZXZr825IjGl5J4BYesKC4kqcMlm3i3MshC2wA4gB5kBfMLLkZJCK04zduVXjM3vHLR2yW6iAazetoMGSTC+70QjNg6B2569JbYOY63BrI2tKD3tLRU+wraT1QwTdVC0JIQxSQgF5WMLbvXGIWzacZgI4XODXP8xs3a0o1YU9MdfsD3dTMtJ38h+uq+y\/GoNpc0TWHkKpQxBF8UVVZqGxaiHCMcGfm8yZ38TMXxhCo6nMhj6xz84Nzt7bRa441BdV5Uo6iW3oxqS0k6\/U836470Q\/Mh\/8AkZ+kXfgQ9j\/qdb9cd6IfnS\/yM\/SOqwh7CDgXB\/UtPFT52duUbY861r5ote3AqE5apNvyXIR0x0oguVzGZ0TG0UTrOkGdKWnrmx8DdGrO6AeNXbK31vU\/BTuq+laUCBG0+GGCv5Jpijk9mrmCaR+4xHeGwc54tvmi+gbdJ6R9xfKDxFFyjaOfFkufkgpS2wqKkOtrJhI+7ud7eVVP8hULSsoIn+D6XcYo4r3zGNZfVfNaBf1Kg+JcXA2EjoxSEAnK5UtfhFwH7uKON23rpOiQI5s+P6YGvJZnghoV1JFVyeA7ZJqgvwdGD+w+Rg2BxP4ln7yOmq0GrV5pomarFkjOUrubU8we01WLXuxIbjtsr4VoksZAIRcUMQ4MIUAmL3xzbo8Z4OcCGmwDmHRbZY7dSF3N3KlVS8F+jbKpTyQXCuD5KaV8Eos9hsRxj9lwsdRBuNqIU6u9SkVKlPdywTDJRjIaeoFI8kxTGzRrzZeC3EHaQeUhUb6gnHWi1Z1mnpYbQgyCwLcuO9pedL0MRPZvUwdf+ASz712w9CLybxhA6n1ItWzUsuzQR5IyXBwNct3a9P4c+7ciOze4\/oo3\/bQIEZ+gVn2EDFPJy2vpY6o1Loy8yDNEYdbMkezWXab5t\/Khde+lCbjhcAhSs4yipZOv+p5v1x3oh+ZRf5GX\/lEjsIezrYsZN20NSypFS5+aHDNMYbfOaRrzjxqKreSqR0tIkp2kabyjWy29pweMj3Uyds9Zq4G3zxADRRxpYYIyyxOIHc6l8C1Zmt3H9h+j20QTLj2Sk5k\/tQohsz9xT2hyQL5NR2FFHFYB0W9RaTB\/Yo+Y32Qsw+YfT4Ff8G7wbPgtZDpMVc9ZtJy5FYVtIPCCCNoN1yaUo6SWlUcJajKR2c5zzrc4uO1xuuRhpikKrUc5ZZinkZrYR7G7mnoTKnQya37iLBQ71uwdCyT5m4j0lYsKds1HjE\/vXrS0OiP0BbnrNdSlYSQhEpOSQ+MdR0sE4t1tY4tgppDa13PG5Mbe2kufa+vULmwOgqrVu6UPJbhaNhmyfYkswawveQ+okaN0eNTRoJjZf9m+m9rnRqsg9xcOrL+AlTpKCJiAqxIJdEVpxm7cqvGZveOWktu1EA1+4yR5JcJiCu3NxAEzCwXvvh1zRxcB1\/7VW\/paoa14LFnUxLAcwgoXHSEaWGMINpoJJ3kBsbC4k34NWrXpsE6nFzmkhk5YjkrRWVTpnvmebvkcXu1a3G51bVpacVCCiAaktUshOyHa6r7L8aF7T\/aX7DyFVDAiVVbqGxaePSjPS6n9k5yO90PsX9LVT2l2kW7LuByQQLiSEeczw1pc42AFyeIDTdJJtnJPCK04wYRdVVM1Q4gmR5ItqzW2awDY1rR5FpLemoU0Aq09czcxNwJ1dVxwHeaXya94y1xo47hv8ybd1d3DKO29PXPBYqOINAa0WAAAA1ADUAs422+IcSSMwunR0hCSEMUhFb8cZc+uqnXuDM+x5AbDoWhtFppIA3LzUZx1ZfDBAFzIlXZ0U9Of2HteNkgI6WFB9pRxUyFbGWVgJqGhAjGUrubU8we01WLTuxILjtsr4tGvICDnkh7nN8LJ7SAX6zVDNl2iIZaaNrKmGUDrpI3B3LuZFjts+3kCubNk5Ra9FW+jxTIPgeUsqIXNNiJY7H+dquV1+kypQeJos6s2w+gW5cd7S86XoYiWzepg+\/5IE029dsPQi\/8AwHU+pFqm6lljQR5GSQ4GuW7ten8OfduRHZvW\/oo3\/bQH0ZQJD3ko7l0+2f8AyJVnrvvSDtv20S9VicYpCB1lu7Tg8ZHupkQ2d3SlfdAG0a8MEIsTiB3OpfAtWardx\/Yfo9tEEy5dkpOZP7UKv7M5yKe0OSBfJqOwoq+QOXUWjwf2KPmN9kLMPmH1yABg3eDZ8FrIdJirnrNpORWEkISQhJHTWwj2N3NPQmVOhk1v3UWCh3rdg6Fk3zNxHpKxYU7ZqPGJ\/evWkodEfoC3PWa6lKwkhHpBO+NwfG9zHDU5pLSNhC5KKksMkjPTyJHgfKFhKmc0um6ojAtucoaSRx7qG59+UkqjW2fFrMS9Tu8cGGHE7G2DCcZfEHMew2kjfbOaePRoc08BHlsUJq0nTeGEITU1lEhUKeR+BJI4ytOM3blV4zN7xy0lv2ogGt3GaNNO6N7JGb5j2vabXs5jg5ptw6QFJUipQaG05aZZLMYGrhUQRzttaRjX6NWkAlZqcdLwHoS1LJupo8G2WjCpZTx0oI+ednOFtbIiHC2j6eZ5tqvbPp5nn0UryppjhAfRxoEZCnkO11X2X40I2n+0JWHkKqGBEqq3UNi08elGel1P7Jzkd7ofYv6WqntLtIt2XcDkggXEUhMjeUSs3HB1S\/Tpj3PRoN5XCMHyZ9\/IpraOqqkQ3EsU3gr0tJj8QF\/IUsieDm\/P1R34IhHI2we6205v3QhO0p8VEJ2MfIV0LCAkhCSEJIR5VT81jncTSfMF1LLOSeEVcdKXkvdrcS47XG59ZWmjiMcGem8ybNvCOD3QbnnEHdYY522+hLctvy6FyFRVM48M7ODjjJNci1bmVcsJ\/exZw50TtXme4+RUdpLKUi7YyxPAaEHChGMpXc2p5g9pqsWndiQXHbZXxaNeQEHPJD3Ob4WX2kAvu6GbLtkLyyYRbJVsgb+4js4\/xSWdbyNDT5Vd2dDTBv2VL6eZpEPwDTmSpgjbrdNGBfVvgrlxiNJ5K1HjUWCzSzQeBblx3tLzpehiJbN6mD7\/AJIE029dsPQi\/wDwHU+pFqm6lljQR5GSQ4GuW7ten8OfduRHZvW\/oo3\/AG0B9GkCQ95KO5dPtn\/yJVnbvvSDtv20S9VicYpCB1lu7Tg8ZHupkQ2d3SlfdAG0a8MEIsTiB3OpfAtWardx\/Yfo9tEEy5dkpOZP7UKv7M5yKe0OSBfJqOwoq+QOXUWjwf2KPmN9kLMPmH1yABg3eDZ8Fq4PgYq56zaTysJI7gSQsCSEa2Eexu5p6Eyp0Mmt+6iwUO9bsHQsm+ZuI9JWLCnbNR4xN7160lDoQFues11KVhJCEkIdLGDvA38WMMnB9XFVZxawHNltbronEZ4IPBcB38qp3dLXAu2tVqWCy8bri44dPnQDk8BZcjJdEVpxm7cqvGZveOWjt+1EA1+4zmhToiDJkbwzulM+me674X3aDwQuAzRfkdnjZZBL+lpnn2F7KeYYCJdUC6V9yi4Y6qrpSHl0cZ3KMHUM0APsOV4dp4rcSPWNPTDIEu56pkYVt8it5CpkO11X2X40J2n+0JWHkKqGBEqq3UNi08elGel1P7Jzkd7ofYv6WqntLtIt2XcDkggXEkIgOWSszKFsd+yytB5Qy7+lrVdsVmqU714gBRHWB3yDtkopBHg6Nw1yOe87c4t\/Cs\/fSzWf8Bu1WKaJmqpZEkISQhJCOJjnPmUFU4HNIp5bHicWEN9ZCloLNSP2RV3iDK4ONgTyLSYwsMA4y8E8yoYGEDaJ7d71O2D0Tet9TiqFhU1Smv8AZdvIYUWcvJpUiPCUBd+1nsG1zHAdKkvI6rfPojtJYqFgkBDRGMpXc2p5g9pqsWndiQXHbZXxaNeQETXF\/H99DRiliiBfnPdnuPWgO0izRrN9iH1rTeVNXguUrnRT0rmQ+pndK50kji97jdznG5JOskq5TpxhHCK0pubywk5JMVHF4whM0ZgB3AOGkuP70DgsLgHhuTxIXfXOfwRftKDX5MLaFhJgty472l50vQxE9m9TB1\/yQJpt67YehF\/+A6n1ItU3UssaCPIySHA1y3dr0\/hz7tyI7N639FG\/7aA+jSBIe8lHcun2z\/5Eqzt33pB237aJeqxOMUhA6y3dpweMj3UyIbO7pSvugDaNeGCEWJxA7nUvgWrNVu4\/sP0e2iCZcuyUnMn9qFX9mc5FPaHJAvk1HYUVfIHLqLR4P7FHzG+yFmHzD65AKwVFDubCZ4wS0EgvaCDxEcC0cazXgzNWylKRublB9Yi9Ixd379EXwJZH3Kn+sRekYlv36F8CXsW5U\/1iL0jEt+\/QvgS9i3KD6xF6RnxS37F8CXs08Kxw7lIRPGbMcbB7dJAJtr5E2VduLWSWnZSjNMPEO9GwdCzbXE1CXDBXKtpIjPOXTxtJnnJBewEfPP0EE6Eeo1YqCBNejJyPPqKD6xF6SP4qXfv2Q7mXoXUUH1iL0kfxXd+\/YtzL0LqKD6xF6SP4pb5+xbmXofqGD6xF6SP4pb9+xbmXo0sK0cO5PIniJDXGwkYSdB4L6UydZaeJLSpSUk8FmqE\/Nsv9FvQFn5JZCy5HuuHWVpxm7cqvGZveOWjt+1EA1+4znBt\/JpPIOM8imykRpNknybYWNNXxC9mTHcX6L3z9DNXDn5o8pVS9p66efRZtZ6Z4DVjPhYUlLNUEE5jNA1Xc6zWi\/BpI0oLRpuc1H2Fqs1GOSt4Dnnhc5x5SS469HCblaXhCIB6mYJeBrWGFTIdrqvsvxoTtP9oSsPIVUMCJVVuobFp49KM9Lqf2TnI73Q+xf0tVPaXaRbsu4HJBAuJIQMct\/Yabwr\/YRDZy\/UKN+\/wBIjUgSWAyZttgym5rj55Hn\/azl13ZB63X6aJSoCYSQhJCGSEQnK9OW4Oc0ftyRtdszs7paFaso5qoq3jxTYGMDUe71EMP05GN8hdp9SN1p4puQJprM0FfLPQk0kMrdUUuaeRr2kA+cNH8yFbPniq\/5CV5H9NApwNLmVED72DZoyTxAPbf1XRWrHNOUf4B1F4qIs4Cs0w8nkjOUrubU8we01WLTuxIbjoZXxaNeQESDAGJtZXM3WFjczSM5zgASL3AGu+rzqrWuoUnpZPTt5TjlHDliLHFrhZzSWuB1gjQQVYhJSXAilFxeGGLJVjYJ4hRS5olibaO2jPjboGjVnDRfz8aB3lu4y1eAta1ouOAhhUS4wW5cd7S86XoYiezepg6\/wCSBNNvXbD0Iv8A8B1PqRapupZY0EeRkkOBrlu7Xp\/Dn3bkR2b1v6KN\/wBtAfRpAkPeSjuXT7Z\/8iVZ2770g7b9tEvVYnGKQgdZbu04PGR7qZENnd0pX3QBtGvDBCLE4gdzqXwLVmq3cf2H6PbRBMuXZKTmT+1Cr+zOcintDkgXyajsKKvkDl1Fo8H9ij5jfZCzD5h9chdRRd7Z91vwS1S9ndERdRRd7Z91vwS1S9nNMRdRRd7Z91vwS1S9i0xF1FF3tn3WpapexaYi6ii72z7rUtUvYtMRjQxd7Z91vwXFKQtMWbACbgearsHQEkmGMkm5JY25J1k6E7LGvAvk2DvMX3GfBLVIX4i+TYO8xfcZ8EtTF+I3ybB3mP7jPglli\/H0P8mwd5i+4z4JapC\/EY4Ng7zF9xnwSzIWYm2BZNydY66dfMrTjN25VeMze8ctHb9qIAr9xnVydUIqKp8B0CSmnZe17ZwABtyHT5FFeycIKS9kttFSbTI7LG+GQtvaSN5BIvoex2sHkIurCanT+0Qv8Jk7yg42tq6WliYXXe0TS7W5zM13Lntd5hxhULS3cKrb8Fu5rKcEkaGTPBG7VEk50Np4nutbfPex7APICTtDVJf1NKUV5I7WnnLZDI9Q2DoV6PSVZdQVch2uq+y\/GhW0\/wBoRsPIVULCJVVuobFpo9MTPy6mTnI93Q+xf0tVPaXQkWrHryHFBQuK64IGeW\/sNN4V3sIjszrf0UL\/AKARo0+QKLC5Ou5tL4IdJWcue7IPUO2iR3VdEuUK66LIrpCyhLng6C7LdWkNp4BqcXyH+QAAf3+pEtnRzJsH38uGCE5PKQy4Rphps15kceIRtc4echo8qvXr00mkVLVZmF7KZTGTBtQBoLWtk8kb2vI8zShFpLFVBO5SdMr9ILtI5CtC+KAkXiWS0GDKlssUcrdLXsa8bHAELMTWJNGgg8xTOHlJ7m1PMHtNU1p3Ykdx0Mr6tEvICDjkhH\/HN8LL7SAX\/GrxDNl2yJ5YcAiOZlZG05svWynRmiRoAaeQuAN+arez6rl+DK19Tw9SILgmvdTTR1DL50bw4W1njHlBI8qIVoKpFxZTpT0TTRZXB1W2eKOZhuyRjXtP8LgCOlZqUXF4Yfi8pMGuXHe0vOl6GIls3qf0D7\/wCabeu2HoRb\/gOp9SLVN1LLGgjyMkhwNct3a9P4c+7ciOzet\/RRv+2gPoyCfIe8lHcun2z\/5Eqzt4\/wBZ\/wD3gO2\/bRLrqsTiukcB1lu7Tg8ZHupkR2d3SnfdAG0a8MEIsTiB3OpfAtWardx\/Yfo9tEEy5dkpOZP7UKv7M5yKe0OSBfJqOwoq+QOXUWjwf2KPmN9kLMPmH1yAhgmnY6GN0j5y8tGeeqakdd+1oElkXUF6X9FGpWkuRt9SQ\/Sn\/qar\/wBF3QvS\/oj38hdSQ\/Sn\/qar\/wBEtC9L+hb+QupIfpT\/ANTVf+iWj+F\/Qt\/IXUcP0p\/6mq\/9EtC9L+hb+Xs0cNQxsgle184c2N7mnqmpNnAGxsZLJsqUdPIkp1ZOWMh2h3o2DoQd8y+kwVNpmPc9znSkmWW\/z84HZX6gH2A0DQEajCKgnpAdWu9bWT06ji+lL6eo\/Ou6P4X9Ee\/Xti6ji+lL6eo\/Olofpf0Lf+mxdRxfSl9PUfnS0P0v6Qt8\/bF1HFxy+nqPzpaH6X9C369s1MLUzGwyOa+UEMJB3efQbaNb13dZ5pf0dVxh8Gws0J+bZf6LegILPqD0OlHumjmVpxm7cqvGZveOWjt+1EA1u4yQ5Ih\/yLfAyfhVfaXaX2WLHuHllTwZ1PhB5GqZomGjUSS1w87L\/wAwXbCeqnj0NvIYqERV1sqBlyX4MEWDZJjfOn3R2nRZrM5jfPmk34iEEvKmqrj0F7WGmk2wMR6hsHQjeMAl8wq5DtdV9l+NCtp84hGw8hVQsIlVW6hsWnh0oz8upnrDM5hzmPcw6rtcWm3FcFdlGMl+SOQbXJnucJz9\/m9LJ+ZMdCn\/AOUPVafsnuR2rkfVyh8sjxuV7Pe5wvnDUCVQ2hTjBLCSLllUlKTyzqZb+w03hX+wodmdb+iS\/wCgEl0afIFIsDkzdfBlNzHDzSPH+lnLnuyD1DtoiWWmqkjfS5kj2XbLfMe5t7GPXmkX1q3s+ClnKTK17Nx5A1+U5+\/zelk\/MijpQz0r+gdvZ+xnYTqLdnm9LJ+ZcdKGOlf0dVWeeZY\/F9xNLASbkwxkk6SetGsrO1ephun0oE+WmoJrIotGayAOG2R7w71RtRXZ0fwbB1+\/yRAoZnMOcxzmnjaS022hEqkU1hooptcj2fhCZwLXTSkHQQZHkEcRBNimRpU4vOkc6k2uLNZP5sYWDyby52DabTezC37riAPNZZy5jirIO0HmmhspPc2p5g9oLtn3YnbjoZX1aJeQAHLJD3Ob4WT2kBv+9\/oNWfaPXKxTh2DZXG92OieNpkazTyWeUyzlprIddrVTAQtElxyBPIdck1Y+TBzA433N7428eaCC0eTOt5As9eRxVYatZZpo4GXDe0u2XoYrOzeqX0QbQ5IE029dsPQi3\/AdT6kWqbqWWNBHkZJDga5bu16fw5925Edm9b+ijf8AbQIEaXIEnvFXSsGa2aRrRqDZHtAubmwBtrJUTpQby4kkas0uDM\/lOfv83pZPzJbmDXShKvU9h7yeyF2DqYucXEsNy4kk9c7WTpKz1ysVGg1QlmCyR3Ld2nB4yPdTK3s7ukF90AbRrwwQixOIHc6l8C1Zqt3H9h+j20QTLl2Sk5k\/tQq\/sznIp7Q5IF8mo7Cir5A5dRaPB\/Yo+Y32Qsw+YfXIr\/jXTy4Pr54ibsfI6ZmghpbK4usOItJto4gjVnNThxB13BrkaYwyeEHyFWt2UVJ4Mxhfaubs7rH+V9q7uzmoxOGeQ9CW7FqOXh3CT5InN1AtN+XQmTh+DJ6Es1EWjh3rdg6FnQ0A51S5k0wB0bvKbHVv3LT06adOP0jHXNRxqy+z1GEjwhO3SIN8ZjCO1LdHd+L5Q2rm6O79jHCXIU7dI5vjSwnWudG4agQb8qW7wOp1W5JBzo+xs5regLLS6mbOn0HumjmVpxm7cqvGZveOWjt+zEA1u4yQ5Iu6TfAyfhVfaXbRYsesm+WLBW60gnFrwOzjxlj+tIB2lp8io2FXRPHst3lPVHPoDdJTGWRkTbkvc1gsNN3G2gI5UkorV6BVOOqWCyctOIqcxt1MiLRwaA22pZjU5Sz\/ACHnHECske9GwdC1DAEuoKuQ7XVfZfjQnafOIQsPIVULCJVVuobFqIdK+jPy6mSTETAUdfVbhK5zW7m512EA3FuEjVpVW8qunTyia1pKcsMIv6paPvs\/3m\/lQ97QqYL\/AMKB2cV8SIMHyOlifIS5uYQ8gi178ACirXU6yxIko28aecHJyzUmdRMl73K0nka8Fp9Zb51JYSxVI71fpgVR7yBg9ZK5w7BsIH7Bew7c9x\/2FnbyOKrDlrLNNG3jZifDhExmV72mMODcwgb6173B4gmUriVLpH1KKqcwbZQsSYMHQRyxPkcXSiMh5BFix7r6Br60InaXMqs2n6B9zbxpxyiBO1Ii+kormWYxd7Ug8DH7IWYrdbNBT6EA7KRWmbCM5OphEY2MAv6yT5UbsY4pIE3cs1DoZM8VocIOn3drixgZmlri3riXXvbXoAUd9XnTaSH2lBT5k8\/Vdg76MvpHKir6rnmXHZQwBCdma9zdWa5zeXrSR\/pG6MtUVJgmpHEmkGPIrUF1JKw6mTuA2Oa1x9ZKDX6xVyFbKWaeDuZSe5tTzB7TVDad5E1ftsr6tEvIADlkh7nN8LL7SA33d\/0GrPtHWygNBwbV37y8+UC4PnChte6vsmr9DK7rSewB4DNkWeTRyDgExt5Wtugm0e4gvY9Bz8uO9pedL0Rp+zepkd\/yQJpt67YehF\/+A6n1ItU3UssaCPIySHA1y3dr0\/hz7tyI7N639FG\/7aA+jIJCZiTk+pq6jiqZHyh7zICGlob1kr2CwI4mhCLi8nCbSCdG1jKGWdz9UtH32b7zfyqH\/IVCT4UCZYEwW2kgjp2ElsYIBda+kk6bbVTnPW9TLUIqKwQnLd2nB4yPdTK\/s7ulW+6ANo14YIRYnEDudS+Bas1W7j+w\/R7aIJly7JScyf2oVf2ZzkU9ockC+TUdhRV8gcuotHg\/sUfMb7IWYfMPrkcXHLFGDCcQZJdr2XMUjQC5hOsadbTYXHDYcQTqNV03wOTpqa4gYw9iNX0RN4nTx3sJIQXkjRYujF3N18qMUr6Elh8wdUs3ngcOaB7DmvY9jtea9rmO+67SrsZKSyilKLi8M804aJI4auE+xu2HoUVToZYt+4i2EW9bsHQsyHAEVPZpvDS+8ctXR7cfpGKvO7L7MFIVBJHRLosCSOHjWbw7EiWl1oPlH2NnMb0BZGfU\/s3EOhfR7prHsrTjN25VeMze8ctHb9mIBrdxkhyRd0m+Bk\/Cq+0uhFix6w0YZoBUwS05NhLG+MmwJGc0jOF+EXv5EGpy0ST9BWccpog+KmTU0VTHVPqRLuecQ1sWZ1zmubckvOgZx4NauV711IuOMFSjaKEtWSe4Q7FJzHdBVKPMtz6WVdj1DYOhahcjPPqCrkO11X2X40K2nziEbDyFVCwiVVbqGxaePSjPy6mTnI93Q+xf0tVPaPaRasevAcbIIFxWSERvKNSbrg2pbe2awSehc2S3lzLeVTWz01UQXCzTZXsLSZ8gJ8gtZEq0GKogzuua8SBvE1zbXHlafOEG2jDE0wrYyzHATkOL4O8tvakHjA91IiGzu4\/ooXvQgNP1Iy+kFLmWWxdNqSA\/9LPYCzVXrf2aCn0FeMO1vVFTNP8ATkc4W4r6D5loaMdMEvQDqvMmFjItTgUcsg1umIP8rW26ShG0XmpgJWUcQyEJUS8Vxx1pNxr6qP8A7nPH2tpAPJnrRWss0UwDcRxUZNsh0xzqtl9FoXAcvzgcfU31KjtOPJlyxfHBMspPc2p5g9oKpad2JbuOhlfVoV5AIcskPc5vhZPaQG\/73+gzZ9o3cp0xbgypI4QxvkdIxrvUSo7VfqrBLcvEGABaLzgBfwGzI2y1ATxzP9QagV\/LNXHoMWS\/TycrLjvaXnS9Eal2b1Miv+lAlm3rth6EX\/4DqfUi1TdSyxoI8jJIcDXLd2vT+HPu3Ijs3rf0Ub\/toD6M\/wAAkPeSjuXT7Z\/8iVZ2770g7b9tEuVcnEUjjB1lu7Tg8ZHuplf2d3SnfdAG0a9ggsTiB3OpfAtWar9x\/Yfo9tEEy5dkpOZP0wohsz93+intDkgYSajsKKvpBq6i0WD+xR8xvshZh8w+uRxsb8bIMGRiSa7nPJEbG2znkC5txAXFzwXHGE6lRdR4iKpPQBjDePeEawm85gY4AbnAcwaP+zf+sIxSsqcVl8wfVvG+ESPAcpPGSbknlJVyMVHkUZTcnliTxgkhGrhPsbth6FFU6GT2\/cRbCLejYFmfIdARVdmm8NL7blq6Pbj9IxV53ZfZgpSoMXW8pA865KWkfTg5ywjJ2gubwtcWna0kHoTYS1cUdqQcJYGTxh41m8OwpElLrQfKPsbOY3oCyM+p\/ZuIdK+j2CayR8ytWM3blV4zN7xy0dv2ogCt3GSHJF3Sb4GT8KrbS6EWLHrDqggXEkI18Idik5jvZKdHqGy6WVdj1DYFqFyM8+YVch2uq+y\/GhW0+cQjYeQqoWESqrdQ2LTx6UZ6XUyc5He6H2L+lqp7S7SLdl3A5IIFxJCPOeMOaWuFwQQRxg6CEovHE41ngVow9g51LUS07gAY3kaDcZp65hvytc0+VaW3nrpqQBrQ01GjsZOcMNpK6OR+hsjTC42vYSFpafvNbc8V1Be097SyvBNaVNM8FgkBDKB3lu7Ug8YHupEQ2d3H9FG+6EBp2pGZdIJXMsTS1ggwY2Z2qOkzzsbHf\/Szslqq4\/kPZxSK6sFgBxBaJLACby2HnJPSbng2MkWMjpJDsLi1p+61pQC8lmswzaL9ImKqFoAWVCmLMJTE\/vBG8bMxrOmMo9ZPNADXnCZtZIJyzCAaNT4ntOwWcD52+tN2iv00x1k\/zCblJ7m1PMHtBDbXuxCFx0Mr6tCvICDlkh7nN8LJ7SA3\/CqGbLtHKyz4Xa2GOjGlz3bobEaGMuBccpOjmniUmz6f56yO+qfjpBGAToAJOoAaSTwADhKMvg3IGRjxLGYm4M6looIC3NcIwXjX847rn6ecSs3Xqa6jYdoQ0wwQnLjvaXnS9DFe2b1v6Kd\/0oEk+9dsPQi3\/AdT6kWrYsszQR5IySHA1y3dr0\/hz7tyIbN7j+ijf9tAfRpAkPeSjuXT7Z\/8iVZ6770g7b9tEvVYnGKRxg6y29pweMj3Uyv7P7pUvugDiNLyB\/JYjEA\/8dS+Bas1X7j+w\/R7aIJly7JScyfpiRDZv7v9FPaHgGDhcWGs6BtRR9LB0eotHQttGwH6DegLMvmH1yK748YXfW1073aGxvdDG25IDYnFpcNNruIvo5OJHLKlpgDLyrl4OKrmCiJI4JdEOkI1MJ9jdsPQoqi\/Bli37iLYQ70bB0LM+Q54ARU9mm8NL7xy1dFfpx+kYq87sjBS8UyqbmLmDDWVcUNiWNcJJSNQaw3AJ\/iIDfKbalSvqqhTa8sLbNt3OefRu494ONNWudYCOf5xlj+0ABJccGk3\/mUezqylDQyXals4z1I4wRHDAjPGt3jti4+BJR6kHyj7Gzmt6AslPqZuKb\/BHumj2Vpxm7cqvGZveOWjt+zEA1u4yQ5Iu6TfAyfhVfaXbRYsesOoQNBcddEa2EOxScx3sldj1DZdLKux6hsC1C5GefMKuQ7XVfZfjQrafOIRsPIVULCJVVuobFp4dMTPS5sk+T7DcNDV7vNnBm5ub1ozjckW0DYq97SlUjiJPa1IwlmQTP1o4O+lL6NyF\/Bregh8ykL9aODvpS+jKXwa3oXzKRLMG1raiJk8d8yRoe2+g5rhcXHBoKqzi4vBZhLUsg+yuYsmRja2Fl3MGbKGi7nMJAD7AXdm30m+htzwK\/ZXGl6WU7qjq\/JAiIujWE0CuKYTMT8pghjbBWB7gwANkbdzi0DVICbk8o8vKJuLB5zAI0LzHCR5ZTcbqSup4o6d7nObKJDdrm2bmPbrPDdw0J1jQnTm3JeBt1WhOKwDd2oom+RQXMNuNMwbgIXNs6CFo5SSzR5gUCpxzc\/7DFWWKAE0ezzA\/osfiVGW0FK0ixFPFccuYLrNVnmo\/sPUuhHaUJKBHLJTlte151Pgbb+Vz7+0Ea2a802gTfLiR\/EquMFdTvF9MrWG3CJDmfiHmVm6jqpNEFB4mgz5SO5tTzR7QQWz7sQvcdtlfVo\/YBCJihj5Dg+h3HMfJMHvcGgWb1xu0l3Fq1XKFXFpKrUz4L9C5VOGCDYVwjJUyunldnPebk8g0Bo5ANSv0qapxUSpObm8krya4qPq521DwRBE7OuR2SRupguLFoOs8luG4qX1yoR0Is2lByephzCChcFuXHe0vOl6GIlszqYOv+SBPILgjjBRjHBg2P4vIcm5UsH\/AEpfRuWf+FVzyDCu4Y4syjyoYPcQ0OluSAPmnayuStKqXI7G7pvyczLd2vT+HPu3Kxs7uP6I7\/toECM4BXAKWIuPlHR0UVNMZM9hkvmsLh18r3ixHI4INc2lSdVuKCdC5hGGGd\/9aWD\/AKUvo3KH4Fb0S\/Mp+zewJj5R1kzaeEyF7rkZzC0daLnSeQKOpaVIR1S5D4XMJvCPfH7BRqqGaNrS54bnsA1l7DcW4b6LWGu9ly3qaKiZ24hqgV41rSc1wAXLmFzJtjlTtpm0tRKI3xXzXSENa5lyQGu4wCBY6dqCXdrNzykFLa4io4ZCsoOMTcIVW6R525RsEbM7RfSS59uC9wNjAr9lQlTjxKt1V1vgaeJeDDVVsEQbnDPD38QjYbuJ8wG0hOu56abOW1PVNMsXZZ7WGsFbqLBLS0OkeQ86XgteCHnfA9bruj0K8UsZBVWhJvODY+SYu+ep\/wCVSfIh7IvjT9DfJMXfPU\/8qXyYexfGn6H+SYu+ep\/5Vz5EPYvjT9C+SYu+ep\/5UvkQ9i+NP0aeFsEM3KTNfc5jiAGvJJtoG9TKlxDS1kmo0JRkngspCetGwIH5CngDD6OMyS5zyHGaUlubJfsj7amo9TuYqCWeSM7XspSm37NqmxZnqHZkcUjRwvla6NgB4RnaXbAPMuSv4xXs5T2Y2wh4qYsx0MZa3rpHWMkhGlxGoDiYOAf7KEV68qsssOULdUo4RtYw4DjrYTDJo1FrhbOa4cLSQbcR5CUyjUdOWUPrUlUjhg0rMU6imIa+N8gJtnwNc8a9bmDrm+scqMQ2gpc+ACq7MafA5eFKKMRvAcc7NNmlkgde2qxbrU3yovmyKFhKLyGyi7Gzmt6As9N\/kaSHSe64OZXTGPBc5q6kiCUg1ExBDHEEbo6xBA5Uft6sN2k2BK1OetvB3slNDLHhBrnxSNG5SC7mOaL9bouQoL+pGUFhk9nCUZZaDaEGQVHXRGthAfNP5jugrseY2XJlaY8E1Fh8xNqH7t\/wWkVanpzqAUqUk+QTsi9JJGandI3svuds5pbe2fquhe0KkZtYL9lBxzkKCHIvvgViZgmosPmJdXe3\/BaKnWpuK4gKVKak+A\/yVUd4l9G\/4J7rQ\/8ASGKlP0L5JqO8S+jf8F3fU3+47up+hfJNR3iX0b\/guOrT9iVKfosFiWwtoKVrgQRBGCCCCCGjQQdRWerv9R\/YboL9NI7Dm30HUo+Ocj2s8AW435MC57pqLNF7l0TjYX\/6jbQP4TwnWAiVtfaeEijWtM8UDiuwRUU\/ZoJY+cwgaOI6jtROncU5cmUJ0Zx8GkwZ2hunZpPmCkdSK5sYoS8I72C8S66pOaynewEXz5QY2WI0aSLnYASqtS7pxWM5JqdtNvIRso1HJHgyGlax0jg6JpLGud2MaSQNIGhDrWcd\/rZfuIvdaQVQ4Fnc5rTBLZzgD827QCQCdSKzrQSfEGwpSbSwWUpY8xjWDU1ob5hZZyTzIOQ6cHqUh6Bflnwe6Q0z443Pd8405rS6w60i9tpRHZ1RQypA+9g5YwDemoamJ7ZW08pLHNeBub9JYQ4cHIiU6lNxfHmUoU5qa4Bxx\/DpMGz5rXEuY0hoBLtLmm1td0Dt2o1lkLVsumAr5IqO8S+jf8Ef31NeQMqUs4wbcGK9c+wbSTm+q7C0eVzrADaVHK5pR8jo2834Jri9kokLg6ska1o0lkRu46iAXEWA4wAdvCqNa\/TWIouUrNp5YVaOkZCxscbWsY0Wa1osAOQIY25PLCCiorCPdNHA1yy0MszabconyWMl8xpda4Za9kR2fJRbyUL2DkuAMvkCr+qz+jf8EWdan7B+6n6F8gVf1Wf0b\/gub+mvJzcz9HrSYCqxIwmmm37f3b+MciZOvBp8R0aMk1wCdlmppJIIBGxzyJiTmtLrDc3aTZC7GajNt+gjeRcoJIE\/yTUd4l9G\/wCCM76njqBe6n6F8k1HeJfRv+C4q0F+5Hd1P0L5KqO8S+jf8Fze0\/8A0c3UvRKcmWD5mYRhc+KRotJcuY4DeHhIVS8qQdJpMtWlNqpxQci26ChdrKA9j1k6ljkfUUjTJG4lxiaCXsc43OY0DSy5Ojgtw8Ba1vUlpkDLm1y9UQcydabO0HhB0EbUS1Rks5KGmSfI28GYNmqXZkEbpXaB1guBc2646mjTrNrcNlHUrxgs5HRpTm+Qa8nuJnyewySEOnktnEaQxv0G8enWeGw4kFubl1WFrehu1xJjmqpgtmLB\/wDedPyMHzRxLmR2BZo4ksnMCzRxJZFgWaOJLIkhZo4ksiE1MXMcxW0qQiaWTJNY9DNXEOMl04YOSickIroxocLjJPA6TOIx4E3wOGPAnjWZtSYkOuHTFI6Mm5ZHgYa08dEy4E1jvIxSOYEkcwOuiwMUkLA4SOIdI6YlcR1mLmgixAOjh0p6YyaRjHSxjSGNGxoCWWJJHo1MkOQl1cjrEV0Y0O3UEh65DpgjApyGsyCSEkMUhwkhjQzFxjkjJqauY4yTzgyQjFdGmSadwJI7gxckdwYngTzkjJMzxGpDrp3AikLAlwQ4XTphJ\/8AecJCPCWkjdpMbCTwloJT02QzSM4oWtHWtDb8QA6E2THwR7MTUPMl0R\/\/2Q==\" alt=\"\"\/><\/figure><\/div>\n\n\n\n<p><strong><u><br>Historique<\/u> :<\/strong><\/p>\n\n\n\n<p>OrigineCr\u00e9e en 1994, MEGABLEU est un \u00e9diteur de jeux fran\u00e7ais qui est sp\u00e9cialis\u00e9 dans les jeux de soci\u00e9t\u00e9 pour enfants.Le premier jeu \u00e9dit\u00e9 a \u00e9t\u00e9 Vocabulon, un jeu simple et astucieux pour enrichir le vocabulaire des petits et des grands tout en s&rsquo;amusant. <\/p>\n\n\n\n<p>Chaque ann\u00e9e, MEGABLEU innove pour lancer de nouveaux jeux qui s\u00e9duisent les enfants et leurs parents car notre souhait est de permettre \u00e0 chacun de passer de bons moments, tout en b\u00e9n\u00e9ficiant d&rsquo;un enrichissement personnel fort sur le plan des connaissances et de la culture.Des investissements publicitaires importants sont consacr\u00e9s chaque ann\u00e9e \u00e0 la promotion des jeux MEGABLEU, notamment \u00e0 la t\u00e9l\u00e9vision en fin d&rsquo;ann\u00e9e sur des cha\u00eenes nationales hertziennes, de la TNT, du c\u00e2ble et du satellite.<\/p>\n\n\n\n<div class=\"wp-block-image\"><figure class=\"aligncenter size-large\"><img decoding=\"async\" src=\"https:\/\/encrypted-tbn0.gstatic.com\/images?q=tbn%3AANd9GcSNhgn-oProbHgc9t16PINcSLLkYx2Fre76Lpr8LUPadKktyJW5&amp;usqp=CAU\" alt=\"\"\/><\/figure><\/div>\n\n\n\n<p>Les produits MEGABLEU sont maintenant disponibles dans toutes les enseignes de la distribution sp\u00e9cialis\u00e9es (Toys R Us, Jou\u00e9club, La Grande R\u00e9cr\u00e9, King Jouets.) et la plupart des grandes surfaces.Principales marquesVocabulon, Ni oui ni non, Devine T\u00eate, Tourn&rsquo;Main, 5 secondes, Badaboule.Nos produits pharesVOCABULON (30 ans en 2018), \u00e9dit\u00e9 en partenariat avec LAROUSSE, est un jeu vendu \u00e0 plus d&rsquo;un million d&rsquo;exemplaires qui fait dor\u00e9navant partie des grands classiques.Apprendre en s&rsquo;amusant les mots-cl\u00e9s de la langue fran\u00e7aise, tel est le principe de Vocabulon qui a \u00e9t\u00e9 adapt\u00e9 pour :\u2022 les enfants de 6 \u00e0 12 ans avec Vocabulon Junior<br>\u2022 les adultes et enfants de plus de 10 ans avec Vocabulon Famille<br>\u2022 les enfants de 3 \u00e0 6 ans avec Vocabulon des petitsVOCABULON a \u00e9galement \u00e9t\u00e9 adapt\u00e9 en anglais, allemand, n\u00e9erlandais, espagnol et portugais.NI OUI NI NON, MEGABLEU a lanc\u00e9 avec succ\u00e8s fin 2002 Ni oui ni non, un jeu qui fait partie du Top 20 des jeux en France ; plus d&rsquo;un million d&rsquo; exemplaires ont \u00e9t\u00e9 vendus \u00e0 ce jour toutes \u00e9ditions confondues (Classique, Nature, Stars &amp; Co, Autour du monde). Son originalit\u00e9? Plus de 900 questions pr\u00e9par\u00e9es sur des cartes avec un rythme calcul\u00e9 pour pi\u00e9ger toute la famille. Les cartes offrent deux niveaux (petits et grands) et permettent d&rsquo;aborder de nombreux th\u00e8mes.DEVINE T\u00caTE, lanc\u00e9 en 2006, ce jeu d&rsquo;ambiance conna\u00eet un grand succ\u00e8s. Il faut poser le maximum de questions en un temps limit\u00e9 pour deviner l&rsquo;illustration de la carte qui est sur votre t\u00eate : animal, l\u00e9gume, fruit, objet ! Oui, mais quoi ? <\/p>\n\n\n\n<div class=\"wp-block-image\"><figure class=\"aligncenter size-large is-resized\"><img loading=\"lazy\" decoding=\"async\" src=\"https:\/\/images-na.ssl-images-amazon.com\/images\/I\/91YZJppjyhL._AC_SX355_.jpg\" alt=\"\" width=\"239\" height=\"220\"\/><\/figure><\/div>\n\n\n\n<p>D\u00e9p\u00eachez-vous car tout le monde le sait sauf vous ! Devine T\u00eate s&rsquo;est enrichi en 2013 d&rsquo;une \u00e9dition Mimes o\u00f9 les joueurs devront \u00e0 tour de r\u00f4le faire deviner \u00e0 leurs co\u00e9quipiers par des gestes et des sons l\u2018action qui est repr\u00e9sent\u00e9e sur la carte qui est sur leur t\u00eate : \u00ab je bois \u00e0 la paille \u00bb, \u00ab je re\u00e7ois un cadeau\u00bb, \u00ab je glisse sur une peau banane \u00bb. Un jeu de mimes d\u00e9sopilant pour petits et grands !TOURN&rsquo;MAIN, bas\u00e9 sur le principe du jeu \u00ab action \u00bb ou \u00ab v\u00e9rit\u00e9 \u00bb, Tourn&rsquo;Main propose une dr\u00f4le de main qui se d\u00e9place seule en faisant des cercles sur la table. Si elle vous montre du doigt, saurez-vous relever le d\u00e9fi ? Sinon, il faudra utiliser votre joker.5 SECONDES, lanc\u00e9 en 2014, est un jeu de rapidit\u00e9 d\u2019esprit et de parole pour toute la famille. \u00ab Cite 3 Michel c\u00e9l\u00e8bres \u00bb Voici un exemple de question qui vous parait simple au premier abord \u2026 <\/p>\n\n\n\n<p>Mais parviendrez-vous \u00e0 trouver 3 r\u00e9ponses en moins de 5 secondes sous la pression du \u00ab minuteur serpentin \u00bb et des autres joueurs qui chercheront \u00e0 vous d\u00e9concerter ?BADABOULE, a \u00e9t\u00e9 r\u00e9compens\u00e9 en 2017 par le \u201cGrand Prix du Jouet, cat\u00e9gorie jeu d\u2019adresse\u201d. Megableu innove encore une fois en pr\u00e9sentant ce jeu o\u00f9 il faudra une main ferme et des nerfs d\u2019acier, sinon\u2026 BADABOULE ! Au fur et \u00e0 mesure que les boules blanches s\u2019empilent, observez la grappe de boules de couleurs suspendue au crochet qui commence \u00e0 bouger\u2026\u00e0 s\u2019\u00e9carter de plus en plus\u2026quand soudain\u2026 BADABOULE !<\/p>\n\n\n\n<p><strong><u>Liens<\/u><\/strong><\/p>\n\n\n\n<p>Le site officiel de la marque\u00a0<a href=\"http:\/\/www.aleaspiele.de\/Pages\/Title\/\">Megableu<\/a><\/p>\n\n\n\n<p class=\"has-text-align-right\">Le Conservatoire du Jeu &#8211; Mai 2022<\/p>\n","protected":false},"excerpt":{"rendered":"<p>Historique : OrigineCr\u00e9e en 1994, MEGABLEU est un \u00e9diteur de jeux fran\u00e7ais qui est sp\u00e9cialis\u00e9 dans les jeux de soci\u00e9t\u00e9 pour enfants.Le premier jeu \u00e9dit\u00e9 a \u00e9t\u00e9 Vocabulon, un jeu simple et astucieux pour enrichir le vocabulaire des petits et &hellip; <a href=\"https:\/\/leconservatoiredujeu.fr\/index.php\/megableu\/\">Continuer la lecture <span class=\"meta-nav\">&rarr;<\/span><\/a><\/p>\n","protected":false},"author":1,"featured_media":0,"parent":0,"menu_order":0,"comment_status":"closed","ping_status":"closed","template":"","meta":{"footnotes":""},"_links":{"self":[{"href":"https:\/\/leconservatoiredujeu.fr\/index.php\/wp-json\/wp\/v2\/pages\/7963"}],"collection":[{"href":"https:\/\/leconservatoiredujeu.fr\/index.php\/wp-json\/wp\/v2\/pages"}],"about":[{"href":"https:\/\/leconservatoiredujeu.fr\/index.php\/wp-json\/wp\/v2\/types\/page"}],"author":[{"embeddable":true,"href":"https:\/\/leconservatoiredujeu.fr\/index.php\/wp-json\/wp\/v2\/users\/1"}],"replies":[{"embeddable":true,"href":"https:\/\/leconservatoiredujeu.fr\/index.php\/wp-json\/wp\/v2\/comments?post=7963"}],"version-history":[{"count":5,"href":"https:\/\/leconservatoiredujeu.fr\/index.php\/wp-json\/wp\/v2\/pages\/7963\/revisions"}],"predecessor-version":[{"id":13046,"href":"https:\/\/leconservatoiredujeu.fr\/index.php\/wp-json\/wp\/v2\/pages\/7963\/revisions\/13046"}],"wp:attachment":[{"href":"https:\/\/leconservatoiredujeu.fr\/index.php\/wp-json\/wp\/v2\/media?parent=7963"}],"curies":[{"name":"wp","href":"https:\/\/api.w.org\/{rel}","templated":true}]}}