{"id":7945,"date":"2020-05-20T14:07:56","date_gmt":"2020-05-20T12:07:56","guid":{"rendered":"http:\/\/leconservatoiredujeu.fr\/?page_id=7945"},"modified":"2022-04-28T13:16:35","modified_gmt":"2022-04-28T11:16:35","slug":"jeu-robert-laffont","status":"publish","type":"page","link":"https:\/\/leconservatoiredujeu.fr\/index.php\/jeu-robert-laffont\/","title":{"rendered":"Jeux Robert Laffont"},"content":{"rendered":"\n<div class=\"wp-block-image\"><figure class=\"aligncenter size-large is-resized\"><img loading=\"lazy\" decoding=\"async\" src=\"http:\/\/leconservatoiredujeu.fr\/wp-content\/uploads\/2020\/05\/logo-1024x1009.jpg\" alt=\"\" class=\"wp-image-8197\" width=\"373\" height=\"373\"\/><\/figure><\/div>\n\n\n\n<p><strong><u>Historique<\/u> :<\/strong><\/p>\n\n\n\n<p>Jeux Robert Laffont \u00e9tait un \u00e9diteur de jeux de soci\u00e9t\u00e9, appartenant \u00e0 la maison d&rsquo;\u00e9dition Robert Laffont et bas\u00e9 en France.<\/p>\n\n\n\n<p>La production des jeux Robert Laffont \u00e9tait surtout centr\u00e9e sur les jeux \u00e9ducatifs ou litt\u00e9raires ainsi que sur les adaptations de jeux t\u00e9l\u00e9vis\u00e9s d&rsquo;Armand Jammot.<\/p>\n\n\n\n<div class=\"wp-block-image\"><figure class=\"aligncenter size-large\"><img decoding=\"async\" src=\"https:\/\/www.lulu-berlu.com\/upload\/image\/le-compte-est-bon----jeu-de-societe-d-armand-jammot---jeux-robert-laffont-1979-p-image-383964-grande.jpg\" alt=\"L\u2019attribut alt de cette image est vide, son nom de fichier est 2Q==.\"\/><\/figure><\/div>\n\n\n\n<figure class=\"wp-block-image size-large\"><img decoding=\"async\" src=\"https:\/\/jouets-retro.fr\/6440\/a-la-decouverte-de-l-electronique-jeu-robert-laffont-1982.jpg\" alt=\"\"\/><\/figure>\n\n\n\n<p><\/p>\n\n\n\n<p class=\"has-text-align-right\">Le Conservatoire du Jeu &#8211; Avril 2022<\/p>\n\n\n\n<p><\/p>\n\n\n\n<p><\/p>\n","protected":false},"excerpt":{"rendered":"<p>Historique : Jeux Robert Laffont \u00e9tait un \u00e9diteur de jeux de soci\u00e9t\u00e9, appartenant \u00e0 la maison d&rsquo;\u00e9dition Robert Laffont et bas\u00e9 en France. La production des jeux Robert Laffont \u00e9tait surtout centr\u00e9e sur les jeux \u00e9ducatifs ou litt\u00e9raires ainsi que &hellip; <a href=\"https:\/\/leconservatoiredujeu.fr\/index.php\/jeu-robert-laffont\/\">Continuer la lecture <span class=\"meta-nav\">&rarr;<\/span><\/a><\/p>\n","protected":false},"author":1,"featured_media":0,"parent":0,"menu_order":0,"comment_status":"closed","ping_status":"closed","template":"","meta":{"footnotes":""},"_links":{"self":[{"href":"https:\/\/leconservatoiredujeu.fr\/index.php\/wp-json\/wp\/v2\/pages\/7945"}],"collection":[{"href":"https:\/\/leconservatoiredujeu.fr\/index.php\/wp-json\/wp\/v2\/pages"}],"about":[{"href":"https:\/\/leconservatoiredujeu.fr\/index.php\/wp-json\/wp\/v2\/types\/page"}],"author":[{"embeddable":true,"href":"https:\/\/leconservatoiredujeu.fr\/index.php\/wp-json\/wp\/v2\/users\/1"}],"replies":[{"embeddable":true,"href":"https:\/\/leconservatoiredujeu.fr\/index.php\/wp-json\/wp\/v2\/comments?post=7945"}],"version-history":[{"count":5,"href":"https:\/\/leconservatoiredujeu.fr\/index.php\/wp-json\/wp\/v2\/pages\/7945\/revisions"}],"predecessor-version":[{"id":12951,"href":"https:\/\/leconservatoiredujeu.fr\/index.php\/wp-json\/wp\/v2\/pages\/7945\/revisions\/12951"}],"wp:attachment":[{"href":"https:\/\/leconservatoiredujeu.fr\/index.php\/wp-json\/wp\/v2\/media?parent=7945"}],"curies":[{"name":"wp","href":"https:\/\/api.w.org\/{rel}","templated":true}]}}