{"id":7933,"date":"2020-05-20T14:08:46","date_gmt":"2020-05-20T12:08:46","guid":{"rendered":"http:\/\/leconservatoiredujeu.fr\/?page_id=7933"},"modified":"2020-05-27T13:46:59","modified_gmt":"2020-05-27T11:46:59","slug":"fisher-price","status":"publish","type":"page","link":"https:\/\/leconservatoiredujeu.fr\/index.php\/fisher-price\/","title":{"rendered":"Fisher Price"},"content":{"rendered":"\n<p>Fisher-Price est une marque de jouets am\u00e9ricaine cr\u00e9\u00e9e en 1930 et filiale du groupe Mattel depuis 1993. Elle produit des jouets pour nouveau-n\u00e9s et jeunes enfants.<\/p>\n\n\n\n<div class=\"wp-block-image\"><figure class=\"aligncenter size-large is-resized\"><img loading=\"lazy\" decoding=\"async\" src=\"data:image\/png;base64,iVBORw0KGgoAAAANSUhEUgAAAWUAAACNCAMAAABYO5vSAAABelBMVEX7NxH\/\/\/\/8\/\/v+\/P\/0NgD2Zlb9\/\/\/3bF34\/\/\/\/+\/\/9\/\/33\/\/\/\/\/\/v\/MhT9NRH0\/\/\/\/+P\/8KgD9IAD3Og3zOxDutKL6NQD7\/vPuTj33JAD3PAXnZUb2vav88dn1V0P7OAnvMxTvl4Lri4Dzin\/43Mj7++T6i3fvPxL40L70NyL2p5v\/\/\/D4Nxbus6fs\/\/\/rKgDxUTL\/8OXnLgDrb2D1v7T\/5t\/lVDnod2D\/9vPw\/\/T\/Lx3\/6ejfMAD828DfV0T\/8uTlgmv6sqPlSiH93tfnZkH3zbPx\/+fnhGPkOR\/wVzTtlJD1trT3paDrcmLpe3XzrJXuQTnehG3eSCH80M33no7whor5473hmHvz783yZmHvyKXdVi\/nckzeWkv5r5T9pIfuPC39ZEr6u5TYTSr6VS\/ve5DxinbMcVzWPS7rtJrpy5nsq4H2iVr1Bhj919ndbF7tT0z5OzfitK3TUz7bdkzhVB\/djmf6wsz5mIH2sLTSNhLXY0vydGrdVCN6usZfAAAgAElEQVR4nO19iX\/bRpYmgKLKOAsoAi4IkBRQMhVSIgSINE+JFnVEHcaXYkm9brePaONeb7KZSXqmZ7p7Ys\/\/vq8KFEXJumJLTJzR+7XdDgjU8dWrd9YhqRgjTbmh6yINYaxKGCHDRjd0XWQbCGFAWTP9X3vAf8fkm8DNEjKUcmvihq6LWmXFQBKy\/VaQu6HroqDl25qkIOVWTrqh66LcLUD4BuVrphuUx0E3KI+DblAeB92gPA66QXkcdIPyOOgG5XHQDcrjoBuUx0E3KI+DblAeB92gPA66QXkcdIPyOOgG5XHQDcrjoBuUx0E3KI+DblAeB92gPA66QXkcdEmUY8my3JIHf+dYjjFLcj2XEOv8sl1ixe7gn657VS3+FOmSKBOp5JJ8PihMTty6davZT2meRiXPIud9FBEg65Cutt2fFl0S5YhIbm1tdnumIuuy7M8Xd952c64UnfcNscKQRW4Yuh78ueHli1H2rPzX37eRjFVBWEao+OZfLe887AhhoRfkgQL+97ls\/zunS6JMa7NVjBCSZST+hv\/DavELeh50sUultY36gO6zK275p0QXo+wRUooKGz52AGbdQJqGdSWxTVO1e0\/S6GwVSKQo2MAYy5j\/JTepZ\/0WxQbIMkJW4lJEaRiS65lxl+FlQrobvq2qCNu67Fcb1YrqOFjRkVZ5ktLwLJiJFdE3pnxIU4ByeC19+DgSKIcsn+72rXx0PXxwMcrEjYJZxVY1BdlJZemrQpr2323BF7rm2PrEOSjHFq3tyTI+Qvm3yMucSH5yema+V26lvxovR2ytjVXkmLpeedINGRBNix1Fl7Fhb3XPlLcRZ+aHCGP0m0aZCwk2105Ux0gq++m11HEJuczSbdXRbUVJzPspBcsX5tfdCnJ0RTE1\/3G+dMaHUWR59I9IV3\/7KJfmEVIVTUP+E3oddVxCYtCXmi3EK\/pfQWa60dqW7+v8kYqmA++c4umcqco6\/i2j7FmM3uYNFK1srISRdOVi42KUrfS2molW9DTI\/BDabKuZsEV4Jj3PNfkEUHatMN4a6mh\/klnnsc2H0cUo037P1jTegnaTZi41ayFbWM0yUv90rsL4JFB2F1bxIcr6M3a+r\/VBdDHKrCUPGLeRMivmj+hU28hQ1uV7wXlt+gRQjq0wLY7wco7Ev4LEYDtgtAmcykE4QHmzijVZVw07cXY+fZSj3PfgOemmiTRczIXS1bsmF6Mc\/Fm2hcCQp4Mwq5\/UdnRVcxyk2I3dc3XFJ4CyG5F4uafbgLKttj\/\/lWyM4J5mo+MoS6Q7bScGKMWZt9a5yuKTQNmy4vWerjpa4u8H11LHxSjHM5ohH0c5lmhwZ6viN8rPU4ucZS9z+gRQBufJIvnmdLVdLbdq58ZyP5guRJkUZhzVxAOUj7xpli4sF4Jzg3LSJ4IydIaxtL+7m1Lpg1p4EgQSnRDtZ6LsWvBu5LrRQkMF9SdQTiMPplfkFTyv5BLuarOo5EGJsbSy4pUki1LKKMuFoQs18waPoPwFLaxEFLxzSt7LZRELCgGWktwwgjJj3khwMnkp\/JGU5QC8kMQ8N8ZriUa6IfIwERChzFrxPMbAleJxAOpmLREqm8QuVAx9Ii5zYyjchXKoBQZFDK8xXqg7asMxtxATL8wxloM\/fDRWYs72g6ER2R+AJ4o4BrwLFnGlGJruBX95sfxzbI0kLs5GeYWEJAiCfL+RaIrCcVoKgjSopbnIovkgozSAwnjmySuxfL7fnLj7aOIgzuepWxJIjqD8krq023zxYqqf8vacqA1a6+ZYEMRxbAXQY+KWOCgAtysqy+eDPDz1XMr6Lx+3dgOrNPoxS0Vzat3AoiteSNPdqRd3Jw7SfB6YIhtTi9SC7K0USucpzN3WT2sFxgHLDboDdQxLjaWIQtWF5eZnn00upAEMG+CWQQftcqHfDH6HBkPjaFjimVALWh99\/erpnfvfPI\/JJVAGhsq9LXPyEywLXm5vbxe360u7LPd2entb\/La3vwLaLwsgfbk9U\/F1rLS3bq+nHPnjKD+j3Uf3Kr7v96bXUnZC\/sHrNJ18M73VqDa26rNTXUqjEOCBMnJPeUXbQLMLJLLSVtGUldXF\/lGUKopqrXrWnO2NTSblD2aLFd80ReIs5ZNHILP7fT17a\/ouYSXWf1hFslls1Rg92BDPoUvTzWHDVixaW1ssVyu+4lfmy\/tTNeD20kDVw0QOaTC1Uy5Wq43y7fV+QCNPDKe1\/O13E\/\/7q4NvX68cmQVno+zRtCyyTzoeeEbC0lDxfprW+Q\/8v5L5Zj6SYM70H1dtrPFECsbY9O\/dtYCbj6HcrG07iTiSQ6nun3AYgZ36raKvq2C4qBjbWrlVsGgUc4mRa2PbFnkweSdHCw9krPoYd7aPMruW1S0nvDlYldV6rftNTzTFQYbqV7Yn85l+dmeVxBAt6YATGzeLBtbAdkN3UvqlzxMNmGfaFofMTNPWnqPrPBoJpBrt+suUMDqQdSQ9WKyacpags3F16eUKYS5nzn\/+pX\/v\/+xNrf0QXAJlVqK1omyapo40fYCyD+3SjX1K36jIVHQgpwJKDUTYz9OKys\/kEYPCoTa\/79LjvPx\/6zbq8DZpKFEWj8NMgolyx1bBZMXwtabYBt57m6NiPqR7JjwXA7wXpNv82BTTd2x\/boiHG6X7mLdGN+Wk+t2eniBZsW0oCSMH976siTd58AV6Ay8p+Ekw2dNUrJgw5tUmXa7qigK6B0oeosx269hWEIJfsAo\/Ylut7MAUy2S8VZttq4auiwQdODMGdHiTRiBECjuFg\/\/39Q\/\/8q8\/5I5yFmeiTEusW+SSQsGOn7nT5h905CNjP+el92wkUEb+JItjqVYHftegIVjGyLZ5TNneXiBhnD9CWbTYwSoUCX+eBCsL2ZwHWQd2oY\/tjgLMqAA2sgnTRzXnUrBKrJhNmUmGslEOHuo+FIaRZts\/5oZOGvHShipgltX2qqxp8LmNHU1TDQ0j\/2kAAlOitUVbF41W8OfdrSw+wP\/M0fw+Bhx1hBXOy4SseCz4qc39QWiKo6m26jimkuj6XpeWhOorTGPc9hUNGu0g0T3b+PGvXHIXXnUni9O3cwuvVqKLUWYeScsGEAy4maFsgw7UbfW+ZQW3gatFtJCjLAVPK44M3FTZXp9qLVbhqe4Y\/v3gGMrYsIFFUeZGytXXNLPrSAy6aqdiaw781m7LOlSYzRxzpwaCzrMKq3amF\/DW63YmvAAQu82GKFtusDeM9\/BGzUwv1XsK1Aa1OnrlTQ7mOc29MzJAFDw3e\/S2vcHoVFYjoLoYQKkw7K2sJlNVK8V6eaaTgCDDvryRkhj09O4937ZhMjim4ydKm7+pOfbMGgujwg+7\/\/ZtsB1\/\/apwGbkMNsnaxvTGxnQbm1nsdfX2xoPb04u7xKI78hHKEjuYTwDlxN\/p5mmutraqVmCEjXafjaLs6DBIMI11Ya+o9ZSJVlgrYbCv2CAmzMbc2vLa05kst4LkRJlNQXdbgGBWgrxV1rMfO7JmV4942YryD44wxr0n3TQNvtuAUh0AAxm954RJFntpaqIcHf\/7qjF8P1nMsb5+DOWQTszb4k1f3ntbC\/KFR1UDObpvaI+oy6Kft0GMItvc+6nZbE23s7JQYqy+ZFRqfnvwL92Jt980PXIJlEGaW9y46TbAwRatuw12HDxgjFDgBeUQZcLuGwmvpfo1GNOlMJj1YaKBmrxF3RGUUWP97fo28IDoUcI1UDbd2VsfONlW7r3OgQkX7P4jY3c1UdutNHKtYGuAMkjVTH3JPgj+enqEcpi\/fYRy9W2Qt8CyCPYrqqNy\/aWWa4xYuTU\/42Xkm8gevq+8YznPPIYy628ZCX8V23sHlHkRCe5UDJhsqvEgcGm6BIOtaZUdbnXQ\/E+C7VUYUrXRp1R68W1rufXqBTgAF6NMVtyQcFO\/wFEWBsV0AAMJPAF+wVNZGaJspXua3MGasVeIPNfy6Oa8anZ8ZLaoN6L9en8DDNPpgczw8cNAtMLLrRTBQDCV1b+CVVEC06L7PX\/BUDm\/fp2PvLQ4iLwqCvJ9zqyAh+3\/lPEy15BWSL\/PXtFlbMIM8ApxKWSFe4YDhYC4x3epZOWa\/sBaqiiqf8j4crEfebFwbgXKlOdad2wkckFYWwOVRsKIxPc6YLb4na00ore0BIH4K8NM415FbrkNEkzmqlZeSkM3XFj\/\/Mt+iY5EHi7jYWuGfNzDdukszPwhL8dVGGWYytU+sCeNaArWhOLjdtMNR1BehK89ttnO0oC+vVUThbnBH305Afn3vTA7QGNEhR8RKHYhMx\/SEgmKciYnNNQptx7vKbai2HhRtNcNwZ2NgJeXBDM6Hccu1sAzECKfvTAzNJFdD1yLfeZnUS\/dV7Uf3i6uYkU3UHsCbPdRlC2Xfd0DR0yF\/1brQZRFm+msgmRftcsBS\/fsjqwYnYlDi53e6jiyqEg1pyi4f+A+XNLDPh1lcgrKUqmHAVXZML9JKV2IKXu9pSe2eTsl0QjKj\/PA5yStZ0xkGu0pYTRF6VYHGBCjVtZo8ETYf5iGibLZ\/xzE1iHKMPMXLDBj66u9bbCnRUvA7ysUyCHKWscxNgJrgDIBYZfxrFo9iMgQZVAB99N8sPv0XnXr1X\/mpGMoB+AfPdRVh6Msyz8JF5w386CRYDChnqYUxs7EitMrHCLpdjfUTE0pRv3U1NEVopyo5lKNsphQtz9br7dqER21l9cAZXCaW342\/7H5NCe8wynflhEIuqYAPQaUafAPnBkajvn3PEkPUTbMW9wkpUHaT1mmO+HdwCKHKIPERcojapHMhoIhzZQAWHhv6BHKnN+pF1n5tFsLqHQc5Ry4lw1V04T5vLoATCkKi2hrxtT9ep8G0zrWZMMpDoOkLv03f6Av7NX+aQHqK0CZBA3MjQdbNfCPd1PoDgMggK0jMInujESLSlboWrWqQBkpxlaNlxbsGJqNgT12RfNCRtza1I+yIt7ClXV6JDFAuYTeisXCkAPpiYmwuzi9PJQYsg4iYpJGg5CYS\/+pOmLiyMbtfDREGds7AQ\/ueC6lYJCfQDm0pnxhSoMH8GMQggEjYIhqu+uz\/wFc1F1VdYQSefsQZRL059rGoOhe6Zp4meT\/HYHtqIFXBaNcn6gBO8SgawvS+yh7VjAtlDc27fYy9WJulDtgOah+k0XQXca6re2K4isq+FNy8c0CjMMhyriYRoBNyVuJeGgQxrL5qp2o0+mQl8GgqBwwd2B8uOyWMkDZLgZHKKvqHPVckOdxIRaKQPJGUaZPfVMBDxVU2gNwbAfpIS+iLlgUpDSlgRUNTsi9IOLgU9r\/pqogEDFQQrv+lmURwCtHWWKTbXD3eASDw6ctfQWyLcxM8hPx5dBz8+smf8vWsCL6WlgF31xtI3uCTwLWf1M0VXDRuAdYfpxyjT9EWS7mOTZSDEo4ZLQ2Nd3DYuoSN7PkwFlD8wtH8Q2wKrIPbdTr0iHKSB7NO1luREqjEiPIrEIQvfb++9OftnTNBBmXbBUIYJx+tVg1DVnTsaP2NprpobS6cpTBrvhB4ebVoEdqG\/x9rxSdiHwKlF2Jvq4KUwysijKI1OigDTrFNrG6n7fS\/puGycMz2NDN+t1aFrk7jjIPYTIX7L3WP5QEOwDgTHoGyiS3PER5vn+EsnwuyiSoH6JszJ2C8j91BLDKBhj8NH3+X+3EdgwdfPrVh8tpLr42lC2rlG4oGspidvI8mFnVJ4U8jU5BGaRcdw8eaMhXcKVvRbmvwRbXFWDeve7mTlVVFMU0E6W3wQONWW3HUY5BHMS52rsf4TtNVznKubNQZgft7EMDVTYvjXK6l3G84uh3TkH5GwXB2ybSv6zdemAaPJnvJMnq\/Z9z0F7QxNfFy+CRpksaGpj84I7rKt5bZqejHLI\/AquCZ2A68pdWVAOUkamYOuptV02VG6K6PrMzGdDD9p6QGGBjpP25hm5rKvg3OkiM8lkSY4gyUgFldkmUpTSLiSBF0x+fhrLB4zq+hhtbvmLbsgbm0tabfgBCknA37rR1BleBMk9qpHNtvgJJBwsM8WgpnnlLozB+D2USsUlwqBVZgVkGatpaVuy2D91Dgi3ajurPLC4EPBfGczCWJXnpcblM+7dXoWKdu3SyYjp4h46grI2gHNN+ttKMO43Ll+RlGqV7ma1pO+ab4yjz3E3wVFEFL2NbVhPT0VXzxxcw70IvylI7p63RvhK5zF2J9K97Po82ikgDVlSl95LlLHZKdjUo2k7mnldjySr1krYyUEp2YvvF2UKeMzGxpNjzeNruhPZ70cMDj1sWRgXIxzNQ9mgzi+SAPOpdVi7no+BBNikTTZ99H2X2pW6YWd81lCBbKd\/KcsxWHMeuG8fXxctidapFa08aumKIlYu6jVSl0Weno7wIrCAe+Xcj8DkMTRG9d1TF33pUCJjgBhg4sNXg3yvHUabfJoavH6Ks2clGEJ2BskvXMl6GqVVNo0ujvJgNekdTd96TGIROtQcpfe5Z+Q9epoNo\/YrFU8enb7m7ErnMQ\/FSGOYXnv6p4\/CeYN1BKvdWT0OZrYEZkYUgHwRhcFvXVBFAQn752UKO0MwIjMKwu\/x1wSKF4xKDNqtO+whlNFOgRygDnvP9I\/XD1rOGQ2PLwWVRluidDGXfsZeOL4LxuCVeqIJ9JN4wzKXnXTaA1Q1Zrj\/ZZ+y6JAaRYDxTEP8sOHhgZk6HbitqIxexO6egXFi1s0CvvRqE1voQZfOnfChygKJeNlVUOuDRhifl8lrvMBHJhU6TB81GUP7D8hBl4MqBO4OUHXpZlGEGCO9e87VkbxRlFoQ5RixQjnrmvtpVcKfjwfZcQmqzbbs9W7gmiSHR7lJ7vjGXs1YsK31+j4tNnsxR28un8rKb3+E\/i4a+pFa\/h1EWtEiKAYu4vov46qV+1VZV\/F8pOy4xPEqf3wMnGTlqYsvlTZevsRigzGvyn\/D1BKKdYVAGz1\/mcll+kS9dDuWASLUitEi4WKtxV8pWqLkkuFts9x4Cs85lmRseQ18EaXVoIVvvFJ4nvHVNcQwp98rEio2+TLmOzf1cP5xQ7eYZKLfgff5IUXcCq7akZiF18PlmcyFf1RBF4AX+E+xuMJdqJ7RfHFFSaG3P\/MF3Vqdf1PgcPkIZYcWfBgMlW4HBDiqDD1XQEeRyKDPowg4PEvIn5l0YMtFnL5qa15Hv38+xhWqShcj5TGKR64lhoOkW1k3H+Oa6okX9aoK589OlvM9Wt5hFwuzKLjltBRcYWI1syqvqVo2Gk71E9L6iGfNf5PkqFL7Ao1sGW83Bxa51HGWLhBFfjDL52dpujUd7jqEM\/k21S1g2a4NZ3RZxDE3ZCcJL2hjAy9EXPd0cLMDMkyz8EwXTieb4yVaN5Z92BMqmrOp7MXGziUOfdzRwZJJXp61nvAqUm8jm+VcMA+9KlkVns9g5bnStU1F2g+mM28HWXGMk+KcvmNkEg6HxNQFWlVjUXTcNU9bwdI7zsj6CsuWVvBCQpqDSrRXAcwRl2QS4FmtZDJ19By3PPqz+J5Wiy8UxeEYqt6hnZg9u77IsXMQDA5quJ9Uaod1yplPBlJIf\/EyEHUfS6QQByv6LD7IxpMIMmAsnUM4DymLO85UC0qYjm7bi2zyC7YKVuo99medQ6ymgLL+Pspd\/MmBOjEFkuGnZBsYAJ8rX1Zn1lLqU1t42VBtgb4NvAyijQ5Q9vkbK4nZrFPFkMtf7IyhjE7yF9iOxsilK6wn4OHzNBABPVi6Wy7JAGQaSfrcKbdb5lts\/17IlasGffafTQbiYroT5lxUoE1Sg2VGUcj\/IMUrTOyBOwCEtdn+xxIiiFZcdVBMnyztv50MyCLX9IGcoa51JCs4Z0sQMawU83fi6AZaaomjaFFuh94c70QCvktATKzFbNjNvQTOKKYnZ7qrM71oSQsQsrzc\/e\/egrZg+SLnFIASUDSeTMMWgdNqy0SMbA8YeFFB7n+ew17ItOYqO0V7XtYjHpswsN6DgWVo4Qrng0s0B+jLeYO6KxOjLis3juKqO6pspo0HtIXdYKzaezYFAq30JTrvOF42Afq5uPHve\/LysgJOiJO0pdoqJcQEvE4uxtbaNTAFpMWXZdCDB9CCHrRvvKGF3cYJBSOntjZ\/W\/nq\/ASzVwY65nYZRfmm4q3KOkUyCxRHbzVY76MiWWzQm7G8NbFQy+0lD2Ogo8JfsoGS6G5WsQlVFQsKoVY+ej7LNfU8ETvreXjGrAmMnmWlyy4XQ9YxZgEk3giMseOT45RDlehrBq27tbpVfYIY6tl7duDN3u+qDUYMSvdy3+HqN9M184jhcQfJlYjrfk55geNBer5261PhclEHo0XRRVgeZ+vZbK0scWN+tDmJDCogFQoPbigaqDP5nVnyMoaPtxChvWiFbaMiHxu1ezcpEnMfY39oDMWqjxmYMTtNmWTaEoPd94A8D64qpJuZiSphLH8tKlsWyT4vejKKsK9BTU0nAOJE7gw0EYLY3xVZQUthTBk1RGgdHBZGYpEerOdproFwsj+V\/akN3fBMbqgoWZcJX5djG1iY\/5gaYL2hV7UyZ8KVfoPo1GAO7+gj4\/pQg\/kUoe3SyLR9G2\/Cfgzjb77eDBwoJxP0UuGvpXFXmaxTA8EXZ4jFzuw\/NpXPqoQOBjbs0S1R6JNiRBwsjQP0D+oTQ2uyqGA8e+GxrvBB9phVYYC7kGtivZHk\/rZFzT1EuQ5RlExnVus\/zcjyWKh5VpvuUcUFOH8mdLDgLwu7hyL7mmH6GjtycpUBsf3fZ62ngUK4Q+OI0BzjZ9qfBWoYG8OhYfnna5KdX8PaaHQMriuxvNxmJPoCXo9hqVkAYiCWRWLk3sFLSaeA2cSADlP2IH4QRvK1XZdW2DRXxEChu3OGLFQhdHHzKX31Ds2SNawXfK4Nnpmz3SjReWGG5zcWGKWdrL20Dm1tzXRrxcF+uDUaw+EFH1YJ0LspINWa+u1+VE5tnoG1D9xvrAfXEuQH0jZJktcq2unG03zom9K1\/2EhZ3U4jaGFcAg28Xq7wWlXDUHCi+sV3oFUjz+KCz42i4NmDqplgxFemYUdrl58FNJLIqRuszpfLYLuWbt05pNlmRLMU\/MKduezR3FwrS5jT9PnOXpUvT67MFzfedVMr8iQq7b4Zfr3eJwPdGbHNN3PD51Nehj7JdVs79Ua12qv+WN95WzvcTMGe3RkUMje7VjgtRj6i\/RQ0vxC83mlUeEuqW7dbRyllKj06rHTuzcKRxCgQWmoNW\/OmSWh8uOiJr19u9HzF93tbG29rJxQbS3ef3C72evPzja3pubXaOYdlXYiyReghWRZz4wwmbktwynOrNXvEWNBvTkxMPd\/s5pjLA5dWGLr06GsymKWxGxJr5DkdIMeXbwWFwsJCIZcb3bBCR4iF59sYPIpPWa62DC1pllKweYZvheGxcobP+Zr7\/PCHvMWiDGSPUCtP0+5\/fzE11dzlOwFOnJ7AUcgHOc8rpWkKP55zANZFKGdr+zMiYZbMk7wSX1jCyQP3cvAIJvdgLCzXExkD4oY0Gn4dhtkmCFCBnnf02I1Kg+c810RCoNzxpTmimuxdyVo5pZUnUOb+p2hJdGz6wsekJMopQZOP1mPypyPNcQ9PFuM95zssM\/RDL47frzseNCvLkZy9G\/MC7ce\/Hp5VJpwB8dzKdtdYVuweHqkTZ8MBIxvzXThiX4vYAXBIrjtIunMj3z0qVQS\/MxhApIi9JC4vawREiwxqi0\/dV+q+n5EaDGC2amPYnZGeHAfrqJWEh+Eznxr+Kfb7CCy9+P1J5GZjYVmivez0ZNTFKJ\/YYjUyWoMQiQjVkOFvZEDgkPHF\/zwP6o5+LQ3RJKOlHm2J4WwORE4woTTYIEakU89WO4FylK1RzOjofd7kwdoKqGVkEDOmOSRr5D+yFJNkDYo6WTdnXz6bhx36QJQ\/DTqFl39jdIPyOOgG5XHQ7wHl6AblcZBVyt8WPrLqCO3nhdezaf2D6XeBMgnz2do2VUOVZXaYvvjt0O8B5chltWxtG9YdpcVIdPVn4nwc\/S5QLtEX2R5B7Dt2fZj3++3Q7wFlUgq2RbiNr4ZN2mvuyc0zvzr9HlCWSG0Dmz4n0zd7TTc8Pcr769HvAWViWWnzq+UBbRbINZxu+HH0e0DZc\/mhM4fkEirdaL9roOhYvA2clBuJcfUkwoGud0jSDcr\/M+kG5XHQDcrjoBuUx0EDlB3l1v\/k+0Sum\/hW5RuUr5tuUB4H3aA8DvpVUf4VApTkVwlxsLscZUOTF4PYiseXYyCSF0uUuVZhXDUKii2XMZd43tiuGyRubEl0EWuGhGW12KXEO21F5TVRRAhr\/RBY483QlaTg77dyFvHGxk4WX3DXLRoylpBpm08Dvq5qXJV7keU12\/OP8uO9wCvMv5tvPx+npOJL8tKnvm0iyfF1fr\/ZOevprppcRv5WVLXK2nidITZRwclMMxjnDIpqf69o2HckzZc1e\/5WHmTG9SMtKohov6xipMxMgpiUrv62m\/eJx+rYX+cVRzPKfbGa97p7mi38k\/J3520N+ZqUpSZ7E4ErWfF1a2G+QDJitbLYO4Wrm6CRxoOyFW9Wxb4+fiJl5LrXjzJU6QUTvWw\/RYayJs9P5UlUuu5Eg+dFEevf88W1SVjfOsiNRR1YJHewJbYhaZq\/3WdR5F334HqliOSn5mXtCGXDdtDMVECia79UmVCr8A8lcbKtNLi4fC03sbxHdLk42BTnJMo\/CtZF91N8NBHLJcHUDHJs44iXsYrMSiu4du+EUPa6qCJkZxNJsRvNMahAkms27Gy\/H7aRppZ32fXDzIJWxUTqiMRAWkdBSeVdwCLp2i4JjwnhmyiLwMlahrLpI6M3kfNIzBdvXn2\/Cb9qISYem+gZyM8OjbY14Obi3xjhzbnyGgVxBCMWvKskSOlk23Kl4aZCjM3ZgJHr0vp8ywlMoqo83F+X1Vpp5Up2TuAAAAb0SURBVJnE79e4+sHl2\/MsieVbvRN1yo0vAuK518RP3Fhjwax5dGDKCMr8LqUHNX7RybXUzbcNpPzOJoSOdVn19\/nRZh92880FxPcj0GDfV4\/ViJAq99bTc\/aCfByVIsZqD\/xEc05BWYX+q\/Xvrqtur2SlryqGrR4HGVSvsl0g7rXYkDB2pLCtGCdqRKptVJ4G+dL1zFrgp8k6B\/NocEckhq4roI5epNej9gndnJb57nDl+PTllzps\/Xd6bBvNVVVpkfS\/t\/j1fccFhmKauoqnN69JBZLgRdXmF0ecJjHEWcWq7S+uxBaNvOH+pY+jCFwAacUNWf5Zgw8uv\/LiGOl863R7LhUXwVyZpBQnCkU0nWvLGn6\/Sp0fFt54lo9CdyVyr2QiZTeYgy1MVhZ9W5WPVSodbwDCduXeX2qleOWKUBbbuEo03+fS4gRTjVRrbu\/mLRiRq1L7MV\/8md\/dNk\/Kp+EUklWj8qqbp+A9RFexUkagvBKXun+5V7HxiWqlk5Ujw57fX6FXpYz4AeGMBbcadoK1wSEV7xNM4NX1gJ28YuojKGI0XV8Fu+mMGvmZC4mydStglvX+DWIfSjENZn3bQPKJak+grOpI01Rc\/CKQriZ4xG2pdGGjkhia4+jHlf1In5GDOtNr6dVJDKuwNt1BjnbWuKqq5iAjqewsFA5vLPg4EmAFX9yDgjV0sqMnJYYOTpKGDf+2F3w8ylAAP5K6VdUNTePXwZ81f7HSUZ1kfrZ2RQqJkMJ+L3GMzlkggzmn8JN8DL3agkqjjw\/S8dNWve99A\/u6YuvnSwx5cM85eAv3FyiTYr611pN+qQEQRdmeZn60+rO97IQpjN+r6nitpoG3PhdHZ56yJffSFYOMDXPp51vYUGT5\/CpFq2R17xn4vBEXq3H8i+u1Yg++8fjpBAv3K3gEwfNRPhxs\/0+z3Ry1snOvfnFvwf2B6Z9LJ7b\/0HHOquM4mQh3OsV34KNYFj+2\/pcTfCXuiXhX7HQGpy5eTE7nD9sTaQ6EDDv9nOpziZ9lRMAoy3Vn\/1Q5a6qejTLwglmd7YPP\/SEou4RFIQueFU0zsc+s\/DgpICltVS9+2WX0wyYwOK4R7X5Z1PmdQ2eK5BOE7MQ0+WktuYj9cjXIDxaAce3PVk3F+MUoYwzKysaNnWYt9yECmkXd\/npRcQzsaOfO2yNSMXLAzU8qxdnXKf0QkRHR2uunxUqS8Au78Vmq9mRPNQcbjlJ80+9GvzwoCZM2V2vuNLCtZydz\/SKUZU3ltzDZ2Jl+0Q2oiDSI42ayszdGaXBHKj+rRBwZwU9PZmlzcVXMB1MZRLIvJE3vKKbPD7zCqxsTKT\/Yia\/7trLDHE7WOngiqhTnMRBK01sbVd5kzfeVjn7ZavmxVOD5y6uLzRoTd7FahyewjJ5YcVSraAk\/sJafUxJ0X0zzJsuKrZ5Z45koD0mVGztTtRw3ZgdXZInrXY94TRwgIeD1SuJ5LjiYK\/vnq55ziR99tbW4lubpoLPZroYTR3YMHmXDS4NgcnFreEL\/B9Uq++W5gyAnHNaSJ8COotFkDndk3Qx43mfGcrWpncYlOnoxyvxkLb14u1US9\/uKS0NOHBUSAuiiESAooLdfzZbbWAWO+uD+IqjUwO3yq4kCv89I3DIsgTt6HOWVOLt\/2IOZU5j4BioFX12+pBI4hWAWqVDp7FdBwM8piga4jl7hzDsO5kQkDtsJSq3bRYVfRHdh0RejDLOPO4yoWr7\/cjMVdwaTY+YljCk\/LYifEZU27zyommJgFP+SOv4U4uezgqhRDaVXv\/NZjZ\/0RFlYOi4y3FJ2k3Va++xOvadgUGLt4c0pH0Im7yiY9Gb1wZ2muJ5Z3N89asLzXSy8oyzdfHm\/XBUnzim+f2HRF6PMr7rQTF0cMFotL925O9mvZR0fUpDWustrj\/fLvQrmIT+e7DIV\/cKizyB+zS2\/DRVpOlRrNvaW5u4uF4I8PU78wuq7c0t7DVNctisuo0UfITL4JRUyD80iFVdmyvuP15a773e01p+8e2epXM2OuTMRGty\/ey5dQmIAY2HfN3nAVIU+mJVesb7x8P6b1qO7dx+11tdnF5fq\/Ow1HulD4oJhcDE\/XDxm7gK\/cRGQ5tYYvzrC7FW36hv7c3OPH3F6PDe3v1Hfqvb4lUnwO78HmPMhvsj5uahmMbKKuGwW636vWq4vLc6ut7Kuvrn\/cKNe7FX4CYOABXC976uXmj4Xo3xaYzieCr8rB2SSefjkmgnmJlgsMq9WkUGeKGOpk\/\/NYzv8UE8FfWhHPwxlfgHbgLBxSbv040k1DMMWldrwr3FVywWgoQ56q6tjRFkc1Cm2mHMaA1MJApGABryM0JmRpysmjHkXRWezE0o\/pJD\/D7\/O3H6+SedrAAAAAElFTkSuQmCC\" alt=\"\" width=\"429\" height=\"170\"\/><\/figure><\/div>\n\n\n\n<p>L&rsquo;entreprise est fond\u00e9e en 1930 par Herman Fisher, Irving Price, Margaret Evans Price (l&rsquo;\u00e9pouse d&rsquo;Irving, une illustratrice), et Helen M. Schelle. Herman avait pour intention de cr\u00e9er des jouets qui stimulent l&rsquo;imagination et apportent quelque chose de nouveau, de surprenant et d&rsquo;amusant. La premi\u00e8re gamme de jouets s&rsquo;appelle 16 hopefuls (\u00ab 16 optimistes \u00bb), elle inclut un couple de canards en bois.<\/p>\n\n\n\n<p>Pendant la Seconde Guerre mondiale, en 1943, suite aux r\u00e9quisitions, l&rsquo;entreprise fabrique des pi\u00e8ces pour l&rsquo;a\u00e9ronautique, la d\u00e9fense des bateaux, et des fournitures m\u00e9dicales.<\/p>\n\n\n\n<p>En 1969, Herman Fisher prend sa retraite \u00e0 l&rsquo;\u00e2ge de 71 ans et Fisher-Price est rachet\u00e9e par Quaker Oats Company. En 1991, l&rsquo;entreprise redevient ind\u00e9pendante et sera cot\u00e9e en bourse avant d&rsquo;\u00eatre achet\u00e9e par Mattel en novembre 1993.<\/p>\n\n\n\n<div class=\"wp-block-image\"><figure class=\"aligncenter size-large\"><img decoding=\"async\" src=\"data:image\/png;base64,iVBORw0KGgoAAAANSUhEUgAAAOEAAADhCAMAAAAJbSJIAAAAsVBMVEXRJCH\/\/\/\/OAADRIR7QGRXMAADQGhbQHRrQFhLQFA\/PEQzPDQb99\/fPCgDkkpH88\/PcbGv55+fjjIvSKif99fXz0NDxycn12NjWSUf66urlmJfvwL\/hhIP33t7ec3LopaTfe3rYU1Hnn57stLPstbTqrKvUNzXVQkDbY2HYVlTSLSraX13uvLzyzMzfeXjaYV\/fp6jJOz7alJXKKivZm57Xi43WfoDr1tfMU1bUPDnRZmf8FxX9AAAXRUlEQVR4nNVdaZuqurLGREBBFG3nsR3btqd9zt77rtv3\/\/+wm0BSGQiICor1rA+6tDEvSareqlQVVu3+Mr\/rr1l3+ZXlUHozshWIvZJ\/+y4I+whNxLuDixbi3avdKffHy0I4eZHeTD33BG9WyHLf4N0WeW3577qFj6QshHs0Fm88bDXe2es+wpaFVuzdAlk4kP6s\/VH4SMpCuHaba\/56iywCiu23ZcOi79jSdAncYA9\/1UOo8JEUiFDaXLUOAQUQX3AEakdfjyhay6ofo08+KFwMY5gjCw2KG1AsBSKcv4vX+4AM3Yv\/YxiDsiL9csDsDdWubSReE\/mmt6WduO6NUiDCj+AEeuLdpUP3o5kauzEo3GyR7WmxN1hAd9fR34T0rXuQrriqFSAFInSxi2bxyw4bexDCuiTijFvw2vJ6LcTmM57dYxC\/BrvSeStkUxaHsC\/pk21gAcSwDqgcB8Nrq\/ELbxrfZAX47C+27HpD5KAiTGVxCOO5QtHe+3D44P2waaWIhBZ11h6\/C7EOImoVF6N2bkM42YjXu3je6u4ink4+4jSAigTia9HS7Izp1fx92g9fILchHNljUC5tNlkYfX4GZhy5hE4cWaH0ZaMIjn4bwgFyuSWvhTANwQtOB3BWiL3oMR3kSryoNTGOoGyEM7IcffwVvT4IWLcAtPDbBywBoUz39rV78jaEkWHHKGyR1yhj1JdBdOElNx1fB3S11rkRYaziG2hb6xaGUJKY7XQ\/kHu9Xr0NodAu602qVbhBPMJqWvNI7XAycQeEc+mnXht8LG4ZAK36N3En4ysHu7shfEUn4IvL+pkh3ij47Tdgaiu41jZeMYcN7KN5bAbXbvYIb4cIavlq6385wg3lVw30TpXAW9kIhcgIV61SETL96aCXVe10k+W7DCHfGpMLAwGXIwS\/gSzWu+ED13gQoqZ70aAvR\/h1T1wSQspRd2\/UcshkrgyEg8cgbPRq0waK9r0Tlotw8RiE+IA8tuupw1w4wmV7xF92HoNQovPetASEG4T8789ISbcehFCIvzk33CsQks2H6witV8TSe+fHUK4EnyUgZL6R66PT9OXBACG+WixCHvS0cCkU+yIRR1ej1XiUNepLELYfDwwk9ou7+5Aoh\/P0Ji\/C4cP1ixBUm+yWGPlO5F4VhfBRNsIkxDQG9dh45PAac1v8O5LssyKGkiMqnhuhcOcrJMo5zjUIZ8PFhLtiN0V5y5JmjjSHTITEEyPy8n7stXerhxt6g+SxjJkI48MW7DpNL6giQCuPK5y9D2+LXpcu7Gj1FoS9Ctl5g3jSIXFqmko2wlGFrKBB0GAx2O17r+s3DzWuQ1jzqr1MiR4M\/GbDdUWg6lKE8ypaQZOkm\/4zCB8UlLlY+Nn45Qirvky5ZJzbnENYSbKWENxMR2BCuP8cDgaj0WLS77dmVSRrCclibyaEIRJSSSqTEDlhNQ\/CUo5zyxT8mw7QvA\/Dko8Fi5bMs0UjwgeFta+WTAJu1qUf+TKZKiMosMbv7z\/hvNdu63bDjLDifNQg2HVdp95oerZOwVPsYenH12WJl8jATUH4LGxNF5x0MdI4zfg5JxFtE0jSEM6echJdg2FM5aV3TLMoTkypYTrCVmc03G\/m4dvp0aO9Quqm428F4fyAKRcNvIbzjDNoIVMOqoKwi57DG0yRpKVIrtLpU\/hKKYLNOkX738NTrk4mp49wvlnJRxEGhM\/GuVVx6w3Pj9xae5OGsNbzHz3MS8QJzDPSlJRqYu3elGd\/T3E9hMKtkV5K9ZwGhM\/CSP31ZpQ2I6ibhbD2Xe2zCsttRgVWPAfDELNGSr6NQcPWq7tOcSNAv22aHQlR\/CSBDtRKGwPCfUXja46P8Osnjd4T79XhBcOJFApHy81UEbYGm2O9itqUqpXjnscMaSI2xGY0FwH7\/TSE3c\/5G0KeU7k1ihsIvU1lr4EGWcCN0HKZEu4FQzj6IIS7UTlwFiYW72U+0zPXPSxSMNVcpmYib5HPYVhBRkqWZhDuTYe7oSNSobVsUG+9UQPgsErfq3UEg5sIjTdpaXk09QU2ohY1c31kzaUcDbEPD9WJkdYDdJgPU4sqBm0aRYJMk2lC99PbE24nOsJOZbzel+U2tZxytHlHtB5BOm8yszCygQ8awgr4v9QmuHJfEFW629CLMhLjL0PUKYVnMtoj28OHUtLIJrQHtFjMdCbfn80tyEiMBb5mPoNAX\/oqrbEWHY8QsvFO81k04l2QPLL+ahNLnbBlQD9XJo4Cn2pRjAdAjL0gsAmEhSkl3IsV2XieSUU0XvlXDKNGcOCm8dI7Z5cQPwG9azZh7GKeU9nfLxHy0xQghiY\/zYQCQaIkQ0E46P3eT9nEfkIyuZCQTh4V7NiZR7XgBob6RkTSub5AOHv1UPJmlCTET2jEfkJCyJqDgorswDu00NhrhCxYSteLEXa2R8NWLkkoGRN+QkK+GmKHZVcI1DkQLfFArfwiCDubNQruRGgo21hPUwvPu3typ+lxJ3t\/pkIAiJuaJeop7JvO4fI+GhRHNiGdjH31Dtye8x1mqrGi2ok3KuILQctr8lBb\/Eq0StvlQyQbr77cpZKxCZ08oQVgh2msmt6kX0ILjvGNgFCGnoSOPdTjmzzeh\/tSIVKL97HKSOppWdo2gR0ms2pyGT+MbxKz8RDKmCTH30SvXQlhbVYWJ+VkLFv0wwTssA84kaST9zYFw8ltPGxEUzVIA4ULgbA2KgEic9BTMz9HU75bEtnWsMOi7lgeaixV08IIKoQszEylTjsegT3sNot1nqI1ZXTQ45+jfgK4eAmdCdX3H4HRE2bNHCCUYT6Ur+Ou4h++FJbrRdXdOtVBr3Vm8xey8bBw8RI6E0zaajnrGy7BVAsk6\/dNCP0xXSMyaysoiQaj3156pcdX+xfIhSjq0VM\/sJd6gege8foWxNe5gf2gWF1JCFvF1BhinL7xNh9IYYbg4iUiESi9cnJA7hH\/Oqzz5Ng5+QaErTa6CSDVdvHgjafpRI5N5GnUCQhowvlOyb3v7n9YECMWWOd6HwSs+4ed3k25slHcb9uJ3Zi0mkDDQgICmohEOMk2n63ZHIsgBvvhg\/kCrg\/mN0I4md80fwFYvEiliWHH08PXm2ET0O6JsSQiEVpG5YKQZ5NvAOtcViIOOoidQhBOXm9cnztxubAh8WZy6W3oI85PTDQaXLxEJELaiJ3PZcPs5kvBig1bg1SPh3JGrVUL0W1+PZZDYy0f82G3hr0TjR1BMp2JRoPdS0QiwEEYHrQIlCIQ8aBnGZy2KmLVFi+3IVR3DF2nRH8sorAmIx58ngzZgKISRHe+Xd4NNTsCKEIZyENeaOD2dB\/+3MS760vlgseGhX+xvKjAUUgGp6XtloxEwNAzfx7u33fbbGAiTbPJT0odD2lD0Zob0q6kWLkc3ALTbACz1CMREO88k5IdJPMtDQhrA91QGSXygjYL7W7rnUY+dRzgKJhmA\/46UQIBnxjDoSDaElKlK3hpf3zmdI2ie98MDHeb22ZYI0ed34Kj8J7ciKJfENY3Iv8kLemcOGYB1S4p6Ij5PCG0Epyml7ncPYbOcLc5LwEu2tfXPCjMjWkjcmaZqLCCTww3n0VEaM2SsV5mMI2i5BgdulI0McMoqixR1d2cGvbgZu60mwWOgmk2IISfKIcHznnUthANRcbHUy1k4HeL1Q+LknuNncK8TXeY\/5hyn76Vu83RvyJIfvxQ16moLDMgBGaZiERA42t5I2oREWKAlNLDye7b4czOiQcECDsfGctUSTLi\/XS1z0IHvtXR1incIINaxJChpUcioJqJswEaERmrBr0tZWVwisFuBfqIbSNHuEdZ\/q963qXebf7Z2hVaQzvEgoVkUovgiiRDGdz3pUQpPp7SvWHKBKNFNKK8VWIN6MCNTYywOxZD0nVa9H31usrd5p8R10HUArwrkwULybQRwRVJ8FbYokeEkPlcmG7ERm97DDTeigUzZfFS9jGlrWND3EpDqMR9+Gc0hQ7Un5apBH\/vJ68NBi3BW5ucS3xuUkORlAk2\/MTi95T80sEpWjt0lf\/2Zh2DD6BXoshxH3CA6EUacGKgrlPQxbpatGSDlghlnOlc0hrOU9MrEOgfq7+kasGV436hbpnwSb20PEOw+eKG5Xz1q+sUNuLetBH5BLUToYyM\/s+D6RhlnZU1uYto9XvEO3Q\/PqWLJUx2ohTlV9xt7lrEqEU2ubJOwf8wHdcC\/ARvRSltyxarY8q5sDxoRnnJiPpzhFS3XA\/yJ1oxSmqPbyPGdPye8SJZjoJwv\/QPtWhBJJPd0tVjGWbB8ZNQ4ijGUlMlWkjF5WMwRHC5xYZAO5jOtTQM2IimAlz4cZ236ruDUM1Mdzhx4WUN7OFCjQCmHTnyeyo\/xYG5ADzYJeZbNpug24wbkRvxBKuSN+K5jWcS762fVtmlpuzDavnl1kCoPU6rQb+KLAhpnYLHbqoTB3qWMJfcVubaeCYJ0CStdk05VQUnN0jmknHXAqgcFgRorD3xgIqbnAWRBKUjpO3YZKp5oTTR9yK1Ok+JsMJNBnIt1B73AAQhE0ZRWqewEk0NsuGe6KEM\/NI+XbLxlL9lp6Sp9YeyUYRdhJJ3m+sQyZiJ\/lQr+Bp47FuDtwf0LLFL8bXZITjw2dkdINTPUlqSUeR7rYOADIPa47pTMiCucLthncIpkWkjwi4oqigJIzeRE7WWHmXEbrb4NR7t6YoTP1B7fIXx1UfcU3cJNFKs05S8iXhAEBI00f4rAB6kzDiWT\/N3E0YAekLEyfkqGiDwV0Ht8b\/7cWLirh3Yb+B7nM+Z+sGIkGAxZ5gNKSYRIfzjusImw\/SK9cRHN0TiJIRtJ\/Df174h3lwT5AHKH3eGjRg3tiAWr6C0HiwFJSjCoY0lVfAF0UGot+ToaWYkn2LmJQD\/f\/k2J3F1dSZgyJsglKILwZWiIRKEf1GAUnc38UDCE\/tF\/nViEXS1d757OF+n4DuaarGutXgZEPnCt2qL\/9hRgiOMYP3DBzfQuCax87raM5zz6cLWKSip+2R4ur6UyT756z+2h0EVbGzQRKyOjS9NMjbhlcYPnsjRBJatU6ANd2pm4DY7gJCO4r9\/2yL3HcLwrRgGn17qGAAZjs1DSoemzuxV+JTxfgZudq92tq7VkRAS+QMaBnkw7Di4y58ySc08eKUxOTH1Rx9EadmBqB2PHWZgC\/dq1+Cc9GwTLmvpUag0GAFhGvpIJ\/Az4sWnPzpksfrgOlFcJN6zTEkNpodCzHoOadK0EBPCqSfYPtXtEJqgjEN4pRE5kfujTz6\/ZfdbUrPROiULOg643weg66PfadeMkPgVwskjgwNQkYGAjRiRE9BPw96vXv0mLhItTHyyirYJqeIEaLxSchMj4dNBPXjh5B0glh179hDBjY5SOBmY2Ya8OLhIK3oaVDGkMwc8wh23MH4J4V82nx3iwYs2ISPEbV7MRmAjRm+5qTQ5Rex5qjT8cM\/CW2c5M\/dU+AeBmozOO8CdekUMbawwxJEuDY5zBbkxHtSibTLgXrr4asYSIPwHidn5ktULsR4sYMgoDvAhSk64a5GI5rJfu1eKvCzqWSDH8V8FFIUiIp87hpCd0ENuwAyJkHyVemSqzxJib\/6NLZaS+SIinwwSO8CHo5Q+Emq2Uo0I5bYYDOH\/2HHOHZ+dKAUt4TYwv15sxF8M3zEkITxQJDvF5\/DPv38TSwwKNI5p663BeChGHKU04WTwt1IILc0DFiDhwDjWmkit\/uB7DZjaEMGKrVhvc2krKpvyz79qClpD7Z31w\/QiBPlbLG5DyGh1yqRjEVsxJV7KckHFcaCALR+YrtFqsg0bdyNjFwjiZ3YpCNnhknr4Az4BX+WtZR1fG5IuVWjQDyWq1RWBR4fLDcIg\/hxtROoFVm\/qiKb3ERr3ZnBqpSPkH7zx8jApkwZ8c\/dj\/3E3L+giwcgNV2oWpoZwxokMtwzOOjGvFvW9Kjh7Fs1XTkY0VYQdm1twcRwIPPYZWkQbyjRUhP9b5yYQJgz73CiagtVVE0N7TwUh8S\/AaYKCuSaNF3b3x+AJAKp8LYnwjy1FB8VpGVq9Fh6SLk10HqYi\/NuVplmK23oVbD6UKk09RC0h\/D+b9i7lpxaPf5DjlaLnDMtz2Jn8+dr9E3+hu6+Ws5Bf9OYvKZxmZlexp1k+0Zy+FIRVeo7cpaJVZ5oRllu9Xo7gWMgrb34eoSHRtepyop31m82m5\/u+vTiHcPp8m9BJLZ0xITQWRlddUFphvAnhvOIdTI1iykVNQ2hKlngCSXtqlwFhpYK7+SXtiUhJhE\/b8DrBudMQjpHXbNQdF9\/ruK8oSXkgeQJhf7XZtL\/DcH0gzu9TYcSBCWB6fmkkz\/WQC\/NjnzIRPkNkxgKyJiVx5kZoKr6umuDf31OUeEG76ZuqnjMRPkMH+iZLWWq1+v2JiddkIXyK51qlPNUiH8LneAhpRiebswgf3pM2l5ifvZIL4ZmWflURswbNhfBZ+GnWAywzEcbhRNdpEkVc6Q1pSgDNhXAbPbBlfOytPheV1jmmR5HlQ7gddqFXWAV1TgNSIVPd+zMIJblX3vIlEswW++8DfZiD1q\/0KoTGxMMHS5wY3x9ufhDKrPnOhbCKWlXUh9S6+9Sur3kRVnCRJrog3ISwmg9IOsfWLkEotZKrkE7VqwRuQciy8hwf+evqQGycr9bJi3CC4jSc42r0+AUrwmN6sf4NCAm58Y8sDcdUTn9Pwb8OpI2nhYAvRziVeqckuuTcWerL2mj6hgJqvlB6G9gLEcpiqjW\/p8Q5yZ3dEqFmkM24r0T46Achi0P6QftwtrjzGoSGjgh3FdHwtCayDBVp9TWCcyFCUKX4QYHGbCbTab\/Ytn2Ymmtm8gg\/tXGQ9aAn7GUi3NvodTfchrbcuucyhFG3DOyh4\/C+ZBXBCUqWL9izj\/HkTca21usrt+wCMn3ONDJEd0SIFvsTy0fOCMoM7WOtOxqN6D0Y22qn5NzSRtH01e6NkOiUQRglJZueLc7kBdHObmQf2lvCw9bXIfxuC\/11T4TRoulMHeSmNceiHhCxj+Gh1uosbfpUElGPf62IrO\/SbSTws9naePgSyZS6UyF192f2pPYJuc23IwzGpdc8SefXi1Sq9k3XcngafM0OPp1RHry5FaFDrlQSWRWFmbnc+ZDeh6VnEzehS0+VeLD\/NoQYvU\/Kcji81RqemJNnPD2qZskqXUVlrUNIh74JYdOL9n05Bxxk0W2DRn6EO5p1SffhaV2jWp8r3RsQurxTn5SfEhTGW6PGN62oqWM+hC3axIoiHNlEybjQ+v4GhCceCoKEaRcNb+yXkOjH+GX5ecNqc4LsSPF827W2nfbsvAtEOrZjHkfjpXuj1nFEq184FmwjJ2fg8ATNc1a2aCpzPUJJYq8R0atKfd7wxd4y9msz3ixWPOaxO86JsH+wl4NWrTV8t3\/E\/xaCMPL8mXoWROCQ78RKKuSg+YWTt1gzyxQ7Z9yQ9jOybfLPkSvyC0E49cgWnEloragBjtLINQ1gM5Qa80UFnfP82iUpo+1ml\/LE41tkF9AtGAt\/TpE3kc87HOWBylIBjvsrHg2KGaoZ8SNydGfKKYUg\/JI2Ni+SpoghuupatbagBWgh8NJMLd57EJJgO2\/BufyD\/FIIwq6c2kkb2fFmYrw8jOKF9COaSs+7iMWLkbX3kzyjnq0\/T\/ZqKQShIiufAGSmkg+dDhceEkdN+YRRA9Y6LOpHoXScnmWe614ixSPsImkyougD07JLVh8eKTrGg7jLPiTaRXsUSFFSPEJieEWNO2150mTGKXrKDvSiiGrjRGOKAcIZ7vstUgLCudw6ClkunKDs5JY9US8+UYJL3B2tLXpRUgJCJSJ7rEvdjteOJRql1V4DxegtylmkZSBUZGBLTvkESU+7qtU+UEp6faFSNsKa8gSRjWoErMIUZoaUjlAV9dw2K4WiMPl\/vstYfvwtfvQAAAAASUVORK5CYII=\" alt=\"\"\/><\/figure><\/div>\n\n\n\n<p>En 1998, 10 millions de v\u00e9hicules Power Wheels fabriqu\u00e9s par Fisher-Price doivent \u00eatre retir\u00e9s de la vente. En cause, des batteries pouvant causer des br\u00fblures aux membres des enfants4. En juillet 2007, Fisher-Price doit rappeler plus d&rsquo;un million de ses jouets produits en Chine. Environ 1,5 million de produits sigl\u00e9s Dora l&rsquo;exploratrice, Elmo ou Big Bird pr\u00e9sentait des risques de peinture toxique selon l\u2019association am\u00e9ricaine de protection des consommateurs United States Consumer Product Safety Commission5. Pour Mattel, propri\u00e9taire de Fisher-Price, il s&rsquo;agissait du plus gros rappel depuis 19986.<\/p>\n\n\n\n<p>Nouveau rappel d&rsquo;envergure pour Fisher-Price douze ans plus tard. Le 5 avril 2019, l\u2019association de protection des consommateurs pointe des d\u00e9faillances d&rsquo;un de ses produits. Selon elle, les transats pour b\u00e9b\u00e9 de mod\u00e8le \u00ab Rock\u2019n Play Sleeper \u00bb auraient entra\u00een\u00e9 depuis 2015 la mort de dix nourrissons. Le 12 avril, pr\u00e8s de 4,7 millions de transats de de mod\u00e8le sont rappel\u00e9s par le groupe Mattel<\/p>\n\n\n\n<p><a href=\"https:\/\/www.fisher-price.com\/fr-fr\">Site officiel de Fisher Price<\/a><\/p>\n","protected":false},"excerpt":{"rendered":"<p>Fisher-Price est une marque de jouets am\u00e9ricaine cr\u00e9\u00e9e en 1930 et filiale du groupe Mattel depuis 1993. Elle produit des jouets pour nouveau-n\u00e9s et jeunes enfants. L&rsquo;entreprise est fond\u00e9e en 1930 par Herman Fisher, Irving Price, Margaret Evans Price (l&rsquo;\u00e9pouse &hellip; <a href=\"https:\/\/leconservatoiredujeu.fr\/index.php\/fisher-price\/\">Continuer la lecture <span class=\"meta-nav\">&rarr;<\/span><\/a><\/p>\n","protected":false},"author":1,"featured_media":0,"parent":0,"menu_order":0,"comment_status":"closed","ping_status":"closed","template":"","meta":{"footnotes":""},"_links":{"self":[{"href":"https:\/\/leconservatoiredujeu.fr\/index.php\/wp-json\/wp\/v2\/pages\/7933"}],"collection":[{"href":"https:\/\/leconservatoiredujeu.fr\/index.php\/wp-json\/wp\/v2\/pages"}],"about":[{"href":"https:\/\/leconservatoiredujeu.fr\/index.php\/wp-json\/wp\/v2\/types\/page"}],"author":[{"embeddable":true,"href":"https:\/\/leconservatoiredujeu.fr\/index.php\/wp-json\/wp\/v2\/users\/1"}],"replies":[{"embeddable":true,"href":"https:\/\/leconservatoiredujeu.fr\/index.php\/wp-json\/wp\/v2\/comments?post=7933"}],"version-history":[{"count":3,"href":"https:\/\/leconservatoiredujeu.fr\/index.php\/wp-json\/wp\/v2\/pages\/7933\/revisions"}],"predecessor-version":[{"id":7961,"href":"https:\/\/leconservatoiredujeu.fr\/index.php\/wp-json\/wp\/v2\/pages\/7933\/revisions\/7961"}],"wp:attachment":[{"href":"https:\/\/leconservatoiredujeu.fr\/index.php\/wp-json\/wp\/v2\/media?parent=7933"}],"curies":[{"name":"wp","href":"https:\/\/api.w.org\/{rel}","templated":true}]}}