{"id":7925,"date":"2020-05-20T14:09:16","date_gmt":"2020-05-20T12:09:16","guid":{"rendered":"http:\/\/leconservatoiredujeu.fr\/?page_id=7925"},"modified":"2022-04-27T16:22:17","modified_gmt":"2022-04-27T14:22:17","slug":"fantasy-flight-games","status":"publish","type":"page","link":"https:\/\/leconservatoiredujeu.fr\/index.php\/fantasy-flight-games\/","title":{"rendered":"Fantasy Flight Games"},"content":{"rendered":"\n<div class=\"wp-block-image\"><figure class=\"aligncenter size-large\"><img decoding=\"async\" src=\"data:image\/jpeg;base64,\/9j\/4AAQSkZJRgABAQAAAQABAAD\/2wCEAAkGBxIPDxAPDxAQDw8QFRUQFQ8VFhUXEBcWGBUWFhYVFRUYHSgjGBolGxUYIjIhJSkrLi4uGCAzODMtNygtLisBCgoKDg0OGxAQGy0dHx0vLSsvNS0tLS03Ky0rLS0tLSsrLSstLSstLS0tLS0tNS0tLS0tMC0tLS0tLS0tLS0tNf\/AABEIAMIBAwMBIgACEQEDEQH\/xAAcAAEAAQUBAQAAAAAAAAAAAAAAAQIDBQYHBAj\/xABMEAABAwIEAgYHAwgHBgcBAAABAAIDBBEFEiExBkEHEyJRYXEUMkJSgZGhIzOxQ1NicqLB0fAVNXOCsrPhFiQ0NpK0JSZjdIOjwgj\/xAAYAQEBAQEBAAAAAAAAAAAAAAAAAQIEA\/\/EACURAQACAQUAAQMFAAAAAAAAAAABEQIDEiExQbEEUWETMkLw8f\/aAAwDAQACEQMRAD8A45lTKrlksuqnPa3lU5VXZLK0WoyplVdkslIpyplVVlICtFqMqZVWlkoUZUyqtEotRlTKq0slFqMqZVXZLJRajKmVV2SyUWoypZXCFFkotRZMqrSyUKMqZVWpslFreVMquKLJQoyqMquJZShbyplVxRZKVRlUZVdsoslFreVFWilFim6hFUpUpVKlVEooUoChSoQFKhSrYlFF0VsSiIgLO8L8OGsL5pX+j0MHanqTsBvkZfd5+l\/IGeF+HDWF8sz\/AEehg7U1UdgPcZfd5+nyB9XEWOipDKenZ6Ph8GkVPzcfzsve4767X70iJymoTKYxi5XsawGnqIX1mEZ3RRdmalcD10Y5SgEklpAvv3+IGoLNYZiMtLM2op3ZJG6a+o9p3Y8c2lZXG8IirYX4jhzMmXWqoRq+Jx3ewc4zvp4+IVyx2zSYZXFtRRQpUaERQglFCJYqAVJKm6KCEUqFAKIiAqXKpUuRUIiKAiIiim6hEFQKlUKbqpSpFSFIREoiICWRECyz3C3DhrC+aZ\/o9DB2p6k7Ab5GX3efpfyBcL8OGsL5pn+j0MHamqTsB7jL7vP0+QN\/iDHHVzoqKihdHRxnJT0jfWe785J3uO+u2pKdqcS8RNqAynp2ej4fT\/dU\/Nx\/Oy97jvrtfvWMo6SoqP8Ah6eabxYxxb\/1bfVdc4F6KY2Bs9eBNLv1e8TPC3tHxK36SdsH2cUYa1ummi3Gc\/tweee2I3ZPm6o4er42lz6Koa3vyX+jbrz4RjEtLM2eB3VzR9kg+q4e0yRvNp7v3r6PfiDitY4l4TpcRBL2CGo9mdgAd\/eHtDwK1sz7nl5R9Rp9Rw5njWExVsL8Rw5mUt1qqEavicd3sHOM76fxC09bHU09ZglY1x7Ejb5JBcwzM5tI5gjdu4+q9uM4VFXQvxHDmZS3WqoRq+Jx3kjHOM76fuIWJh0Q1AIiLIIiIJRQpQFCFEBERRaFSVUqEUREQERFAREVBERARERE3U3VKmyFJWf4W4cNWXzTP9HoaftTVJ2A3yM73n6X8gXCvDfpeeaZ\/o9DB2pqk7D9Bl93n6fIG9xBjjq98NFRQmOjjOSnpG+s8\/nJO9x3123PepMrEJx\/G3VzoaGihdHRxnJT0jfWe785J3uOp121J5ldd6Nej9tAz0ios+qeO072WD3GX+p5\/Kzoy6PmUDPSaiz6lwuXW0YPdb4fj8rbTX1pc4hps0aK4xOU1DGpnGMXP+vbLUZiI49ANyrOIsjiZmkeyMd7jZW8GcATfdch6XMNrWVnW1MjpqN+kRFxGw+65vf4lK25bYZxnfhuydDjxWlkOWKeKQ9zXAlXHtHJcGFBsRpzBG48it64L41dTObTV5MtO7Rs51ezuzHmPFddZ4xcw4ZjTzmoltuNYbFWQOp6ludh2d7bHcnNPIhceraWqwSta9jrEX6uW32UrObHjnpuPiF9CS4S1wbJEczHagjUWWn9KtVRU9CYKlnXTyfdRA2kDvfv7IF9\/wCK8s9TCYvF0fT4auE7cunNsZwqKuhfiOHMyFutVQjV8TjqZIx7UZ30\/iFp6yeB4jNRvjqYHFkgOUPIPVP96N3JwtuOSzuNYTFWwvxDDmZC3WqoRq+Jx3kjHtRnfT9xC8nVMU1BFClARFChSUREUVN1KgoF1CIpYIiICIERREREEREBERWwWwcK8Oel55pn+j0FP2pqk7W3yM73n6XHgDr63unkGL4bFh8LhBV0YL2UwOWGpAGpH\/qbnXmSeekmRhuIeIHYhJDQ0EJioozlgpW+s935yTvcdTrtr5rsHRl0fMoWCeez6l4u53stG+Vt+Xjz+S5BwHjzcKrS6ohBaT1chLT1sdjrbw7x4BfRorvS44zSuaYZADnB5LOMf37GplXFcfK7V1RlPVQ+qPWcsLxLjdLhMHXVRzOd2WRD13eQXs4lx+nwemu+zpHaMj9p7v4L524jnqcTnfVVEhJJygAExRg7MB2H71d09YdfLEYRe7Unn4fQeFV0VRGyppniSCTUEbg+64cis9V4fHVwOhnYHxvFiCvmjhPiafA6huvW00mskXIjmW+K6Bx\/0rtkhjpcLcDJUBodNcARh2gbc7O157c1NSZnie4a0sIjmOYlofEmHupcSdQUUvpdz2Q25c2\/sPO2g1v3brH402ellMFU3K7cHdjh3tNtQuqcE8JMoI+scRLVSi75t99bNPdf5\/hk+JeGosRgMUgs4asePWa7vH8F0xjqbLvlyzraX6lbYr7uf8G9J8mHQSQPHXsDT1IJ1Y7kCT7KxuA4TVY9WPnle5zS77WbkBv1cfz+F+Z3pwTo3qpa11NM0shjILphs5pOmTxP0+S73hWExUULKanYG5RbTYf6rwwu7mHTnONVi1jEOFaZ1KKIxgRNFgBu0j2gd81+a5NWUtVg1Y1zXWcL9XLb7OVnNkg56bj4jvX0HPQWFyddyVyHpL4kieHUMQZK4EGSU6iOxvZp9\/8ABdEzhONuXTjUjOvJYLGsIiroX4jhzMjma1VCPWicdTJGOcZ1On8QtOut74SpxQtGMVT3wwhro4IW6S1TnNI2\/Nje552Ow10vEarrppJcjIuscX9Wz1G3N7BeEzDrhYugKhEVVdRdQpspYi6myISglQVBKIoiIghTdQiCQUUKUEIiIiUREUVyCV0bmvY4sewhzXtNnAjUEHvVtTdEbw5keOx3GSLGI26jRsdWxo3HdIB\/NtrPAnGtRhEj4i18kHaa6B2j43jkAdtdx\/J1CGVzHNexxY9pDmvabOBGxB5Fbwx7MbZmbkixiJurdGx1bGjcd0gH822lHjwRMrcdxB0kjtPafqY4mcmtHNx\/1K6zQYFTxUxpOrDoXCzgdyfeJ97ndct4Q4mdh0ro5WuEBcRJGR9pG\/Ym3w1HyXYIJmyMbJG4PY8ZmuBuCD3Lp0cMYj8uL6rUzuPIco4p4bdRyAP+0p3G0cx\/wO7nfitdrMOYGmwC71PSNmY6KRgkjfo5h2K0mv6MZcxNJMHRnaKW+YeAeNx5hNTHH2DQ1cripr8MR0bccCnkZSVxJgJyxzHdnc1x7vFdrkw8OAfEQQdQRsVy\/C+huWZ7TWyMjiBuWR6vd4ZjsF2GgoGU8TIYm5Y4wGgeAXLOpOPU26\/0cc+aq2NpoHg+qGnm62qyMMIaPxKvloGp2C4\/0q9JOXPQYe7t+rLUDZve1p978FJznJrHSjFb6VOkXKX0NC\/tDSWcHRve1v6X4LSOH8FhhgGJ4kCKW94aY\/e1T9wSD+Tvrfn5b2+HcAihhGKYpf0a94KX8pVP3Bsfyd+Z38t8RxFjs1fOZ5yNsrIh93Gzkxg7vHmkXLXEdHEWOS18xmmIFuyyJv3cbOTGDu8eaxaItsikKEQVKCoRFEREBERARLoghFCKKlERVBERBKKEQSiXS6ArkMzmOa9jix7SHNe02cCNQQeRVtEG9tczHGXGSLGI26jRsdWxo+kgH822scIcWSYdIYZmvdTZrPiP3kLr6lo\/EfJabDM5jmvY4sewhzXg2cCNQQRzW8sezHGXGSLGIm6jRsdWxo+kgH8221jlTGWMTHLsOFV0crGyxObJE8Xa9puP9Ctho5R3BfM2BY7VYdI4wOLbOIkppAclwdQW+yfELo+EdLlMAPSYJoX88ozs+Ftfotak7o5eWnpzhPHMOyNN1TLIGgucQANSSuWVXTZRsb9jDUTO7suUfN1lz\/irpGrsSBYCKSn5tYTnI8X8vh81ybOXZumm39J3SVmz0WHvsdWy1A9nva0+9+C0fAcFhhgGJYkD6Le8FMfvap+4JB\/J31ud\/LeMAwWGCnGI4iCKQH7Cl\/KVT9xp+b\/Hy3wXEOPTV85nnI91kbfu42cmMHd4817VEcPNPEWOzV85nnP6LIm\/dxs5MYO7x5rFqLqboCIouqJRLogIihBKgoiAiIoCIiKgIiKAiIqCIiCUUIiJRQpQERFQVcMrmOa9jix7CHNe02cCDcEHkVQig3yORmNsuMkWMRN1GjY6tjR9JAP5ttq7m6ua5pa9pyuY4Wc0jcEcisbDK5jmvY4se0hzXNNnAjUEHkVvUcjMbZcZYsYibqNGx1bGj5CQfzptvHKOpYmK5hqxYPgtiwXCYYoBiWJAikB+wpNpKp\/LQ\/kvx8t68MwNlNGa\/Fo3RwMOWKidpNUSDkW8ox9fLfGySz43VvkmkDMoysY0XaxtnFscbdOTCSfDyCmVRPDWNzHLG8RY7NXzmecj3WRj7uNnJjB3ePNYterE6IwSFhcHCwcHDmD4cjoe\/ZeVZUREVBERAREUBEUIJUIiKlQiIJUKUUEIoUtFyANzooCLMy8KVzAwvo5mCSwYXAAPJ2DSTr8Fj8RoJaaQw1ET4ZW2JjeLOFxcaK2U8yL1Yjh01M\/q6iJ8MmUPyPFnZTs63cbFembh6rZB6U6mlbTaHr7fZamw7Q8dEKYxFlGcN1jpWQNpZnTSM61kYALnMHtgA7a7r0t4MxEhpFDUEP0acujjqezrrsfkllSwSL0R0ErpvRhG81GcxdSB284Ni23foqKmmfFI6KRjmSsdkdGR2w7bKR33QWkWSqMAqo83WU0rcjS91x6rQASX29TcaGx1VVfw7V07Gyz00sMb7Br3gBridspvqllMWi9eIYbNTOa2eJ0TnND2h1rlp2cPAr1RcNVj4RUNpZTTnXrrDqt7ete26tjFKuGVzHNexxa9hDmuBs4Eagg8isk\/hqsa+KN1LMJJwXRMsLyAWuWa9rcbd68+KYVPSPEdTC+B5F8jxZ1u+yWK8axmetkEtTIZHgBo0AaB+i0aC51PeV56OtfCSYzbMMrgQC1w7nNOhXsoOHauojM0FNLLE295GgFotvmN9PivPRYXPOZBDE6TqhmkIsGsF7Xc4kAC+m+qnAsVVS+V5kkcXPdufoAANh4K0vb\/AETPnZEYZBJKS1jCLOcWuykNvv2hZeuThWubKyB1HOJ5AXNhLbSOaNyG31CWUw6LLt4YrTJJCKSYyxND3x2GZjTs5wvoPNX\/APYzEdP9wqdQXDs7gWuRrqNR80uCpYFEWTm4fq2Zc9NK0uGYCwzAZS+7m3u3sgnW2gSxjEV+hpJJ5GQwsdLLIbNjaLucbE2A8gUFFIZeoyO67MY+r2dmBsW687hBYRZKvwCrp5Iop6aaGSY2jjc2znm4bZo56kD4qqu4eq6d0bJ6aWF8psxjwGucfAEpZTFos1JwlXte2N1FO2R\/qxkAPdb3Wk3K8kOC1L5JYmwSGSD71tgOr1t2ydG66alLKeBSr1XRSw5RNG+IvBc0PBaSA4tJAPK7SPgvOgm6KEQQofsfJSofsfIqK7j0r0RqMNwKBps6R0bAd7XgGtvBc8xeq\/pHE6GR7gevjohKfFrWiW\/\/AEuK69xRijaWnwFzo43tkyw5ni5Znpsoew+y4E7911wXh\/sulk2MNPM8H9Is6tv7UgWMW5dE\/wD6EpgK2jnbtNTlt\/1Hkj6SLYOBwK7h+pw3dzaQSMH9p1pb+3EsX0yf7xhGC1g1u1rSf7SEO\/FitdD+J9VidLAT2anDw236TJJHj6Zk\/ietawDEzSVLqgGz48I7B\/SMLGt+rgt\/xvEHUvDeBVDTYwyUMl\/AMOYfEXHxXNek6i9FxSeBujWMjaAPdyggfKy3rjr\/AJRwrypf8pyTHRDA8GRNk4qe9x7DKmpmB8S5zGftSNXsxamjg4zZ11urkqIpddsz4hk\/+yy1Hg+sNPIKkk3NTRxZjvbrutfr5RD5rc+m3CnPxiF8ZLXyUjpmuG+anEr9PGzQr6niOMaWTDsRxuJxPo+J0cs8ZOxeC11vMHOPJwWRr4nYrwhTuZ256R0bPG8b+pP7DgV6MWmbxFw4amw9OoAXOtvnY37QfqvZr527lY6F5j\/QuLC9wwve0HYH0cG4Hm0FZ8VyfH5g6pkDTdkeWBn6sTRE23h2L\/FdTof+R5vN\/wD3QXG2HQeK7bw\/WdRwaZurjl6t7n9XIM0brVY0cOa3l0zj217h+QtrsBpHvzvoqmeE94a4RyNFuQGYj4Lx9Of9dSf2MP4OTCqgS8Vxyt9WSsDx5OZcfir\/AEzUzpuIBCz1pWU0bfNxLR+Knqz02Doc\/qPGf\/l\/7YLwcPYe2PgyumAGeofmcedmTRxtHkMp+ZWR6IWZcGxtu+V0zb+VPb9yt4RIP9h5bi4aXgjY\/wDFA2vy0Kk9rHTTjiRqZOHC43dEY6cnn2KwBt\/7tl1LiMf+bsJ\/9rL+FQtH4m4Pp8LqsDfA6Z7qqeF56xwIbaSE2aA0c3\/Rb9xDUW4rwqPLGQ6mkOYtBkFhUeq7cBJIaNx5iZpqzibKbOnjpKceT2tz\/shy3jjrEzS1WASXs1zpIXeLZImssfC5B+C5J0wH\/wAaxAXNiYrjlpCy34\/Vbv0+m1NhJBsRnIPO+SNK6L7c86O8PbU4xRQvGZnXZ3DkRGHSWPhdoW58VYkYOJsRbezailfTuHI3ow5v7TR81rHRFIG45Q35ukb8TE9dBxLhCnxXHcXbO6Zhp2U8jXRuAvmhAsQWn3fqrM8pHTSuhCBrsYhe\/QRRvcP13AMaP2j8l5ONaXquIp2bA1kTx\/fdG\/8A\/Sp4ArRT1EEw7Ilr6WC19Qy73OF+frMWwdL9J1fEUD7aTClffxEmQ\/4Qr6eNo6Qft24BX7lhe4nxEIl\/xRLE9O\/9aYX+qP8APasnV1TZOGaeU+tDP1DfM1DoT+y4rGdPH9aYX+qP89qxHbT09OrXivw+WMkPp4Z6kOHIxObIPLVtvirtFhzMXw3H4qexqJat1QLe1YMkib5Gzh53Xt6ZMUEMvUmON3pOH1bBIW\/atILXANdyBsbjnotH4Hr34BiETpn3p6p8lJPpZrTG5gD\/AO6X\/IuSOk9a9xZibqmHC3PJMkdIad1\/WvHPI0X8bALXF0Dpr4ebRYl1sQAhrWmcAbCQG0gHgSWu\/vFc+W46YlKhEVShLX0va+l9bDx0REV0zpJ4to6\/DqCnppnOmpMuYGORoNogw5XFtt9dbLS8GqmQwVbhOYal7WRxNDXkkB4e\/tAWbfKBqsOilLbpnEXF1JV8PU9A6dz66AxvJMcuUlpcCM5bvld5LX6HFoKOuwqqhn64UrYmzWjkaW2c7rLZgMwyyG1u5amiUW2jpKxqHEMUnqqZxdDIIgHOaWnsxtaeyddwtk4q4so6jAKPDopi6pphDmBjlDD1bC0hri3vPOy5miUWzlPXiGiYyCq6uofM6SRgbILNyNawlwbZ1rONh3ro\/EnHWG1VdhdWJXubSNqI52dVIHObJDlGS7bHtXGtt1xxEotv\/C3EtPhVHijIpjO6saI4Icjw5os9pfMXANBAeNib2Xs6NeLKPD8Nr6apmLZarNkAjkcBeLIMxDbb911zVEo3BFtAbgaXF7Hx1XS6Piqibw0\/CXTkVT8x+7l6sXm6yxcG92nmuaIrMWkSznBGIRUuJUlTO\/JFBIJHGznGwBFgGgknVbxiXE2GVHEEeKvqXCmhYwtj6mYyOkY1wFxlsACQd+S5WikwRLp\/APF9FRYfiVPPM5stY6VzAI5HAB8ZY3MQ3TXXS6wnDnE8bMHxDB55AzriJIJi15jzXYXNdYEtByXBtzN1pahNq7nSeMOOKavqsJ6vrI4cOexz53tNngGIksY27vyZ3HMbLM4vx5QTY\/QYkyd3o1NBJG+8UufMRKBZuXX7wfIrjyJtg3Nl6Q8SgrsUqKmnlzQzlhDnNe0ttG1hzNIv7N9LrZelji2jxKCibSSuc+mzB7XRyNvdrRdpIt7JXNVCUlvdgmJOpKqnqmavgkZKB35Tq34i4+K6pB0j0VPX4jiLTJMK6KnYyna0tkY5jC14kLgGgDvBN1x26JMWRNNhpMSEFPSNgqiyQTPlmYGyAC\/V5SSG2dYR8veW39I3FFBiVfh1TDUOayAgTOdFLcND2yAtGXtbEfELmCJS23uXiaAYaMObMXZcR9J6zJIG9R6+a1r3zaZbX+C9nSjxVR4lXUM9NMTHAA2QujkaRaQPvbLqLC2nNc4UKbYXc6vx9xRhmK4hh8\/pTm01NfrQYZs7hna\/K0Zba5banmsLxdjVDXwSxsmMc5rqmqjkfG\/quqlyjK8gFzSbA6A2y62utDUJRbdukriyPEPQoYCZI6KERmYgtMkhDQ4gO1DewN+8rSURWEERFURdLqLpdRaTdLqLpdBVdFSiCpFCKibpdQiCboSoRBIUqlESlSKlEKSUChEKVKFCXQpUoUIhSSEUIipuihEEooRQSipS6CpCVTdLoJupVN0QpCIiiiIisAoRERIREQEREBERARSiCEClEEIiICIiAiIgIiIAREQEREEKURCBERSVkREQf\/\/Z\" alt=\"\"\/><\/figure><\/div>\n\n\n\n<p><strong><u>Historique<\/u><\/strong><\/p>\n\n\n\n<p>Fantasy Flight Games est un \u00e9diteur de jeux de soci\u00e9t\u00e9, de jeu de r\u00f4le. L&rsquo;entreprise est bas\u00e9 \u00e0 Roseville dans le Minnesota aux \u00c9tats-Unis. \u00c9ditant souvent des jeux \u00e0 licence ou des r\u00e9\u00e9ditions de classiques, le mat\u00e9riel est souvent de tr\u00e8s bonne qualit\u00e9 (nombre de figurines d\u00e9taill\u00e9es, etc.).<\/p>\n\n\n\n<figure class=\"wp-block-image size-large\"><img decoding=\"async\" src=\"https:\/\/images-cdn.fantasyflightgames.com\/filer_public\/87\/ea\/87ea2d05-b566-4658-89c1-0c62888276b9\/ffg_gamenarratives.png\" alt=\"\"\/><\/figure>\n\n\n\n<p>Ils \u00e9ditent aux \u00c9tats-Unis certains jeux de l&rsquo;\u00e9diteur fran\u00e7ais Days of Wonder. En 2014 (novembre), ils fusionnent avec Asmod\u00e9e qui a rachet\u00e9 la m\u00eame ann\u00e9e Days of Wonder.<\/p>\n\n\n\n<div class=\"wp-block-image\"><figure class=\"aligncenter size-large is-resized\"><img loading=\"lazy\" decoding=\"async\" src=\"https:\/\/media-exp1.licdn.com\/dms\/image\/C4D0BAQEuuDRDQ7hMxA\/company-logo_200_200\/0?e=2159024400&amp;v=beta&amp;t=SMxyjfwskEB7yqEA_q3qH7HqjvxbrltDAHVEvRR2o90\" alt=\"\" width=\"250\" height=\"247\"\/><\/figure><\/div>\n\n\n\n<p><strong><u>Liens<\/u><\/strong><\/p>\n\n\n\n<p>Le site officiel de la marque\u00a0<a href=\"https:\/\/www.fantasyflightgames.com\/en\/index\/\">Fantasy Flight Games<\/a> (en Anglais)<\/p>\n\n\n\n<p class=\"has-text-align-right\">Le Conservatoire du Jeu &#8211; Avril 2022<\/p>\n","protected":false},"excerpt":{"rendered":"<p>Historique Fantasy Flight Games est un \u00e9diteur de jeux de soci\u00e9t\u00e9, de jeu de r\u00f4le. L&rsquo;entreprise est bas\u00e9 \u00e0 Roseville dans le Minnesota aux \u00c9tats-Unis. \u00c9ditant souvent des jeux \u00e0 licence ou des r\u00e9\u00e9ditions de classiques, le mat\u00e9riel est souvent &hellip; <a href=\"https:\/\/leconservatoiredujeu.fr\/index.php\/fantasy-flight-games\/\">Continuer la lecture <span class=\"meta-nav\">&rarr;<\/span><\/a><\/p>\n","protected":false},"author":1,"featured_media":0,"parent":0,"menu_order":0,"comment_status":"closed","ping_status":"closed","template":"","meta":{"footnotes":""},"_links":{"self":[{"href":"https:\/\/leconservatoiredujeu.fr\/index.php\/wp-json\/wp\/v2\/pages\/7925"}],"collection":[{"href":"https:\/\/leconservatoiredujeu.fr\/index.php\/wp-json\/wp\/v2\/pages"}],"about":[{"href":"https:\/\/leconservatoiredujeu.fr\/index.php\/wp-json\/wp\/v2\/types\/page"}],"author":[{"embeddable":true,"href":"https:\/\/leconservatoiredujeu.fr\/index.php\/wp-json\/wp\/v2\/users\/1"}],"replies":[{"embeddable":true,"href":"https:\/\/leconservatoiredujeu.fr\/index.php\/wp-json\/wp\/v2\/comments?post=7925"}],"version-history":[{"count":5,"href":"https:\/\/leconservatoiredujeu.fr\/index.php\/wp-json\/wp\/v2\/pages\/7925\/revisions"}],"predecessor-version":[{"id":12921,"href":"https:\/\/leconservatoiredujeu.fr\/index.php\/wp-json\/wp\/v2\/pages\/7925\/revisions\/12921"}],"wp:attachment":[{"href":"https:\/\/leconservatoiredujeu.fr\/index.php\/wp-json\/wp\/v2\/media?parent=7925"}],"curies":[{"name":"wp","href":"https:\/\/api.w.org\/{rel}","templated":true}]}}