{"id":7914,"date":"2020-05-20T14:09:43","date_gmt":"2020-05-20T12:09:43","guid":{"rendered":"http:\/\/leconservatoiredujeu.fr\/?page_id=7914"},"modified":"2022-03-08T09:19:33","modified_gmt":"2022-03-08T08:19:33","slug":"clementoni","status":"publish","type":"page","link":"https:\/\/leconservatoiredujeu.fr\/index.php\/clementoni\/","title":{"rendered":"Clementoni"},"content":{"rendered":"\n<figure class=\"wp-block-image size-large\"><img decoding=\"async\" src=\"https:\/\/encrypted-tbn0.gstatic.com\/images?q=tbn%3AANd9GcQKPTLIF7qXForWha2-ZG2ZItuM3ZtUCCHNYE40GOGWUGBaROe1&amp;usqp=CAU\" alt=\"\"\/><\/figure>\n\n\n\n<p><strong><u>Historique<\/u><\/strong> <strong>:<\/strong><\/p>\n\n\n\n<p>L&rsquo;entreprise a \u00e9t\u00e9 fond\u00e9e en 1963 par Mario Clementoni de nationalit\u00e9 ITALIENNE ( Potenza Picena , 1925 &#8211; Recanati, 2012 ) qui, apr\u00e8s une exp\u00e9rience dans le monde des instruments de musique \u00e0 Pesaro, d\u00e9cide de commencer \u00e0 produire un produit \u00e0 l&rsquo;\u00e9poque encore peu connu en Italie : le jeu de soci\u00e9t\u00e9 . Il a d\u00e9marr\u00e9 son entreprise avec sa femme Matilde et quelques personnes qui travaillaient \u00e0 la main, de mani\u00e8re artisanale. Les premiers produits sont fabriqu\u00e9s pi\u00e8ce par pi\u00e8ce dans le garage de la maison, \u00e0 Recanati. Le premier jeu est la Tombola de la chanson li\u00e9e aux chansons les plus c\u00e9l\u00e8bres de la p\u00e9riode, donc Portobello , Befana ,Wizard Silvan .<\/p>\n\n\n\n<div class=\"wp-block-image\"><figure class=\"aligncenter size-full\"><img loading=\"lazy\" decoding=\"async\" width=\"466\" height=\"377\" src=\"http:\/\/leconservatoiredujeu.fr\/wp-content\/uploads\/2022\/03\/clementoni.jpg\" alt=\"\" class=\"wp-image-12594\" srcset=\"https:\/\/leconservatoiredujeu.fr\/wp-content\/uploads\/2022\/03\/clementoni.jpg 466w, https:\/\/leconservatoiredujeu.fr\/wp-content\/uploads\/2022\/03\/clementoni-300x243.jpg 300w, https:\/\/leconservatoiredujeu.fr\/wp-content\/uploads\/2022\/03\/clementoni-371x300.jpg 371w\" sizes=\"(max-width: 466px) 100vw, 466px\" \/><figcaption>Boite de tombola \u00ab\u00a0Clementoni\u00a0\u00bb<\/figcaption><\/figure><\/div>\n\n\n\n<p>En 1967, il obtient un succ\u00e8s commercial important avec la pr\u00e9sentation sur le march\u00e9 du jeu de bo\u00eete Sapientino.<\/p>\n\n\n\n<div class=\"wp-block-image\"><figure class=\"aligncenter size-full\"><img loading=\"lazy\" decoding=\"async\" width=\"355\" height=\"241\" src=\"http:\/\/leconservatoiredujeu.fr\/wp-content\/uploads\/2022\/03\/sapientino.jpg\" alt=\"\" class=\"wp-image-12596\" srcset=\"https:\/\/leconservatoiredujeu.fr\/wp-content\/uploads\/2022\/03\/sapientino.jpg 355w, https:\/\/leconservatoiredujeu.fr\/wp-content\/uploads\/2022\/03\/sapientino-300x204.jpg 300w\" sizes=\"(max-width: 355px) 100vw, 355px\" \/><figcaption>Boite \u00ab\u00a0Sapientino\u00a0\u00bb de Clementoni<\/figcaption><\/figure><\/div>\n\n\n\n<p>Au d\u00e9but des ann\u00e9es soixante-dix, il obtient la licence de production de produits de marque Walt Disney avec des titres tels que Colpo grosso a Topolinia ( 1973 ), Scrooge against teckels , Robin Hood ( 1976 ), Carosello in Disneyland , Petrol , Mondo papero , Elliott le dragon invisible , Week &#8211; end ; tandis qu&rsquo;en 1979, le partenariat avec Texas Instruments a conduit \u00e0 la distribution du jeu Grillo Parlante .<\/p>\n\n\n\n<div class=\"wp-block-image\"><figure class=\"aligncenter size-full\"><img loading=\"lazy\" decoding=\"async\" width=\"600\" height=\"600\" src=\"http:\/\/leconservatoiredujeu.fr\/wp-content\/uploads\/2022\/03\/carrosello-disneyland.jpg\" alt=\"\" class=\"wp-image-12597\" srcset=\"https:\/\/leconservatoiredujeu.fr\/wp-content\/uploads\/2022\/03\/carrosello-disneyland.jpg 600w, https:\/\/leconservatoiredujeu.fr\/wp-content\/uploads\/2022\/03\/carrosello-disneyland-300x300.jpg 300w, https:\/\/leconservatoiredujeu.fr\/wp-content\/uploads\/2022\/03\/carrosello-disneyland-150x150.jpg 150w\" sizes=\"(max-width: 600px) 100vw, 600px\" \/><figcaption>Boite et contenu du jeu \u00ab\u00a0Carosello a Disneyland\u00a0\u00bb<\/figcaption><\/figure><\/div>\n\n\n\n<p>En 2012, \u00e0 la mort de son p\u00e8re Mario, la direction de l&rsquo;entreprise est pass\u00e9e \u00e0 son fils Giovanni. Les autres fr\u00e8res occupent \u00e9galement diff\u00e9rents postes dans l&rsquo;entreprise: Stefano, Pierpaolo, Patrizia.<\/p>\n\n\n\n<p>En 2013 , suite \u00e0 l&rsquo;\u00e9norme succ\u00e8s du jeu vid\u00e9o Ruzzle , Clementoni a publi\u00e9 le jeu de plateau du m\u00eame nom.<\/p>\n\n\n\n<div class=\"wp-block-image\"><figure class=\"aligncenter size-large\"><img loading=\"lazy\" decoding=\"async\" width=\"1024\" height=\"942\" src=\"http:\/\/leconservatoiredujeu.fr\/wp-content\/uploads\/2022\/03\/ruzzle-1024x942.jpg\" alt=\"\" class=\"wp-image-12598\" srcset=\"https:\/\/leconservatoiredujeu.fr\/wp-content\/uploads\/2022\/03\/ruzzle-1024x942.jpg 1024w, https:\/\/leconservatoiredujeu.fr\/wp-content\/uploads\/2022\/03\/ruzzle-300x276.jpg 300w, https:\/\/leconservatoiredujeu.fr\/wp-content\/uploads\/2022\/03\/ruzzle-768x707.jpg 768w, https:\/\/leconservatoiredujeu.fr\/wp-content\/uploads\/2022\/03\/ruzzle-326x300.jpg 326w, https:\/\/leconservatoiredujeu.fr\/wp-content\/uploads\/2022\/03\/ruzzle.jpg 1500w\" sizes=\"(max-width: 1024px) 100vw, 1024px\" \/><figcaption>Boite du jeu \u00ab\u00a0Ruzzle\u00a0\u00bb<\/figcaption><\/figure><\/div>\n\n\n\n<p>En 2015 , il y a eu la \u00ab\u00a0r\u00e9interpr\u00e9tation\u00a0\u00bb graphique du personnage historique de Sapientino qui en 2017 f\u00eate ses 50 ans en enseignant la robotique aux enfants. <\/p>\n\n\n\n<figure class=\"wp-block-image size-large\"><img loading=\"lazy\" decoding=\"async\" width=\"722\" height=\"1024\" src=\"http:\/\/leconservatoiredujeu.fr\/wp-content\/uploads\/2022\/03\/robot-722x1024.jpg\" alt=\"\" class=\"wp-image-12599\" srcset=\"https:\/\/leconservatoiredujeu.fr\/wp-content\/uploads\/2022\/03\/robot-722x1024.jpg 722w, https:\/\/leconservatoiredujeu.fr\/wp-content\/uploads\/2022\/03\/robot-212x300.jpg 212w, https:\/\/leconservatoiredujeu.fr\/wp-content\/uploads\/2022\/03\/robot-768x1089.jpg 768w, https:\/\/leconservatoiredujeu.fr\/wp-content\/uploads\/2022\/03\/robot.jpg 1058w\" sizes=\"(max-width: 722px) 100vw, 722px\" \/><figcaption>Personnage Sapientino robotique<\/figcaption><\/figure>\n\n\n\n<p><strong><u>Liens<\/u> :<\/strong><\/p>\n\n\n\n<p>Le site officiel de la marque\u00a0<a href=\"https:\/\/www.bioviva.com\/fr\/\">Clementioni<\/a><\/p>\n\n\n\n<p><strong><span style=\"text-decoration: underline;\">Cr\u00e9dit<\/span> :<\/strong><\/p>\n\n\n\n<p>Amazon.com<\/p>\n","protected":false},"excerpt":{"rendered":"<p>Historique : L&rsquo;entreprise a \u00e9t\u00e9 fond\u00e9e en 1963 par Mario Clementoni de nationalit\u00e9 ITALIENNE ( Potenza Picena , 1925 &#8211; Recanati, 2012 ) qui, apr\u00e8s une exp\u00e9rience dans le monde des instruments de musique \u00e0 Pesaro, d\u00e9cide de commencer \u00e0 &hellip; <a href=\"https:\/\/leconservatoiredujeu.fr\/index.php\/clementoni\/\">Continuer la lecture <span class=\"meta-nav\">&rarr;<\/span><\/a><\/p>\n","protected":false},"author":1,"featured_media":0,"parent":0,"menu_order":0,"comment_status":"closed","ping_status":"closed","template":"","meta":{"footnotes":""},"_links":{"self":[{"href":"https:\/\/leconservatoiredujeu.fr\/index.php\/wp-json\/wp\/v2\/pages\/7914"}],"collection":[{"href":"https:\/\/leconservatoiredujeu.fr\/index.php\/wp-json\/wp\/v2\/pages"}],"about":[{"href":"https:\/\/leconservatoiredujeu.fr\/index.php\/wp-json\/wp\/v2\/types\/page"}],"author":[{"embeddable":true,"href":"https:\/\/leconservatoiredujeu.fr\/index.php\/wp-json\/wp\/v2\/users\/1"}],"replies":[{"embeddable":true,"href":"https:\/\/leconservatoiredujeu.fr\/index.php\/wp-json\/wp\/v2\/comments?post=7914"}],"version-history":[{"count":5,"href":"https:\/\/leconservatoiredujeu.fr\/index.php\/wp-json\/wp\/v2\/pages\/7914\/revisions"}],"predecessor-version":[{"id":12600,"href":"https:\/\/leconservatoiredujeu.fr\/index.php\/wp-json\/wp\/v2\/pages\/7914\/revisions\/12600"}],"wp:attachment":[{"href":"https:\/\/leconservatoiredujeu.fr\/index.php\/wp-json\/wp\/v2\/media?parent=7914"}],"curies":[{"name":"wp","href":"https:\/\/api.w.org\/{rel}","templated":true}]}}